{"id":9665,"date":"2022-06-08T12:53:51","date_gmt":"2022-06-08T10:53:51","guid":{"rendered":"https:\/\/www.emosa.com\/nuevaweb\/aviso-legal\/"},"modified":"2022-12-21T17:51:07","modified_gmt":"2022-12-21T16:51:07","slug":"aviso-legal","status":"publish","type":"page","link":"https:\/\/www.emosa.com\/pt-pt\/aviso-legal\/","title":{"rendered":"Aviso legal"},"content":{"rendered":"\t\t<div data-elementor-type=\"wp-page\" data-elementor-id=\"9665\" class=\"elementor elementor-9665 elementor-4478\" data-elementor-post-type=\"page\">\n\t\t\t\t\t\t<section class=\"elementor-section elementor-top-section elementor-element elementor-element-f91a8b2 elementor-section-boxed elementor-section-height-default elementor-section-height-default\" data-id=\"f91a8b2\" data-element_type=\"section\" data-e-type=\"section\">\n\t\t\t\t\t\t<div class=\"elementor-container elementor-column-gap-default\">\n\t\t\t\t\t<div class=\"elementor-column elementor-col-100 elementor-top-column elementor-element elementor-element-80e1b74\" data-id=\"80e1b74\" data-element_type=\"column\" data-e-type=\"column\">\n\t\t\t<div class=\"elementor-widget-wrap elementor-element-populated\">\n\t\t\t\t\t\t<div class=\"elementor-element elementor-element-e56a8f3 elementor-widget elementor-widget-text-editor\" data-id=\"e56a8f3\" data-element_type=\"widget\" data-e-type=\"widget\" data-widget_type=\"text-editor.default\">\n\t\t\t\t<div class=\"elementor-widget-container\">\n\t\t\t\t\t\t\t\t\t<h1>AVISO LEGAL<\/h1>\n<p><strong>Respons\u00e1vel pelo site: <\/strong> Equipos para Manutenci\u00f3n y Obras, S.A.<br \/><strong>CIF:<\/strong> A28338077<br \/><strong>Local de trabalho:<\/strong> Avda. Siglo XXI n\u00ba 59, Pol. Ind Can Calderon, CP-08840 Viladecans (Barcelona)<br \/>Telefone: 93.635.70.70<br \/><strong>Email:<\/strong> info@emosa.com<br \/><strong>Registrado no Registro Mercantil de Barcelona: <\/strong> Tomo 43440, Folio 103 y Hoja 25480<\/p>\n<h2>1.- Objeto<\/h2>\n<p>1.1. No cumprimento das obriga\u00e7\u00f5es previstas na Lei 34\/2002, sobre Servi\u00e7os da Sociedade da Informa\u00e7\u00e3o e Com\u00e9rcio Electr\u00f3nico (LSSI-CE) p\u00f5e \u00e0 disposi\u00e7\u00e3o dos utilizadores o presente documento, com o qual pretende informar quais s\u00e3o as condi\u00e7\u00f5es de utiliza\u00e7\u00e3o do site www.emosa.com.<\/p>\n<p>1.2. Qualquer pessoa que aceda a este website e utilize os seus servi\u00e7os, ou forne\u00e7a os seus dados, assume a fun\u00e7\u00e3o de utilizador, comprometendo-se com a observ\u00e2ncia e cumprimento estrito das disposi\u00e7\u00f5es aqui contidas, bem como de qualquer outra disposi\u00e7\u00e3o legal que lhe seja aplic\u00e1vel.<\/p>\n<p>1.3 Este aviso legal ter\u00e1 prazo de validade indeterminado e ser\u00e1 aplic\u00e1vel at\u00e9 a publica\u00e7\u00e3o de uma nova vers\u00e3o.<\/p>\n<p>1.4 O provedor reserva-se o direito de modificar qualquer tipo de informa\u00e7\u00e3o que possa aparecer no site, sem que haja obriga\u00e7\u00e3o de notificar ou informar os usu\u00e1rios sobre essas modifica\u00e7\u00f5es, entendendo-se como suficiente, a publica\u00e7\u00e3o no site do provedor.<\/p>\n<p>1.5 Nesse sentido, recomenda-se a revis\u00e3o peri\u00f3dica deste aviso legal.<\/p>\n<p>1.6 O prestador reserva-se o direito de negar ou restringir a utiliza\u00e7\u00e3o e\/ou acesso ao website de um utilizador, em caso de incumprimento das presentes condi\u00e7\u00f5es gerais, sem direito a receber indemniza\u00e7\u00e3o ou indemniza\u00e7\u00e3o por esse facto.<\/p>\n<h2>2.- Obriga\u00e7\u00f5es do usu\u00e1rio<\/h2>\n<p>2.1 Para a presta\u00e7\u00e3o de determinados servi\u00e7os oferecidos atrav\u00e9s deste portal web, uma s\u00e9rie de dados s\u00e3o solicitados ao usu\u00e1rio. A finalidade do referido pedido \u00e9 permitir a execu\u00e7\u00e3o do servi\u00e7o solicitado nas devidas condi\u00e7\u00f5es. Nesse sentido, o usu\u00e1rio concorda que os dados solicitados e declarados s\u00e3o verdadeiros, completos e exatos, e tamb\u00e9m se compromete a notificar o provedor de quaisquer altera\u00e7\u00f5es que os afetem o mais r\u00e1pido poss\u00edvel, para evitar problemas que possam surgir. provedor tem dados incorretos ou desatualizados.<\/p>\n<h2>3.- Isen\u00e7\u00e3o de responsabilidade<\/h2>\n<p>3.1 O provedor:<\/p>\n<p>a) Est\u00e1 isento de qualquer tipo de responsabilidade derivada da informa\u00e7\u00e3o publicada no seu website, desde que esta informa\u00e7\u00e3o tenha sido manipulada ou introduzida por um terceiro alheio ao mesmo.<\/p>\n<p>b) N\u00e3o pode garantir que a utiliza\u00e7\u00e3o do site e dos seus servi\u00e7os esteja em conformidade com a lei, as presentes condi\u00e7\u00f5es gerais, a moral e a ordem p\u00fablica; no entanto, adotar\u00e1 as medidas que julgar convenientes em todos os momentos para cumprir o disposto na legisla\u00e7\u00e3o vigente.<\/p>\n<p>c) N\u00e3o se responsabiliza pelos danos e preju\u00edzos de qualquer natureza que possam decorrer da utiliza\u00e7\u00e3o incorreta, ileg\u00edtima ou ilegal que o utilizador fa\u00e7a do website ou dos servi\u00e7os e conte\u00fados oferecidos.<\/p>\n<p>d) Reserva-se o direito de impedir o utilizador de aceder e utilizar os servi\u00e7os dos seus portais web, a qualquer momento e sem aviso pr\u00e9vio, em caso de incumprimento das condi\u00e7\u00f5es gerais e particulares de utiliza\u00e7\u00e3o e em caso de atos contr\u00e1rios \u00e0s lei, moralidade, bons costumes geralmente aceitos e ordem p\u00fablica.<\/p>\n<p>e) Reserva-se o direito de modificar este aviso legal a qualquer momento, respeitando os direitos adquiridos pelos usu\u00e1rios. Qualquer modifica\u00e7\u00e3o ser\u00e1 notificada aos usu\u00e1rios, o mais breve poss\u00edvel. A notifica\u00e7\u00e3o da modifica\u00e7\u00e3o, ao usu\u00e1rio, \u00e9 considerada a inser\u00e7\u00e3o do novo texto do Aviso Legal neste portal web. A utiliza\u00e7\u00e3o do portal web ap\u00f3s a modifica\u00e7\u00e3o das condi\u00e7\u00f5es gerais implica a sua aceita\u00e7\u00e3o por parte do utilizador.<\/p>\n<p>f) Em nenhuma hip\u00f3tese o provedor ser\u00e1 respons\u00e1vel por danos morais, lucros cessantes e\/ou quaisquer danos diretos ou indiretos que o usu\u00e1rio venha a sofrer.<\/p>\n<p>g) A partir do site do cliente \u00e9 poss\u00edvel ser redirecionado para conte\u00fados de sites de terceiros. Como o provedor nem sempre pode controlar o conte\u00fado inserido por terceiros em seus sites, ele n\u00e3o assume nenhum tipo de responsabilidade com rela\u00e7\u00e3o a esse conte\u00fado. Em todo o caso, o fornecedor declara que proceder\u00e1 \u00e0 retirada imediata de qualquer conte\u00fado que possa infringir a legisla\u00e7\u00e3o nacional ou internacional, a moral ou a ordem p\u00fablica, procedendo \u00e0 retirada imediata do reencaminhamento para o referido website, informando \u00e0s autoridades competentes o conte\u00fado em pergunta.<\/p>\n<p>h) Este site foi revisado e testado para funcionar corretamente. Em princ\u00edpio, o funcionamento correto pode ser garantido 365 dias por ano, 24 horas por dia. No entanto, o prestador n\u00e3o pode descartar a possibilidade de ocorr\u00eancia de circunst\u00e2ncias, como erros de programa\u00e7\u00e3o, interrup\u00e7\u00f5es do servi\u00e7o para realizar tarefas de manuten\u00e7\u00e3o ou eventos fora do seu controle, como causas de for\u00e7a maior, desastres naturais, a\u00e7\u00f5es de hackers ou crackers, greves ou circunst\u00e2ncias semelhantes que impossibilitem o acesso ao site.<\/p>\n<p>i) Em qualquer caso, o usu\u00e1rio n\u00e3o poder\u00e1 reivindicar economicamente esta interrup\u00e7\u00e3o do servi\u00e7o.<\/p>\n<h2>4.- Comunica\u00e7\u00e3o de incidentes<\/h2>\n<p>Caso tenha algum incidente relacionado com o servi\u00e7o, seja antes ou depois da compra efetuada, pode contactar-nos para: info@emosa.com<\/p>\n<h2>5.- Propriedade intelectual e industrial<\/h2>\n<p>5.1 O site, incluindo mas n\u00e3o limitado a sua programa\u00e7\u00e3o, edi\u00e7\u00e3o, compila\u00e7\u00e3o e outros elementos necess\u00e1rios para o seu funcionamento, os desenhos, logotipos, textos e\/ou gr\u00e1ficos s\u00e3o de propriedade do provedor ou, se for o caso, tem uma licen\u00e7a ou autoriza\u00e7\u00e3o expressa pelos autores. Todos os conte\u00fados do website encontram-se devidamente protegidos pelas normas de propriedade intelectual e industrial, bem como inscritos nos respetivos registos p\u00fablicos.<\/p>\n<p>5.2 Independentemente da finalidade a que se destinam, a reprodu\u00e7\u00e3o total ou parcial, utiliza\u00e7\u00e3o, explora\u00e7\u00e3o, distribui\u00e7\u00e3o e comercializa\u00e7\u00e3o, carece em qualquer caso de autoriza\u00e7\u00e3o pr\u00e9via por escrito do fornecedor. Qualquer uso n\u00e3o previamente autorizado pelo provedor ser\u00e1 considerado uma viola\u00e7\u00e3o grave dos direitos de propriedade intelectual ou industrial do autor.<\/p>\n<p>5.3 Os designs, log\u00f3tipos, textos e\/ou gr\u00e1ficos que n\u00e3o perten\u00e7am ao fornecedor e que possam aparecer no site pertencem aos seus respetivos propriet\u00e1rios, sendo os mesmos respons\u00e1veis \u200b\u200bpor qualquer eventual controv\u00e9rsia que possa surgir a respeito dos mesmos. Em qualquer caso, o prestador conta com a expressa e pr\u00e9via autoriza\u00e7\u00e3o dos mesmos.<\/p>\n<p>5.4 O utilizador e\/ou visitante do portal web compromete-se a respeitar estes direitos e, consequentemente, a n\u00e3o copiar, reproduzir, modificar, distribuir, transmitir, publicar, exibir ou representar qualquer dos conte\u00fados do portal web acima mencionados por outros meios que n\u00e3o os autorizados pela mesma para o efeito, ou os que sejam legitimamente utilizados na Internet e tenham sido previamente autorizados, expressamente e por escrito pelo prestador. Al\u00e9m disso, compromete-se a n\u00e3o realizar qualquer outra atividade que possa infringir os direitos de propriedade intelectual do provedor, ou dos usu\u00e1rios do portal web.<\/p>\n<p>5.5 Para fazer qualquer tipo de observa\u00e7\u00e3o ou coment\u00e1rio, relativamente a poss\u00edveis viola\u00e7\u00f5es de direitos de propriedade intelectual ou industrial, bem como de qualquer conte\u00fado do website, poder\u00e1 faz\u00ea-lo atrav\u00e9s do seguinte email: info@emosa.com.<\/p>\n<h2>6.- Cl\u00e1usula de salvaguarda<\/h2>\n<p>6.1.- A eventual invalidade ou inefic\u00e1cia de uma ou mais cl\u00e1usulas destas condi\u00e7\u00f5es gerais, por qualquer causa, n\u00e3o determinar\u00e1 a invalidade ou inefic\u00e1cia do todo, que permanecer\u00e1 em vigor e efic\u00e1cia para todas as outras cl\u00e1usulas.<\/p>\n<h2>7.- Legisla\u00e7\u00e3o e jurisdi\u00e7\u00e3o<\/h2>\n<p>7.1.- A lei aplic\u00e1vel em caso de disputa ou conflito de interpreta\u00e7\u00e3o dos termos que comp\u00f5em estas Condi\u00e7\u00f5es de Uso, bem como qualquer assunto relacionado com os servi\u00e7os do Portal, ser\u00e1 a lei espanhola.<\/p>\n<p>7.2.- Para a resolu\u00e7\u00e3o de qualquer controv\u00e9rsia que possa surgir a partir do uso do Portal e seus servi\u00e7os, as partes concordam em submeter-se \u00e0 jurisdi\u00e7\u00e3o dos ju\u00edzes e tribunais de Barcelona. Caso o usu\u00e1rio seja considerado consumidor, ser\u00e1 o do endere\u00e7o do usu\u00e1rio, ou aquele que, em cada caso, estabele\u00e7a o regulamento em mat\u00e9ria processual e\/ou consumidores e usu\u00e1rios.<\/p>\n\t\t\t\t\t\t\t\t<\/div>\n\t\t\t\t<\/div>\n\t\t\t\t\t<\/div>\n\t\t<\/div>\n\t\t\t\t\t<\/div>\n\t\t<\/section>\n\t\t\t\t<\/div>\n\t\t","protected":false},"excerpt":{"rendered":"<p>AVISO LEGAL Respons\u00e1vel pelo site: Equipos para Manutenci\u00f3n y Obras, S.A.CIF: A28338077Local de trabalho: Avda. Siglo XXI n\u00ba 59, Pol. Ind Can Calderon, CP-08840 Viladecans (Barcelona)Telefone: 93.635.70.70Email: info@emosa.comRegistrado no Registro Mercantil de Barcelona: Tomo 43440, Folio 103 y Hoja 25480 1.- Objeto 1.1. No cumprimento das obriga\u00e7\u00f5es previstas na Lei 34\/2002, sobre Servi\u00e7os da Sociedade [&hellip;]<\/p>\n","protected":false},"author":1,"featured_media":0,"parent":0,"menu_order":0,"comment_status":"closed","ping_status":"closed","template":"","meta":{"_joinchat":[],"footnotes":""},"class_list":["post-9665","page","type-page","status-publish","hentry"],"yoast_head":"<!-- This site is optimized with the Yoast SEO plugin v27.4 - https:\/\/yoast.com\/product\/yoast-seo-wordpress\/ -->\n<title>Aviso legal - Emo<\/title>\n<meta name=\"robots\" content=\"noindex, follow\" \/>\n<meta property=\"og:locale\" content=\"pt_PT\" \/>\n<meta property=\"og:type\" content=\"article\" \/>\n<meta property=\"og:title\" content=\"Aviso legal - Emo\" \/>\n<meta property=\"og:description\" content=\"AVISO LEGAL Respons\u00e1vel pelo site: Equipos para Manutenci\u00f3n y Obras, S.A.CIF: A28338077Local de trabalho: Avda. Siglo XXI n\u00ba 59, Pol. Ind Can Calderon, CP-08840 Viladecans (Barcelona)Telefone: 93.635.70.70Email: info@emosa.comRegistrado no Registro Mercantil de Barcelona: Tomo 43440, Folio 103 y Hoja 25480 1.- Objeto 1.1. No cumprimento das obriga\u00e7\u00f5es previstas na Lei 34\/2002, sobre Servi\u00e7os da Sociedade [&hellip;]\" \/>\n<meta property=\"og:url\" content=\"https:\/\/www.emosa.com\/pt-pt\/aviso-legal\/\" \/>\n<meta property=\"og:site_name\" content=\"Emo\" \/>\n<meta property=\"article:modified_time\" content=\"2022-12-21T16:51:07+00:00\" \/>\n<meta name=\"twitter:card\" content=\"summary_large_image\" \/>\n<meta name=\"twitter:label1\" content=\"Tempo estimado de leitura\" \/>\n\t<meta name=\"twitter:data1\" content=\"7 minutos\" \/>\n<script type=\"application\/ld+json\" class=\"yoast-schema-graph\">{\"@context\":\"https:\\\/\\\/schema.org\",\"@graph\":[{\"@type\":\"WebPage\",\"@id\":\"https:\\\/\\\/www.emosa.com\\\/pt-pt\\\/aviso-legal\\\/\",\"url\":\"https:\\\/\\\/www.emosa.com\\\/pt-pt\\\/aviso-legal\\\/\",\"name\":\"Aviso legal - Emo\",\"isPartOf\":{\"@id\":\"https:\\\/\\\/www.emosa.com\\\/pt-pt\\\/#website\"},\"datePublished\":\"2022-06-08T10:53:51+00:00\",\"dateModified\":\"2022-12-21T16:51:07+00:00\",\"breadcrumb\":{\"@id\":\"https:\\\/\\\/www.emosa.com\\\/pt-pt\\\/aviso-legal\\\/#breadcrumb\"},\"inLanguage\":\"pt-PT\",\"potentialAction\":[{\"@type\":\"ReadAction\",\"target\":[\"https:\\\/\\\/www.emosa.com\\\/pt-pt\\\/aviso-legal\\\/\"]}]},{\"@type\":\"BreadcrumbList\",\"@id\":\"https:\\\/\\\/www.emosa.com\\\/pt-pt\\\/aviso-legal\\\/#breadcrumb\",\"itemListElement\":[{\"@type\":\"ListItem\",\"position\":1,\"name\":\"EMO\",\"item\":\"https:\\\/\\\/www.emosa.com\\\/pt-pt\\\/\"},{\"@type\":\"ListItem\",\"position\":2,\"name\":\"Aviso legal\"}]},{\"@type\":\"WebSite\",\"@id\":\"https:\\\/\\\/www.emosa.com\\\/pt-pt\\\/#website\",\"url\":\"https:\\\/\\\/www.emosa.com\\\/pt-pt\\\/\",\"name\":\"Emo\",\"description\":\"Maquinaria industria alimentaria y Envases Sostenibles\",\"publisher\":{\"@id\":\"https:\\\/\\\/www.emosa.com\\\/pt-pt\\\/#organization\"},\"potentialAction\":[{\"@type\":\"SearchAction\",\"target\":{\"@type\":\"EntryPoint\",\"urlTemplate\":\"https:\\\/\\\/www.emosa.com\\\/pt-pt\\\/?s={search_term_string}\"},\"query-input\":{\"@type\":\"PropertyValueSpecification\",\"valueRequired\":true,\"valueName\":\"search_term_string\"}}],\"inLanguage\":\"pt-PT\"},{\"@type\":\"Organization\",\"@id\":\"https:\\\/\\\/www.emosa.com\\\/pt-pt\\\/#organization\",\"name\":\"EMO - Maquinaria Industria Alimentaria\",\"url\":\"https:\\\/\\\/www.emosa.com\\\/pt-pt\\\/\",\"logo\":{\"@type\":\"ImageObject\",\"inLanguage\":\"pt-PT\",\"@id\":\"https:\\\/\\\/www.emosa.com\\\/pt-pt\\\/#\\\/schema\\\/logo\\\/image\\\/\",\"url\":\"https:\\\/\\\/www.emosa.com\\\/wp-content\\\/uploads\\\/2023\\\/01\\\/logo-emo-50-aniversario.png\",\"contentUrl\":\"https:\\\/\\\/www.emosa.com\\\/wp-content\\\/uploads\\\/2023\\\/01\\\/logo-emo-50-aniversario.png\",\"width\":300,\"height\":158,\"caption\":\"EMO - Maquinaria Industria Alimentaria\"},\"image\":{\"@id\":\"https:\\\/\\\/www.emosa.com\\\/pt-pt\\\/#\\\/schema\\\/logo\\\/image\\\/\"},\"sameAs\":[\"https:\\\/\\\/www.linkedin.com\\\/company\\\/emo-sa\\\/\",\"https:\\\/\\\/www.youtube.com\\\/channel\\\/UCE4DD4ZApaNHUQYLVQiPBhw\"]}]}<\/script>\n<!-- \/ Yoast SEO plugin. -->","yoast_head_json":{"title":"Aviso legal - Emo","robots":{"index":"noindex","follow":"follow"},"og_locale":"pt_PT","og_type":"article","og_title":"Aviso legal - Emo","og_description":"AVISO LEGAL Respons\u00e1vel pelo site: Equipos para Manutenci\u00f3n y Obras, S.A.CIF: A28338077Local de trabalho: Avda. Siglo XXI n\u00ba 59, Pol. Ind Can Calderon, CP-08840 Viladecans (Barcelona)Telefone: 93.635.70.70Email: info@emosa.comRegistrado no Registro Mercantil de Barcelona: Tomo 43440, Folio 103 y Hoja 25480 1.- Objeto 1.1. No cumprimento das obriga\u00e7\u00f5es previstas na Lei 34\/2002, sobre Servi\u00e7os da Sociedade [&hellip;]","og_url":"https:\/\/www.emosa.com\/pt-pt\/aviso-legal\/","og_site_name":"Emo","article_modified_time":"2022-12-21T16:51:07+00:00","twitter_card":"summary_large_image","twitter_misc":{"Tempo estimado de leitura":"7 minutos"},"schema":{"@context":"https:\/\/schema.org","@graph":[{"@type":"WebPage","@id":"https:\/\/www.emosa.com\/pt-pt\/aviso-legal\/","url":"https:\/\/www.emosa.com\/pt-pt\/aviso-legal\/","name":"Aviso legal - Emo","isPartOf":{"@id":"https:\/\/www.emosa.com\/pt-pt\/#website"},"datePublished":"2022-06-08T10:53:51+00:00","dateModified":"2022-12-21T16:51:07+00:00","breadcrumb":{"@id":"https:\/\/www.emosa.com\/pt-pt\/aviso-legal\/#breadcrumb"},"inLanguage":"pt-PT","potentialAction":[{"@type":"ReadAction","target":["https:\/\/www.emosa.com\/pt-pt\/aviso-legal\/"]}]},{"@type":"BreadcrumbList","@id":"https:\/\/www.emosa.com\/pt-pt\/aviso-legal\/#breadcrumb","itemListElement":[{"@type":"ListItem","position":1,"name":"EMO","item":"https:\/\/www.emosa.com\/pt-pt\/"},{"@type":"ListItem","position":2,"name":"Aviso legal"}]},{"@type":"WebSite","@id":"https:\/\/www.emosa.com\/pt-pt\/#website","url":"https:\/\/www.emosa.com\/pt-pt\/","name":"Emo","description":"Maquinaria industria alimentaria y Envases Sostenibles","publisher":{"@id":"https:\/\/www.emosa.com\/pt-pt\/#organization"},"potentialAction":[{"@type":"SearchAction","target":{"@type":"EntryPoint","urlTemplate":"https:\/\/www.emosa.com\/pt-pt\/?s={search_term_string}"},"query-input":{"@type":"PropertyValueSpecification","valueRequired":true,"valueName":"search_term_string"}}],"inLanguage":"pt-PT"},{"@type":"Organization","@id":"https:\/\/www.emosa.com\/pt-pt\/#organization","name":"EMO - Maquinaria Industria Alimentaria","url":"https:\/\/www.emosa.com\/pt-pt\/","logo":{"@type":"ImageObject","inLanguage":"pt-PT","@id":"https:\/\/www.emosa.com\/pt-pt\/#\/schema\/logo\/image\/","url":"https:\/\/www.emosa.com\/wp-content\/uploads\/2023\/01\/logo-emo-50-aniversario.png","contentUrl":"https:\/\/www.emosa.com\/wp-content\/uploads\/2023\/01\/logo-emo-50-aniversario.png","width":300,"height":158,"caption":"EMO - Maquinaria Industria Alimentaria"},"image":{"@id":"https:\/\/www.emosa.com\/pt-pt\/#\/schema\/logo\/image\/"},"sameAs":["https:\/\/www.linkedin.com\/company\/emo-sa\/","https:\/\/www.youtube.com\/channel\/UCE4DD4ZApaNHUQYLVQiPBhw"]}]}},"_links":{"self":[{"href":"https:\/\/www.emosa.com\/pt-pt\/wp-json\/wp\/v2\/pages\/9665","targetHints":{"allow":["GET"]}}],"collection":[{"href":"https:\/\/www.emosa.com\/pt-pt\/wp-json\/wp\/v2\/pages"}],"about":[{"href":"https:\/\/www.emosa.com\/pt-pt\/wp-json\/wp\/v2\/types\/page"}],"author":[{"embeddable":true,"href":"https:\/\/www.emosa.com\/pt-pt\/wp-json\/wp\/v2\/users\/1"}],"replies":[{"embeddable":true,"href":"https:\/\/www.emosa.com\/pt-pt\/wp-json\/wp\/v2\/comments?post=9665"}],"version-history":[{"count":3,"href":"https:\/\/www.emosa.com\/pt-pt\/wp-json\/wp\/v2\/pages\/9665\/revisions"}],"predecessor-version":[{"id":9672,"href":"https:\/\/www.emosa.com\/pt-pt\/wp-json\/wp\/v2\/pages\/9665\/revisions\/9672"}],"wp:attachment":[{"href":"https:\/\/www.emosa.com\/pt-pt\/wp-json\/wp\/v2\/media?parent=9665"}],"curies":[{"name":"wp","href":"https:\/\/api.w.org\/{rel}","templated":true}]}}