{"id":9667,"date":"2022-03-07T16:29:19","date_gmt":"2022-03-07T15:29:19","guid":{"rendered":"https:\/\/www.emosa.com\/nuevaweb\/politica-de-privacidade\/"},"modified":"2022-12-21T17:35:13","modified_gmt":"2022-12-21T16:35:13","slug":"politica-de-privacidade","status":"publish","type":"page","link":"https:\/\/www.emosa.com\/pt-pt\/politica-de-privacidade\/","title":{"rendered":"Pol\u00edtica de privacidade"},"content":{"rendered":"\t\t<div data-elementor-type=\"wp-page\" data-elementor-id=\"9667\" class=\"elementor elementor-9667 elementor-3\" data-elementor-post-type=\"page\">\n\t\t\t\t\t\t<section class=\"elementor-section elementor-top-section elementor-element elementor-element-f70b7b elementor-section-boxed elementor-section-height-default elementor-section-height-default\" data-id=\"f70b7b\" data-element_type=\"section\" data-e-type=\"section\">\n\t\t\t\t\t\t<div class=\"elementor-container elementor-column-gap-default\">\n\t\t\t\t\t<div class=\"elementor-column elementor-col-100 elementor-top-column elementor-element elementor-element-660c1af9\" data-id=\"660c1af9\" data-element_type=\"column\" data-e-type=\"column\">\n\t\t\t<div class=\"elementor-widget-wrap elementor-element-populated\">\n\t\t\t\t\t\t<div class=\"elementor-element elementor-element-326174f5 elementor-widget elementor-widget-text-editor\" data-id=\"326174f5\" data-element_type=\"widget\" data-e-type=\"widget\" data-widget_type=\"text-editor.default\">\n\t\t\t\t<div class=\"elementor-widget-container\">\n\t\t\t\t\t\t\t\t\t<h1>POL\u00cdTICA DE PRIVACIDADE<\/h1>\n<p>\u00daltima atualiza\u00e7\u00e3o: 06-07-2022<\/p>\n<p>Esta pol\u00edtica expressa como as informa\u00e7\u00f5es pessoais de todas as pessoas relacionadas a EQUIPOS PARA MANUTENCION Y OBRA S.A. ser\u00e3o tratadas e protegidas. atrav\u00e9s deste site. Por favor, voc\u00ea deve ler todas as se\u00e7\u00f5es do Aviso Legal, a Pol\u00edtica de Cookies, quando apropriado, e esta Pol\u00edtica de Privacidade antes de usar este site.<\/p>\n<p>De acordo com o disposto no Regulamento da UE 2016\/679, do Parlamento Europeu e do Conselho de 27 de abril de 2016 (RGPD) e na Lei Org\u00e2nica 3\/2018, de 5 de dezembro, sobre a prote\u00e7\u00e3o de dados pessoais e garantia de dados pessoais . direitos digitais, EQUIPOS PARA MANUTENCION Y OBRA S.A., informa que, ao aceitar esta Pol\u00edtica de Privacidade, voc\u00ea d\u00e1 seu consentimento expresso, informado, livre e inequ\u00edvoco para que os dados que voc\u00ea fornecer, e sobre os quais s\u00e3o aplicadas as medidas de seguran\u00e7a, seguran\u00e7a, disposi\u00e7\u00f5es t\u00e9cnicas e organizacionais previstas na normativa vigente, s\u00e3o tratadas pela EQUIPOS PARA MANUTENCION Y OBRA S.A., como respons\u00e1vel pelo tratamento dos dados. Os dados pessoais que possamos recolher diretamente do interessado atrav\u00e9s de www.emosa.com ser\u00e3o tratados de forma confidencial e ser\u00e3o incorporados na respetiva atividade de tratamento propriedade da EQUIPOS PARA MANUTENCION Y OBRA S.A..<\/p>\n<h2>QUEM \u00c9 O RESPONS\u00c1VEL POR ESTE SITE?<\/h2>\n<ul>\n<li>Identidade do respons\u00e1vel: EQUIPOS PARA MANUTENCION Y OBRA S.A.<\/li>\n<li>NIF\/CIF: A28338077<\/li>\n<li>Endere\u00e7o: Avenida SEGLE XXI, 59, PI CAN CALDERON, CP 08840 VILADECANS, Barcelona<\/li>\n<li>E-mail: lpdp@emosa.com<\/li>\n<li>Telefone: 936357070<\/li>\n<\/ul>\n<h2>QUAIS DADOS PESSOAIS S\u00c3O COLETADOS NESTE SITE?<\/h2>\n<p>Para os fins estabelecidos nesta Pol\u00edtica de Privacidade, EQUIPOS PARA MANUTENCION Y OBRA S.A. recolhe e trata os dados pessoais detalhados abaixo, que depender\u00e3o dos diferentes produtos ou servi\u00e7os solicitados neste site:<\/p>\n<ul>\n<li>Dados de identifica\u00e7\u00e3o: nome, sobrenome.<\/li>\n<li>Dados de contacto: endere\u00e7o postal, e-mail, n\u00famero de telem\u00f3vel.<\/li>\n<li>Dados contratuais: dados sobre opera\u00e7\u00f5es contratuais, RG, produtos e servi\u00e7os adquiridos, opera\u00e7\u00f5es financeiras, dados de pagamento.<\/li>\n<li>Dados de navega\u00e7\u00e3o: endere\u00e7o IP, tipo e identifica\u00e7\u00e3o do dispositivo, tipo de navegador, dom\u00ednio atrav\u00e9s do qual acede ao Site, dados de navega\u00e7\u00e3o, atividade no Site.<\/li>\n<\/ul>\n<h2>COM QUE BASE LEGAL ESTES DADOS S\u00c3O TRATADOS?<\/h2>\n<p>Tratamos os seus dados pessoais com as seguintes bases legais:<\/p>\n<ul>\n<li>A celebra\u00e7\u00e3o de um contrato com a EQUIPOS PARA MANUTENCION Y OBRA S.A., para a contrata\u00e7\u00e3o de servi\u00e7os e\/ou produtos e gest\u00e3o dos servi\u00e7os solicitados.<\/li>\n<li>O consentimento do utilizador relativamente ao contacto, subscri\u00e7\u00e3o de conte\u00fados e envio de comunica\u00e7\u00f5es comerciais, via correio, cookies ou sistemas de mensagens.<\/li>\n<li>O interesse leg\u00edtimo do respons\u00e1vel pelo tratamento dos dados em proteger os utilizadores da EQUIPOS PARA MANUTENCION Y OBRA S.A. de abuso e fraude no uso de nossos servi\u00e7os.<\/li>\n<\/ul>\n<h2>PARA QUE FINS PROCESSAREMOS OS SEUS DADOS?<\/h2>\n<p>Neste site, pode haver diferentes formas. Em cada um deles, as informa\u00e7\u00f5es que voc\u00ea coletar ser\u00e3o utilizadas da seguinte forma:<\/p>\n<ul>\n<li>Formul\u00e1rios de subscri\u00e7\u00e3o de conte\u00fados: Os dados fornecidos ser\u00e3o utilizados exclusivamente para ativar a subscri\u00e7\u00e3o, enviar a newsletter e mant\u00ea-lo atualizado sobre novidades e ofertas espec\u00edficas, exclusivas para os nossos subscritores.<\/li>\n<li>Formul\u00e1rio de coment\u00e1rios: Os dados pessoais inseridos no formul\u00e1rio para inserir esses coment\u00e1rios ser\u00e3o usados \u200b\u200bexclusivamente para moder\u00e1-los e public\u00e1-los.<\/li>\n<li>Formul\u00e1rio de contato: Nos formul\u00e1rios de d\u00favidas, sugest\u00f5es ou contato profissional, o endere\u00e7o de e-mail ser\u00e1 utilizado para respond\u00ea-los e enviar as informa\u00e7\u00f5es que o usu\u00e1rio solicitar atrav\u00e9s da web.<\/li>\n<li>Formul\u00e1rio de Cadastro: Neste caso, solicitaremos seus dados pessoais para que voc\u00ea crie uma conta em nosso sistema e possa acessar suas funcionalidades.<\/li>\n<li>Formul\u00e1rio de venda: Trataremos os seus dados para gerir a compra dos nossos produtos e\/ou servi\u00e7os, incluindo gest\u00e3o de encomendas, pagamento e todas as opera\u00e7\u00f5es relacionadas com a contrata\u00e7\u00e3o do servi\u00e7o ou produto escolhido. Isso inclui o envio de e-mails de acompanhamento, respostas, faturas, recibos, etc.<\/li>\n<\/ul>\n<h2>PER\u00cdODO DE CONSERVA\u00c7\u00c3O DE DADOS PESSOAIS<\/h2>\n<p>Os dados pessoais fornecidos ser\u00e3o conservados pelo menor tempo poss\u00edvel, tendo em conta as raz\u00f5es pelas quais \u00e9 necess\u00e1rio o tratamento dos dados, bem como as obriga\u00e7\u00f5es legais de conserva\u00e7\u00e3o dos dados por determinado tempo, tais como legisla\u00e7\u00e3o laboral, fiscal ou contenciosa. contra fraudes que exijam a reten\u00e7\u00e3o de dados pessoais por um per\u00edodo determinado ou enquanto o titular dos dados n\u00e3o retirar o seu consentimento.<\/p>\n<p>Posteriormente, os dados ser\u00e3o eliminados de acordo com o disposto no regulamento de prote\u00e7\u00e3o de dados, o que implica o seu bloqueio, ficando dispon\u00edveis apenas a pedido de Ju\u00edzes e Tribunais, do Minist\u00e9rio P\u00fablico ou das Administra\u00e7\u00f5es P\u00fablicas competentes durante o prazo de prescri\u00e7\u00e3o das a\u00e7\u00f5es .que possam derivar e, ap\u00f3s isso, ser\u00e3o totalmente eliminados.<\/p>\n<p>Dados do cliente: O prazo de conserva\u00e7\u00e3o dos dados pessoais ir\u00e1 variar consoante o servi\u00e7o que o cliente contrate. Em qualquer caso, ser\u00e1 o m\u00ednimo necess\u00e1rio, podendo ser mantido at\u00e9:<\/p>\n<ul>\n<li>4 anos: Artes. 66 y ss. Lei Geral Fiscal (livros contabil\u00edsticos\u2026).<\/li>\n<li>5 anos: Art. 1964 do C\u00f3digo Civil (a\u00e7\u00f5es pessoais sem prazo especial).<\/li>\n<li>6 anos: Art. 30 do C\u00f3digo Comercial (livros de contabilidade, faturas\u2026).<\/li>\n<li>10 anos: Art. 25 da Lei de Preven\u00e7\u00e3o \u00e0 Lavagem de Dinheiro e Financiamento do Terrorismo<\/li>\n<\/ul>\n<p>Dados de subscri\u00e7\u00e3o ou registo: Desde o momento em que o utilizador d\u00e1 o seu consentimento at\u00e9 ao momento em que o retira.<\/p>\n<h2>QUAIS S\u00c3O OS SEUS DIREITOS RELATIVOS \u00c0 UTILIZA\u00c7\u00c3O DOS SEUS DADOS?<\/h2>\n<p>Qualquer pessoa tem o direito de obter a confirma\u00e7\u00e3o se a EQUIPOS PARA MANUTENCI\u00d3N Y OBRA S.A. estamos processando dados pessoais que dizem respeito a voc\u00ea ou n\u00e3o.<\/p>\n<p>Os interessados \u200b\u200bt\u00eam direito a:<\/p>\n<ul>\n<li>Solicitar o acesso aos dados pessoais relativos ao interessado.<\/li>\n<li>Solicitar a sua retifica\u00e7\u00e3o ou elimina\u00e7\u00e3o.<\/li>\n<li>Solicite seu cancelamento.<\/li>\n<li>Solicite a limita\u00e7\u00e3o do seu tratamento.<\/li>\n<li>Oponha-se ao tratamento.<\/li>\n<li>Solicitar portabilidade de dados<\/li>\n<\/ul>\n<p> <\/p>\n<p>Caso tenha dado o seu consentimento para uma finalidade espec\u00edfica, tem o direito de retirar o consentimento concedido a qualquer momento, sem preju\u00edzo da legalidade do tratamento baseado no consentimento anterior \u00e0 sua retirada.<\/p>\n<p>No caso de sentir que os seus direitos foram violados relativamente \u00e0 prote\u00e7\u00e3o dos seus dados pessoais, especialmente quando n\u00e3o obteve satisfa\u00e7\u00e3o no exerc\u00edcio dos seus direitos, pode apresentar uma reclama\u00e7\u00e3o junto da Autoridade de Controlo de Prote\u00e7\u00e3o de Dados.<\/p>\n<p>Para exercer esses direitos, voc\u00ea pode escrever para lpdp@emosa.com. Os formul\u00e1rios tamb\u00e9m podem ser entregues pessoalmente ou enviados por carta para os endere\u00e7os de contato do respons\u00e1vel acima indicados.<\/p>\n<p>No caso de atuar por meio de representa\u00e7\u00e3o legal, voc\u00ea tamb\u00e9m deve fornecer documento de identidade e documento que credencie a representa\u00e7\u00e3o do representante. Ser\u00e1 necess\u00e1ria a apresenta\u00e7\u00e3o de fotoc\u00f3pia do DNI ou documento equivalente que comprove a identidade e seja considerado v\u00e1lido por lei, nos casos em que o respons\u00e1vel pelo tratamento tenha d\u00favidas sobre a sua identidade.<\/p>\n<h2>NOTIFICA\u00c7\u00c3O E DECLARA\u00c7\u00c3O DE LACUNAS<\/h2>\n<p>Em MANUTEN\u00c7\u00c3O E EQUIPAMENTOS DE TRABALHO S.A. adotamos medidas de seguran\u00e7a adequadas ao n\u00edvel de risco para proteger as informa\u00e7\u00f5es pessoais contra perda, uso indevido e acesso n\u00e3o autorizado, divulga\u00e7\u00e3o, altera\u00e7\u00e3o e destrui\u00e7\u00e3o, levando em considera\u00e7\u00e3o os riscos envolvidos no processamento e a natureza das informa\u00e7\u00f5es pessoais; no entanto, se a EQUIPOS PARA MANUTENCI\u00d3N Y OBRA S.A. determina que os dados pessoais que trata foram desviados, expostos por viola\u00e7\u00e3o de seguran\u00e7a ou adquiridos incorretamente por terceiros, EQUIPOS PARA MANUTENCI\u00d3N Y OBRA S.A. agir\u00e1 imediatamente tendo em conta as disposi\u00e7\u00f5es do RGPD e das autoridades de prote\u00e7\u00e3o de dados competentes.<\/p>\n<p>Todos eles ter\u00e3o assinado um contrato de presta\u00e7\u00e3o de servi\u00e7os que os obriga a manter o mesmo n\u00edvel de privacidade que se aplica aos tratamentos realizados neste site de acordo com as normas vigentes de prote\u00e7\u00e3o de dados.<\/p>\n<h2>SEGURAN\u00c7A DE SEGREDOS E DADOS<\/h2>\n<p>EQUIPAMENTOS PARA MANUTEN\u00c7\u00c3O E TRABALHO S.A. compromete-se a utilizar e tratar os dados pessoais do utilizador, respeitando a sua confidencialidade, de acordo com a sua finalidade; bem como cumprir a sua obriga\u00e7\u00e3o de os guardar e adotar todas as medidas para evitar a sua altera\u00e7\u00e3o, perda, tratamento ou acesso n\u00e3o autorizado, de acordo com o disposto na normativa de prote\u00e7\u00e3o de dados em vigor.<\/p>\n<p>EQUIPAMENTOS PARA MANUTEN\u00c7\u00c3O E TRABALHO S.A. n\u00e3o pode garantir a absoluta inexpugnabilidade da Internet, nem, portanto, a viola\u00e7\u00e3o de dados por meio do acesso fraudulento a eles por parte de terceiros.<\/p>\n<p>Em rela\u00e7\u00e3o \u00e0 confidencialidade do processamento, EQUIPOS PARA MANUTENCI\u00d3N Y OBRA S.A. garantir\u00e1 que qualquer pessoa autorizada pela EQUIPOS PARA MANUTENCI\u00d3N Y OBRA S.A. para tratar os dados do cliente (incluindo o seu pessoal, colaboradores e fornecedores), encontra-se sob a devida obriga\u00e7\u00e3o de confidencialidade (seja contratual ou legal).<\/p>\n<h2>PRECIS\u00c3O E VERACIDADE DOS DADOS<\/h2>\n<p>Como usu\u00e1rio, voc\u00ea \u00e9 o \u00fanico respons\u00e1vel pela veracidade e exatid\u00e3o dos dados que nos envia, exonerando a EQUIPOS PARA MANUTENCION Y OBRA S.A. de qualquer responsabilidade a esse respeito. Os Utilizadores garantem e respondem, em qualquer caso, pela exatid\u00e3o, vig\u00eancia e autenticidade dos dados pessoais fornecidos, comprometendo-se a mant\u00ea-los devidamente atualizados.<\/p>\n<h2>DADOS PESSOAIS DE TERCEIROS<\/h2>\n<p>Caso os dados pessoais fornecidos perten\u00e7am a terceiros, como usu\u00e1rio, voc\u00ea garante que informou a esse terceiro sobre esta Pol\u00edtica de Privacidade e obteve sua autoriza\u00e7\u00e3o para fornecer seus dados a EQUIPOS PARA MANUTENCION Y OBRA S.A. com os fins declarados. Da mesma forma, voc\u00ea garante que os dados fornecidos s\u00e3o precisos e atualizados, sendo respons\u00e1vel por qualquer dano ou dano, direto ou indireto, que possa ser causado como resultado da viola\u00e7\u00e3o de tal obriga\u00e7\u00e3o.<\/p>\n<h2>MUDAN\u00c7AS NA POL\u00cdTICA DE PRIVACIDADE<\/h2>\n<p>EQUIPAMENTOS PARA MANUTEN\u00c7\u00c3O E TRABALHO S.A. reserva-se o direito de modificar esta pol\u00edtica para adapt\u00e1-la \u00e0 nova legisla\u00e7\u00e3o ou jurisprud\u00eancia, bem como \u00e0s pr\u00e1ticas da ind\u00fastria. Nesses casos, anunciar\u00e1 nesta p\u00e1gina as altera\u00e7\u00f5es introduzidas com razo\u00e1vel antecipa\u00e7\u00e3o de sua implementa\u00e7\u00e3o.<\/p>\n<h2>INFORMA\u00c7\u00d5ES ADICIONAIS SOBRE PROTE\u00c7\u00c3O DE DADOS<\/h2>\n<p>Se precisar de informa\u00e7\u00f5es adicionais sobre prote\u00e7\u00e3o de dados, pode enviar-nos um e-mail para lpdp@emosa.com ou uma comunica\u00e7\u00e3o dirigida a Avenida SEGLE XXI, 59, PI CAN CALDERON, CP 08840 VILADECANS, Barcelona e, dependendo do tipo de relacionamento que voc\u00ea tem com a nossa entidade e o tratamento de dados pessoais que realizamos, fornecer-lhe-emos a informa\u00e7\u00e3o adicional que corresponda.<\/p>\t\t\t\t\t\t\t\t<\/div>\n\t\t\t\t<\/div>\n\t\t\t\t\t<\/div>\n\t\t<\/div>\n\t\t\t\t\t<\/div>\n\t\t<\/section>\n\t\t\t\t<\/div>\n\t\t","protected":false},"excerpt":{"rendered":"<p>POL\u00cdTICA DE PRIVACIDADE \u00daltima atualiza\u00e7\u00e3o: 06-07-2022 Esta pol\u00edtica expressa como as informa\u00e7\u00f5es pessoais de todas as pessoas relacionadas a EQUIPOS PARA MANUTENCION Y OBRA S.A. ser\u00e3o tratadas e protegidas. atrav\u00e9s deste site. Por favor, voc\u00ea deve ler todas as se\u00e7\u00f5es do Aviso Legal, a Pol\u00edtica de Cookies, quando apropriado, e esta Pol\u00edtica de Privacidade antes [&hellip;]<\/p>\n","protected":false},"author":1,"featured_media":0,"parent":0,"menu_order":0,"comment_status":"closed","ping_status":"open","template":"","meta":{"_joinchat":[],"footnotes":""},"class_list":["post-9667","page","type-page","status-publish","hentry"],"yoast_head":"<!-- This site is optimized with the Yoast SEO plugin v27.4 - https:\/\/yoast.com\/product\/yoast-seo-wordpress\/ -->\n<title>Pol\u00edtica de privacidade - Emo<\/title>\n<meta name=\"description\" content=\"Conhe\u00e7a a nossa pol\u00edtica de privacidade que cumpre a legisla\u00e7\u00e3o de Prote\u00e7\u00e3o de Dados em vigor.\" \/>\n<meta name=\"robots\" content=\"noindex, nofollow\" \/>\n<meta property=\"og:locale\" content=\"pt_PT\" \/>\n<meta property=\"og:type\" content=\"article\" \/>\n<meta property=\"og:title\" content=\"Pol\u00edtica de privacidade - Emo\" \/>\n<meta property=\"og:description\" content=\"Conhe\u00e7a a nossa pol\u00edtica de privacidade que cumpre a legisla\u00e7\u00e3o de Prote\u00e7\u00e3o de Dados em vigor.\" \/>\n<meta property=\"og:url\" content=\"https:\/\/www.emosa.com\/pt-pt\/politica-de-privacidade\/\" \/>\n<meta property=\"og:site_name\" content=\"Emo\" \/>\n<meta property=\"article:modified_time\" content=\"2022-12-21T16:35:13+00:00\" \/>\n<meta name=\"twitter:card\" content=\"summary_large_image\" \/>\n<meta name=\"twitter:label1\" content=\"Tempo estimado de leitura\" \/>\n\t<meta name=\"twitter:data1\" content=\"9 minutos\" \/>\n<script type=\"application\/ld+json\" class=\"yoast-schema-graph\">{\"@context\":\"https:\\\/\\\/schema.org\",\"@graph\":[{\"@type\":\"WebPage\",\"@id\":\"https:\\\/\\\/www.emosa.com\\\/pt-pt\\\/politica-de-privacidade\\\/\",\"url\":\"https:\\\/\\\/www.emosa.com\\\/pt-pt\\\/politica-de-privacidade\\\/\",\"name\":\"Pol\u00edtica de privacidade - Emo\",\"isPartOf\":{\"@id\":\"https:\\\/\\\/www.emosa.com\\\/pt-pt\\\/#website\"},\"datePublished\":\"2022-03-07T15:29:19+00:00\",\"dateModified\":\"2022-12-21T16:35:13+00:00\",\"description\":\"Conhe\u00e7a a nossa pol\u00edtica de privacidade que cumpre a legisla\u00e7\u00e3o de Prote\u00e7\u00e3o de Dados em vigor.\",\"breadcrumb\":{\"@id\":\"https:\\\/\\\/www.emosa.com\\\/pt-pt\\\/politica-de-privacidade\\\/#breadcrumb\"},\"inLanguage\":\"pt-PT\",\"potentialAction\":[{\"@type\":\"ReadAction\",\"target\":[\"https:\\\/\\\/www.emosa.com\\\/pt-pt\\\/politica-de-privacidade\\\/\"]}]},{\"@type\":\"BreadcrumbList\",\"@id\":\"https:\\\/\\\/www.emosa.com\\\/pt-pt\\\/politica-de-privacidade\\\/#breadcrumb\",\"itemListElement\":[{\"@type\":\"ListItem\",\"position\":1,\"name\":\"EMO\",\"item\":\"https:\\\/\\\/www.emosa.com\\\/pt-pt\\\/\"},{\"@type\":\"ListItem\",\"position\":2,\"name\":\"Pol\u00edtica de privacidade\"}]},{\"@type\":\"WebSite\",\"@id\":\"https:\\\/\\\/www.emosa.com\\\/pt-pt\\\/#website\",\"url\":\"https:\\\/\\\/www.emosa.com\\\/pt-pt\\\/\",\"name\":\"Emo\",\"description\":\"Maquinaria industria alimentaria y Envases Sostenibles\",\"publisher\":{\"@id\":\"https:\\\/\\\/www.emosa.com\\\/pt-pt\\\/#organization\"},\"potentialAction\":[{\"@type\":\"SearchAction\",\"target\":{\"@type\":\"EntryPoint\",\"urlTemplate\":\"https:\\\/\\\/www.emosa.com\\\/pt-pt\\\/?s={search_term_string}\"},\"query-input\":{\"@type\":\"PropertyValueSpecification\",\"valueRequired\":true,\"valueName\":\"search_term_string\"}}],\"inLanguage\":\"pt-PT\"},{\"@type\":\"Organization\",\"@id\":\"https:\\\/\\\/www.emosa.com\\\/pt-pt\\\/#organization\",\"name\":\"EMO - Maquinaria Industria Alimentaria\",\"url\":\"https:\\\/\\\/www.emosa.com\\\/pt-pt\\\/\",\"logo\":{\"@type\":\"ImageObject\",\"inLanguage\":\"pt-PT\",\"@id\":\"https:\\\/\\\/www.emosa.com\\\/pt-pt\\\/#\\\/schema\\\/logo\\\/image\\\/\",\"url\":\"https:\\\/\\\/www.emosa.com\\\/wp-content\\\/uploads\\\/2023\\\/01\\\/logo-emo-50-aniversario.png\",\"contentUrl\":\"https:\\\/\\\/www.emosa.com\\\/wp-content\\\/uploads\\\/2023\\\/01\\\/logo-emo-50-aniversario.png\",\"width\":300,\"height\":158,\"caption\":\"EMO - Maquinaria Industria Alimentaria\"},\"image\":{\"@id\":\"https:\\\/\\\/www.emosa.com\\\/pt-pt\\\/#\\\/schema\\\/logo\\\/image\\\/\"},\"sameAs\":[\"https:\\\/\\\/www.linkedin.com\\\/company\\\/emo-sa\\\/\",\"https:\\\/\\\/www.youtube.com\\\/channel\\\/UCE4DD4ZApaNHUQYLVQiPBhw\"]}]}<\/script>\n<!-- \/ Yoast SEO plugin. -->","yoast_head_json":{"title":"Pol\u00edtica de privacidade - Emo","description":"Conhe\u00e7a a nossa pol\u00edtica de privacidade que cumpre a legisla\u00e7\u00e3o de Prote\u00e7\u00e3o de Dados em vigor.","robots":{"index":"noindex","follow":"nofollow"},"og_locale":"pt_PT","og_type":"article","og_title":"Pol\u00edtica de privacidade - Emo","og_description":"Conhe\u00e7a a nossa pol\u00edtica de privacidade que cumpre a legisla\u00e7\u00e3o de Prote\u00e7\u00e3o de Dados em vigor.","og_url":"https:\/\/www.emosa.com\/pt-pt\/politica-de-privacidade\/","og_site_name":"Emo","article_modified_time":"2022-12-21T16:35:13+00:00","twitter_card":"summary_large_image","twitter_misc":{"Tempo estimado de leitura":"9 minutos"},"schema":{"@context":"https:\/\/schema.org","@graph":[{"@type":"WebPage","@id":"https:\/\/www.emosa.com\/pt-pt\/politica-de-privacidade\/","url":"https:\/\/www.emosa.com\/pt-pt\/politica-de-privacidade\/","name":"Pol\u00edtica de privacidade - Emo","isPartOf":{"@id":"https:\/\/www.emosa.com\/pt-pt\/#website"},"datePublished":"2022-03-07T15:29:19+00:00","dateModified":"2022-12-21T16:35:13+00:00","description":"Conhe\u00e7a a nossa pol\u00edtica de privacidade que cumpre a legisla\u00e7\u00e3o de Prote\u00e7\u00e3o de Dados em vigor.","breadcrumb":{"@id":"https:\/\/www.emosa.com\/pt-pt\/politica-de-privacidade\/#breadcrumb"},"inLanguage":"pt-PT","potentialAction":[{"@type":"ReadAction","target":["https:\/\/www.emosa.com\/pt-pt\/politica-de-privacidade\/"]}]},{"@type":"BreadcrumbList","@id":"https:\/\/www.emosa.com\/pt-pt\/politica-de-privacidade\/#breadcrumb","itemListElement":[{"@type":"ListItem","position":1,"name":"EMO","item":"https:\/\/www.emosa.com\/pt-pt\/"},{"@type":"ListItem","position":2,"name":"Pol\u00edtica de privacidade"}]},{"@type":"WebSite","@id":"https:\/\/www.emosa.com\/pt-pt\/#website","url":"https:\/\/www.emosa.com\/pt-pt\/","name":"Emo","description":"Maquinaria industria alimentaria y Envases Sostenibles","publisher":{"@id":"https:\/\/www.emosa.com\/pt-pt\/#organization"},"potentialAction":[{"@type":"SearchAction","target":{"@type":"EntryPoint","urlTemplate":"https:\/\/www.emosa.com\/pt-pt\/?s={search_term_string}"},"query-input":{"@type":"PropertyValueSpecification","valueRequired":true,"valueName":"search_term_string"}}],"inLanguage":"pt-PT"},{"@type":"Organization","@id":"https:\/\/www.emosa.com\/pt-pt\/#organization","name":"EMO - Maquinaria Industria Alimentaria","url":"https:\/\/www.emosa.com\/pt-pt\/","logo":{"@type":"ImageObject","inLanguage":"pt-PT","@id":"https:\/\/www.emosa.com\/pt-pt\/#\/schema\/logo\/image\/","url":"https:\/\/www.emosa.com\/wp-content\/uploads\/2023\/01\/logo-emo-50-aniversario.png","contentUrl":"https:\/\/www.emosa.com\/wp-content\/uploads\/2023\/01\/logo-emo-50-aniversario.png","width":300,"height":158,"caption":"EMO - Maquinaria Industria Alimentaria"},"image":{"@id":"https:\/\/www.emosa.com\/pt-pt\/#\/schema\/logo\/image\/"},"sameAs":["https:\/\/www.linkedin.com\/company\/emo-sa\/","https:\/\/www.youtube.com\/channel\/UCE4DD4ZApaNHUQYLVQiPBhw"]}]}},"_links":{"self":[{"href":"https:\/\/www.emosa.com\/pt-pt\/wp-json\/wp\/v2\/pages\/9667","targetHints":{"allow":["GET"]}}],"collection":[{"href":"https:\/\/www.emosa.com\/pt-pt\/wp-json\/wp\/v2\/pages"}],"about":[{"href":"https:\/\/www.emosa.com\/pt-pt\/wp-json\/wp\/v2\/types\/page"}],"author":[{"embeddable":true,"href":"https:\/\/www.emosa.com\/pt-pt\/wp-json\/wp\/v2\/users\/1"}],"replies":[{"embeddable":true,"href":"https:\/\/www.emosa.com\/pt-pt\/wp-json\/wp\/v2\/comments?post=9667"}],"version-history":[{"count":1,"href":"https:\/\/www.emosa.com\/pt-pt\/wp-json\/wp\/v2\/pages\/9667\/revisions"}],"predecessor-version":[{"id":9668,"href":"https:\/\/www.emosa.com\/pt-pt\/wp-json\/wp\/v2\/pages\/9667\/revisions\/9668"}],"wp:attachment":[{"href":"https:\/\/www.emosa.com\/pt-pt\/wp-json\/wp\/v2\/media?parent=9667"}],"curies":[{"name":"wp","href":"https:\/\/api.w.org\/{rel}","templated":true}]}}