{"id":9669,"date":"2022-05-31T15:38:34","date_gmt":"2022-05-31T13:38:34","guid":{"rendered":"https:\/\/www.emosa.com\/nuevaweb\/politica-de-cookies\/"},"modified":"2022-12-21T17:44:08","modified_gmt":"2022-12-21T16:44:08","slug":"politica-de-cookies","status":"publish","type":"page","link":"https:\/\/www.emosa.com\/pt-pt\/politica-de-cookies\/","title":{"rendered":"Pol\u00edtica de cookies"},"content":{"rendered":"\t\t<div data-elementor-type=\"wp-page\" data-elementor-id=\"9669\" class=\"elementor elementor-9669 elementor-4325\" data-elementor-post-type=\"page\">\n\t\t\t\t\t\t<section class=\"elementor-section elementor-top-section elementor-element elementor-element-e40fc69 elementor-section-boxed elementor-section-height-default elementor-section-height-default\" data-id=\"e40fc69\" data-element_type=\"section\" data-e-type=\"section\">\n\t\t\t\t\t\t<div class=\"elementor-container elementor-column-gap-default\">\n\t\t\t\t\t<div class=\"elementor-column elementor-col-100 elementor-top-column elementor-element elementor-element-010e23e\" data-id=\"010e23e\" data-element_type=\"column\" data-e-type=\"column\">\n\t\t\t<div class=\"elementor-widget-wrap elementor-element-populated\">\n\t\t\t\t\t\t<div class=\"elementor-element elementor-element-c04c1af elementor-widget elementor-widget-heading\" data-id=\"c04c1af\" data-element_type=\"widget\" data-e-type=\"widget\" data-widget_type=\"heading.default\">\n\t\t\t\t<div class=\"elementor-widget-container\">\n\t\t\t\t\t<h2 class=\"elementor-heading-title elementor-size-default\">POL\u00cdTICA DE COOKIES<\/h2>\t\t\t\t<\/div>\n\t\t\t\t<\/div>\n\t\t\t\t<div class=\"elementor-element elementor-element-494eb29 elementor-widget elementor-widget-text-editor\" data-id=\"494eb29\" data-element_type=\"widget\" data-e-type=\"widget\" data-widget_type=\"text-editor.default\">\n\t\t\t\t<div class=\"elementor-widget-container\">\n\t\t\t\t\t\t\t\t\t<p>EQUIPAMENTOS PARA MANUTEN\u00c7\u00c3O E OBRAS, S.A. (EMOSA) em seu site www.emosa.com, por conta pr\u00f3pria ou de terceiros contratados para fornecer servi\u00e7os de medi\u00e7\u00e3o, an\u00e1lise e publicidade, utiliza cookies quando um usu\u00e1rio navega no site.<\/p>\n<p>Cookies s\u00e3o arquivos enviados ao navegador por meio de um servidor web com a finalidade de registrar as atividades do usu\u00e1rio durante o tempo de navega\u00e7\u00e3o.<\/p>\n<p>Atrav\u00e9s da utiliza\u00e7\u00e3o de cookies, \u00e9 poss\u00edvel ao servidor onde se encontra o site reconhecer o navegador web utilizado pelo utilizador de forma a facilitar a navega\u00e7\u00e3o, permitindo, por exemplo, o acesso a utilizadores que se tenham registado. , servi\u00e7os, promo\u00e7\u00f5es ou concursos reservados exclusivamente para eles, sem a necessidade de se registrar a cada visita. Eles tamb\u00e9m s\u00e3o usados \u200b\u200bpara medir os par\u00e2metros de p\u00fablico e tr\u00e1fego, controlar o andamento e o n\u00famero de entradas.<\/p>\n<p>Certos cookies podem coletar dados pessoais.<\/p>\n<p>Os diferentes tipos de cookies existentes s\u00e3o referenciados abaixo:<\/p>\n<h2>Tipos de cookies<\/h2>\n<p><strong>Exceto:<\/strong><\/p>\n<ul>\n<li>Cookies de entrada do usu\u00e1rio.<\/li>\n<li>Cookies de identifica\u00e7\u00e3o ou autentica\u00e7\u00e3o do usu\u00e1rio. (somente sess\u00e3o).<\/li>\n<li>Cookies de seguran\u00e7a do usu\u00e1rio.<\/li>\n<li>Cookies do reprodutor de m\u00eddia.<\/li>\n<li>Cookies de sess\u00e3o para equilibrar a carga.<\/li>\n<li>Cookies de personaliza\u00e7\u00e3o da interface do usu\u00e1rio.<\/li>\n<li>Cookies de plug-in (plug-in) para troca de conte\u00fado social.<\/li>\n<\/ul>\n<p><strong>N\u00e3o excetuado:<\/strong><\/p>\n<ul>\n<li>O resto de cookies.<\/li>\n<\/ul>\n<p><strong>Cookies de acordo com a entidade que os gere:<\/strong><\/p>\n<ul>\n<li>Cookies pr\u00f3prios: S\u00e3o aqueles que se enviam ao equipamento terminal do utilizador desde um computador ou dom\u00ednio gerido pelo pr\u00f3prio editor e a partir do qual se presta o servi\u00e7o solicitado pelo utilizador.<\/li>\n<li>Cookies de terceiros: S\u00e3o aqueles que s\u00e3o enviados para o equipamento terminal do utilizador desde um computador ou dom\u00ednio que n\u00e3o \u00e9 gerido pelo editor, mas por outra entidade que processa os dados obtidos atrav\u00e9s dos cookies.<\/li>\n<\/ul>\n<p><strong>Cookies de acordo com o tempo que permanecem ativados:<\/strong><\/p>\n<ul>\n<li>Cookies de sess\u00e3o: S\u00e3o um tipo de cookies concebidos para recolher e armazenar dados enquanto o utilizador acede a uma p\u00e1gina web.<\/li>\n<li>Cookies persistentes: S\u00e3o um tipo de cookie em que os dados ainda s\u00e3o armazenados no terminal e podem ser acessados \u200b\u200be processados \u200b\u200bdurante um per\u00edodo definido pelo respons\u00e1vel pelo cookie e que pode variar de alguns minutos a v\u00e1rios anos.<\/li>\n<\/ul>\n<p><strong>Cookies de acordo com a finalidade:<\/strong><\/p>\n<ul>\n<li>Cookies de an\u00e1lise: s\u00e3o aqueles que, bem processados \u200b\u200bpelo propriet\u00e1rio do site, ou por terceiros, permitem quantificar o n\u00famero de usu\u00e1rios e, assim, realizar a medi\u00e7\u00e3o e an\u00e1lise estat\u00edstica do uso feito pelos usu\u00e1rios do servi\u00e7o oferecido . Para tal, analisa-se a sua navega\u00e7\u00e3o no website, de forma a melhorar a oferta de produtos ou servi\u00e7os que lhe oferecemos.<\/li>\n<li>Cookies publicit\u00e1rios: S\u00e3o aqueles que permitem a gest\u00e3o, da forma mais eficiente poss\u00edvel, dos espa\u00e7os publicit\u00e1rios que, no seu caso, o editor tenha inclu\u00eddo numa p\u00e1gina web, aplica\u00e7\u00e3o ou plataforma a partir da qual presta o servi\u00e7o solicitado com base em<br \/>crit\u00e9rios como o conte\u00fado editado ou a frequ\u00eancia com que os an\u00fancios s\u00e3o exibidos.<\/li>\n<li>Os cookies sociais s\u00e3o necess\u00e1rios para redes sociais externas (Facebook, Google, Twitter, Pinterest, Instagram, etc\u2026). Sua fun\u00e7\u00e3o \u00e9 controlar a intera\u00e7\u00e3o com os widgets sociais dentro da p\u00e1gina.<\/li>\n<li>Cookies de publicidade comportamental: S\u00e3o aqueles que permitem a gest\u00e3o, da forma mais eficiente poss\u00edvel, dos espa\u00e7os publicit\u00e1rios que, no seu caso, o editor tenha inclu\u00eddo numa p\u00e1gina web, aplica\u00e7\u00e3o ou plataforma a partir da qual se presta o servi\u00e7o.<br \/>requeridos. Esses cookies armazenam informa\u00e7\u00f5es sobre o comportamento do usu\u00e1rio obtidas atrav\u00e9s da observa\u00e7\u00e3o cont\u00ednua de seus h\u00e1bitos de navega\u00e7\u00e3o, o que permite o desenvolvimento de um perfil espec\u00edfico para exibir publicidade com base nele.<\/li>\n<\/ul>\n<p>Tamb\u00e9m \u00e9 poss\u00edvel que ao visitar uma p\u00e1gina web ou ao abrir um e-mail onde se publique um an\u00fancio ou promo\u00e7\u00e3o sobre determinados produtos ou servi\u00e7os, se instale um cookie no navegador que se utiliza para visualizar posteriormente<br \/>publicidade relacionada com a pesquisa efectuada, para desenvolver um controlo dos an\u00fancios em rela\u00e7\u00e3o, por exemplo, ao n\u00famero de vezes que s\u00e3o vistos, onde aparecem, a que horas s\u00e3o vistos, etc\u2026<\/p>\n<p>A seguir, indica-se que no site s\u00e3o utilizados cookies n\u00e3o exclu\u00eddos, pr\u00f3prios ou de terceiros.<\/p>\n<\/p>\n<p><strong>Cookies anal\u00edticos de terceiros:<\/strong><\/p>\n<p><span style=\"text-decoration: underline;\"><strong>Google Analytics:<\/strong><\/span><\/p>\n<p>Google, Inc., 1600 Amphitheatre Parkway, Mountain View (California), CA 94043, Estados Unidos (&#8220;Google&#8221;).<\/p>\n<p>Pol\u00edtica de privacidade: <a href=\"https:\/\/policies.google.com\/privacy?hl=en\">https:\/\/policies.google.com\/privacy?hl=en<\/a><\/p>\n<p>Dados coletados:<\/p>\n<p>An\u00f4nimo: (an\u00fancios visualizados, an\u00e1lises, informa\u00e7\u00f5es do navegador, dados de cookies, data\/hora, dados demogr\u00e1ficos, tipo de hardware\/software, dados de intera\u00e7\u00e3o, exibi\u00e7\u00f5es de p\u00e1gina, dom\u00ednios de servi\u00e7o).<\/p>\n<p>Pseud\u00f4nimo: (endere\u00e7o IP (PII da UE), hist\u00f3rico de pesquisa, dados baseados em localiza\u00e7\u00e3o, dados de clickstream, ID do dispositivo (PII da UE)) PII (nome, endere\u00e7o, n\u00famero de telefone, endere\u00e7o de e-mail, Enter) Sens\u00edvel (informa\u00e7\u00f5es financeiras).<\/p>\n<p>Dados cedidos a terceiros:<\/p>\n<ul>\n<li>N\u00e3o revelado<\/li>\n<\/ul>\n<p>Reten\u00e7\u00e3o de dados:<\/p>\n<ul>\n<li>N\u00e3o revelado<\/li>\n<\/ul>\n<p>Mais informa\u00e7\u00f5es em:<\/p>\n<p><a href=\"https:\/\/policies.google.com\/technologies\/cookies?hl=es&amp;gl=es#types-of-cookies\" target=\"_blank\" rel=\"noopener\">https:\/\/policies.google.com\/technologies\/cookies?hl=es&amp;gl=es#types-of-cookies<\/a><\/p>\n<p><a href=\"https:\/\/developers.google.com\/analytics\/devguides\/collection\/analyticsjs\/cookie-usage\" target=\"_blank\" rel=\"noopener\">https:\/\/developers.google.com\/analytics\/devguides\/collection\/analyticsjs\/cookie-usage<\/a><\/p>\n<p><strong>Cookies de publicidade de terceiros:<\/strong><\/p>\n<p><span style=\"text-decoration: underline;\"><strong>DoubleClick:<\/strong><\/span><\/p>\n<p>DoubleClick, 111 Eighth Avenue , 10th Floor , New York, NY, 10011<\/p>\n<p>Email: <a href=\"mailto:privacydept@doubleclick.com\">privacydept@doubleclick.com<\/a><\/p>\n<p>Tipo: Publicidade.<\/p>\n<p>Privacy Policy:<\/p>\n<p><a href=\"https:\/\/policies.google.com\/privacy?hl=en\" target=\"_blank\" rel=\"noopener\">https:\/\/policies.google.com\/privacy?hl=en<\/a><\/p>\n<p>Dados coletados:<\/p>\n<ul>\n<li>An\u00f4nimo: (an\u00fancios visualizados, an\u00e1lises, informa\u00e7\u00f5es do navegador, dados de cookies, data\/hora, dados demogr\u00e1ficos, tipo de hardware\/software, provedor de servi\u00e7os de Internet, dados de intera\u00e7\u00e3o, exibi\u00e7\u00f5es de p\u00e1gina, dom\u00ednios de servi\u00e7o).<\/li>\n<li>Pseud\u00f4nimo: (endere\u00e7o IP (EU PII), hist\u00f3rico de pesquisa, dados baseados em localiza\u00e7\u00e3o, dados de clickstream, ID do dispositivo (EU PII)). PII (nome, endere\u00e7o, n\u00famero de telefone, endere\u00e7o de e-mail, login, endere\u00e7o EU-IP).<\/li>\n<li>Sens\u00edvel (Informa\u00e7\u00f5es Financeiras).<\/li>\n<\/ul>\n<p>Dados cedidos a terceiros:<\/p>\n<p>Os dados agregados s\u00e3o compartilhados com 3 partes. Dados an\u00f4nimos s\u00e3o compartilhados com 3 partes.<\/p>\n<p>Reten\u00e7\u00e3o de dados:<\/p>\n<ul>\n<li>N\u00e3o revelado<\/li>\n<\/ul>\n<p>Voc\u00ea pode permitir, bloquear ou excluir cookies instalados selecionando as configura\u00e7\u00f5es apropriadas em seu navegador, no entanto, voc\u00ea deve saber que, se o fizer, poder\u00e1 n\u00e3o conseguir usar todas as funcionalidades deste site.<\/p>\n<p>Abaixo oferecemos-lhe links onde encontrar\u00e1 informa\u00e7\u00e3o sobre como pode configurar as suas prefer\u00eancias, em mat\u00e9ria de cookies, nos principais navegadores:<\/p>\n<p><span style=\"text-decoration: underline;\"><strong>Google Chrome<\/strong><\/span><br \/><a href=\"https:\/\/support.google.com\/chrome\/answer\/95647?hl=es\" target=\"_blank\" rel=\"noopener\">https:\/\/support.google.com\/chrome\/answer\/95647?hl=es<\/a><\/p>\n<p><span style=\"text-decoration: underline;\"><strong>Mozilla Firefox<\/strong><\/span><br \/><a href=\"https:\/\/support.mozilla.org\/es\/kb\/cookies-informacion-que-los-sitios-web-guardan-en-?redirectlocale=en-US&amp;redirectslug=Cookies\" target=\"_blank\" rel=\"noopener\">http:\/\/support.mozilla.org\/es\/kb\/cookies-informacion-que-los-sitios-web-guardan-en-<\/a><br \/><a href=\"https:\/\/support.mozilla.org\/es\/kb\/cookies-informacion-que-los-sitios-web-guardan-en-?redirectlocale=en-US&amp;redirectslug=Cookies\">?redirectlocale=en-US&amp;redirectslug=Cookies<\/a><\/p>\n<p><span style=\"text-decoration: underline;\"><strong>Internet Explorer<\/strong><\/span><br \/><a href=\"https:\/\/support.microsoft.com\/es-es\/windows\/eliminar-y-administrar-cookies-168dab11-0753-043d-7c16-ede5947fc64d\" target=\"_blank\" rel=\"noopener\">http:\/\/support.microsoft.com\/kb\/196955\/es<\/a><\/p>\n<p><span style=\"text-decoration: underline;\"><strong>Safari<\/strong><\/span><br \/><a href=\"https:\/\/support.apple.com\/es-es\/guide\/safari\/sfri11471\/mac\" target=\"_blank\" rel=\"noopener\">https:\/\/support.apple.com\/es-es\/guide\/safari\/sfri11471\/mac<\/a><\/p>\n<p><span style=\"text-decoration: underline;\"><strong>Safari IOS (iPhone, iPad)<\/strong><\/span><br \/><a href=\"https:\/\/support.apple.com\/es-es\/HT201265\" target=\"_blank\" rel=\"noopener\">https:\/\/support.apple.com\/es-es\/HT201265<\/a><\/p>\n<p><span style=\"text-decoration: underline;\"><strong>Cookies Flash<\/strong><\/span><br \/><a href=\"https:\/\/www.macromedia.com\/support\/documentation\/es\/flashplayer\/help\/settings_manager07.html\" target=\"_blank\" rel=\"noopener\">https:\/\/www.macromedia.com\/support\/documentation\/es\/flashplayer\/help\/settings_manager07.html<\/a><\/p>\n<p>Ou voc\u00ea pode consultar os tutoriais em v\u00eddeo publicados pela <strong>Agencia Espa\u00f1ola de Protecci\u00f3n de Datos<\/strong>: <a href=\"https:\/\/www.youtube.com\/user\/desdelaAEPD\" target=\"_blank\" rel=\"noopener\">https:\/\/www.youtube.com\/user\/desdelaAEPD<\/a><\/p>\n<p>Para saber mais sobre cookies <a href=\"https:\/\/es.wikipedia.org\/wiki\/Cookie_(inform%C3%A1tica)\" target=\"_blank\" rel=\"noopener\">es.wikipedia.org\/wiki\/Cookie_(inform\u00e1tica)<\/a><\/p>\n<p>Se desejar entrar em contato conosco sobre nossa pol\u00edtica de cookies, voc\u00ea pode faz\u00ea-lo em: <a href=\"mailto:info@emosa.com\">info@emosa.com<\/a><\/p>\n\t\t\t\t\t\t\t\t<\/div>\n\t\t\t\t<\/div>\n\t\t\t\t\t<\/div>\n\t\t<\/div>\n\t\t\t\t\t<\/div>\n\t\t<\/section>\n\t\t\t\t<\/div>\n\t\t","protected":false},"excerpt":{"rendered":"<p>POL\u00cdTICA DE COOKIES EQUIPAMENTOS PARA MANUTEN\u00c7\u00c3O E OBRAS, S.A. (EMOSA) em seu site www.emosa.com, por conta pr\u00f3pria ou de terceiros contratados para fornecer servi\u00e7os de medi\u00e7\u00e3o, an\u00e1lise e publicidade, utiliza cookies quando um usu\u00e1rio navega no site. Cookies s\u00e3o arquivos enviados ao navegador por meio de um servidor web com a finalidade de registrar as [&hellip;]<\/p>\n","protected":false},"author":1,"featured_media":0,"parent":0,"menu_order":0,"comment_status":"closed","ping_status":"closed","template":"","meta":{"_joinchat":[],"footnotes":""},"class_list":["post-9669","page","type-page","status-publish","hentry"],"yoast_head":"<!-- This site is optimized with the Yoast SEO plugin v27.4 - https:\/\/yoast.com\/product\/yoast-seo-wordpress\/ -->\n<title>Pol\u00edtica de cookies - Emo<\/title>\n<meta name=\"description\" content=\"Aqui voc\u00ea tem todas as informa\u00e7\u00f5es sobre cookies pr\u00f3prios e de terceiros para fins anal\u00edticos e publicit\u00e1rios que usamos em nosso site.\" \/>\n<meta name=\"robots\" content=\"noindex, nofollow\" \/>\n<meta property=\"og:locale\" content=\"pt_PT\" \/>\n<meta property=\"og:type\" content=\"article\" \/>\n<meta property=\"og:title\" content=\"Pol\u00edtica de cookies - Emo\" \/>\n<meta property=\"og:description\" content=\"Aqui voc\u00ea tem todas as informa\u00e7\u00f5es sobre cookies pr\u00f3prios e de terceiros para fins anal\u00edticos e publicit\u00e1rios que usamos em nosso site.\" \/>\n<meta property=\"og:url\" content=\"https:\/\/www.emosa.com\/pt-pt\/politica-de-cookies\/\" \/>\n<meta property=\"og:site_name\" content=\"Emo\" \/>\n<meta property=\"article:modified_time\" content=\"2022-12-21T16:44:08+00:00\" \/>\n<meta name=\"twitter:card\" content=\"summary_large_image\" \/>\n<meta name=\"twitter:label1\" content=\"Tempo estimado de leitura\" \/>\n\t<meta name=\"twitter:data1\" content=\"6 minutos\" \/>\n<script type=\"application\/ld+json\" class=\"yoast-schema-graph\">{\"@context\":\"https:\\\/\\\/schema.org\",\"@graph\":[{\"@type\":\"WebPage\",\"@id\":\"https:\\\/\\\/www.emosa.com\\\/pt-pt\\\/politica-de-cookies\\\/\",\"url\":\"https:\\\/\\\/www.emosa.com\\\/pt-pt\\\/politica-de-cookies\\\/\",\"name\":\"Pol\u00edtica de cookies - Emo\",\"isPartOf\":{\"@id\":\"https:\\\/\\\/www.emosa.com\\\/pt-pt\\\/#website\"},\"datePublished\":\"2022-05-31T13:38:34+00:00\",\"dateModified\":\"2022-12-21T16:44:08+00:00\",\"description\":\"Aqui voc\u00ea tem todas as informa\u00e7\u00f5es sobre cookies pr\u00f3prios e de terceiros para fins anal\u00edticos e publicit\u00e1rios que usamos em nosso site.\",\"breadcrumb\":{\"@id\":\"https:\\\/\\\/www.emosa.com\\\/pt-pt\\\/politica-de-cookies\\\/#breadcrumb\"},\"inLanguage\":\"pt-PT\",\"potentialAction\":[{\"@type\":\"ReadAction\",\"target\":[\"https:\\\/\\\/www.emosa.com\\\/pt-pt\\\/politica-de-cookies\\\/\"]}]},{\"@type\":\"BreadcrumbList\",\"@id\":\"https:\\\/\\\/www.emosa.com\\\/pt-pt\\\/politica-de-cookies\\\/#breadcrumb\",\"itemListElement\":[{\"@type\":\"ListItem\",\"position\":1,\"name\":\"EMO\",\"item\":\"https:\\\/\\\/www.emosa.com\\\/pt-pt\\\/\"},{\"@type\":\"ListItem\",\"position\":2,\"name\":\"Pol\u00edtica de cookies\"}]},{\"@type\":\"WebSite\",\"@id\":\"https:\\\/\\\/www.emosa.com\\\/pt-pt\\\/#website\",\"url\":\"https:\\\/\\\/www.emosa.com\\\/pt-pt\\\/\",\"name\":\"Emo\",\"description\":\"Maquinaria industria alimentaria y Envases Sostenibles\",\"publisher\":{\"@id\":\"https:\\\/\\\/www.emosa.com\\\/pt-pt\\\/#organization\"},\"potentialAction\":[{\"@type\":\"SearchAction\",\"target\":{\"@type\":\"EntryPoint\",\"urlTemplate\":\"https:\\\/\\\/www.emosa.com\\\/pt-pt\\\/?s={search_term_string}\"},\"query-input\":{\"@type\":\"PropertyValueSpecification\",\"valueRequired\":true,\"valueName\":\"search_term_string\"}}],\"inLanguage\":\"pt-PT\"},{\"@type\":\"Organization\",\"@id\":\"https:\\\/\\\/www.emosa.com\\\/pt-pt\\\/#organization\",\"name\":\"EMO - Maquinaria Industria Alimentaria\",\"url\":\"https:\\\/\\\/www.emosa.com\\\/pt-pt\\\/\",\"logo\":{\"@type\":\"ImageObject\",\"inLanguage\":\"pt-PT\",\"@id\":\"https:\\\/\\\/www.emosa.com\\\/pt-pt\\\/#\\\/schema\\\/logo\\\/image\\\/\",\"url\":\"https:\\\/\\\/www.emosa.com\\\/wp-content\\\/uploads\\\/2023\\\/01\\\/logo-emo-50-aniversario.png\",\"contentUrl\":\"https:\\\/\\\/www.emosa.com\\\/wp-content\\\/uploads\\\/2023\\\/01\\\/logo-emo-50-aniversario.png\",\"width\":300,\"height\":158,\"caption\":\"EMO - Maquinaria Industria Alimentaria\"},\"image\":{\"@id\":\"https:\\\/\\\/www.emosa.com\\\/pt-pt\\\/#\\\/schema\\\/logo\\\/image\\\/\"},\"sameAs\":[\"https:\\\/\\\/www.linkedin.com\\\/company\\\/emo-sa\\\/\",\"https:\\\/\\\/www.youtube.com\\\/channel\\\/UCE4DD4ZApaNHUQYLVQiPBhw\"]}]}<\/script>\n<!-- \/ Yoast SEO plugin. -->","yoast_head_json":{"title":"Pol\u00edtica de cookies - Emo","description":"Aqui voc\u00ea tem todas as informa\u00e7\u00f5es sobre cookies pr\u00f3prios e de terceiros para fins anal\u00edticos e publicit\u00e1rios que usamos em nosso site.","robots":{"index":"noindex","follow":"nofollow"},"og_locale":"pt_PT","og_type":"article","og_title":"Pol\u00edtica de cookies - Emo","og_description":"Aqui voc\u00ea tem todas as informa\u00e7\u00f5es sobre cookies pr\u00f3prios e de terceiros para fins anal\u00edticos e publicit\u00e1rios que usamos em nosso site.","og_url":"https:\/\/www.emosa.com\/pt-pt\/politica-de-cookies\/","og_site_name":"Emo","article_modified_time":"2022-12-21T16:44:08+00:00","twitter_card":"summary_large_image","twitter_misc":{"Tempo estimado de leitura":"6 minutos"},"schema":{"@context":"https:\/\/schema.org","@graph":[{"@type":"WebPage","@id":"https:\/\/www.emosa.com\/pt-pt\/politica-de-cookies\/","url":"https:\/\/www.emosa.com\/pt-pt\/politica-de-cookies\/","name":"Pol\u00edtica de cookies - Emo","isPartOf":{"@id":"https:\/\/www.emosa.com\/pt-pt\/#website"},"datePublished":"2022-05-31T13:38:34+00:00","dateModified":"2022-12-21T16:44:08+00:00","description":"Aqui voc\u00ea tem todas as informa\u00e7\u00f5es sobre cookies pr\u00f3prios e de terceiros para fins anal\u00edticos e publicit\u00e1rios que usamos em nosso site.","breadcrumb":{"@id":"https:\/\/www.emosa.com\/pt-pt\/politica-de-cookies\/#breadcrumb"},"inLanguage":"pt-PT","potentialAction":[{"@type":"ReadAction","target":["https:\/\/www.emosa.com\/pt-pt\/politica-de-cookies\/"]}]},{"@type":"BreadcrumbList","@id":"https:\/\/www.emosa.com\/pt-pt\/politica-de-cookies\/#breadcrumb","itemListElement":[{"@type":"ListItem","position":1,"name":"EMO","item":"https:\/\/www.emosa.com\/pt-pt\/"},{"@type":"ListItem","position":2,"name":"Pol\u00edtica de cookies"}]},{"@type":"WebSite","@id":"https:\/\/www.emosa.com\/pt-pt\/#website","url":"https:\/\/www.emosa.com\/pt-pt\/","name":"Emo","description":"Maquinaria industria alimentaria y Envases Sostenibles","publisher":{"@id":"https:\/\/www.emosa.com\/pt-pt\/#organization"},"potentialAction":[{"@type":"SearchAction","target":{"@type":"EntryPoint","urlTemplate":"https:\/\/www.emosa.com\/pt-pt\/?s={search_term_string}"},"query-input":{"@type":"PropertyValueSpecification","valueRequired":true,"valueName":"search_term_string"}}],"inLanguage":"pt-PT"},{"@type":"Organization","@id":"https:\/\/www.emosa.com\/pt-pt\/#organization","name":"EMO - Maquinaria Industria Alimentaria","url":"https:\/\/www.emosa.com\/pt-pt\/","logo":{"@type":"ImageObject","inLanguage":"pt-PT","@id":"https:\/\/www.emosa.com\/pt-pt\/#\/schema\/logo\/image\/","url":"https:\/\/www.emosa.com\/wp-content\/uploads\/2023\/01\/logo-emo-50-aniversario.png","contentUrl":"https:\/\/www.emosa.com\/wp-content\/uploads\/2023\/01\/logo-emo-50-aniversario.png","width":300,"height":158,"caption":"EMO - Maquinaria Industria Alimentaria"},"image":{"@id":"https:\/\/www.emosa.com\/pt-pt\/#\/schema\/logo\/image\/"},"sameAs":["https:\/\/www.linkedin.com\/company\/emo-sa\/","https:\/\/www.youtube.com\/channel\/UCE4DD4ZApaNHUQYLVQiPBhw"]}]}},"_links":{"self":[{"href":"https:\/\/www.emosa.com\/pt-pt\/wp-json\/wp\/v2\/pages\/9669","targetHints":{"allow":["GET"]}}],"collection":[{"href":"https:\/\/www.emosa.com\/pt-pt\/wp-json\/wp\/v2\/pages"}],"about":[{"href":"https:\/\/www.emosa.com\/pt-pt\/wp-json\/wp\/v2\/types\/page"}],"author":[{"embeddable":true,"href":"https:\/\/www.emosa.com\/pt-pt\/wp-json\/wp\/v2\/users\/1"}],"replies":[{"embeddable":true,"href":"https:\/\/www.emosa.com\/pt-pt\/wp-json\/wp\/v2\/comments?post=9669"}],"version-history":[{"count":1,"href":"https:\/\/www.emosa.com\/pt-pt\/wp-json\/wp\/v2\/pages\/9669\/revisions"}],"predecessor-version":[{"id":9670,"href":"https:\/\/www.emosa.com\/pt-pt\/wp-json\/wp\/v2\/pages\/9669\/revisions\/9670"}],"wp:attachment":[{"href":"https:\/\/www.emosa.com\/pt-pt\/wp-json\/wp\/v2\/media?parent=9669"}],"curies":[{"name":"wp","href":"https:\/\/api.w.org\/{rel}","templated":true}]}}