{"id":10179,"date":"2023-01-26T10:56:37","date_gmt":"2023-01-26T09:56:37","guid":{"rendered":"https:\/\/www.emosa.com\/?post_type=product&#038;p=10179"},"modified":"2025-03-06T16:25:44","modified_gmt":"2025-03-06T15:25:44","slug":"film-wentus-wentopro-skintight-15-uht","status":"publish","type":"product","link":"https:\/\/www.emosa.com\/pt-pt\/film-wentus-wentopro-skintight-15-uht\/","title":{"rendered":"Filme WENTOPRO SKINTIGHT\u00ae 15 UHT Trioworld"},"content":{"rendered":"\t\t<div data-elementor-type=\"product-post\" data-elementor-id=\"10179\" class=\"elementor elementor-10179 elementor-10178\" data-elementor-post-type=\"product\">\n\t\t\t\t\t\t<section class=\"elementor-section elementor-top-section elementor-element elementor-element-52400bd elementor-section-boxed elementor-section-height-default elementor-section-height-default\" data-id=\"52400bd\" data-element_type=\"section\" data-e-type=\"section\">\n\t\t\t\t\t\t<div class=\"elementor-container elementor-column-gap-default\">\n\t\t\t\t\t<div class=\"elementor-column elementor-col-100 elementor-top-column elementor-element elementor-element-3b40877\" data-id=\"3b40877\" data-element_type=\"column\" data-e-type=\"column\">\n\t\t\t<div class=\"elementor-widget-wrap elementor-element-populated\">\n\t\t\t\t\t\t<div class=\"elementor-element elementor-element-55f8af3 elementor-widget elementor-widget-heading\" data-id=\"55f8af3\" data-element_type=\"widget\" data-e-type=\"widget\" data-widget_type=\"heading.default\">\n\t\t\t\t<div class=\"elementor-widget-container\">\n\t\t\t\t\t<h2 class=\"elementor-heading-title elementor-size-default\"><span style=\"color: var( --e-global-color-primary )\">Vantagens da pel\u00edcula UHT WENTOPRO SKINTIGHT 15<\/span><\/h2>\t\t\t\t<\/div>\n\t\t\t\t<\/div>\n\t\t\t\t<div class=\"elementor-element elementor-element-b539267 elementor-widget elementor-widget-text-editor\" data-id=\"b539267\" data-element_type=\"widget\" data-e-type=\"widget\" data-widget_type=\"text-editor.default\">\n\t\t\t\t<div class=\"elementor-widget-container\">\n\t\t\t\t\t\t\t\t\t<ul>\n<li>10K &#8211; Aprovado pela FDA<\/li>\n<li>Evita a exsuda\u00e7\u00e3o durante toda a vida \u00fatil.<\/li>\n<li>Excelente brilho e transpar\u00eancia<\/li>\n<\/ul>\n\t\t\t\t\t\t\t\t<\/div>\n\t\t\t\t<\/div>\n\t\t\t\t\t<\/div>\n\t\t<\/div>\n\t\t\t\t\t<\/div>\n\t\t<\/section>\n\t\t\t\t<\/div>\n\t\t","protected":false},"excerpt":{"rendered":"<p>SKINTIGHT\u00ae 15 UHT \u00e9 a nossa solu\u00e7\u00e3o para embalar <strong>peixe fresco<\/strong> de acordo com as especifica\u00e7\u00f5es da US Food and Drug Administration (FDA). O nosso filme tamb\u00e9m brilha num sentido figurado. <\/p>\n<p>Os nossos clientes est\u00e3o satisfeitos n\u00e3o s\u00f3 com o prazo de validade <strong>mais longo<\/strong>, mas tamb\u00e9m com o <strong>melhor sabor, cheiro e aspeto do peixe<\/strong> em compara\u00e7\u00e3o com outros fornecedores.<\/p>\n","protected":false},"featured_media":10181,"template":"","meta":{"_joinchat":[]},"product_brand":[],"product_cat":[241],"product_tag":[247,246],"class_list":{"0":"post-10179","1":"product","2":"type-product","3":"status-publish","4":"has-post-thumbnail","6":"product_cat-filme-alimentar","7":"product_tag-peixe","8":"product_tag-vegano-e-vegetariano","9":"yith_product_brand-wentus-pt-pt","11":"first","12":"instock","13":"shipping-taxable","14":"product-type-simple"},"yoast_head":"<!-- This site is optimized with the Yoast SEO plugin v27.5 - https:\/\/yoast.com\/product\/yoast-seo-wordpress\/ -->\n<title>Trioworld FlatSkin Wentopro 15E Pel\u00edcula de embalagem FlatSkin - Emo<\/title>\n<meta name=\"description\" content=\"Solu\u00e7\u00e3o ideal para a embalagem de peixe com pel\u00edcula de pele Wentus\" \/>\n<meta name=\"robots\" content=\"index, follow, max-snippet:-1, max-image-preview:large, max-video-preview:-1\" \/>\n<link rel=\"canonical\" href=\"https:\/\/www.emosa.com\/pt-pt\/film-wentus-wentopro-skintight-15-uht\/\" \/>\n<meta property=\"og:locale\" content=\"pt_PT\" \/>\n<meta property=\"og:type\" content=\"article\" \/>\n<meta property=\"og:title\" content=\"Trioworld FlatSkin Wentopro 15E Pel\u00edcula de embalagem FlatSkin - Emo\" \/>\n<meta property=\"og:description\" content=\"Solu\u00e7\u00e3o ideal para a embalagem de peixe com pel\u00edcula de pele Wentus\" \/>\n<meta property=\"og:url\" content=\"https:\/\/www.emosa.com\/pt-pt\/film-wentus-wentopro-skintight-15-uht\/\" \/>\n<meta property=\"og:site_name\" content=\"Emo\" \/>\n<meta property=\"article:modified_time\" content=\"2025-03-06T15:25:44+00:00\" \/>\n<meta property=\"og:image\" content=\"https:\/\/www.emosa.com\/wp-content\/uploads\/2023\/01\/salmon.png\" \/>\n\t<meta property=\"og:image:width\" content=\"800\" \/>\n\t<meta property=\"og:image:height\" content=\"800\" \/>\n\t<meta property=\"og:image:type\" content=\"image\/png\" \/>\n<meta name=\"twitter:card\" content=\"summary_large_image\" \/>\n<script type=\"application\/ld+json\" class=\"yoast-schema-graph\">{\"@context\":\"https:\\\/\\\/schema.org\",\"@graph\":[{\"@type\":\"WebPage\",\"@id\":\"https:\\\/\\\/www.emosa.com\\\/pt-pt\\\/film-wentus-wentopro-skintight-15-uht\\\/\",\"url\":\"https:\\\/\\\/www.emosa.com\\\/pt-pt\\\/film-wentus-wentopro-skintight-15-uht\\\/\",\"name\":\"Trioworld FlatSkin Wentopro 15E Pel\u00edcula de embalagem FlatSkin - Emo\",\"isPartOf\":{\"@id\":\"https:\\\/\\\/www.emosa.com\\\/pt-pt\\\/#website\"},\"primaryImageOfPage\":{\"@id\":\"https:\\\/\\\/www.emosa.com\\\/pt-pt\\\/film-wentus-wentopro-skintight-15-uht\\\/#primaryimage\"},\"image\":{\"@id\":\"https:\\\/\\\/www.emosa.com\\\/pt-pt\\\/film-wentus-wentopro-skintight-15-uht\\\/#primaryimage\"},\"thumbnailUrl\":\"https:\\\/\\\/www.emosa.com\\\/wp-content\\\/uploads\\\/2023\\\/01\\\/salmon.png\",\"datePublished\":\"2023-01-26T09:56:37+00:00\",\"dateModified\":\"2025-03-06T15:25:44+00:00\",\"description\":\"Solu\u00e7\u00e3o ideal para a embalagem de peixe com pel\u00edcula de pele Wentus\",\"breadcrumb\":{\"@id\":\"https:\\\/\\\/www.emosa.com\\\/pt-pt\\\/film-wentus-wentopro-skintight-15-uht\\\/#breadcrumb\"},\"inLanguage\":\"pt-PT\",\"potentialAction\":[{\"@type\":\"ReadAction\",\"target\":[\"https:\\\/\\\/www.emosa.com\\\/pt-pt\\\/film-wentus-wentopro-skintight-15-uht\\\/\"]}]},{\"@type\":\"ImageObject\",\"inLanguage\":\"pt-PT\",\"@id\":\"https:\\\/\\\/www.emosa.com\\\/pt-pt\\\/film-wentus-wentopro-skintight-15-uht\\\/#primaryimage\",\"url\":\"https:\\\/\\\/www.emosa.com\\\/wp-content\\\/uploads\\\/2023\\\/01\\\/salmon.png\",\"contentUrl\":\"https:\\\/\\\/www.emosa.com\\\/wp-content\\\/uploads\\\/2023\\\/01\\\/salmon.png\",\"width\":800,\"height\":800,\"caption\":\"Pel\u00edcula especial de pele de peixe Wentus\"},{\"@type\":\"BreadcrumbList\",\"@id\":\"https:\\\/\\\/www.emosa.com\\\/pt-pt\\\/film-wentus-wentopro-skintight-15-uht\\\/#breadcrumb\",\"itemListElement\":[{\"@type\":\"ListItem\",\"position\":1,\"name\":\"EMO\",\"item\":\"https:\\\/\\\/www.emosa.com\\\/pt-pt\\\/\"},{\"@type\":\"ListItem\",\"position\":2,\"name\":\"Tienda\",\"item\":\"https:\\\/\\\/www.emosa.com\\\/tienda\\\/\"},{\"@type\":\"ListItem\",\"position\":3,\"name\":\"Filme WENTOPRO SKINTIGHT\u00ae 15 UHT Trioworld\"}]},{\"@type\":\"WebSite\",\"@id\":\"https:\\\/\\\/www.emosa.com\\\/pt-pt\\\/#website\",\"url\":\"https:\\\/\\\/www.emosa.com\\\/pt-pt\\\/\",\"name\":\"Emo\",\"description\":\"Maquinaria industria alimentaria y Envases Sostenibles\",\"publisher\":{\"@id\":\"https:\\\/\\\/www.emosa.com\\\/pt-pt\\\/#organization\"},\"potentialAction\":[{\"@type\":\"SearchAction\",\"target\":{\"@type\":\"EntryPoint\",\"urlTemplate\":\"https:\\\/\\\/www.emosa.com\\\/pt-pt\\\/?s={search_term_string}\"},\"query-input\":{\"@type\":\"PropertyValueSpecification\",\"valueRequired\":true,\"valueName\":\"search_term_string\"}}],\"inLanguage\":\"pt-PT\"},{\"@type\":\"Organization\",\"@id\":\"https:\\\/\\\/www.emosa.com\\\/pt-pt\\\/#organization\",\"name\":\"EMO - Maquinaria Industria Alimentaria\",\"url\":\"https:\\\/\\\/www.emosa.com\\\/pt-pt\\\/\",\"logo\":{\"@type\":\"ImageObject\",\"inLanguage\":\"pt-PT\",\"@id\":\"https:\\\/\\\/www.emosa.com\\\/pt-pt\\\/#\\\/schema\\\/logo\\\/image\\\/\",\"url\":\"https:\\\/\\\/www.emosa.com\\\/wp-content\\\/uploads\\\/2023\\\/01\\\/logo-emo-50-aniversario.png\",\"contentUrl\":\"https:\\\/\\\/www.emosa.com\\\/wp-content\\\/uploads\\\/2023\\\/01\\\/logo-emo-50-aniversario.png\",\"width\":300,\"height\":158,\"caption\":\"EMO - Maquinaria Industria Alimentaria\"},\"image\":{\"@id\":\"https:\\\/\\\/www.emosa.com\\\/pt-pt\\\/#\\\/schema\\\/logo\\\/image\\\/\"},\"sameAs\":[\"https:\\\/\\\/www.linkedin.com\\\/company\\\/emo-sa\\\/\",\"https:\\\/\\\/www.youtube.com\\\/channel\\\/UCE4DD4ZApaNHUQYLVQiPBhw\"]}]}<\/script>\n<!-- \/ Yoast SEO plugin. -->","yoast_head_json":{"title":"Trioworld FlatSkin Wentopro 15E Pel\u00edcula de embalagem FlatSkin - Emo","description":"Solu\u00e7\u00e3o ideal para a embalagem de peixe com pel\u00edcula de pele Wentus","robots":{"index":"index","follow":"follow","max-snippet":"max-snippet:-1","max-image-preview":"max-image-preview:large","max-video-preview":"max-video-preview:-1"},"canonical":"https:\/\/www.emosa.com\/pt-pt\/film-wentus-wentopro-skintight-15-uht\/","og_locale":"pt_PT","og_type":"article","og_title":"Trioworld FlatSkin Wentopro 15E Pel\u00edcula de embalagem FlatSkin - Emo","og_description":"Solu\u00e7\u00e3o ideal para a embalagem de peixe com pel\u00edcula de pele Wentus","og_url":"https:\/\/www.emosa.com\/pt-pt\/film-wentus-wentopro-skintight-15-uht\/","og_site_name":"Emo","article_modified_time":"2025-03-06T15:25:44+00:00","og_image":[{"width":800,"height":800,"url":"https:\/\/www.emosa.com\/wp-content\/uploads\/2023\/01\/salmon.png","type":"image\/png"}],"twitter_card":"summary_large_image","schema":{"@context":"https:\/\/schema.org","@graph":[{"@type":"WebPage","@id":"https:\/\/www.emosa.com\/pt-pt\/film-wentus-wentopro-skintight-15-uht\/","url":"https:\/\/www.emosa.com\/pt-pt\/film-wentus-wentopro-skintight-15-uht\/","name":"Trioworld FlatSkin Wentopro 15E Pel\u00edcula de embalagem FlatSkin - Emo","isPartOf":{"@id":"https:\/\/www.emosa.com\/pt-pt\/#website"},"primaryImageOfPage":{"@id":"https:\/\/www.emosa.com\/pt-pt\/film-wentus-wentopro-skintight-15-uht\/#primaryimage"},"image":{"@id":"https:\/\/www.emosa.com\/pt-pt\/film-wentus-wentopro-skintight-15-uht\/#primaryimage"},"thumbnailUrl":"https:\/\/www.emosa.com\/wp-content\/uploads\/2023\/01\/salmon.png","datePublished":"2023-01-26T09:56:37+00:00","dateModified":"2025-03-06T15:25:44+00:00","description":"Solu\u00e7\u00e3o ideal para a embalagem de peixe com pel\u00edcula de pele Wentus","breadcrumb":{"@id":"https:\/\/www.emosa.com\/pt-pt\/film-wentus-wentopro-skintight-15-uht\/#breadcrumb"},"inLanguage":"pt-PT","potentialAction":[{"@type":"ReadAction","target":["https:\/\/www.emosa.com\/pt-pt\/film-wentus-wentopro-skintight-15-uht\/"]}]},{"@type":"ImageObject","inLanguage":"pt-PT","@id":"https:\/\/www.emosa.com\/pt-pt\/film-wentus-wentopro-skintight-15-uht\/#primaryimage","url":"https:\/\/www.emosa.com\/wp-content\/uploads\/2023\/01\/salmon.png","contentUrl":"https:\/\/www.emosa.com\/wp-content\/uploads\/2023\/01\/salmon.png","width":800,"height":800,"caption":"Pel\u00edcula especial de pele de peixe Wentus"},{"@type":"BreadcrumbList","@id":"https:\/\/www.emosa.com\/pt-pt\/film-wentus-wentopro-skintight-15-uht\/#breadcrumb","itemListElement":[{"@type":"ListItem","position":1,"name":"EMO","item":"https:\/\/www.emosa.com\/pt-pt\/"},{"@type":"ListItem","position":2,"name":"Tienda","item":"https:\/\/www.emosa.com\/tienda\/"},{"@type":"ListItem","position":3,"name":"Filme WENTOPRO SKINTIGHT\u00ae 15 UHT Trioworld"}]},{"@type":"WebSite","@id":"https:\/\/www.emosa.com\/pt-pt\/#website","url":"https:\/\/www.emosa.com\/pt-pt\/","name":"Emo","description":"Maquinaria industria alimentaria y Envases Sostenibles","publisher":{"@id":"https:\/\/www.emosa.com\/pt-pt\/#organization"},"potentialAction":[{"@type":"SearchAction","target":{"@type":"EntryPoint","urlTemplate":"https:\/\/www.emosa.com\/pt-pt\/?s={search_term_string}"},"query-input":{"@type":"PropertyValueSpecification","valueRequired":true,"valueName":"search_term_string"}}],"inLanguage":"pt-PT"},{"@type":"Organization","@id":"https:\/\/www.emosa.com\/pt-pt\/#organization","name":"EMO - Maquinaria Industria Alimentaria","url":"https:\/\/www.emosa.com\/pt-pt\/","logo":{"@type":"ImageObject","inLanguage":"pt-PT","@id":"https:\/\/www.emosa.com\/pt-pt\/#\/schema\/logo\/image\/","url":"https:\/\/www.emosa.com\/wp-content\/uploads\/2023\/01\/logo-emo-50-aniversario.png","contentUrl":"https:\/\/www.emosa.com\/wp-content\/uploads\/2023\/01\/logo-emo-50-aniversario.png","width":300,"height":158,"caption":"EMO - Maquinaria Industria Alimentaria"},"image":{"@id":"https:\/\/www.emosa.com\/pt-pt\/#\/schema\/logo\/image\/"},"sameAs":["https:\/\/www.linkedin.com\/company\/emo-sa\/","https:\/\/www.youtube.com\/channel\/UCE4DD4ZApaNHUQYLVQiPBhw"]}]}},"_links":{"self":[{"href":"https:\/\/www.emosa.com\/pt-pt\/wp-json\/wp\/v2\/product\/10179","targetHints":{"allow":["GET"]}}],"collection":[{"href":"https:\/\/www.emosa.com\/pt-pt\/wp-json\/wp\/v2\/product"}],"about":[{"href":"https:\/\/www.emosa.com\/pt-pt\/wp-json\/wp\/v2\/types\/product"}],"version-history":[{"count":14,"href":"https:\/\/www.emosa.com\/pt-pt\/wp-json\/wp\/v2\/product\/10179\/revisions"}],"predecessor-version":[{"id":12841,"href":"https:\/\/www.emosa.com\/pt-pt\/wp-json\/wp\/v2\/product\/10179\/revisions\/12841"}],"wp:featuredmedia":[{"embeddable":true,"href":"https:\/\/www.emosa.com\/pt-pt\/wp-json\/wp\/v2\/media\/10181"}],"wp:attachment":[{"href":"https:\/\/www.emosa.com\/pt-pt\/wp-json\/wp\/v2\/media?parent=10179"}],"wp:term":[{"taxonomy":"product_brand","embeddable":true,"href":"https:\/\/www.emosa.com\/pt-pt\/wp-json\/wp\/v2\/product_brand?post=10179"},{"taxonomy":"product_cat","embeddable":true,"href":"https:\/\/www.emosa.com\/pt-pt\/wp-json\/wp\/v2\/product_cat?post=10179"},{"taxonomy":"product_tag","embeddable":true,"href":"https:\/\/www.emosa.com\/pt-pt\/wp-json\/wp\/v2\/product_tag?post=10179"}],"curies":[{"name":"wp","href":"https:\/\/api.w.org\/{rel}","templated":true}]}}