{"id":10508,"date":"2023-02-15T10:23:55","date_gmt":"2023-02-15T09:23:55","guid":{"rendered":"https:\/\/www.emosa.com\/?post_type=product&#038;p=10508"},"modified":"2023-02-20T11:42:25","modified_gmt":"2023-02-20T10:42:25","slug":"culiflex","status":"publish","type":"product","link":"https:\/\/www.emosa.com\/pt-pt\/culiflex\/","title":{"rendered":"CuliFlex"},"content":{"rendered":"\t\t<div data-elementor-type=\"product-post\" data-elementor-id=\"10508\" class=\"elementor elementor-10508 elementor-10507\" data-elementor-post-type=\"product\">\n\t\t\t\t\t\t<section class=\"elementor-section elementor-top-section elementor-element elementor-element-52400bd elementor-section-boxed elementor-section-height-default elementor-section-height-default\" data-id=\"52400bd\" data-element_type=\"section\" data-e-type=\"section\">\n\t\t\t\t\t\t<div class=\"elementor-container elementor-column-gap-default\">\n\t\t\t\t\t<div class=\"elementor-column elementor-col-100 elementor-top-column elementor-element elementor-element-3b40877\" data-id=\"3b40877\" data-element_type=\"column\" data-e-type=\"column\">\n\t\t\t<div class=\"elementor-widget-wrap elementor-element-populated\">\n\t\t\t\t\t\t<div class=\"elementor-element elementor-element-55f8af3 elementor-widget elementor-widget-heading\" data-id=\"55f8af3\" data-element_type=\"widget\" data-e-type=\"widget\" data-widget_type=\"heading.default\">\n\t\t\t\t<div class=\"elementor-widget-container\">\n\t\t\t\t\t<h2 class=\"elementor-heading-title elementor-size-default\">Caracter\u00edsticas do CuliFlex do Terlet<\/h2>\t\t\t\t<\/div>\n\t\t\t\t<\/div>\n\t\t\t\t<div class=\"elementor-element elementor-element-b539267 elementor-widget elementor-widget-text-editor\" data-id=\"b539267\" data-element_type=\"widget\" data-e-type=\"widget\" data-widget_type=\"text-editor.default\">\n\t\t\t\t<div class=\"elementor-widget-container\">\n\t\t\t\t\t\t\t\t\t<p>Vamos levar sua produ\u00e7\u00e3o para o pr\u00f3ximo n\u00edvel: Adicionando m\u00f3dulos CuliFlex aos j\u00e1 existentes unidades de dosagem, os fabricantes de maionese podem criar <strong>processamento cont\u00ednuo altamente eficiente<\/strong> e <strong>aumentar significativamente o seu capacidades de produ\u00e7\u00e3o<\/strong>.<\/p>\n<ul>\n<li>Redu\u00e7\u00e3o de custos: at\u00e9 1.000.000 euros por ano por unidade.<\/li>\n<li>R\u00f3tulo limpo e maior seguran\u00e7a alimentar.<\/li>\n<li>Maior flexibilidade devido a uma maior gama de produtos.<\/li>\n<li>Excelente qualidade do produto.<\/li>\n<li>Linha independente para processamento de molhos, tanto quentes quanto frios.<\/li>\n<\/ul>\n\t\t\t\t\t\t\t\t<\/div>\n\t\t\t\t<\/div>\n\t\t\t\t\t<\/div>\n\t\t<\/div>\n\t\t\t\t\t<\/div>\n\t\t<\/section>\n\t\t\t\t<\/div>\n\t\t","protected":false},"excerpt":{"rendered":"<p>O <strong>trocador de calor CuliFlex<\/strong> da <a href=\"https:\/\/www.emosa.com\/terlet-proxes\/\">Terlet<\/a> \u00e9 um m\u00f3dulo compacto com um tamanho razoavelmente pequeno.<\/p>\n<p><strong>Transfer\u00eancia de calor suave<\/strong> que evita danificar o produto.<\/p>\n<p>Como padr\u00e3o, os m\u00f3dulos est\u00e3o <strong>dispon\u00edveis at\u00e9 uma capacidade de 5.000 kg\/h<\/strong>.<\/p>\n<p><strong>Pode ser configurado de forma personalizada<\/strong>.<\/p>\n","protected":false},"featured_media":10519,"template":"","meta":{"_joinchat":[]},"product_brand":[],"product_cat":[292],"product_tag":[243,244,245,249,246],"class_list":{"0":"post-10508","1":"product","2":"type-product","3":"status-publish","4":"has-post-thumbnail","6":"product_cat-trocadores-de-calor","7":"product_tag-carnes","8":"product_tag-frutas-e-verduras","9":"product_tag-laticinios","10":"product_tag-pre-cozido","11":"product_tag-vegano-e-vegetariano","12":"yith_product_brand-terlet-pt-pt","14":"first","15":"instock","16":"shipping-taxable","17":"product-type-simple"},"yoast_head":"<!-- This site is optimized with the Yoast SEO plugin v27.4 - https:\/\/yoast.com\/product\/yoast-seo-wordpress\/ -->\n<title>CuliFlex Trocador de Calor Terlec-ProXES - Emo<\/title>\n<meta name=\"description\" content=\"O trocador de calor CuliFlex da Terlet \u00e9 um m\u00f3dulo compacto com transfer\u00eancia de calor suave que evita danos ao produto. Configura\u00e7\u00e3o personalizada.\" \/>\n<meta name=\"robots\" content=\"index, follow, max-snippet:-1, max-image-preview:large, max-video-preview:-1\" \/>\n<link rel=\"canonical\" href=\"https:\/\/www.emosa.com\/pt-pt\/culiflex\/\" \/>\n<meta property=\"og:locale\" content=\"pt_PT\" \/>\n<meta property=\"og:type\" content=\"article\" \/>\n<meta property=\"og:title\" content=\"CuliFlex Trocador de Calor Terlec-ProXES - Emo\" \/>\n<meta property=\"og:description\" content=\"O trocador de calor CuliFlex da Terlet \u00e9 um m\u00f3dulo compacto com transfer\u00eancia de calor suave que evita danos ao produto. Configura\u00e7\u00e3o personalizada.\" \/>\n<meta property=\"og:url\" content=\"https:\/\/www.emosa.com\/pt-pt\/culiflex\/\" \/>\n<meta property=\"og:site_name\" content=\"Emo\" \/>\n<meta property=\"article:modified_time\" content=\"2023-02-20T10:42:25+00:00\" \/>\n<meta property=\"og:image\" content=\"https:\/\/www.emosa.com\/wp-content\/uploads\/2023\/02\/culiflex-terlet.jpg\" \/>\n\t<meta property=\"og:image:width\" content=\"600\" \/>\n\t<meta property=\"og:image:height\" content=\"600\" \/>\n\t<meta property=\"og:image:type\" content=\"image\/jpeg\" \/>\n<meta name=\"twitter:card\" content=\"summary_large_image\" \/>\n<meta name=\"twitter:label1\" content=\"Tempo estimado de leitura\" \/>\n\t<meta name=\"twitter:data1\" content=\"1 minuto\" \/>\n<script type=\"application\/ld+json\" class=\"yoast-schema-graph\">{\"@context\":\"https:\\\/\\\/schema.org\",\"@graph\":[{\"@type\":\"WebPage\",\"@id\":\"https:\\\/\\\/www.emosa.com\\\/pt-pt\\\/culiflex\\\/\",\"url\":\"https:\\\/\\\/www.emosa.com\\\/pt-pt\\\/culiflex\\\/\",\"name\":\"CuliFlex Trocador de Calor Terlec-ProXES - Emo\",\"isPartOf\":{\"@id\":\"https:\\\/\\\/www.emosa.com\\\/pt-pt\\\/#website\"},\"primaryImageOfPage\":{\"@id\":\"https:\\\/\\\/www.emosa.com\\\/pt-pt\\\/culiflex\\\/#primaryimage\"},\"image\":{\"@id\":\"https:\\\/\\\/www.emosa.com\\\/pt-pt\\\/culiflex\\\/#primaryimage\"},\"thumbnailUrl\":\"https:\\\/\\\/www.emosa.com\\\/wp-content\\\/uploads\\\/2023\\\/02\\\/culiflex-terlet.jpg\",\"datePublished\":\"2023-02-15T09:23:55+00:00\",\"dateModified\":\"2023-02-20T10:42:25+00:00\",\"description\":\"O trocador de calor CuliFlex da Terlet \u00e9 um m\u00f3dulo compacto com transfer\u00eancia de calor suave que evita danos ao produto. Configura\u00e7\u00e3o personalizada.\",\"breadcrumb\":{\"@id\":\"https:\\\/\\\/www.emosa.com\\\/pt-pt\\\/culiflex\\\/#breadcrumb\"},\"inLanguage\":\"pt-PT\",\"potentialAction\":[{\"@type\":\"ReadAction\",\"target\":[\"https:\\\/\\\/www.emosa.com\\\/pt-pt\\\/culiflex\\\/\"]}]},{\"@type\":\"ImageObject\",\"inLanguage\":\"pt-PT\",\"@id\":\"https:\\\/\\\/www.emosa.com\\\/pt-pt\\\/culiflex\\\/#primaryimage\",\"url\":\"https:\\\/\\\/www.emosa.com\\\/wp-content\\\/uploads\\\/2023\\\/02\\\/culiflex-terlet.jpg\",\"contentUrl\":\"https:\\\/\\\/www.emosa.com\\\/wp-content\\\/uploads\\\/2023\\\/02\\\/culiflex-terlet.jpg\",\"width\":600,\"height\":600,\"caption\":\"CuliFlex Terlet\"},{\"@type\":\"BreadcrumbList\",\"@id\":\"https:\\\/\\\/www.emosa.com\\\/pt-pt\\\/culiflex\\\/#breadcrumb\",\"itemListElement\":[{\"@type\":\"ListItem\",\"position\":1,\"name\":\"EMO\",\"item\":\"https:\\\/\\\/www.emosa.com\\\/pt-pt\\\/\"},{\"@type\":\"ListItem\",\"position\":2,\"name\":\"Tienda\",\"item\":\"https:\\\/\\\/www.emosa.com\\\/tienda\\\/\"},{\"@type\":\"ListItem\",\"position\":3,\"name\":\"CuliFlex\"}]},{\"@type\":\"WebSite\",\"@id\":\"https:\\\/\\\/www.emosa.com\\\/pt-pt\\\/#website\",\"url\":\"https:\\\/\\\/www.emosa.com\\\/pt-pt\\\/\",\"name\":\"Emo\",\"description\":\"Maquinaria industria alimentaria y Envases Sostenibles\",\"publisher\":{\"@id\":\"https:\\\/\\\/www.emosa.com\\\/pt-pt\\\/#organization\"},\"potentialAction\":[{\"@type\":\"SearchAction\",\"target\":{\"@type\":\"EntryPoint\",\"urlTemplate\":\"https:\\\/\\\/www.emosa.com\\\/pt-pt\\\/?s={search_term_string}\"},\"query-input\":{\"@type\":\"PropertyValueSpecification\",\"valueRequired\":true,\"valueName\":\"search_term_string\"}}],\"inLanguage\":\"pt-PT\"},{\"@type\":\"Organization\",\"@id\":\"https:\\\/\\\/www.emosa.com\\\/pt-pt\\\/#organization\",\"name\":\"EMO - Maquinaria Industria Alimentaria\",\"url\":\"https:\\\/\\\/www.emosa.com\\\/pt-pt\\\/\",\"logo\":{\"@type\":\"ImageObject\",\"inLanguage\":\"pt-PT\",\"@id\":\"https:\\\/\\\/www.emosa.com\\\/pt-pt\\\/#\\\/schema\\\/logo\\\/image\\\/\",\"url\":\"https:\\\/\\\/www.emosa.com\\\/wp-content\\\/uploads\\\/2023\\\/01\\\/logo-emo-50-aniversario.png\",\"contentUrl\":\"https:\\\/\\\/www.emosa.com\\\/wp-content\\\/uploads\\\/2023\\\/01\\\/logo-emo-50-aniversario.png\",\"width\":300,\"height\":158,\"caption\":\"EMO - Maquinaria Industria Alimentaria\"},\"image\":{\"@id\":\"https:\\\/\\\/www.emosa.com\\\/pt-pt\\\/#\\\/schema\\\/logo\\\/image\\\/\"},\"sameAs\":[\"https:\\\/\\\/www.linkedin.com\\\/company\\\/emo-sa\\\/\",\"https:\\\/\\\/www.youtube.com\\\/channel\\\/UCE4DD4ZApaNHUQYLVQiPBhw\"]}]}<\/script>\n<!-- \/ Yoast SEO plugin. -->","yoast_head_json":{"title":"CuliFlex Trocador de Calor Terlec-ProXES - Emo","description":"O trocador de calor CuliFlex da Terlet \u00e9 um m\u00f3dulo compacto com transfer\u00eancia de calor suave que evita danos ao produto. Configura\u00e7\u00e3o personalizada.","robots":{"index":"index","follow":"follow","max-snippet":"max-snippet:-1","max-image-preview":"max-image-preview:large","max-video-preview":"max-video-preview:-1"},"canonical":"https:\/\/www.emosa.com\/pt-pt\/culiflex\/","og_locale":"pt_PT","og_type":"article","og_title":"CuliFlex Trocador de Calor Terlec-ProXES - Emo","og_description":"O trocador de calor CuliFlex da Terlet \u00e9 um m\u00f3dulo compacto com transfer\u00eancia de calor suave que evita danos ao produto. Configura\u00e7\u00e3o personalizada.","og_url":"https:\/\/www.emosa.com\/pt-pt\/culiflex\/","og_site_name":"Emo","article_modified_time":"2023-02-20T10:42:25+00:00","og_image":[{"width":600,"height":600,"url":"https:\/\/www.emosa.com\/wp-content\/uploads\/2023\/02\/culiflex-terlet.jpg","type":"image\/jpeg"}],"twitter_card":"summary_large_image","twitter_misc":{"Tempo estimado de leitura":"1 minuto"},"schema":{"@context":"https:\/\/schema.org","@graph":[{"@type":"WebPage","@id":"https:\/\/www.emosa.com\/pt-pt\/culiflex\/","url":"https:\/\/www.emosa.com\/pt-pt\/culiflex\/","name":"CuliFlex Trocador de Calor Terlec-ProXES - Emo","isPartOf":{"@id":"https:\/\/www.emosa.com\/pt-pt\/#website"},"primaryImageOfPage":{"@id":"https:\/\/www.emosa.com\/pt-pt\/culiflex\/#primaryimage"},"image":{"@id":"https:\/\/www.emosa.com\/pt-pt\/culiflex\/#primaryimage"},"thumbnailUrl":"https:\/\/www.emosa.com\/wp-content\/uploads\/2023\/02\/culiflex-terlet.jpg","datePublished":"2023-02-15T09:23:55+00:00","dateModified":"2023-02-20T10:42:25+00:00","description":"O trocador de calor CuliFlex da Terlet \u00e9 um m\u00f3dulo compacto com transfer\u00eancia de calor suave que evita danos ao produto. Configura\u00e7\u00e3o personalizada.","breadcrumb":{"@id":"https:\/\/www.emosa.com\/pt-pt\/culiflex\/#breadcrumb"},"inLanguage":"pt-PT","potentialAction":[{"@type":"ReadAction","target":["https:\/\/www.emosa.com\/pt-pt\/culiflex\/"]}]},{"@type":"ImageObject","inLanguage":"pt-PT","@id":"https:\/\/www.emosa.com\/pt-pt\/culiflex\/#primaryimage","url":"https:\/\/www.emosa.com\/wp-content\/uploads\/2023\/02\/culiflex-terlet.jpg","contentUrl":"https:\/\/www.emosa.com\/wp-content\/uploads\/2023\/02\/culiflex-terlet.jpg","width":600,"height":600,"caption":"CuliFlex Terlet"},{"@type":"BreadcrumbList","@id":"https:\/\/www.emosa.com\/pt-pt\/culiflex\/#breadcrumb","itemListElement":[{"@type":"ListItem","position":1,"name":"EMO","item":"https:\/\/www.emosa.com\/pt-pt\/"},{"@type":"ListItem","position":2,"name":"Tienda","item":"https:\/\/www.emosa.com\/tienda\/"},{"@type":"ListItem","position":3,"name":"CuliFlex"}]},{"@type":"WebSite","@id":"https:\/\/www.emosa.com\/pt-pt\/#website","url":"https:\/\/www.emosa.com\/pt-pt\/","name":"Emo","description":"Maquinaria industria alimentaria y Envases Sostenibles","publisher":{"@id":"https:\/\/www.emosa.com\/pt-pt\/#organization"},"potentialAction":[{"@type":"SearchAction","target":{"@type":"EntryPoint","urlTemplate":"https:\/\/www.emosa.com\/pt-pt\/?s={search_term_string}"},"query-input":{"@type":"PropertyValueSpecification","valueRequired":true,"valueName":"search_term_string"}}],"inLanguage":"pt-PT"},{"@type":"Organization","@id":"https:\/\/www.emosa.com\/pt-pt\/#organization","name":"EMO - Maquinaria Industria Alimentaria","url":"https:\/\/www.emosa.com\/pt-pt\/","logo":{"@type":"ImageObject","inLanguage":"pt-PT","@id":"https:\/\/www.emosa.com\/pt-pt\/#\/schema\/logo\/image\/","url":"https:\/\/www.emosa.com\/wp-content\/uploads\/2023\/01\/logo-emo-50-aniversario.png","contentUrl":"https:\/\/www.emosa.com\/wp-content\/uploads\/2023\/01\/logo-emo-50-aniversario.png","width":300,"height":158,"caption":"EMO - Maquinaria Industria Alimentaria"},"image":{"@id":"https:\/\/www.emosa.com\/pt-pt\/#\/schema\/logo\/image\/"},"sameAs":["https:\/\/www.linkedin.com\/company\/emo-sa\/","https:\/\/www.youtube.com\/channel\/UCE4DD4ZApaNHUQYLVQiPBhw"]}]}},"_links":{"self":[{"href":"https:\/\/www.emosa.com\/pt-pt\/wp-json\/wp\/v2\/product\/10508","targetHints":{"allow":["GET"]}}],"collection":[{"href":"https:\/\/www.emosa.com\/pt-pt\/wp-json\/wp\/v2\/product"}],"about":[{"href":"https:\/\/www.emosa.com\/pt-pt\/wp-json\/wp\/v2\/types\/product"}],"version-history":[{"count":7,"href":"https:\/\/www.emosa.com\/pt-pt\/wp-json\/wp\/v2\/product\/10508\/revisions"}],"predecessor-version":[{"id":10695,"href":"https:\/\/www.emosa.com\/pt-pt\/wp-json\/wp\/v2\/product\/10508\/revisions\/10695"}],"wp:featuredmedia":[{"embeddable":true,"href":"https:\/\/www.emosa.com\/pt-pt\/wp-json\/wp\/v2\/media\/10519"}],"wp:attachment":[{"href":"https:\/\/www.emosa.com\/pt-pt\/wp-json\/wp\/v2\/media?parent=10508"}],"wp:term":[{"taxonomy":"product_brand","embeddable":true,"href":"https:\/\/www.emosa.com\/pt-pt\/wp-json\/wp\/v2\/product_brand?post=10508"},{"taxonomy":"product_cat","embeddable":true,"href":"https:\/\/www.emosa.com\/pt-pt\/wp-json\/wp\/v2\/product_cat?post=10508"},{"taxonomy":"product_tag","embeddable":true,"href":"https:\/\/www.emosa.com\/pt-pt\/wp-json\/wp\/v2\/product_tag?post=10508"}],"curies":[{"name":"wp","href":"https:\/\/api.w.org\/{rel}","templated":true}]}}