{"id":11450,"date":"2023-06-15T09:49:15","date_gmt":"2023-06-15T07:49:15","guid":{"rendered":"https:\/\/www.emosa.com\/forno-horizontal-reich-airmaster-ukq-airjet\/"},"modified":"2023-06-16T13:23:44","modified_gmt":"2023-06-16T11:23:44","slug":"forno-horizontal-reich-airmaster-ukq-airjet","status":"publish","type":"product","link":"https:\/\/www.emosa.com\/pt-pt\/forno-horizontal-reich-airmaster-ukq-airjet\/","title":{"rendered":"Forno horizontal REICH AirMaster UKQ AirJet"},"content":{"rendered":"\t\t<div data-elementor-type=\"product-post\" data-elementor-id=\"11450\" class=\"elementor elementor-11450 elementor-11292\" data-elementor-post-type=\"product\">\n\t\t\t\t\t\t<section class=\"elementor-section elementor-top-section elementor-element elementor-element-ec20add elementor-section-boxed elementor-section-height-default elementor-section-height-default\" data-id=\"ec20add\" data-element_type=\"section\" data-e-type=\"section\">\n\t\t\t\t\t\t<div class=\"elementor-container elementor-column-gap-default\">\n\t\t\t\t\t<div class=\"elementor-column elementor-col-100 elementor-top-column elementor-element elementor-element-c116308\" data-id=\"c116308\" data-element_type=\"column\" data-e-type=\"column\">\n\t\t\t<div class=\"elementor-widget-wrap elementor-element-populated\">\n\t\t\t\t\t\t<div class=\"elementor-element elementor-element-23aea61 elementor-widget elementor-widget-heading\" data-id=\"23aea61\" data-element_type=\"widget\" data-e-type=\"widget\" data-widget_type=\"heading.default\">\n\t\t\t\t<div class=\"elementor-widget-container\">\n\t\t\t\t\t<h2 class=\"elementor-heading-title elementor-size-default\">Caracteristicas Forno REICH AirMaster UKQ AirJet<\/h2>\t\t\t\t<\/div>\n\t\t\t\t<\/div>\n\t\t\t\t<div class=\"elementor-element elementor-element-76df892 elementor-widget elementor-widget-text-editor\" data-id=\"76df892\" data-element_type=\"widget\" data-e-type=\"widget\" data-widget_type=\"text-editor.default\">\n\t\t\t\t<div class=\"elementor-widget-container\">\n\t\t\t\t\t\t\t\t\t<p>Este sistema universal funciona com fluxo de ar horizontal e foi especialmente projetado para processar produtos com pouca superf\u00edcie de contato como bacon, fatiados, hamb\u00fargueres, queijos, peixes, etc&#8230; \u00f3timo. Os sistemas UKQ podem ser fornecidos em qualquer tamanho desejado de 1 a 12 carrinhos de linha \u00fanica.<\/p>\n<p>Dependendo do produto, podem ser implementados at\u00e9 42 n\u00edveis por carrinho. Com muitos produtos, a capacidade de carga por carrinho pode ser duplicada em compara\u00e7\u00e3o com os sistemas convencionais de fluxo de ar vertical. Al\u00e9m disso, aumentos de produ\u00e7\u00e3o ainda maiores s\u00e3o obtidos devido ao seu volume muito alto de ar em circula\u00e7\u00e3o.<\/p>\n<p>Quanto \u00e0 uniformidade e efici\u00eancia de seu produto, o AIRMASTER\u00ae UKQ AIRJET \u00e9 refer\u00eancia na \u00e1rea de tratamento t\u00e9rmico de produtos horizontais. Suas aplica\u00e7\u00f5es potenciais variam de corar, secar, defumar a quente e a frio, cozinhar e assar. Se desejado, o AIRMASTER\u00ae UKQ pode at\u00e9 ser fornecido com equipamento adequado para amadurecimento, defuma\u00e7\u00e3o ou cozimento em alta temperatura e resfriamento dos produtos.<\/p>\n\t\t\t\t\t\t\t\t<\/div>\n\t\t\t\t<\/div>\n\t\t\t\t<div class=\"elementor-element elementor-element-c66371b elementor-widget elementor-widget-heading\" data-id=\"c66371b\" data-element_type=\"widget\" data-e-type=\"widget\" data-widget_type=\"heading.default\">\n\t\t\t\t<div class=\"elementor-widget-container\">\n\t\t\t\t\t<h2 class=\"elementor-heading-title elementor-size-default\">Vantagens Forno Horizontal REICH AirMaster UKQ AirJet<\/h2>\t\t\t\t<\/div>\n\t\t\t\t<\/div>\n\t\t\t\t<div class=\"elementor-element elementor-element-cd5a0fa elementor-widget elementor-widget-text-editor\" data-id=\"cd5a0fa\" data-element_type=\"widget\" data-e-type=\"widget\" data-widget_type=\"text-editor.default\">\n\t\t\t\t<div class=\"elementor-widget-container\">\n\t\t\t\t\t\t\t\t\t<ul>\n<li>Fluxo de ar horizontal, ideal para produtos planos. planos.<\/li>\n<li>At\u00e9 120% mais capacidade produtiva em compara\u00e7\u00e3o com sistemas convencionais.<\/li>\n<li>At\u00e9 42 n\u00edveis por carro.<\/li>\n<li>Fluxo de ar uniforme em toda a superf\u00edcie da parede.<\/li>\n<li>Excelente uniformidade em todas as \u00e1reas do carro.<\/li>\n<li>Tratamento delicado dos produtos.<\/li>\n<li>Rendimento m\u00e1ximo de ar para processos curtos.<\/li>\n<li>Temperaturas de processo at\u00e9 + 180 \u00b0C.<\/li>\n<li>Resultados id\u00eanticos em todos os carrinhos.<\/li>\n<\/ul>\n\t\t\t\t\t\t\t\t<\/div>\n\t\t\t\t<\/div>\n\t\t\t\t\t<\/div>\n\t\t<\/div>\n\t\t\t\t\t<\/div>\n\t\t<\/section>\n\t\t\t\t<\/div>\n\t\t","protected":false},"excerpt":{"rendered":"<p>Fun\u00e7\u00f5es: <strong>cozinhar, fumar e secar<\/strong>.<\/p>\n<p>Este forno <a href=\"https:\/\/www.emosa.com\/reich-maquinaria-procesamiento-termico\/\">REICH<\/a> \u00e9 ideal para: <strong>produtos c\u00e1rneos, peixes, aves, queijos, pr\u00e9-cozidos, produtos veganos e\/ou vegetarianos e pet food (Petfood)<\/strong>.<\/p>\n<p>O AIRMASTER\u00ae UKQ AIRJET \u00e9 o sistema de fluxo horizontal universal mais poderoso do mundo. Foi especialmente desenvolvido para produtos que devem ser carregados horizontalmente e \u00e9 multifuncional e muito flex\u00edvel. Devido ao seu design especial, podem ser obtidas com este equipamento capacidades de produ\u00e7\u00e3o muito superiores \u00e0s obtidas com fornos de fluxo vertical.<\/p>\n<p>O AIRMASTER\u00ae UKQ AIRJET tamb\u00e9m est\u00e1 dispon\u00edvel como um sistema de queima de fluxo horizontal para temperaturas de processo de at\u00e9 +300 \u00b0C.<\/p>\n","protected":false},"featured_media":11294,"template":"","meta":{"_joinchat":[]},"product_brand":[],"product_cat":[302],"product_tag":[242,243,245,247,248,249,246],"class_list":{"0":"post-11450","1":"product","2":"type-product","3":"status-publish","4":"has-post-thumbnail","6":"product_cat-fornos-cozinhar-defumar-secar","7":"product_tag-aves","8":"product_tag-carnes","9":"product_tag-laticinios","10":"product_tag-peixe","11":"product_tag-petfood-pt-pt","12":"product_tag-pre-cozido","13":"product_tag-vegano-e-vegetariano","14":"yith_product_brand-reich-pt-pt","16":"first","17":"instock","18":"shipping-taxable","19":"product-type-simple"},"yoast_head":"<!-- This site is optimized with the Yoast SEO plugin v27.4 - https:\/\/yoast.com\/product\/yoast-seo-wordpress\/ -->\n<title>Forno REICH AirMaster UKQ AirJet - Emo<\/title>\n<meta name=\"description\" content=\"Forno REICH AirMaster UKQ AirJet com o sistema universal de fluxo horizontal universal mais poderoso do mundo. Fun\u00e7\u00f5es: cozinhar, fumar e secar.\" \/>\n<meta name=\"robots\" content=\"index, follow, max-snippet:-1, max-image-preview:large, max-video-preview:-1\" \/>\n<link rel=\"canonical\" href=\"https:\/\/www.emosa.com\/pt-pt\/forno-horizontal-reich-airmaster-ukq-airjet\/\" \/>\n<meta property=\"og:locale\" content=\"pt_PT\" \/>\n<meta property=\"og:type\" content=\"article\" \/>\n<meta property=\"og:title\" content=\"Forno REICH AirMaster UKQ AirJet - Emo\" \/>\n<meta property=\"og:description\" content=\"Forno REICH AirMaster UKQ AirJet com o sistema universal de fluxo horizontal universal mais poderoso do mundo. Fun\u00e7\u00f5es: cozinhar, fumar e secar.\" \/>\n<meta property=\"og:url\" content=\"https:\/\/www.emosa.com\/pt-pt\/forno-horizontal-reich-airmaster-ukq-airjet\/\" \/>\n<meta property=\"og:site_name\" content=\"Emo\" \/>\n<meta property=\"article:modified_time\" content=\"2023-06-16T11:23:44+00:00\" \/>\n<meta property=\"og:image\" content=\"https:\/\/www.emosa.com\/wp-content\/uploads\/2023\/06\/horno-reich-airmaster-ukq-airjet.jpg\" \/>\n\t<meta property=\"og:image:width\" content=\"600\" \/>\n\t<meta property=\"og:image:height\" content=\"600\" \/>\n\t<meta property=\"og:image:type\" content=\"image\/jpeg\" \/>\n<meta name=\"twitter:card\" content=\"summary_large_image\" \/>\n<meta name=\"twitter:label1\" content=\"Tempo estimado de leitura\" \/>\n\t<meta name=\"twitter:data1\" content=\"1 minuto\" \/>\n<script type=\"application\/ld+json\" class=\"yoast-schema-graph\">{\"@context\":\"https:\\\/\\\/schema.org\",\"@graph\":[{\"@type\":\"WebPage\",\"@id\":\"https:\\\/\\\/www.emosa.com\\\/pt-pt\\\/forno-horizontal-reich-airmaster-ukq-airjet\\\/\",\"url\":\"https:\\\/\\\/www.emosa.com\\\/pt-pt\\\/forno-horizontal-reich-airmaster-ukq-airjet\\\/\",\"name\":\"Forno REICH AirMaster UKQ AirJet - Emo\",\"isPartOf\":{\"@id\":\"https:\\\/\\\/www.emosa.com\\\/pt-pt\\\/#website\"},\"primaryImageOfPage\":{\"@id\":\"https:\\\/\\\/www.emosa.com\\\/pt-pt\\\/forno-horizontal-reich-airmaster-ukq-airjet\\\/#primaryimage\"},\"image\":{\"@id\":\"https:\\\/\\\/www.emosa.com\\\/pt-pt\\\/forno-horizontal-reich-airmaster-ukq-airjet\\\/#primaryimage\"},\"thumbnailUrl\":\"https:\\\/\\\/www.emosa.com\\\/wp-content\\\/uploads\\\/2023\\\/06\\\/horno-reich-airmaster-ukq-airjet.jpg\",\"datePublished\":\"2023-06-15T07:49:15+00:00\",\"dateModified\":\"2023-06-16T11:23:44+00:00\",\"description\":\"Forno REICH AirMaster UKQ AirJet com o sistema universal de fluxo horizontal universal mais poderoso do mundo. Fun\u00e7\u00f5es: cozinhar, fumar e secar.\",\"breadcrumb\":{\"@id\":\"https:\\\/\\\/www.emosa.com\\\/pt-pt\\\/forno-horizontal-reich-airmaster-ukq-airjet\\\/#breadcrumb\"},\"inLanguage\":\"pt-PT\",\"potentialAction\":[{\"@type\":\"ReadAction\",\"target\":[\"https:\\\/\\\/www.emosa.com\\\/pt-pt\\\/forno-horizontal-reich-airmaster-ukq-airjet\\\/\"]}]},{\"@type\":\"ImageObject\",\"inLanguage\":\"pt-PT\",\"@id\":\"https:\\\/\\\/www.emosa.com\\\/pt-pt\\\/forno-horizontal-reich-airmaster-ukq-airjet\\\/#primaryimage\",\"url\":\"https:\\\/\\\/www.emosa.com\\\/wp-content\\\/uploads\\\/2023\\\/06\\\/horno-reich-airmaster-ukq-airjet.jpg\",\"contentUrl\":\"https:\\\/\\\/www.emosa.com\\\/wp-content\\\/uploads\\\/2023\\\/06\\\/horno-reich-airmaster-ukq-airjet.jpg\",\"width\":600,\"height\":600,\"caption\":\"Horno REICH AirMaster UKQ AirJet\"},{\"@type\":\"BreadcrumbList\",\"@id\":\"https:\\\/\\\/www.emosa.com\\\/pt-pt\\\/forno-horizontal-reich-airmaster-ukq-airjet\\\/#breadcrumb\",\"itemListElement\":[{\"@type\":\"ListItem\",\"position\":1,\"name\":\"EMO\",\"item\":\"https:\\\/\\\/www.emosa.com\\\/pt-pt\\\/\"},{\"@type\":\"ListItem\",\"position\":2,\"name\":\"Tienda\",\"item\":\"https:\\\/\\\/www.emosa.com\\\/tienda\\\/\"},{\"@type\":\"ListItem\",\"position\":3,\"name\":\"Forno horizontal REICH AirMaster UKQ AirJet\"}]},{\"@type\":\"WebSite\",\"@id\":\"https:\\\/\\\/www.emosa.com\\\/pt-pt\\\/#website\",\"url\":\"https:\\\/\\\/www.emosa.com\\\/pt-pt\\\/\",\"name\":\"Emo\",\"description\":\"Maquinaria industria alimentaria y Envases Sostenibles\",\"publisher\":{\"@id\":\"https:\\\/\\\/www.emosa.com\\\/pt-pt\\\/#organization\"},\"potentialAction\":[{\"@type\":\"SearchAction\",\"target\":{\"@type\":\"EntryPoint\",\"urlTemplate\":\"https:\\\/\\\/www.emosa.com\\\/pt-pt\\\/?s={search_term_string}\"},\"query-input\":{\"@type\":\"PropertyValueSpecification\",\"valueRequired\":true,\"valueName\":\"search_term_string\"}}],\"inLanguage\":\"pt-PT\"},{\"@type\":\"Organization\",\"@id\":\"https:\\\/\\\/www.emosa.com\\\/pt-pt\\\/#organization\",\"name\":\"EMO - Maquinaria Industria Alimentaria\",\"url\":\"https:\\\/\\\/www.emosa.com\\\/pt-pt\\\/\",\"logo\":{\"@type\":\"ImageObject\",\"inLanguage\":\"pt-PT\",\"@id\":\"https:\\\/\\\/www.emosa.com\\\/pt-pt\\\/#\\\/schema\\\/logo\\\/image\\\/\",\"url\":\"https:\\\/\\\/www.emosa.com\\\/wp-content\\\/uploads\\\/2023\\\/01\\\/logo-emo-50-aniversario.png\",\"contentUrl\":\"https:\\\/\\\/www.emosa.com\\\/wp-content\\\/uploads\\\/2023\\\/01\\\/logo-emo-50-aniversario.png\",\"width\":300,\"height\":158,\"caption\":\"EMO - Maquinaria Industria Alimentaria\"},\"image\":{\"@id\":\"https:\\\/\\\/www.emosa.com\\\/pt-pt\\\/#\\\/schema\\\/logo\\\/image\\\/\"},\"sameAs\":[\"https:\\\/\\\/www.linkedin.com\\\/company\\\/emo-sa\\\/\",\"https:\\\/\\\/www.youtube.com\\\/channel\\\/UCE4DD4ZApaNHUQYLVQiPBhw\"]}]}<\/script>\n<!-- \/ Yoast SEO plugin. -->","yoast_head_json":{"title":"Forno REICH AirMaster UKQ AirJet - Emo","description":"Forno REICH AirMaster UKQ AirJet com o sistema universal de fluxo horizontal universal mais poderoso do mundo. Fun\u00e7\u00f5es: cozinhar, fumar e secar.","robots":{"index":"index","follow":"follow","max-snippet":"max-snippet:-1","max-image-preview":"max-image-preview:large","max-video-preview":"max-video-preview:-1"},"canonical":"https:\/\/www.emosa.com\/pt-pt\/forno-horizontal-reich-airmaster-ukq-airjet\/","og_locale":"pt_PT","og_type":"article","og_title":"Forno REICH AirMaster UKQ AirJet - Emo","og_description":"Forno REICH AirMaster UKQ AirJet com o sistema universal de fluxo horizontal universal mais poderoso do mundo. Fun\u00e7\u00f5es: cozinhar, fumar e secar.","og_url":"https:\/\/www.emosa.com\/pt-pt\/forno-horizontal-reich-airmaster-ukq-airjet\/","og_site_name":"Emo","article_modified_time":"2023-06-16T11:23:44+00:00","og_image":[{"width":600,"height":600,"url":"https:\/\/www.emosa.com\/wp-content\/uploads\/2023\/06\/horno-reich-airmaster-ukq-airjet.jpg","type":"image\/jpeg"}],"twitter_card":"summary_large_image","twitter_misc":{"Tempo estimado de leitura":"1 minuto"},"schema":{"@context":"https:\/\/schema.org","@graph":[{"@type":"WebPage","@id":"https:\/\/www.emosa.com\/pt-pt\/forno-horizontal-reich-airmaster-ukq-airjet\/","url":"https:\/\/www.emosa.com\/pt-pt\/forno-horizontal-reich-airmaster-ukq-airjet\/","name":"Forno REICH AirMaster UKQ AirJet - Emo","isPartOf":{"@id":"https:\/\/www.emosa.com\/pt-pt\/#website"},"primaryImageOfPage":{"@id":"https:\/\/www.emosa.com\/pt-pt\/forno-horizontal-reich-airmaster-ukq-airjet\/#primaryimage"},"image":{"@id":"https:\/\/www.emosa.com\/pt-pt\/forno-horizontal-reich-airmaster-ukq-airjet\/#primaryimage"},"thumbnailUrl":"https:\/\/www.emosa.com\/wp-content\/uploads\/2023\/06\/horno-reich-airmaster-ukq-airjet.jpg","datePublished":"2023-06-15T07:49:15+00:00","dateModified":"2023-06-16T11:23:44+00:00","description":"Forno REICH AirMaster UKQ AirJet com o sistema universal de fluxo horizontal universal mais poderoso do mundo. Fun\u00e7\u00f5es: cozinhar, fumar e secar.","breadcrumb":{"@id":"https:\/\/www.emosa.com\/pt-pt\/forno-horizontal-reich-airmaster-ukq-airjet\/#breadcrumb"},"inLanguage":"pt-PT","potentialAction":[{"@type":"ReadAction","target":["https:\/\/www.emosa.com\/pt-pt\/forno-horizontal-reich-airmaster-ukq-airjet\/"]}]},{"@type":"ImageObject","inLanguage":"pt-PT","@id":"https:\/\/www.emosa.com\/pt-pt\/forno-horizontal-reich-airmaster-ukq-airjet\/#primaryimage","url":"https:\/\/www.emosa.com\/wp-content\/uploads\/2023\/06\/horno-reich-airmaster-ukq-airjet.jpg","contentUrl":"https:\/\/www.emosa.com\/wp-content\/uploads\/2023\/06\/horno-reich-airmaster-ukq-airjet.jpg","width":600,"height":600,"caption":"Horno REICH AirMaster UKQ AirJet"},{"@type":"BreadcrumbList","@id":"https:\/\/www.emosa.com\/pt-pt\/forno-horizontal-reich-airmaster-ukq-airjet\/#breadcrumb","itemListElement":[{"@type":"ListItem","position":1,"name":"EMO","item":"https:\/\/www.emosa.com\/pt-pt\/"},{"@type":"ListItem","position":2,"name":"Tienda","item":"https:\/\/www.emosa.com\/tienda\/"},{"@type":"ListItem","position":3,"name":"Forno horizontal REICH AirMaster UKQ AirJet"}]},{"@type":"WebSite","@id":"https:\/\/www.emosa.com\/pt-pt\/#website","url":"https:\/\/www.emosa.com\/pt-pt\/","name":"Emo","description":"Maquinaria industria alimentaria y Envases Sostenibles","publisher":{"@id":"https:\/\/www.emosa.com\/pt-pt\/#organization"},"potentialAction":[{"@type":"SearchAction","target":{"@type":"EntryPoint","urlTemplate":"https:\/\/www.emosa.com\/pt-pt\/?s={search_term_string}"},"query-input":{"@type":"PropertyValueSpecification","valueRequired":true,"valueName":"search_term_string"}}],"inLanguage":"pt-PT"},{"@type":"Organization","@id":"https:\/\/www.emosa.com\/pt-pt\/#organization","name":"EMO - Maquinaria Industria Alimentaria","url":"https:\/\/www.emosa.com\/pt-pt\/","logo":{"@type":"ImageObject","inLanguage":"pt-PT","@id":"https:\/\/www.emosa.com\/pt-pt\/#\/schema\/logo\/image\/","url":"https:\/\/www.emosa.com\/wp-content\/uploads\/2023\/01\/logo-emo-50-aniversario.png","contentUrl":"https:\/\/www.emosa.com\/wp-content\/uploads\/2023\/01\/logo-emo-50-aniversario.png","width":300,"height":158,"caption":"EMO - Maquinaria Industria Alimentaria"},"image":{"@id":"https:\/\/www.emosa.com\/pt-pt\/#\/schema\/logo\/image\/"},"sameAs":["https:\/\/www.linkedin.com\/company\/emo-sa\/","https:\/\/www.youtube.com\/channel\/UCE4DD4ZApaNHUQYLVQiPBhw"]}]}},"_links":{"self":[{"href":"https:\/\/www.emosa.com\/pt-pt\/wp-json\/wp\/v2\/product\/11450","targetHints":{"allow":["GET"]}}],"collection":[{"href":"https:\/\/www.emosa.com\/pt-pt\/wp-json\/wp\/v2\/product"}],"about":[{"href":"https:\/\/www.emosa.com\/pt-pt\/wp-json\/wp\/v2\/types\/product"}],"version-history":[{"count":1,"href":"https:\/\/www.emosa.com\/pt-pt\/wp-json\/wp\/v2\/product\/11450\/revisions"}],"predecessor-version":[{"id":11451,"href":"https:\/\/www.emosa.com\/pt-pt\/wp-json\/wp\/v2\/product\/11450\/revisions\/11451"}],"wp:featuredmedia":[{"embeddable":true,"href":"https:\/\/www.emosa.com\/pt-pt\/wp-json\/wp\/v2\/media\/11294"}],"wp:attachment":[{"href":"https:\/\/www.emosa.com\/pt-pt\/wp-json\/wp\/v2\/media?parent=11450"}],"wp:term":[{"taxonomy":"product_brand","embeddable":true,"href":"https:\/\/www.emosa.com\/pt-pt\/wp-json\/wp\/v2\/product_brand?post=11450"},{"taxonomy":"product_cat","embeddable":true,"href":"https:\/\/www.emosa.com\/pt-pt\/wp-json\/wp\/v2\/product_cat?post=11450"},{"taxonomy":"product_tag","embeddable":true,"href":"https:\/\/www.emosa.com\/pt-pt\/wp-json\/wp\/v2\/product_tag?post=11450"}],"curies":[{"name":"wp","href":"https:\/\/api.w.org\/{rel}","templated":true}]}}