{"id":12198,"date":"2023-10-24T16:22:59","date_gmt":"2023-10-24T14:22:59","guid":{"rendered":"https:\/\/www.emosa.com\/gerador-de-fumo-reich-steamsmoker-s-850-h-s-900-h\/"},"modified":"2023-10-24T17:17:59","modified_gmt":"2023-10-24T15:17:59","slug":"gerador-de-fumo-reich-steamsmoker-s-850-h-s-900-h","status":"publish","type":"product","link":"https:\/\/www.emosa.com\/pt-pt\/gerador-de-fumo-reich-steamsmoker-s-850-h-s-900-h\/","title":{"rendered":"Gerador de fumo REICH STEAMSMOKER S 850 H \/ S 900 H"},"content":{"rendered":"\t\t<div data-elementor-type=\"product-post\" data-elementor-id=\"12198\" class=\"elementor elementor-12198 elementor-12096\" data-elementor-post-type=\"product\">\n\t\t\t\t\t\t<section class=\"elementor-section elementor-top-section elementor-element elementor-element-f74dff0 elementor-section-boxed elementor-section-height-default elementor-section-height-default\" data-id=\"f74dff0\" data-element_type=\"section\" data-e-type=\"section\">\n\t\t\t\t\t\t<div class=\"elementor-container elementor-column-gap-default\">\n\t\t\t\t\t<div class=\"elementor-column elementor-col-100 elementor-top-column elementor-element elementor-element-1040f5f\" data-id=\"1040f5f\" data-element_type=\"column\" data-e-type=\"column\">\n\t\t\t<div class=\"elementor-widget-wrap elementor-element-populated\">\n\t\t\t\t\t\t<div class=\"elementor-element elementor-element-a274720 elementor-widget elementor-widget-heading\" data-id=\"a274720\" data-element_type=\"widget\" data-e-type=\"widget\" data-widget_type=\"heading.default\">\n\t\t\t\t<div class=\"elementor-widget-container\">\n\t\t\t\t\t<h2 class=\"elementor-heading-title elementor-size-default\">Vantagens REICH STEAMSMOKER<\/h2>\t\t\t\t<\/div>\n\t\t\t\t<\/div>\n\t\t\t\t<div class=\"elementor-element elementor-element-5d0f8bb elementor-widget elementor-widget-text-editor\" data-id=\"5d0f8bb\" data-element_type=\"widget\" data-e-type=\"widget\" data-widget_type=\"text-editor.default\">\n\t\t\t\t<div class=\"elementor-widget-container\">\n\t\t\t\t\t\t\t\t\t<ul>\n<li>As mais altas densidades de fuma\u00e7a para processos curtos e amig\u00e1veis \u200b\u200bao produto .<\/li>\n<li>Sabor fumado arom\u00e1tico muito agrad\u00e1vel.<\/li>\n<li>Muito boas propriedades de cor e cor esfuma\u00e7ada est\u00e1vel, mesmo ap\u00f3s o banho.<\/li>\n<li>O inv\u00f3lucro do produto permanece macio, mesmo quando \u00e9 natural.<\/li>\n<li>Perdas m\u00ednimas de peso.<\/li>\n<li>Baixo teor de toxinas devido \u00e0 baixa temperatura de cria\u00e7\u00e3o de fuma\u00e7a.<\/li>\n<li>Sistema de seguran\u00e7a preventiva.<\/li>\n<li>N\u00e3o h\u00e1 riscos de inc\u00eandio ou explos\u00f5es quando usado de acordo com as instru\u00e7\u00f5es.<\/li>\n<li>A densidade da fuma\u00e7a \u00e9 vari\u00e1vel.<\/li>\n<li>Uso e manuten\u00e7\u00e3o simples.<\/li>\n<li>Totalmente autom\u00e1tico em combina\u00e7\u00e3o com controles UNICONTROL.<\/li>\n<\/ul>\n\t\t\t\t\t\t\t\t<\/div>\n\t\t\t\t<\/div>\n\t\t\t\t\t<\/div>\n\t\t<\/div>\n\t\t\t\t\t<\/div>\n\t\t<\/section>\n\t\t\t\t<\/div>\n\t\t","protected":false},"excerpt":{"rendered":"<p>Os geradores de fuma\u00e7a da s\u00e9rie <a href=\"https:\/\/www.emosa.com\/reich-maquinaria-procesamiento-termico\/\">REICH<\/a> SteamSmoker s\u00e3o geradores de fuma\u00e7a de carboniza\u00e7\u00e3o para lascas de madeira de faia seca com tamanho de gr\u00e3o de 3 a 5 mm.<\/p>\n<p>Destacam-se por proporcionar sabor defumado com aroma agrad\u00e1vel e por gerar alta densidade de fuma\u00e7a, ideal at\u00e9 mesmo para grandes m\u00e1quinas industriais.<\/p>\n","protected":false},"featured_media":12099,"template":"","meta":{"_joinchat":[]},"product_brand":[],"product_cat":[311],"product_tag":[],"class_list":{"0":"post-12198","1":"product","2":"type-product","3":"status-publish","4":"has-post-thumbnail","6":"product_cat-geradores-de-fumaca-para-fumar-alimentos","7":"yith_product_brand-reich-pt-pt","9":"first","10":"instock","11":"shipping-taxable","12":"product-type-simple"},"yoast_head":"<!-- This site is optimized with the Yoast SEO plugin v27.4 - https:\/\/yoast.com\/product\/yoast-seo-wordpress\/ -->\n<title>Gerador de fumo REICH STEAMSMOKER S 850 H \/ S 900 H - Emo<\/title>\n<meta name=\"robots\" content=\"index, follow, max-snippet:-1, max-image-preview:large, max-video-preview:-1\" \/>\n<link rel=\"canonical\" href=\"https:\/\/www.emosa.com\/pt-pt\/gerador-de-fumo-reich-steamsmoker-s-850-h-s-900-h\/\" \/>\n<meta property=\"og:locale\" content=\"pt_PT\" \/>\n<meta property=\"og:type\" content=\"article\" \/>\n<meta property=\"og:title\" content=\"Gerador de fumo REICH STEAMSMOKER S 850 H \/ S 900 H - Emo\" \/>\n<meta property=\"og:description\" content=\"Os geradores de fuma\u00e7a da s\u00e9rie REICH SteamSmoker s\u00e3o geradores de fuma\u00e7a de carboniza\u00e7\u00e3o para lascas de madeira de faia seca com tamanho de gr\u00e3o de 3 a 5 mm. Destacam-se por proporcionar sabor defumado com aroma agrad\u00e1vel e por gerar alta densidade de fuma\u00e7a, ideal at\u00e9 mesmo para grandes m\u00e1quinas industriais.\" \/>\n<meta property=\"og:url\" content=\"https:\/\/www.emosa.com\/pt-pt\/gerador-de-fumo-reich-steamsmoker-s-850-h-s-900-h\/\" \/>\n<meta property=\"og:site_name\" content=\"Emo\" \/>\n<meta property=\"article:modified_time\" content=\"2023-10-24T15:17:59+00:00\" \/>\n<meta property=\"og:image\" content=\"https:\/\/www.emosa.com\/wp-content\/uploads\/2023\/10\/steamsmoker-s850-s900-reich.jpg\" \/>\n\t<meta property=\"og:image:width\" content=\"600\" \/>\n\t<meta property=\"og:image:height\" content=\"600\" \/>\n\t<meta property=\"og:image:type\" content=\"image\/jpeg\" \/>\n<meta name=\"twitter:card\" content=\"summary_large_image\" \/>\n<meta name=\"twitter:label1\" content=\"Tempo estimado de leitura\" \/>\n\t<meta name=\"twitter:data1\" content=\"1 minuto\" \/>\n<script type=\"application\/ld+json\" class=\"yoast-schema-graph\">{\"@context\":\"https:\\\/\\\/schema.org\",\"@graph\":[{\"@type\":\"WebPage\",\"@id\":\"https:\\\/\\\/www.emosa.com\\\/pt-pt\\\/gerador-de-fumo-reich-steamsmoker-s-850-h-s-900-h\\\/\",\"url\":\"https:\\\/\\\/www.emosa.com\\\/pt-pt\\\/gerador-de-fumo-reich-steamsmoker-s-850-h-s-900-h\\\/\",\"name\":\"Gerador de fumo REICH STEAMSMOKER S 850 H \\\/ S 900 H - Emo\",\"isPartOf\":{\"@id\":\"https:\\\/\\\/www.emosa.com\\\/pt-pt\\\/#website\"},\"primaryImageOfPage\":{\"@id\":\"https:\\\/\\\/www.emosa.com\\\/pt-pt\\\/gerador-de-fumo-reich-steamsmoker-s-850-h-s-900-h\\\/#primaryimage\"},\"image\":{\"@id\":\"https:\\\/\\\/www.emosa.com\\\/pt-pt\\\/gerador-de-fumo-reich-steamsmoker-s-850-h-s-900-h\\\/#primaryimage\"},\"thumbnailUrl\":\"https:\\\/\\\/www.emosa.com\\\/wp-content\\\/uploads\\\/2023\\\/10\\\/steamsmoker-s850-s900-reich.jpg\",\"datePublished\":\"2023-10-24T14:22:59+00:00\",\"dateModified\":\"2023-10-24T15:17:59+00:00\",\"breadcrumb\":{\"@id\":\"https:\\\/\\\/www.emosa.com\\\/pt-pt\\\/gerador-de-fumo-reich-steamsmoker-s-850-h-s-900-h\\\/#breadcrumb\"},\"inLanguage\":\"pt-PT\",\"potentialAction\":[{\"@type\":\"ReadAction\",\"target\":[\"https:\\\/\\\/www.emosa.com\\\/pt-pt\\\/gerador-de-fumo-reich-steamsmoker-s-850-h-s-900-h\\\/\"]}]},{\"@type\":\"ImageObject\",\"inLanguage\":\"pt-PT\",\"@id\":\"https:\\\/\\\/www.emosa.com\\\/pt-pt\\\/gerador-de-fumo-reich-steamsmoker-s-850-h-s-900-h\\\/#primaryimage\",\"url\":\"https:\\\/\\\/www.emosa.com\\\/wp-content\\\/uploads\\\/2023\\\/10\\\/steamsmoker-s850-s900-reich.jpg\",\"contentUrl\":\"https:\\\/\\\/www.emosa.com\\\/wp-content\\\/uploads\\\/2023\\\/10\\\/steamsmoker-s850-s900-reich.jpg\",\"width\":600,\"height\":600,\"caption\":\"REICH STEAMSMOKER S 850 H \\\/ S 900 H\"},{\"@type\":\"BreadcrumbList\",\"@id\":\"https:\\\/\\\/www.emosa.com\\\/pt-pt\\\/gerador-de-fumo-reich-steamsmoker-s-850-h-s-900-h\\\/#breadcrumb\",\"itemListElement\":[{\"@type\":\"ListItem\",\"position\":1,\"name\":\"EMO\",\"item\":\"https:\\\/\\\/www.emosa.com\\\/pt-pt\\\/\"},{\"@type\":\"ListItem\",\"position\":2,\"name\":\"Tienda\",\"item\":\"https:\\\/\\\/www.emosa.com\\\/tienda\\\/\"},{\"@type\":\"ListItem\",\"position\":3,\"name\":\"Gerador de fumo REICH STEAMSMOKER S 850 H \\\/ S 900 H\"}]},{\"@type\":\"WebSite\",\"@id\":\"https:\\\/\\\/www.emosa.com\\\/pt-pt\\\/#website\",\"url\":\"https:\\\/\\\/www.emosa.com\\\/pt-pt\\\/\",\"name\":\"Emo\",\"description\":\"Maquinaria industria alimentaria y Envases Sostenibles\",\"publisher\":{\"@id\":\"https:\\\/\\\/www.emosa.com\\\/pt-pt\\\/#organization\"},\"potentialAction\":[{\"@type\":\"SearchAction\",\"target\":{\"@type\":\"EntryPoint\",\"urlTemplate\":\"https:\\\/\\\/www.emosa.com\\\/pt-pt\\\/?s={search_term_string}\"},\"query-input\":{\"@type\":\"PropertyValueSpecification\",\"valueRequired\":true,\"valueName\":\"search_term_string\"}}],\"inLanguage\":\"pt-PT\"},{\"@type\":\"Organization\",\"@id\":\"https:\\\/\\\/www.emosa.com\\\/pt-pt\\\/#organization\",\"name\":\"EMO - Maquinaria Industria Alimentaria\",\"url\":\"https:\\\/\\\/www.emosa.com\\\/pt-pt\\\/\",\"logo\":{\"@type\":\"ImageObject\",\"inLanguage\":\"pt-PT\",\"@id\":\"https:\\\/\\\/www.emosa.com\\\/pt-pt\\\/#\\\/schema\\\/logo\\\/image\\\/\",\"url\":\"https:\\\/\\\/www.emosa.com\\\/wp-content\\\/uploads\\\/2023\\\/01\\\/logo-emo-50-aniversario.png\",\"contentUrl\":\"https:\\\/\\\/www.emosa.com\\\/wp-content\\\/uploads\\\/2023\\\/01\\\/logo-emo-50-aniversario.png\",\"width\":300,\"height\":158,\"caption\":\"EMO - Maquinaria Industria Alimentaria\"},\"image\":{\"@id\":\"https:\\\/\\\/www.emosa.com\\\/pt-pt\\\/#\\\/schema\\\/logo\\\/image\\\/\"},\"sameAs\":[\"https:\\\/\\\/www.linkedin.com\\\/company\\\/emo-sa\\\/\",\"https:\\\/\\\/www.youtube.com\\\/channel\\\/UCE4DD4ZApaNHUQYLVQiPBhw\"]}]}<\/script>\n<!-- \/ Yoast SEO plugin. -->","yoast_head_json":{"title":"Gerador de fumo REICH STEAMSMOKER S 850 H \/ S 900 H - Emo","robots":{"index":"index","follow":"follow","max-snippet":"max-snippet:-1","max-image-preview":"max-image-preview:large","max-video-preview":"max-video-preview:-1"},"canonical":"https:\/\/www.emosa.com\/pt-pt\/gerador-de-fumo-reich-steamsmoker-s-850-h-s-900-h\/","og_locale":"pt_PT","og_type":"article","og_title":"Gerador de fumo REICH STEAMSMOKER S 850 H \/ S 900 H - Emo","og_description":"Os geradores de fuma\u00e7a da s\u00e9rie REICH SteamSmoker s\u00e3o geradores de fuma\u00e7a de carboniza\u00e7\u00e3o para lascas de madeira de faia seca com tamanho de gr\u00e3o de 3 a 5 mm. Destacam-se por proporcionar sabor defumado com aroma agrad\u00e1vel e por gerar alta densidade de fuma\u00e7a, ideal at\u00e9 mesmo para grandes m\u00e1quinas industriais.","og_url":"https:\/\/www.emosa.com\/pt-pt\/gerador-de-fumo-reich-steamsmoker-s-850-h-s-900-h\/","og_site_name":"Emo","article_modified_time":"2023-10-24T15:17:59+00:00","og_image":[{"width":600,"height":600,"url":"https:\/\/www.emosa.com\/wp-content\/uploads\/2023\/10\/steamsmoker-s850-s900-reich.jpg","type":"image\/jpeg"}],"twitter_card":"summary_large_image","twitter_misc":{"Tempo estimado de leitura":"1 minuto"},"schema":{"@context":"https:\/\/schema.org","@graph":[{"@type":"WebPage","@id":"https:\/\/www.emosa.com\/pt-pt\/gerador-de-fumo-reich-steamsmoker-s-850-h-s-900-h\/","url":"https:\/\/www.emosa.com\/pt-pt\/gerador-de-fumo-reich-steamsmoker-s-850-h-s-900-h\/","name":"Gerador de fumo REICH STEAMSMOKER S 850 H \/ S 900 H - Emo","isPartOf":{"@id":"https:\/\/www.emosa.com\/pt-pt\/#website"},"primaryImageOfPage":{"@id":"https:\/\/www.emosa.com\/pt-pt\/gerador-de-fumo-reich-steamsmoker-s-850-h-s-900-h\/#primaryimage"},"image":{"@id":"https:\/\/www.emosa.com\/pt-pt\/gerador-de-fumo-reich-steamsmoker-s-850-h-s-900-h\/#primaryimage"},"thumbnailUrl":"https:\/\/www.emosa.com\/wp-content\/uploads\/2023\/10\/steamsmoker-s850-s900-reich.jpg","datePublished":"2023-10-24T14:22:59+00:00","dateModified":"2023-10-24T15:17:59+00:00","breadcrumb":{"@id":"https:\/\/www.emosa.com\/pt-pt\/gerador-de-fumo-reich-steamsmoker-s-850-h-s-900-h\/#breadcrumb"},"inLanguage":"pt-PT","potentialAction":[{"@type":"ReadAction","target":["https:\/\/www.emosa.com\/pt-pt\/gerador-de-fumo-reich-steamsmoker-s-850-h-s-900-h\/"]}]},{"@type":"ImageObject","inLanguage":"pt-PT","@id":"https:\/\/www.emosa.com\/pt-pt\/gerador-de-fumo-reich-steamsmoker-s-850-h-s-900-h\/#primaryimage","url":"https:\/\/www.emosa.com\/wp-content\/uploads\/2023\/10\/steamsmoker-s850-s900-reich.jpg","contentUrl":"https:\/\/www.emosa.com\/wp-content\/uploads\/2023\/10\/steamsmoker-s850-s900-reich.jpg","width":600,"height":600,"caption":"REICH STEAMSMOKER S 850 H \/ S 900 H"},{"@type":"BreadcrumbList","@id":"https:\/\/www.emosa.com\/pt-pt\/gerador-de-fumo-reich-steamsmoker-s-850-h-s-900-h\/#breadcrumb","itemListElement":[{"@type":"ListItem","position":1,"name":"EMO","item":"https:\/\/www.emosa.com\/pt-pt\/"},{"@type":"ListItem","position":2,"name":"Tienda","item":"https:\/\/www.emosa.com\/tienda\/"},{"@type":"ListItem","position":3,"name":"Gerador de fumo REICH STEAMSMOKER S 850 H \/ S 900 H"}]},{"@type":"WebSite","@id":"https:\/\/www.emosa.com\/pt-pt\/#website","url":"https:\/\/www.emosa.com\/pt-pt\/","name":"Emo","description":"Maquinaria industria alimentaria y Envases Sostenibles","publisher":{"@id":"https:\/\/www.emosa.com\/pt-pt\/#organization"},"potentialAction":[{"@type":"SearchAction","target":{"@type":"EntryPoint","urlTemplate":"https:\/\/www.emosa.com\/pt-pt\/?s={search_term_string}"},"query-input":{"@type":"PropertyValueSpecification","valueRequired":true,"valueName":"search_term_string"}}],"inLanguage":"pt-PT"},{"@type":"Organization","@id":"https:\/\/www.emosa.com\/pt-pt\/#organization","name":"EMO - Maquinaria Industria Alimentaria","url":"https:\/\/www.emosa.com\/pt-pt\/","logo":{"@type":"ImageObject","inLanguage":"pt-PT","@id":"https:\/\/www.emosa.com\/pt-pt\/#\/schema\/logo\/image\/","url":"https:\/\/www.emosa.com\/wp-content\/uploads\/2023\/01\/logo-emo-50-aniversario.png","contentUrl":"https:\/\/www.emosa.com\/wp-content\/uploads\/2023\/01\/logo-emo-50-aniversario.png","width":300,"height":158,"caption":"EMO - Maquinaria Industria Alimentaria"},"image":{"@id":"https:\/\/www.emosa.com\/pt-pt\/#\/schema\/logo\/image\/"},"sameAs":["https:\/\/www.linkedin.com\/company\/emo-sa\/","https:\/\/www.youtube.com\/channel\/UCE4DD4ZApaNHUQYLVQiPBhw"]}]}},"_links":{"self":[{"href":"https:\/\/www.emosa.com\/pt-pt\/wp-json\/wp\/v2\/product\/12198","targetHints":{"allow":["GET"]}}],"collection":[{"href":"https:\/\/www.emosa.com\/pt-pt\/wp-json\/wp\/v2\/product"}],"about":[{"href":"https:\/\/www.emosa.com\/pt-pt\/wp-json\/wp\/v2\/types\/product"}],"version-history":[{"count":3,"href":"https:\/\/www.emosa.com\/pt-pt\/wp-json\/wp\/v2\/product\/12198\/revisions"}],"predecessor-version":[{"id":12201,"href":"https:\/\/www.emosa.com\/pt-pt\/wp-json\/wp\/v2\/product\/12198\/revisions\/12201"}],"wp:featuredmedia":[{"embeddable":true,"href":"https:\/\/www.emosa.com\/pt-pt\/wp-json\/wp\/v2\/media\/12099"}],"wp:attachment":[{"href":"https:\/\/www.emosa.com\/pt-pt\/wp-json\/wp\/v2\/media?parent=12198"}],"wp:term":[{"taxonomy":"product_brand","embeddable":true,"href":"https:\/\/www.emosa.com\/pt-pt\/wp-json\/wp\/v2\/product_brand?post=12198"},{"taxonomy":"product_cat","embeddable":true,"href":"https:\/\/www.emosa.com\/pt-pt\/wp-json\/wp\/v2\/product_cat?post=12198"},{"taxonomy":"product_tag","embeddable":true,"href":"https:\/\/www.emosa.com\/pt-pt\/wp-json\/wp\/v2\/product_tag?post=12198"}],"curies":[{"name":"wp","href":"https:\/\/api.w.org\/{rel}","templated":true}]}}