{"id":12211,"date":"2023-10-24T17:04:23","date_gmt":"2023-10-24T15:04:23","guid":{"rendered":"https:\/\/www.emosa.com\/gerador-de-fumaca-reich-bluesmoker\/"},"modified":"2023-10-24T17:38:37","modified_gmt":"2023-10-24T15:38:37","slug":"gerador-de-fumaca-reich-bluesmoker","status":"publish","type":"product","link":"https:\/\/www.emosa.com\/pt-pt\/gerador-de-fumaca-reich-bluesmoker\/","title":{"rendered":"Gerador de fuma\u00e7a REICH BLUESMOKER"},"content":{"rendered":"","protected":false},"excerpt":{"rendered":"<p>O <a href=\"https:\/\/www.emosa.com\/reich-maquinaria-procesamiento-termico\/\">REICH<\/a> BLUESMOKER gera um spray de condensado de fuma\u00e7a l\u00edquida usando bicos especiais.<\/p>\n<p>S\u00e3o uma alternativa interessante aos geradores de fumo cl\u00e1ssicos e conseguem resultados semelhantes em termos de aroma e cor.<\/p>\n","protected":false},"featured_media":12186,"template":"","meta":{"_joinchat":[]},"product_brand":[],"product_cat":[311],"product_tag":[],"class_list":{"0":"post-12211","1":"product","2":"type-product","3":"status-publish","4":"has-post-thumbnail","6":"product_cat-geradores-de-fumaca-para-fumar-alimentos","7":"yith_product_brand-reich-pt-pt","9":"first","10":"instock","11":"shipping-taxable","12":"product-type-simple"},"yoast_head":"<!-- This site is optimized with the Yoast SEO plugin v27.4 - https:\/\/yoast.com\/product\/yoast-seo-wordpress\/ -->\n<title>Gerador de fuma\u00e7a REICH BLUESMOKER - Emo<\/title>\n<meta name=\"description\" content=\"Os REICH BLUESMOKER geram uma pulveriza\u00e7\u00e3o de condensado de fumo l\u00edquido que permite obter bons resultados em termos de aroma e cor.\" \/>\n<meta name=\"robots\" content=\"index, follow, max-snippet:-1, max-image-preview:large, max-video-preview:-1\" \/>\n<link rel=\"canonical\" href=\"https:\/\/www.emosa.com\/pt-pt\/gerador-de-fumaca-reich-bluesmoker\/\" \/>\n<meta property=\"og:locale\" content=\"pt_PT\" \/>\n<meta property=\"og:type\" content=\"article\" \/>\n<meta property=\"og:title\" content=\"Gerador de fuma\u00e7a REICH BLUESMOKER - Emo\" \/>\n<meta property=\"og:description\" content=\"Os REICH BLUESMOKER geram uma pulveriza\u00e7\u00e3o de condensado de fumo l\u00edquido que permite obter bons resultados em termos de aroma e cor.\" \/>\n<meta property=\"og:url\" content=\"https:\/\/www.emosa.com\/pt-pt\/gerador-de-fumaca-reich-bluesmoker\/\" \/>\n<meta property=\"og:site_name\" content=\"Emo\" \/>\n<meta property=\"article:modified_time\" content=\"2023-10-24T15:38:37+00:00\" \/>\n<meta property=\"og:image\" content=\"https:\/\/www.emosa.com\/wp-content\/uploads\/2023\/10\/bluesmoker-reich.jpg\" \/>\n\t<meta property=\"og:image:width\" content=\"600\" \/>\n\t<meta property=\"og:image:height\" content=\"600\" \/>\n\t<meta property=\"og:image:type\" content=\"image\/jpeg\" \/>\n<meta name=\"twitter:card\" content=\"summary_large_image\" \/>\n<script type=\"application\/ld+json\" class=\"yoast-schema-graph\">{\"@context\":\"https:\\\/\\\/schema.org\",\"@graph\":[{\"@type\":\"WebPage\",\"@id\":\"https:\\\/\\\/www.emosa.com\\\/pt-pt\\\/gerador-de-fumaca-reich-bluesmoker\\\/\",\"url\":\"https:\\\/\\\/www.emosa.com\\\/pt-pt\\\/gerador-de-fumaca-reich-bluesmoker\\\/\",\"name\":\"Gerador de fuma\u00e7a REICH BLUESMOKER - Emo\",\"isPartOf\":{\"@id\":\"https:\\\/\\\/www.emosa.com\\\/pt-pt\\\/#website\"},\"primaryImageOfPage\":{\"@id\":\"https:\\\/\\\/www.emosa.com\\\/pt-pt\\\/gerador-de-fumaca-reich-bluesmoker\\\/#primaryimage\"},\"image\":{\"@id\":\"https:\\\/\\\/www.emosa.com\\\/pt-pt\\\/gerador-de-fumaca-reich-bluesmoker\\\/#primaryimage\"},\"thumbnailUrl\":\"https:\\\/\\\/www.emosa.com\\\/wp-content\\\/uploads\\\/2023\\\/10\\\/bluesmoker-reich.jpg\",\"datePublished\":\"2023-10-24T15:04:23+00:00\",\"dateModified\":\"2023-10-24T15:38:37+00:00\",\"description\":\"Os REICH BLUESMOKER geram uma pulveriza\u00e7\u00e3o de condensado de fumo l\u00edquido que permite obter bons resultados em termos de aroma e cor.\",\"breadcrumb\":{\"@id\":\"https:\\\/\\\/www.emosa.com\\\/pt-pt\\\/gerador-de-fumaca-reich-bluesmoker\\\/#breadcrumb\"},\"inLanguage\":\"pt-PT\",\"potentialAction\":[{\"@type\":\"ReadAction\",\"target\":[\"https:\\\/\\\/www.emosa.com\\\/pt-pt\\\/gerador-de-fumaca-reich-bluesmoker\\\/\"]}]},{\"@type\":\"ImageObject\",\"inLanguage\":\"pt-PT\",\"@id\":\"https:\\\/\\\/www.emosa.com\\\/pt-pt\\\/gerador-de-fumaca-reich-bluesmoker\\\/#primaryimage\",\"url\":\"https:\\\/\\\/www.emosa.com\\\/wp-content\\\/uploads\\\/2023\\\/10\\\/bluesmoker-reich.jpg\",\"contentUrl\":\"https:\\\/\\\/www.emosa.com\\\/wp-content\\\/uploads\\\/2023\\\/10\\\/bluesmoker-reich.jpg\",\"width\":600,\"height\":600,\"caption\":\"Gerador de fumo REICH BLUESMOKER\"},{\"@type\":\"BreadcrumbList\",\"@id\":\"https:\\\/\\\/www.emosa.com\\\/pt-pt\\\/gerador-de-fumaca-reich-bluesmoker\\\/#breadcrumb\",\"itemListElement\":[{\"@type\":\"ListItem\",\"position\":1,\"name\":\"EMO\",\"item\":\"https:\\\/\\\/www.emosa.com\\\/pt-pt\\\/\"},{\"@type\":\"ListItem\",\"position\":2,\"name\":\"Tienda\",\"item\":\"https:\\\/\\\/www.emosa.com\\\/tienda\\\/\"},{\"@type\":\"ListItem\",\"position\":3,\"name\":\"Gerador de fuma\u00e7a REICH BLUESMOKER\"}]},{\"@type\":\"WebSite\",\"@id\":\"https:\\\/\\\/www.emosa.com\\\/pt-pt\\\/#website\",\"url\":\"https:\\\/\\\/www.emosa.com\\\/pt-pt\\\/\",\"name\":\"Emo\",\"description\":\"Maquinaria industria alimentaria y Envases Sostenibles\",\"publisher\":{\"@id\":\"https:\\\/\\\/www.emosa.com\\\/pt-pt\\\/#organization\"},\"potentialAction\":[{\"@type\":\"SearchAction\",\"target\":{\"@type\":\"EntryPoint\",\"urlTemplate\":\"https:\\\/\\\/www.emosa.com\\\/pt-pt\\\/?s={search_term_string}\"},\"query-input\":{\"@type\":\"PropertyValueSpecification\",\"valueRequired\":true,\"valueName\":\"search_term_string\"}}],\"inLanguage\":\"pt-PT\"},{\"@type\":\"Organization\",\"@id\":\"https:\\\/\\\/www.emosa.com\\\/pt-pt\\\/#organization\",\"name\":\"EMO - Maquinaria Industria Alimentaria\",\"url\":\"https:\\\/\\\/www.emosa.com\\\/pt-pt\\\/\",\"logo\":{\"@type\":\"ImageObject\",\"inLanguage\":\"pt-PT\",\"@id\":\"https:\\\/\\\/www.emosa.com\\\/pt-pt\\\/#\\\/schema\\\/logo\\\/image\\\/\",\"url\":\"https:\\\/\\\/www.emosa.com\\\/wp-content\\\/uploads\\\/2023\\\/01\\\/logo-emo-50-aniversario.png\",\"contentUrl\":\"https:\\\/\\\/www.emosa.com\\\/wp-content\\\/uploads\\\/2023\\\/01\\\/logo-emo-50-aniversario.png\",\"width\":300,\"height\":158,\"caption\":\"EMO - Maquinaria Industria Alimentaria\"},\"image\":{\"@id\":\"https:\\\/\\\/www.emosa.com\\\/pt-pt\\\/#\\\/schema\\\/logo\\\/image\\\/\"},\"sameAs\":[\"https:\\\/\\\/www.linkedin.com\\\/company\\\/emo-sa\\\/\",\"https:\\\/\\\/www.youtube.com\\\/channel\\\/UCE4DD4ZApaNHUQYLVQiPBhw\"]}]}<\/script>\n<!-- \/ Yoast SEO plugin. -->","yoast_head_json":{"title":"Gerador de fuma\u00e7a REICH BLUESMOKER - Emo","description":"Os REICH BLUESMOKER geram uma pulveriza\u00e7\u00e3o de condensado de fumo l\u00edquido que permite obter bons resultados em termos de aroma e cor.","robots":{"index":"index","follow":"follow","max-snippet":"max-snippet:-1","max-image-preview":"max-image-preview:large","max-video-preview":"max-video-preview:-1"},"canonical":"https:\/\/www.emosa.com\/pt-pt\/gerador-de-fumaca-reich-bluesmoker\/","og_locale":"pt_PT","og_type":"article","og_title":"Gerador de fuma\u00e7a REICH BLUESMOKER - Emo","og_description":"Os REICH BLUESMOKER geram uma pulveriza\u00e7\u00e3o de condensado de fumo l\u00edquido que permite obter bons resultados em termos de aroma e cor.","og_url":"https:\/\/www.emosa.com\/pt-pt\/gerador-de-fumaca-reich-bluesmoker\/","og_site_name":"Emo","article_modified_time":"2023-10-24T15:38:37+00:00","og_image":[{"width":600,"height":600,"url":"https:\/\/www.emosa.com\/wp-content\/uploads\/2023\/10\/bluesmoker-reich.jpg","type":"image\/jpeg"}],"twitter_card":"summary_large_image","schema":{"@context":"https:\/\/schema.org","@graph":[{"@type":"WebPage","@id":"https:\/\/www.emosa.com\/pt-pt\/gerador-de-fumaca-reich-bluesmoker\/","url":"https:\/\/www.emosa.com\/pt-pt\/gerador-de-fumaca-reich-bluesmoker\/","name":"Gerador de fuma\u00e7a REICH BLUESMOKER - Emo","isPartOf":{"@id":"https:\/\/www.emosa.com\/pt-pt\/#website"},"primaryImageOfPage":{"@id":"https:\/\/www.emosa.com\/pt-pt\/gerador-de-fumaca-reich-bluesmoker\/#primaryimage"},"image":{"@id":"https:\/\/www.emosa.com\/pt-pt\/gerador-de-fumaca-reich-bluesmoker\/#primaryimage"},"thumbnailUrl":"https:\/\/www.emosa.com\/wp-content\/uploads\/2023\/10\/bluesmoker-reich.jpg","datePublished":"2023-10-24T15:04:23+00:00","dateModified":"2023-10-24T15:38:37+00:00","description":"Os REICH BLUESMOKER geram uma pulveriza\u00e7\u00e3o de condensado de fumo l\u00edquido que permite obter bons resultados em termos de aroma e cor.","breadcrumb":{"@id":"https:\/\/www.emosa.com\/pt-pt\/gerador-de-fumaca-reich-bluesmoker\/#breadcrumb"},"inLanguage":"pt-PT","potentialAction":[{"@type":"ReadAction","target":["https:\/\/www.emosa.com\/pt-pt\/gerador-de-fumaca-reich-bluesmoker\/"]}]},{"@type":"ImageObject","inLanguage":"pt-PT","@id":"https:\/\/www.emosa.com\/pt-pt\/gerador-de-fumaca-reich-bluesmoker\/#primaryimage","url":"https:\/\/www.emosa.com\/wp-content\/uploads\/2023\/10\/bluesmoker-reich.jpg","contentUrl":"https:\/\/www.emosa.com\/wp-content\/uploads\/2023\/10\/bluesmoker-reich.jpg","width":600,"height":600,"caption":"Gerador de fumo REICH BLUESMOKER"},{"@type":"BreadcrumbList","@id":"https:\/\/www.emosa.com\/pt-pt\/gerador-de-fumaca-reich-bluesmoker\/#breadcrumb","itemListElement":[{"@type":"ListItem","position":1,"name":"EMO","item":"https:\/\/www.emosa.com\/pt-pt\/"},{"@type":"ListItem","position":2,"name":"Tienda","item":"https:\/\/www.emosa.com\/tienda\/"},{"@type":"ListItem","position":3,"name":"Gerador de fuma\u00e7a REICH BLUESMOKER"}]},{"@type":"WebSite","@id":"https:\/\/www.emosa.com\/pt-pt\/#website","url":"https:\/\/www.emosa.com\/pt-pt\/","name":"Emo","description":"Maquinaria industria alimentaria y Envases Sostenibles","publisher":{"@id":"https:\/\/www.emosa.com\/pt-pt\/#organization"},"potentialAction":[{"@type":"SearchAction","target":{"@type":"EntryPoint","urlTemplate":"https:\/\/www.emosa.com\/pt-pt\/?s={search_term_string}"},"query-input":{"@type":"PropertyValueSpecification","valueRequired":true,"valueName":"search_term_string"}}],"inLanguage":"pt-PT"},{"@type":"Organization","@id":"https:\/\/www.emosa.com\/pt-pt\/#organization","name":"EMO - Maquinaria Industria Alimentaria","url":"https:\/\/www.emosa.com\/pt-pt\/","logo":{"@type":"ImageObject","inLanguage":"pt-PT","@id":"https:\/\/www.emosa.com\/pt-pt\/#\/schema\/logo\/image\/","url":"https:\/\/www.emosa.com\/wp-content\/uploads\/2023\/01\/logo-emo-50-aniversario.png","contentUrl":"https:\/\/www.emosa.com\/wp-content\/uploads\/2023\/01\/logo-emo-50-aniversario.png","width":300,"height":158,"caption":"EMO - Maquinaria Industria Alimentaria"},"image":{"@id":"https:\/\/www.emosa.com\/pt-pt\/#\/schema\/logo\/image\/"},"sameAs":["https:\/\/www.linkedin.com\/company\/emo-sa\/","https:\/\/www.youtube.com\/channel\/UCE4DD4ZApaNHUQYLVQiPBhw"]}]}},"_links":{"self":[{"href":"https:\/\/www.emosa.com\/pt-pt\/wp-json\/wp\/v2\/product\/12211","targetHints":{"allow":["GET"]}}],"collection":[{"href":"https:\/\/www.emosa.com\/pt-pt\/wp-json\/wp\/v2\/product"}],"about":[{"href":"https:\/\/www.emosa.com\/pt-pt\/wp-json\/wp\/v2\/types\/product"}],"version-history":[{"count":1,"href":"https:\/\/www.emosa.com\/pt-pt\/wp-json\/wp\/v2\/product\/12211\/revisions"}],"predecessor-version":[{"id":12212,"href":"https:\/\/www.emosa.com\/pt-pt\/wp-json\/wp\/v2\/product\/12211\/revisions\/12212"}],"wp:featuredmedia":[{"embeddable":true,"href":"https:\/\/www.emosa.com\/pt-pt\/wp-json\/wp\/v2\/media\/12186"}],"wp:attachment":[{"href":"https:\/\/www.emosa.com\/pt-pt\/wp-json\/wp\/v2\/media?parent=12211"}],"wp:term":[{"taxonomy":"product_brand","embeddable":true,"href":"https:\/\/www.emosa.com\/pt-pt\/wp-json\/wp\/v2\/product_brand?post=12211"},{"taxonomy":"product_cat","embeddable":true,"href":"https:\/\/www.emosa.com\/pt-pt\/wp-json\/wp\/v2\/product_cat?post=12211"},{"taxonomy":"product_tag","embeddable":true,"href":"https:\/\/www.emosa.com\/pt-pt\/wp-json\/wp\/v2\/product_tag?post=12211"}],"curies":[{"name":"wp","href":"https:\/\/api.w.org\/{rel}","templated":true}]}}