{"id":12228,"date":"2023-10-23T12:08:18","date_gmt":"2023-10-23T10:08:18","guid":{"rendered":"https:\/\/www.emosa.com\/fatiadora-formax-sx380\/"},"modified":"2023-10-24T18:24:42","modified_gmt":"2023-10-24T16:24:42","slug":"fatiadora-formax-sx380","status":"publish","type":"product","link":"https:\/\/www.emosa.com\/pt-pt\/fatiadora-formax-sx380\/","title":{"rendered":"Fatiadora Formax SX380"},"content":{"rendered":"\t\t<div data-elementor-type=\"product-post\" data-elementor-id=\"12228\" class=\"elementor elementor-12228 elementor-11990\" data-elementor-post-type=\"product\">\n\t\t\t\t\t\t<section class=\"elementor-section elementor-top-section elementor-element elementor-element-3611ec65 elementor-section-boxed elementor-section-height-default elementor-section-height-default\" data-id=\"3611ec65\" data-element_type=\"section\" data-e-type=\"section\">\n\t\t\t\t\t\t<div class=\"elementor-container elementor-column-gap-default\">\n\t\t\t\t\t<div class=\"elementor-column elementor-col-100 elementor-top-column elementor-element elementor-element-2b21b880\" data-id=\"2b21b880\" data-element_type=\"column\" data-e-type=\"column\">\n\t\t\t<div class=\"elementor-widget-wrap elementor-element-populated\">\n\t\t\t\t\t\t<div class=\"elementor-element elementor-element-6d1cf780 elementor-widget elementor-widget-text-editor\" data-id=\"6d1cf780\" data-element_type=\"widget\" data-e-type=\"widget\" data-widget_type=\"text-editor.default\">\n\t\t\t\t<div class=\"elementor-widget-container\">\n\t\t\t\t\t\t\t\t\t<p>A <strong>fatiadora Formax\u00ae SX380<\/strong> \u00e9 uma tecnologia revolucion\u00e1ria. Descubra as inova\u00e7\u00f5es e vantagens mais importantes incorporadas em nossa nova gera\u00e7\u00e3o de tecnologia de fatiamento. O sistema SX380 combina desempenho superior, o mais alto n\u00edvel de design higi\u00eanico e verdadeira flexibilidade para acomodar uma ampla gama de produtos, tudo em uma superf\u00edcie de trabalho compacta. Corte com confian\u00e7a e maximize o retorno do investimento com a m\u00e1quina SX380.<\/p>\n\t\t\t\t\t\t\t\t<\/div>\n\t\t\t\t<\/div>\n\t\t\t\t<div class=\"elementor-element elementor-element-e66e18f elementor-widget elementor-widget-heading\" data-id=\"e66e18f\" data-element_type=\"widget\" data-e-type=\"widget\" data-widget_type=\"heading.default\">\n\t\t\t\t<div class=\"elementor-widget-container\">\n\t\t\t\t\t<h2 class=\"elementor-heading-title elementor-size-default\">Caracteristicas da fatiadora Formax SX380<\/h2>\t\t\t\t<\/div>\n\t\t\t\t<\/div>\n\t\t\t\t\t<\/div>\n\t\t<\/div>\n\t\t\t\t\t<\/div>\n\t\t<\/section>\n\t\t\t\t<section class=\"elementor-section elementor-top-section elementor-element elementor-element-c537937 elementor-section-boxed elementor-section-height-default elementor-section-height-default\" data-id=\"c537937\" data-element_type=\"section\" data-e-type=\"section\">\n\t\t\t\t\t\t<div class=\"elementor-container elementor-column-gap-default\">\n\t\t\t\t\t<div class=\"elementor-column elementor-col-100 elementor-top-column elementor-element elementor-element-59f2100\" data-id=\"59f2100\" data-element_type=\"column\" data-e-type=\"column\">\n\t\t\t<div class=\"elementor-widget-wrap elementor-element-populated\">\n\t\t\t\t\t\t<div class=\"elementor-element elementor-element-8cb9486 elementor-widget elementor-widget-text-editor\" data-id=\"8cb9486\" data-element_type=\"widget\" data-e-type=\"widget\" data-widget_type=\"text-editor.default\">\n\t\t\t\t<div class=\"elementor-widget-container\">\n\t\t\t\t\t\t\t\t\t<ul>\n<li>Melhor controle do produto na l\u00e2mina para desempenho l\u00edder do setor.<\/li>\n<li>Flexibilidade.<\/li>\n<li>Design aberto e higi\u00eanico com desmontagem sem ferramentas.<\/li>\n<li>Gabinete de controle el\u00e9trico montado remotamente opcional.<\/li>\n<li>Superf\u00edcie de trabalho pequena e alta capacidade de produ\u00e7\u00e3o.<\/li>\n<li>Constru\u00e7\u00e3o r\u00edgida e dur\u00e1vel.<\/li>\n<li>Tecnologia patenteada de l\u00e2mina de alto desempenho.<\/li>\n<\/ul>\n\t\t\t\t\t\t\t\t<\/div>\n\t\t\t\t<\/div>\n\t\t\t\t\t<\/div>\n\t\t<\/div>\n\t\t\t\t\t<\/div>\n\t\t<\/section>\n\t\t\t\t<\/div>\n\t\t","protected":false},"excerpt":{"rendered":"<p>A tecnologia revolucion\u00e1ria do fatiador Formax\u00ae SX380 oferece os mais altos n\u00edveis de desempenho e higiene com verdadeira flexibilidade e tamanho reduzido.<\/p>\n<p><strong>Ideal para salsichas calibradas ou de formato irregular, queijo, bacon, bacon e frango.<\/strong><\/p>\n<p><strong>Op\u00e7\u00f5es de apresenta\u00e7\u00e3o:<\/strong> Padr\u00f5es empilhados, em camadas, agrupados e geom\u00e9tricos.<\/p>\n","protected":false},"featured_media":11999,"template":"","meta":{"_joinchat":[]},"product_brand":[],"product_cat":[314],"product_tag":[],"class_list":{"0":"post-12228","1":"product","2":"type-product","3":"status-publish","4":"has-post-thumbnail","6":"product_cat-fatiadoras","7":"yith_product_brand-provisur-pt-pt","9":"first","10":"instock","11":"shipping-taxable","12":"product-type-simple"},"yoast_head":"<!-- This site is optimized with the Yoast SEO plugin v27.4 - https:\/\/yoast.com\/product\/yoast-seo-wordpress\/ -->\n<title>Fatiadora Formax SX380 - Emo<\/title>\n<meta name=\"description\" content=\"A fatiadora Formax SX380 oferece os mais altos n\u00edveis de desempenho e higiene com verdadeira flexibilidade e tamanho reduzido.\" \/>\n<meta name=\"robots\" content=\"index, follow, max-snippet:-1, max-image-preview:large, max-video-preview:-1\" \/>\n<link rel=\"canonical\" href=\"https:\/\/www.emosa.com\/pt-pt\/fatiadora-formax-sx380\/\" \/>\n<meta property=\"og:locale\" content=\"pt_PT\" \/>\n<meta property=\"og:type\" content=\"article\" \/>\n<meta property=\"og:title\" content=\"Fatiadora Formax SX380 - Emo\" \/>\n<meta property=\"og:description\" content=\"A fatiadora Formax SX380 oferece os mais altos n\u00edveis de desempenho e higiene com verdadeira flexibilidade e tamanho reduzido.\" \/>\n<meta property=\"og:url\" content=\"https:\/\/www.emosa.com\/pt-pt\/fatiadora-formax-sx380\/\" \/>\n<meta property=\"og:site_name\" content=\"Emo\" \/>\n<meta property=\"article:modified_time\" content=\"2023-10-24T16:24:42+00:00\" \/>\n<meta property=\"og:image\" content=\"https:\/\/www.emosa.com\/wp-content\/uploads\/2023\/10\/loncheadora-formax-sx380-1.jpg\" \/>\n\t<meta property=\"og:image:width\" content=\"600\" \/>\n\t<meta property=\"og:image:height\" content=\"600\" \/>\n\t<meta property=\"og:image:type\" content=\"image\/jpeg\" \/>\n<meta name=\"twitter:card\" content=\"summary_large_image\" \/>\n<meta name=\"twitter:label1\" content=\"Tempo estimado de leitura\" \/>\n\t<meta name=\"twitter:data1\" content=\"1 minuto\" \/>\n<script type=\"application\/ld+json\" class=\"yoast-schema-graph\">{\"@context\":\"https:\\\/\\\/schema.org\",\"@graph\":[{\"@type\":\"WebPage\",\"@id\":\"https:\\\/\\\/www.emosa.com\\\/pt-pt\\\/fatiadora-formax-sx380\\\/\",\"url\":\"https:\\\/\\\/www.emosa.com\\\/pt-pt\\\/fatiadora-formax-sx380\\\/\",\"name\":\"Fatiadora Formax SX380 - Emo\",\"isPartOf\":{\"@id\":\"https:\\\/\\\/www.emosa.com\\\/pt-pt\\\/#website\"},\"primaryImageOfPage\":{\"@id\":\"https:\\\/\\\/www.emosa.com\\\/pt-pt\\\/fatiadora-formax-sx380\\\/#primaryimage\"},\"image\":{\"@id\":\"https:\\\/\\\/www.emosa.com\\\/pt-pt\\\/fatiadora-formax-sx380\\\/#primaryimage\"},\"thumbnailUrl\":\"https:\\\/\\\/www.emosa.com\\\/wp-content\\\/uploads\\\/2023\\\/10\\\/loncheadora-formax-sx380-1.jpg\",\"datePublished\":\"2023-10-23T10:08:18+00:00\",\"dateModified\":\"2023-10-24T16:24:42+00:00\",\"description\":\"A fatiadora Formax SX380 oferece os mais altos n\u00edveis de desempenho e higiene com verdadeira flexibilidade e tamanho reduzido.\",\"breadcrumb\":{\"@id\":\"https:\\\/\\\/www.emosa.com\\\/pt-pt\\\/fatiadora-formax-sx380\\\/#breadcrumb\"},\"inLanguage\":\"pt-PT\",\"potentialAction\":[{\"@type\":\"ReadAction\",\"target\":[\"https:\\\/\\\/www.emosa.com\\\/pt-pt\\\/fatiadora-formax-sx380\\\/\"]}]},{\"@type\":\"ImageObject\",\"inLanguage\":\"pt-PT\",\"@id\":\"https:\\\/\\\/www.emosa.com\\\/pt-pt\\\/fatiadora-formax-sx380\\\/#primaryimage\",\"url\":\"https:\\\/\\\/www.emosa.com\\\/wp-content\\\/uploads\\\/2023\\\/10\\\/loncheadora-formax-sx380-1.jpg\",\"contentUrl\":\"https:\\\/\\\/www.emosa.com\\\/wp-content\\\/uploads\\\/2023\\\/10\\\/loncheadora-formax-sx380-1.jpg\",\"width\":600,\"height\":600,\"caption\":\"Fatiadora Formax SX380\"},{\"@type\":\"BreadcrumbList\",\"@id\":\"https:\\\/\\\/www.emosa.com\\\/pt-pt\\\/fatiadora-formax-sx380\\\/#breadcrumb\",\"itemListElement\":[{\"@type\":\"ListItem\",\"position\":1,\"name\":\"EMO\",\"item\":\"https:\\\/\\\/www.emosa.com\\\/pt-pt\\\/\"},{\"@type\":\"ListItem\",\"position\":2,\"name\":\"Tienda\",\"item\":\"https:\\\/\\\/www.emosa.com\\\/tienda\\\/\"},{\"@type\":\"ListItem\",\"position\":3,\"name\":\"Fatiadora Formax SX380\"}]},{\"@type\":\"WebSite\",\"@id\":\"https:\\\/\\\/www.emosa.com\\\/pt-pt\\\/#website\",\"url\":\"https:\\\/\\\/www.emosa.com\\\/pt-pt\\\/\",\"name\":\"Emo\",\"description\":\"Maquinaria industria alimentaria y Envases Sostenibles\",\"publisher\":{\"@id\":\"https:\\\/\\\/www.emosa.com\\\/pt-pt\\\/#organization\"},\"potentialAction\":[{\"@type\":\"SearchAction\",\"target\":{\"@type\":\"EntryPoint\",\"urlTemplate\":\"https:\\\/\\\/www.emosa.com\\\/pt-pt\\\/?s={search_term_string}\"},\"query-input\":{\"@type\":\"PropertyValueSpecification\",\"valueRequired\":true,\"valueName\":\"search_term_string\"}}],\"inLanguage\":\"pt-PT\"},{\"@type\":\"Organization\",\"@id\":\"https:\\\/\\\/www.emosa.com\\\/pt-pt\\\/#organization\",\"name\":\"EMO - Maquinaria Industria Alimentaria\",\"url\":\"https:\\\/\\\/www.emosa.com\\\/pt-pt\\\/\",\"logo\":{\"@type\":\"ImageObject\",\"inLanguage\":\"pt-PT\",\"@id\":\"https:\\\/\\\/www.emosa.com\\\/pt-pt\\\/#\\\/schema\\\/logo\\\/image\\\/\",\"url\":\"https:\\\/\\\/www.emosa.com\\\/wp-content\\\/uploads\\\/2023\\\/01\\\/logo-emo-50-aniversario.png\",\"contentUrl\":\"https:\\\/\\\/www.emosa.com\\\/wp-content\\\/uploads\\\/2023\\\/01\\\/logo-emo-50-aniversario.png\",\"width\":300,\"height\":158,\"caption\":\"EMO - Maquinaria Industria Alimentaria\"},\"image\":{\"@id\":\"https:\\\/\\\/www.emosa.com\\\/pt-pt\\\/#\\\/schema\\\/logo\\\/image\\\/\"},\"sameAs\":[\"https:\\\/\\\/www.linkedin.com\\\/company\\\/emo-sa\\\/\",\"https:\\\/\\\/www.youtube.com\\\/channel\\\/UCE4DD4ZApaNHUQYLVQiPBhw\"]}]}<\/script>\n<!-- \/ Yoast SEO plugin. -->","yoast_head_json":{"title":"Fatiadora Formax SX380 - Emo","description":"A fatiadora Formax SX380 oferece os mais altos n\u00edveis de desempenho e higiene com verdadeira flexibilidade e tamanho reduzido.","robots":{"index":"index","follow":"follow","max-snippet":"max-snippet:-1","max-image-preview":"max-image-preview:large","max-video-preview":"max-video-preview:-1"},"canonical":"https:\/\/www.emosa.com\/pt-pt\/fatiadora-formax-sx380\/","og_locale":"pt_PT","og_type":"article","og_title":"Fatiadora Formax SX380 - Emo","og_description":"A fatiadora Formax SX380 oferece os mais altos n\u00edveis de desempenho e higiene com verdadeira flexibilidade e tamanho reduzido.","og_url":"https:\/\/www.emosa.com\/pt-pt\/fatiadora-formax-sx380\/","og_site_name":"Emo","article_modified_time":"2023-10-24T16:24:42+00:00","og_image":[{"width":600,"height":600,"url":"https:\/\/www.emosa.com\/wp-content\/uploads\/2023\/10\/loncheadora-formax-sx380-1.jpg","type":"image\/jpeg"}],"twitter_card":"summary_large_image","twitter_misc":{"Tempo estimado de leitura":"1 minuto"},"schema":{"@context":"https:\/\/schema.org","@graph":[{"@type":"WebPage","@id":"https:\/\/www.emosa.com\/pt-pt\/fatiadora-formax-sx380\/","url":"https:\/\/www.emosa.com\/pt-pt\/fatiadora-formax-sx380\/","name":"Fatiadora Formax SX380 - Emo","isPartOf":{"@id":"https:\/\/www.emosa.com\/pt-pt\/#website"},"primaryImageOfPage":{"@id":"https:\/\/www.emosa.com\/pt-pt\/fatiadora-formax-sx380\/#primaryimage"},"image":{"@id":"https:\/\/www.emosa.com\/pt-pt\/fatiadora-formax-sx380\/#primaryimage"},"thumbnailUrl":"https:\/\/www.emosa.com\/wp-content\/uploads\/2023\/10\/loncheadora-formax-sx380-1.jpg","datePublished":"2023-10-23T10:08:18+00:00","dateModified":"2023-10-24T16:24:42+00:00","description":"A fatiadora Formax SX380 oferece os mais altos n\u00edveis de desempenho e higiene com verdadeira flexibilidade e tamanho reduzido.","breadcrumb":{"@id":"https:\/\/www.emosa.com\/pt-pt\/fatiadora-formax-sx380\/#breadcrumb"},"inLanguage":"pt-PT","potentialAction":[{"@type":"ReadAction","target":["https:\/\/www.emosa.com\/pt-pt\/fatiadora-formax-sx380\/"]}]},{"@type":"ImageObject","inLanguage":"pt-PT","@id":"https:\/\/www.emosa.com\/pt-pt\/fatiadora-formax-sx380\/#primaryimage","url":"https:\/\/www.emosa.com\/wp-content\/uploads\/2023\/10\/loncheadora-formax-sx380-1.jpg","contentUrl":"https:\/\/www.emosa.com\/wp-content\/uploads\/2023\/10\/loncheadora-formax-sx380-1.jpg","width":600,"height":600,"caption":"Fatiadora Formax SX380"},{"@type":"BreadcrumbList","@id":"https:\/\/www.emosa.com\/pt-pt\/fatiadora-formax-sx380\/#breadcrumb","itemListElement":[{"@type":"ListItem","position":1,"name":"EMO","item":"https:\/\/www.emosa.com\/pt-pt\/"},{"@type":"ListItem","position":2,"name":"Tienda","item":"https:\/\/www.emosa.com\/tienda\/"},{"@type":"ListItem","position":3,"name":"Fatiadora Formax SX380"}]},{"@type":"WebSite","@id":"https:\/\/www.emosa.com\/pt-pt\/#website","url":"https:\/\/www.emosa.com\/pt-pt\/","name":"Emo","description":"Maquinaria industria alimentaria y Envases Sostenibles","publisher":{"@id":"https:\/\/www.emosa.com\/pt-pt\/#organization"},"potentialAction":[{"@type":"SearchAction","target":{"@type":"EntryPoint","urlTemplate":"https:\/\/www.emosa.com\/pt-pt\/?s={search_term_string}"},"query-input":{"@type":"PropertyValueSpecification","valueRequired":true,"valueName":"search_term_string"}}],"inLanguage":"pt-PT"},{"@type":"Organization","@id":"https:\/\/www.emosa.com\/pt-pt\/#organization","name":"EMO - Maquinaria Industria Alimentaria","url":"https:\/\/www.emosa.com\/pt-pt\/","logo":{"@type":"ImageObject","inLanguage":"pt-PT","@id":"https:\/\/www.emosa.com\/pt-pt\/#\/schema\/logo\/image\/","url":"https:\/\/www.emosa.com\/wp-content\/uploads\/2023\/01\/logo-emo-50-aniversario.png","contentUrl":"https:\/\/www.emosa.com\/wp-content\/uploads\/2023\/01\/logo-emo-50-aniversario.png","width":300,"height":158,"caption":"EMO - Maquinaria Industria Alimentaria"},"image":{"@id":"https:\/\/www.emosa.com\/pt-pt\/#\/schema\/logo\/image\/"},"sameAs":["https:\/\/www.linkedin.com\/company\/emo-sa\/","https:\/\/www.youtube.com\/channel\/UCE4DD4ZApaNHUQYLVQiPBhw"]}]}},"_links":{"self":[{"href":"https:\/\/www.emosa.com\/pt-pt\/wp-json\/wp\/v2\/product\/12228","targetHints":{"allow":["GET"]}}],"collection":[{"href":"https:\/\/www.emosa.com\/pt-pt\/wp-json\/wp\/v2\/product"}],"about":[{"href":"https:\/\/www.emosa.com\/pt-pt\/wp-json\/wp\/v2\/types\/product"}],"version-history":[{"count":1,"href":"https:\/\/www.emosa.com\/pt-pt\/wp-json\/wp\/v2\/product\/12228\/revisions"}],"predecessor-version":[{"id":12229,"href":"https:\/\/www.emosa.com\/pt-pt\/wp-json\/wp\/v2\/product\/12228\/revisions\/12229"}],"wp:featuredmedia":[{"embeddable":true,"href":"https:\/\/www.emosa.com\/pt-pt\/wp-json\/wp\/v2\/media\/11999"}],"wp:attachment":[{"href":"https:\/\/www.emosa.com\/pt-pt\/wp-json\/wp\/v2\/media?parent=12228"}],"wp:term":[{"taxonomy":"product_brand","embeddable":true,"href":"https:\/\/www.emosa.com\/pt-pt\/wp-json\/wp\/v2\/product_brand?post=12228"},{"taxonomy":"product_cat","embeddable":true,"href":"https:\/\/www.emosa.com\/pt-pt\/wp-json\/wp\/v2\/product_cat?post=12228"},{"taxonomy":"product_tag","embeddable":true,"href":"https:\/\/www.emosa.com\/pt-pt\/wp-json\/wp\/v2\/product_tag?post=12228"}],"curies":[{"name":"wp","href":"https:\/\/api.w.org\/{rel}","templated":true}]}}