{"id":12497,"date":"2025-01-27T10:56:04","date_gmt":"2025-01-27T09:56:04","guid":{"rendered":"https:\/\/www.emosa.com\/?post_type=product&#038;p=12497"},"modified":"2025-01-27T13:58:33","modified_gmt":"2025-01-27T12:58:33","slug":"injetora-fomaco-m3","status":"publish","type":"product","link":"https:\/\/www.emosa.com\/pt-pt\/injetora-fomaco-m3\/","title":{"rendered":"Injetora Fomaco M3"},"content":{"rendered":"\t\t<div data-elementor-type=\"product-post\" data-elementor-id=\"12497\" class=\"elementor elementor-12497 elementor-12496\" data-elementor-post-type=\"product\">\n\t\t\t\t\t\t<section class=\"elementor-section elementor-top-section elementor-element elementor-element-3611ec65 elementor-section-boxed elementor-section-height-default elementor-section-height-default\" data-id=\"3611ec65\" data-element_type=\"section\" data-e-type=\"section\">\n\t\t\t\t\t\t<div class=\"elementor-container elementor-column-gap-default\">\n\t\t\t\t\t<div class=\"elementor-column elementor-col-100 elementor-top-column elementor-element elementor-element-2b21b880\" data-id=\"2b21b880\" data-element_type=\"column\" data-e-type=\"column\">\n\t\t\t<div class=\"elementor-widget-wrap elementor-element-populated\">\n\t\t\t\t\t\t<div class=\"elementor-element elementor-element-6d1cf780 elementor-widget elementor-widget-text-editor\" data-id=\"6d1cf780\" data-element_type=\"widget\" data-e-type=\"widget\" data-widget_type=\"text-editor.default\">\n\t\t\t\t<div class=\"elementor-widget-container\">\n\t\t\t\t\t\t\t\t\t<p>A m\u00e1quina injetora M3 de <a href=\"https:\/\/www.emosa.com\/pt-pt\/fomaco\/\"><strong>Fomaco<\/strong><\/a> est\u00e1 dispon\u00edvel em quatro tamanhos diferentes, cada um com um n\u00famero distinto de configura\u00e7\u00f5es de cabe\u00e7ote, permitindo uma personaliza\u00e7\u00e3o total. Gra\u00e7as ao design modular, aos programas id\u00eanticos e \u00e0 aplica\u00e7\u00e3o dos mesmos princ\u00edpios de constru\u00e7\u00e3o em todos os componentes e controles, a instala\u00e7\u00e3o e o uso nunca foram t\u00e3o f\u00e1ceis. Gra\u00e7as ao design modular, aos programas id\u00eanticos e \u00e0 aplica\u00e7\u00e3o dos mesmos princ\u00edpios de constru\u00e7\u00e3o em todos os componentes e controles, a instala\u00e7\u00e3o e o uso nunca foram t\u00e3o f\u00e1ceis.<\/p>\n\t\t\t\t\t\t\t\t<\/div>\n\t\t\t\t<\/div>\n\t\t\t\t<div class=\"elementor-element elementor-element-e66e18f elementor-widget elementor-widget-heading\" data-id=\"e66e18f\" data-element_type=\"widget\" data-e-type=\"widget\" data-widget_type=\"heading.default\">\n\t\t\t\t<div class=\"elementor-widget-container\">\n\t\t\t\t\t<h2 class=\"elementor-heading-title elementor-size-default\">Carater\u00edsticas do injetora M3<\/h2>\t\t\t\t<\/div>\n\t\t\t\t<\/div>\n\t\t\t\t\t<\/div>\n\t\t<\/div>\n\t\t\t\t\t<\/div>\n\t\t<\/section>\n\t\t\t\t<section class=\"elementor-section elementor-top-section elementor-element elementor-element-c537937 elementor-section-boxed elementor-section-height-default elementor-section-height-default\" data-id=\"c537937\" data-element_type=\"section\" data-e-type=\"section\">\n\t\t\t\t\t\t<div class=\"elementor-container elementor-column-gap-default\">\n\t\t\t\t\t<div class=\"elementor-column elementor-col-100 elementor-top-column elementor-element elementor-element-59f2100\" data-id=\"59f2100\" data-element_type=\"column\" data-e-type=\"column\">\n\t\t\t<div class=\"elementor-widget-wrap elementor-element-populated\">\n\t\t\t\t\t\t<div class=\"elementor-element elementor-element-8cb9486 elementor-widget elementor-widget-text-editor\" data-id=\"8cb9486\" data-element_type=\"widget\" data-e-type=\"widget\" data-widget_type=\"text-editor.default\">\n\t\t\t\t<div class=\"elementor-widget-container\">\n\t\t\t\t\t\t\t\t\t<p><strong>M\u00e1ximo controle de movimento<\/strong><\/p>\n<p>Os motores de fuso independentes para cada cabe\u00e7ote de agulhas permitem que a M3 se adapte \u00e0 altura do seu produto. \u00c9 poss\u00edvel at\u00e9 mesmo definir o alcance do movimento do cabe\u00e7ote da agulha de cima para baixo, oferecendo um controle sem precedentes na distribui\u00e7\u00e3o do sal e do marinado. A acelera\u00e7\u00e3o linear durante a inje\u00e7\u00e3o garante uma distribui\u00e7\u00e3o uniforme do sal de cima para baixo.<\/p>\n<ul>\n<li>Lubrifica\u00e7\u00e3o autom\u00e1tica.<\/li>\n<li>Controle autom\u00e1tico da temperatura da salmoura.<\/li>\n<li>Controle autom\u00e1tico da press\u00e3o m\u00ednima da bomba.<\/li>\n<li>Solu\u00e7\u00e3o autom\u00e1tica de problemas.<\/li>\n<li>Programa autom\u00e1tico de limpeza.<\/li>\n<\/ul>\n<p><strong>Luxo optimizado da bomba ao produto<\/strong><\/p>\n<p>Nosso uso de sistemas de bombeamento de \u00faltima gera\u00e7\u00e3o eliminou as zonas mortas e as \u00e1reas de baixo fluxo, garantindo uma press\u00e3o constante e um fluxo preciso. O resultado \u00e9 uma distribui\u00e7\u00e3o uniforme da salmoura, independentemente do tipo de produto, do tamanho e do n\u00famero de agulhas.<\/p>\n<p><strong>Dados t\u00e9cnicos<\/strong><\/p>\n<ul>\n<li>Cabe\u00e7ote de agulhas: 1 &#8211; 90 inje\u00e7\u00f5es por minuto.<\/li>\n<li>Sistema de transporte: correia transportadora &#8211; a\u00e7o inoxid\u00e1vel ou pl\u00e1stico (intralox).<\/li>\n<li>Sistema de transporte (largura): 420 &#8211; 950 mm.<\/li>\n<\/ul>\n\t\t\t\t\t\t\t\t<\/div>\n\t\t\t\t<\/div>\n\t\t\t\t\t<\/div>\n\t\t<\/div>\n\t\t\t\t\t<\/div>\n\t\t<\/section>\n\t\t\t\t<\/div>\n\t\t","protected":false},"excerpt":{"rendered":"<p>Excel\u00eancia na inje\u00e7\u00e3o.<\/p>\n<p>Ideal para produtos c\u00e1rnicos, av\u00edcolas e de pescado.<\/p>\n","protected":false},"featured_media":12502,"template":"","meta":{"_joinchat":[]},"product_brand":[],"product_cat":[344],"product_tag":[242,243,247],"class_list":{"0":"post-12497","1":"product","2":"type-product","3":"status-publish","4":"has-post-thumbnail","6":"product_cat-maquinas-injetoras","7":"product_tag-aves","8":"product_tag-carnes","9":"product_tag-peixe","10":"yith_product_brand-fomaco-pt","12":"first","13":"instock","14":"shipping-taxable","15":"product-type-simple"},"yoast_head":"<!-- This site is optimized with the Yoast SEO plugin v27.4 - https:\/\/yoast.com\/product\/yoast-seo-wordpress\/ -->\n<title>Injetora Fomaco M3 - Emo<\/title>\n<meta name=\"description\" content=\"A m\u00e1quina injetora M3 est\u00e1 dispon\u00edvel em quatro tamanhos diferentes e \u00e9 ideal para produtos c\u00e1rnicos, av\u00edcolas e de pescado.\" \/>\n<meta name=\"robots\" content=\"index, follow, max-snippet:-1, max-image-preview:large, max-video-preview:-1\" \/>\n<link rel=\"canonical\" href=\"https:\/\/www.emosa.com\/pt-pt\/injetora-fomaco-m3\/\" \/>\n<meta property=\"og:locale\" content=\"pt_PT\" \/>\n<meta property=\"og:type\" content=\"article\" \/>\n<meta property=\"og:title\" content=\"Injetora Fomaco M3 - Emo\" \/>\n<meta property=\"og:description\" content=\"A m\u00e1quina injetora M3 est\u00e1 dispon\u00edvel em quatro tamanhos diferentes e \u00e9 ideal para produtos c\u00e1rnicos, av\u00edcolas e de pescado.\" \/>\n<meta property=\"og:url\" content=\"https:\/\/www.emosa.com\/pt-pt\/injetora-fomaco-m3\/\" \/>\n<meta property=\"og:site_name\" content=\"Emo\" \/>\n<meta property=\"article:modified_time\" content=\"2025-01-27T12:58:33+00:00\" \/>\n<meta property=\"og:image\" content=\"https:\/\/www.emosa.com\/wp-content\/uploads\/2025\/01\/inyectora-m3-fomaco.webp\" \/>\n\t<meta property=\"og:image:width\" content=\"600\" \/>\n\t<meta property=\"og:image:height\" content=\"600\" \/>\n\t<meta property=\"og:image:type\" content=\"image\/webp\" \/>\n<meta name=\"twitter:card\" content=\"summary_large_image\" \/>\n<meta name=\"twitter:label1\" content=\"Tempo estimado de leitura\" \/>\n\t<meta name=\"twitter:data1\" content=\"2 minutos\" \/>\n<script type=\"application\/ld+json\" class=\"yoast-schema-graph\">{\"@context\":\"https:\\\/\\\/schema.org\",\"@graph\":[{\"@type\":\"WebPage\",\"@id\":\"https:\\\/\\\/www.emosa.com\\\/pt-pt\\\/injetora-fomaco-m3\\\/\",\"url\":\"https:\\\/\\\/www.emosa.com\\\/pt-pt\\\/injetora-fomaco-m3\\\/\",\"name\":\"Injetora Fomaco M3 - Emo\",\"isPartOf\":{\"@id\":\"https:\\\/\\\/www.emosa.com\\\/pt-pt\\\/#website\"},\"primaryImageOfPage\":{\"@id\":\"https:\\\/\\\/www.emosa.com\\\/pt-pt\\\/injetora-fomaco-m3\\\/#primaryimage\"},\"image\":{\"@id\":\"https:\\\/\\\/www.emosa.com\\\/pt-pt\\\/injetora-fomaco-m3\\\/#primaryimage\"},\"thumbnailUrl\":\"https:\\\/\\\/www.emosa.com\\\/wp-content\\\/uploads\\\/2025\\\/01\\\/inyectora-m3-fomaco.webp\",\"datePublished\":\"2025-01-27T09:56:04+00:00\",\"dateModified\":\"2025-01-27T12:58:33+00:00\",\"description\":\"A m\u00e1quina injetora M3 est\u00e1 dispon\u00edvel em quatro tamanhos diferentes e \u00e9 ideal para produtos c\u00e1rnicos, av\u00edcolas e de pescado.\",\"breadcrumb\":{\"@id\":\"https:\\\/\\\/www.emosa.com\\\/pt-pt\\\/injetora-fomaco-m3\\\/#breadcrumb\"},\"inLanguage\":\"pt-PT\",\"potentialAction\":[{\"@type\":\"ReadAction\",\"target\":[\"https:\\\/\\\/www.emosa.com\\\/pt-pt\\\/injetora-fomaco-m3\\\/\"]}]},{\"@type\":\"ImageObject\",\"inLanguage\":\"pt-PT\",\"@id\":\"https:\\\/\\\/www.emosa.com\\\/pt-pt\\\/injetora-fomaco-m3\\\/#primaryimage\",\"url\":\"https:\\\/\\\/www.emosa.com\\\/wp-content\\\/uploads\\\/2025\\\/01\\\/inyectora-m3-fomaco.webp\",\"contentUrl\":\"https:\\\/\\\/www.emosa.com\\\/wp-content\\\/uploads\\\/2025\\\/01\\\/inyectora-m3-fomaco.webp\",\"width\":600,\"height\":600,\"caption\":\"Injetora M3 fomaco\"},{\"@type\":\"BreadcrumbList\",\"@id\":\"https:\\\/\\\/www.emosa.com\\\/pt-pt\\\/injetora-fomaco-m3\\\/#breadcrumb\",\"itemListElement\":[{\"@type\":\"ListItem\",\"position\":1,\"name\":\"EMO\",\"item\":\"https:\\\/\\\/www.emosa.com\\\/pt-pt\\\/\"},{\"@type\":\"ListItem\",\"position\":2,\"name\":\"Tienda\",\"item\":\"https:\\\/\\\/www.emosa.com\\\/tienda\\\/\"},{\"@type\":\"ListItem\",\"position\":3,\"name\":\"Injetora Fomaco M3\"}]},{\"@type\":\"WebSite\",\"@id\":\"https:\\\/\\\/www.emosa.com\\\/pt-pt\\\/#website\",\"url\":\"https:\\\/\\\/www.emosa.com\\\/pt-pt\\\/\",\"name\":\"Emo\",\"description\":\"Maquinaria industria alimentaria y Envases Sostenibles\",\"publisher\":{\"@id\":\"https:\\\/\\\/www.emosa.com\\\/pt-pt\\\/#organization\"},\"potentialAction\":[{\"@type\":\"SearchAction\",\"target\":{\"@type\":\"EntryPoint\",\"urlTemplate\":\"https:\\\/\\\/www.emosa.com\\\/pt-pt\\\/?s={search_term_string}\"},\"query-input\":{\"@type\":\"PropertyValueSpecification\",\"valueRequired\":true,\"valueName\":\"search_term_string\"}}],\"inLanguage\":\"pt-PT\"},{\"@type\":\"Organization\",\"@id\":\"https:\\\/\\\/www.emosa.com\\\/pt-pt\\\/#organization\",\"name\":\"EMO - Maquinaria Industria Alimentaria\",\"url\":\"https:\\\/\\\/www.emosa.com\\\/pt-pt\\\/\",\"logo\":{\"@type\":\"ImageObject\",\"inLanguage\":\"pt-PT\",\"@id\":\"https:\\\/\\\/www.emosa.com\\\/pt-pt\\\/#\\\/schema\\\/logo\\\/image\\\/\",\"url\":\"https:\\\/\\\/www.emosa.com\\\/wp-content\\\/uploads\\\/2023\\\/01\\\/logo-emo-50-aniversario.png\",\"contentUrl\":\"https:\\\/\\\/www.emosa.com\\\/wp-content\\\/uploads\\\/2023\\\/01\\\/logo-emo-50-aniversario.png\",\"width\":300,\"height\":158,\"caption\":\"EMO - Maquinaria Industria Alimentaria\"},\"image\":{\"@id\":\"https:\\\/\\\/www.emosa.com\\\/pt-pt\\\/#\\\/schema\\\/logo\\\/image\\\/\"},\"sameAs\":[\"https:\\\/\\\/www.linkedin.com\\\/company\\\/emo-sa\\\/\",\"https:\\\/\\\/www.youtube.com\\\/channel\\\/UCE4DD4ZApaNHUQYLVQiPBhw\"]}]}<\/script>\n<!-- \/ Yoast SEO plugin. -->","yoast_head_json":{"title":"Injetora Fomaco M3 - Emo","description":"A m\u00e1quina injetora M3 est\u00e1 dispon\u00edvel em quatro tamanhos diferentes e \u00e9 ideal para produtos c\u00e1rnicos, av\u00edcolas e de pescado.","robots":{"index":"index","follow":"follow","max-snippet":"max-snippet:-1","max-image-preview":"max-image-preview:large","max-video-preview":"max-video-preview:-1"},"canonical":"https:\/\/www.emosa.com\/pt-pt\/injetora-fomaco-m3\/","og_locale":"pt_PT","og_type":"article","og_title":"Injetora Fomaco M3 - Emo","og_description":"A m\u00e1quina injetora M3 est\u00e1 dispon\u00edvel em quatro tamanhos diferentes e \u00e9 ideal para produtos c\u00e1rnicos, av\u00edcolas e de pescado.","og_url":"https:\/\/www.emosa.com\/pt-pt\/injetora-fomaco-m3\/","og_site_name":"Emo","article_modified_time":"2025-01-27T12:58:33+00:00","og_image":[{"width":600,"height":600,"url":"https:\/\/www.emosa.com\/wp-content\/uploads\/2025\/01\/inyectora-m3-fomaco.webp","type":"image\/webp"}],"twitter_card":"summary_large_image","twitter_misc":{"Tempo estimado de leitura":"2 minutos"},"schema":{"@context":"https:\/\/schema.org","@graph":[{"@type":"WebPage","@id":"https:\/\/www.emosa.com\/pt-pt\/injetora-fomaco-m3\/","url":"https:\/\/www.emosa.com\/pt-pt\/injetora-fomaco-m3\/","name":"Injetora Fomaco M3 - Emo","isPartOf":{"@id":"https:\/\/www.emosa.com\/pt-pt\/#website"},"primaryImageOfPage":{"@id":"https:\/\/www.emosa.com\/pt-pt\/injetora-fomaco-m3\/#primaryimage"},"image":{"@id":"https:\/\/www.emosa.com\/pt-pt\/injetora-fomaco-m3\/#primaryimage"},"thumbnailUrl":"https:\/\/www.emosa.com\/wp-content\/uploads\/2025\/01\/inyectora-m3-fomaco.webp","datePublished":"2025-01-27T09:56:04+00:00","dateModified":"2025-01-27T12:58:33+00:00","description":"A m\u00e1quina injetora M3 est\u00e1 dispon\u00edvel em quatro tamanhos diferentes e \u00e9 ideal para produtos c\u00e1rnicos, av\u00edcolas e de pescado.","breadcrumb":{"@id":"https:\/\/www.emosa.com\/pt-pt\/injetora-fomaco-m3\/#breadcrumb"},"inLanguage":"pt-PT","potentialAction":[{"@type":"ReadAction","target":["https:\/\/www.emosa.com\/pt-pt\/injetora-fomaco-m3\/"]}]},{"@type":"ImageObject","inLanguage":"pt-PT","@id":"https:\/\/www.emosa.com\/pt-pt\/injetora-fomaco-m3\/#primaryimage","url":"https:\/\/www.emosa.com\/wp-content\/uploads\/2025\/01\/inyectora-m3-fomaco.webp","contentUrl":"https:\/\/www.emosa.com\/wp-content\/uploads\/2025\/01\/inyectora-m3-fomaco.webp","width":600,"height":600,"caption":"Injetora M3 fomaco"},{"@type":"BreadcrumbList","@id":"https:\/\/www.emosa.com\/pt-pt\/injetora-fomaco-m3\/#breadcrumb","itemListElement":[{"@type":"ListItem","position":1,"name":"EMO","item":"https:\/\/www.emosa.com\/pt-pt\/"},{"@type":"ListItem","position":2,"name":"Tienda","item":"https:\/\/www.emosa.com\/tienda\/"},{"@type":"ListItem","position":3,"name":"Injetora Fomaco M3"}]},{"@type":"WebSite","@id":"https:\/\/www.emosa.com\/pt-pt\/#website","url":"https:\/\/www.emosa.com\/pt-pt\/","name":"Emo","description":"Maquinaria industria alimentaria y Envases Sostenibles","publisher":{"@id":"https:\/\/www.emosa.com\/pt-pt\/#organization"},"potentialAction":[{"@type":"SearchAction","target":{"@type":"EntryPoint","urlTemplate":"https:\/\/www.emosa.com\/pt-pt\/?s={search_term_string}"},"query-input":{"@type":"PropertyValueSpecification","valueRequired":true,"valueName":"search_term_string"}}],"inLanguage":"pt-PT"},{"@type":"Organization","@id":"https:\/\/www.emosa.com\/pt-pt\/#organization","name":"EMO - Maquinaria Industria Alimentaria","url":"https:\/\/www.emosa.com\/pt-pt\/","logo":{"@type":"ImageObject","inLanguage":"pt-PT","@id":"https:\/\/www.emosa.com\/pt-pt\/#\/schema\/logo\/image\/","url":"https:\/\/www.emosa.com\/wp-content\/uploads\/2023\/01\/logo-emo-50-aniversario.png","contentUrl":"https:\/\/www.emosa.com\/wp-content\/uploads\/2023\/01\/logo-emo-50-aniversario.png","width":300,"height":158,"caption":"EMO - Maquinaria Industria Alimentaria"},"image":{"@id":"https:\/\/www.emosa.com\/pt-pt\/#\/schema\/logo\/image\/"},"sameAs":["https:\/\/www.linkedin.com\/company\/emo-sa\/","https:\/\/www.youtube.com\/channel\/UCE4DD4ZApaNHUQYLVQiPBhw"]}]}},"_links":{"self":[{"href":"https:\/\/www.emosa.com\/pt-pt\/wp-json\/wp\/v2\/product\/12497","targetHints":{"allow":["GET"]}}],"collection":[{"href":"https:\/\/www.emosa.com\/pt-pt\/wp-json\/wp\/v2\/product"}],"about":[{"href":"https:\/\/www.emosa.com\/pt-pt\/wp-json\/wp\/v2\/types\/product"}],"version-history":[{"count":13,"href":"https:\/\/www.emosa.com\/pt-pt\/wp-json\/wp\/v2\/product\/12497\/revisions"}],"predecessor-version":[{"id":12554,"href":"https:\/\/www.emosa.com\/pt-pt\/wp-json\/wp\/v2\/product\/12497\/revisions\/12554"}],"wp:featuredmedia":[{"embeddable":true,"href":"https:\/\/www.emosa.com\/pt-pt\/wp-json\/wp\/v2\/media\/12502"}],"wp:attachment":[{"href":"https:\/\/www.emosa.com\/pt-pt\/wp-json\/wp\/v2\/media?parent=12497"}],"wp:term":[{"taxonomy":"product_brand","embeddable":true,"href":"https:\/\/www.emosa.com\/pt-pt\/wp-json\/wp\/v2\/product_brand?post=12497"},{"taxonomy":"product_cat","embeddable":true,"href":"https:\/\/www.emosa.com\/pt-pt\/wp-json\/wp\/v2\/product_cat?post=12497"},{"taxonomy":"product_tag","embeddable":true,"href":"https:\/\/www.emosa.com\/pt-pt\/wp-json\/wp\/v2\/product_tag?post=12497"}],"curies":[{"name":"wp","href":"https:\/\/api.w.org\/{rel}","templated":true}]}}