{"id":12868,"date":"2025-04-08T08:54:47","date_gmt":"2025-04-08T06:54:47","guid":{"rendered":"https:\/\/www.emosa.com\/?post_type=product&#038;p=12868"},"modified":"2025-04-08T10:58:16","modified_gmt":"2025-04-08T08:58:16","slug":"termoformadora-automatica-sealpac-serie-f","status":"publish","type":"product","link":"https:\/\/www.emosa.com\/pt-pt\/termoformadora-automatica-sealpac-serie-f\/","title":{"rendered":"Termoformadora autom\u00e1tica Sealpac Serie F"},"content":{"rendered":"\t\t<div data-elementor-type=\"product-post\" data-elementor-id=\"12868\" class=\"elementor elementor-12868 elementor-12867\" data-elementor-post-type=\"product\">\n\t\t\t\t\t\t<section class=\"elementor-section elementor-top-section elementor-element elementor-element-519aa96 elementor-section-boxed elementor-section-height-default elementor-section-height-default\" data-id=\"519aa96\" data-element_type=\"section\" data-e-type=\"section\">\n\t\t\t\t\t\t<div class=\"elementor-container elementor-column-gap-default\">\n\t\t\t\t\t<div class=\"elementor-column elementor-col-100 elementor-top-column elementor-element elementor-element-c1687a1\" data-id=\"c1687a1\" data-element_type=\"column\" data-e-type=\"column\">\n\t\t\t<div class=\"elementor-widget-wrap elementor-element-populated\">\n\t\t\t\t\t\t<div class=\"elementor-element elementor-element-16d8076 elementor-widget elementor-widget-text-editor\" data-id=\"16d8076\" data-element_type=\"widget\" data-e-type=\"widget\" data-widget_type=\"text-editor.default\">\n\t\t\t\t<div class=\"elementor-widget-container\">\n\t\t\t\t\t\t\t\t\t<p><strong>Termoforma\u00e7\u00e3o perfeita.<\/strong><\/p><p>Cada termoformadora <strong>SEALPAC F<\/strong> incorpora uma tecnologia de forma\u00e7\u00e3o \u00fanica que proporciona uma <strong>consist\u00eancia de termoformagem incompar\u00e1vel, especialmente nos cantos do recipiente<\/strong>, sem necessidade de um mecanismo de estampagem adicional. Isto aplica-se at\u00e9 mesmo \u00e0s aplica\u00e7\u00f5es de filmes r\u00edgidos mais complexas. <strong>A utiliza\u00e7\u00e3o de ar permite-nos obter maiores rendimentos gra\u00e7as aos menores tempos de v\u00e1cuo e ventila\u00e7\u00e3o<\/strong>, al\u00e9m de permitir a utiliza\u00e7\u00e3o de filmes mais finos e, ao mesmo tempo, produzir uma embalagem est\u00e1vel.<\/p>\t\t\t\t\t\t\t\t<\/div>\n\t\t\t\t<\/div>\n\t\t\t\t<div class=\"elementor-element elementor-element-ac98bc4 elementor-widget elementor-widget-heading\" data-id=\"ac98bc4\" data-element_type=\"widget\" data-e-type=\"widget\" data-widget_type=\"heading.default\">\n\t\t\t\t<div class=\"elementor-widget-container\">\n\t\t\t\t\t<h2 class=\"elementor-heading-title elementor-size-default\">Caracter\u00edsticas da termoformadora SEALPAC S\u00e9rie F<\/h2>\t\t\t\t<\/div>\n\t\t\t\t<\/div>\n\t\t\t\t<div class=\"elementor-element elementor-element-9ab32ef elementor-widget elementor-widget-text-editor\" data-id=\"9ab32ef\" data-element_type=\"widget\" data-e-type=\"widget\" data-widget_type=\"text-editor.default\">\n\t\t\t\t<div class=\"elementor-widget-container\">\n\t\t\t\t\t\t\t\t\t<ul><li>Qualidade de constru\u00e7\u00e3o excepcionalmente dur\u00e1vel.<\/li><li>\u00d3tima acessibilidade em toda a m\u00e1quina de termoformagem.<\/li><li>Totalmente servo-acionado.<\/li><li>Compat\u00edvel com todas as aplica\u00e7\u00f5es de filmes flex\u00edveis e r\u00edgidos.<\/li><li>Tempos de ciclo mais r\u00e1pidos e filmes mais finos.<\/li><li>Opera\u00e7\u00e3o f\u00e1cil com ecr\u00e3 t\u00e1ctil intuitivo e iMode.<\/li><li>Controlo e rastreabilidade gra\u00e7as \u00e0s etiquetas RFID.<\/li><\/ul>\t\t\t\t\t\t\t\t<\/div>\n\t\t\t\t<\/div>\n\t\t\t\t\t<\/div>\n\t\t<\/div>\n\t\t\t\t\t<\/div>\n\t\t<\/section>\n\t\t\t\t<\/div>\n\t\t","protected":false},"excerpt":{"rendered":"<p><strong>M\u00e1quinas de termoformagem inovadoras<\/strong><\/p>\n<p>A nossa s\u00e9rie SEALPAC F \u00e9 o resultado de muitos anos de investiga\u00e7\u00e3o e desenvolvimento, que foram investidos na reformula\u00e7\u00e3o radical de todos os aspetos da m\u00e1quina de termoformagem. O resultado \u00e9 uma <strong>m\u00e1quina de embalagem de alto desempenho com v\u00e1rias caracter\u00edsticas \u00fanicas<\/strong> que ir\u00e3o revolucionar a produ\u00e7\u00e3o de embalagens termoformadas em todo o mundo.<\/p>\n","protected":false},"featured_media":12870,"template":"","meta":{"_joinchat":[]},"product_brand":[],"product_cat":[234],"product_tag":[242,243,244,245,251,250,247,248,249,246],"class_list":{"0":"post-12868","1":"product","2":"type-product","3":"status-publish","4":"has-post-thumbnail","6":"product_cat-termoformadoras-maquinas","7":"product_tag-aves","8":"product_tag-carnes","9":"product_tag-frutas-e-verduras","10":"product_tag-laticinios","11":"product_tag-non-food-pt-pt","12":"product_tag-padaria-e-pastelaria","13":"product_tag-peixe","14":"product_tag-petfood-pt-pt","15":"product_tag-pre-cozido","16":"product_tag-vegano-e-vegetariano","17":"yith_product_brand-sealpac-pt-pt","19":"first","20":"instock","21":"shipping-taxable","22":"product-type-simple"},"yoast_head":"<!-- This site is optimized with the Yoast SEO plugin v27.4 - https:\/\/yoast.com\/product\/yoast-seo-wordpress\/ -->\n<title>Termoformadora Autom\u00e1tica SEALPAC Serie F - Emo<\/title>\n<meta name=\"description\" content=\"A s\u00e9rie F de m\u00e1quinas de termoforma\u00e7\u00e3o Sealpac \u00e9 a solu\u00e7\u00e3o para uma produ\u00e7\u00e3o elevada. Compat\u00edvel com todas as aplica\u00e7\u00f5es de filmes flex\u00edveis e r\u00edgidos.\" \/>\n<meta name=\"robots\" content=\"index, follow, max-snippet:-1, max-image-preview:large, max-video-preview:-1\" \/>\n<link rel=\"canonical\" href=\"https:\/\/www.emosa.com\/pt-pt\/termoformadora-automatica-sealpac-serie-f\/\" \/>\n<meta property=\"og:locale\" content=\"pt_PT\" \/>\n<meta property=\"og:type\" content=\"article\" \/>\n<meta property=\"og:title\" content=\"Termoformadora Autom\u00e1tica SEALPAC Serie F - Emo\" \/>\n<meta property=\"og:description\" content=\"A s\u00e9rie F de m\u00e1quinas de termoforma\u00e7\u00e3o Sealpac \u00e9 a solu\u00e7\u00e3o para uma produ\u00e7\u00e3o elevada. Compat\u00edvel com todas as aplica\u00e7\u00f5es de filmes flex\u00edveis e r\u00edgidos.\" \/>\n<meta property=\"og:url\" content=\"https:\/\/www.emosa.com\/pt-pt\/termoformadora-automatica-sealpac-serie-f\/\" \/>\n<meta property=\"og:site_name\" content=\"Emo\" \/>\n<meta property=\"article:modified_time\" content=\"2025-04-08T08:58:16+00:00\" \/>\n<meta property=\"og:image\" content=\"https:\/\/www.emosa.com\/wp-content\/uploads\/2025\/04\/sealpac-serie-f.jpg\" \/>\n\t<meta property=\"og:image:width\" content=\"535\" \/>\n\t<meta property=\"og:image:height\" content=\"355\" \/>\n\t<meta property=\"og:image:type\" content=\"image\/jpeg\" \/>\n<meta name=\"twitter:card\" content=\"summary_large_image\" \/>\n<meta name=\"twitter:label1\" content=\"Tempo estimado de leitura\" \/>\n\t<meta name=\"twitter:data1\" content=\"1 minuto\" \/>\n<script type=\"application\/ld+json\" class=\"yoast-schema-graph\">{\"@context\":\"https:\\\/\\\/schema.org\",\"@graph\":[{\"@type\":\"WebPage\",\"@id\":\"https:\\\/\\\/www.emosa.com\\\/pt-pt\\\/termoformadora-automatica-sealpac-serie-f\\\/\",\"url\":\"https:\\\/\\\/www.emosa.com\\\/pt-pt\\\/termoformadora-automatica-sealpac-serie-f\\\/\",\"name\":\"Termoformadora Autom\u00e1tica SEALPAC Serie F - Emo\",\"isPartOf\":{\"@id\":\"https:\\\/\\\/www.emosa.com\\\/pt-pt\\\/#website\"},\"primaryImageOfPage\":{\"@id\":\"https:\\\/\\\/www.emosa.com\\\/pt-pt\\\/termoformadora-automatica-sealpac-serie-f\\\/#primaryimage\"},\"image\":{\"@id\":\"https:\\\/\\\/www.emosa.com\\\/pt-pt\\\/termoformadora-automatica-sealpac-serie-f\\\/#primaryimage\"},\"thumbnailUrl\":\"https:\\\/\\\/www.emosa.com\\\/wp-content\\\/uploads\\\/2025\\\/04\\\/sealpac-serie-f.jpg\",\"datePublished\":\"2025-04-08T06:54:47+00:00\",\"dateModified\":\"2025-04-08T08:58:16+00:00\",\"description\":\"A s\u00e9rie F de m\u00e1quinas de termoforma\u00e7\u00e3o Sealpac \u00e9 a solu\u00e7\u00e3o para uma produ\u00e7\u00e3o elevada. Compat\u00edvel com todas as aplica\u00e7\u00f5es de filmes flex\u00edveis e r\u00edgidos.\",\"breadcrumb\":{\"@id\":\"https:\\\/\\\/www.emosa.com\\\/pt-pt\\\/termoformadora-automatica-sealpac-serie-f\\\/#breadcrumb\"},\"inLanguage\":\"pt-PT\",\"potentialAction\":[{\"@type\":\"ReadAction\",\"target\":[\"https:\\\/\\\/www.emosa.com\\\/pt-pt\\\/termoformadora-automatica-sealpac-serie-f\\\/\"]}]},{\"@type\":\"ImageObject\",\"inLanguage\":\"pt-PT\",\"@id\":\"https:\\\/\\\/www.emosa.com\\\/pt-pt\\\/termoformadora-automatica-sealpac-serie-f\\\/#primaryimage\",\"url\":\"https:\\\/\\\/www.emosa.com\\\/wp-content\\\/uploads\\\/2025\\\/04\\\/sealpac-serie-f.jpg\",\"contentUrl\":\"https:\\\/\\\/www.emosa.com\\\/wp-content\\\/uploads\\\/2025\\\/04\\\/sealpac-serie-f.jpg\",\"width\":535,\"height\":355,\"caption\":\"Termoformadora Sealpac\"},{\"@type\":\"BreadcrumbList\",\"@id\":\"https:\\\/\\\/www.emosa.com\\\/pt-pt\\\/termoformadora-automatica-sealpac-serie-f\\\/#breadcrumb\",\"itemListElement\":[{\"@type\":\"ListItem\",\"position\":1,\"name\":\"EMO\",\"item\":\"https:\\\/\\\/www.emosa.com\\\/pt-pt\\\/\"},{\"@type\":\"ListItem\",\"position\":2,\"name\":\"Tienda\",\"item\":\"https:\\\/\\\/www.emosa.com\\\/tienda\\\/\"},{\"@type\":\"ListItem\",\"position\":3,\"name\":\"Termoformadora autom\u00e1tica Sealpac Serie F\"}]},{\"@type\":\"WebSite\",\"@id\":\"https:\\\/\\\/www.emosa.com\\\/pt-pt\\\/#website\",\"url\":\"https:\\\/\\\/www.emosa.com\\\/pt-pt\\\/\",\"name\":\"Emo\",\"description\":\"Maquinaria industria alimentaria y Envases Sostenibles\",\"publisher\":{\"@id\":\"https:\\\/\\\/www.emosa.com\\\/pt-pt\\\/#organization\"},\"potentialAction\":[{\"@type\":\"SearchAction\",\"target\":{\"@type\":\"EntryPoint\",\"urlTemplate\":\"https:\\\/\\\/www.emosa.com\\\/pt-pt\\\/?s={search_term_string}\"},\"query-input\":{\"@type\":\"PropertyValueSpecification\",\"valueRequired\":true,\"valueName\":\"search_term_string\"}}],\"inLanguage\":\"pt-PT\"},{\"@type\":\"Organization\",\"@id\":\"https:\\\/\\\/www.emosa.com\\\/pt-pt\\\/#organization\",\"name\":\"EMO - Maquinaria Industria Alimentaria\",\"url\":\"https:\\\/\\\/www.emosa.com\\\/pt-pt\\\/\",\"logo\":{\"@type\":\"ImageObject\",\"inLanguage\":\"pt-PT\",\"@id\":\"https:\\\/\\\/www.emosa.com\\\/pt-pt\\\/#\\\/schema\\\/logo\\\/image\\\/\",\"url\":\"https:\\\/\\\/www.emosa.com\\\/wp-content\\\/uploads\\\/2023\\\/01\\\/logo-emo-50-aniversario.png\",\"contentUrl\":\"https:\\\/\\\/www.emosa.com\\\/wp-content\\\/uploads\\\/2023\\\/01\\\/logo-emo-50-aniversario.png\",\"width\":300,\"height\":158,\"caption\":\"EMO - Maquinaria Industria Alimentaria\"},\"image\":{\"@id\":\"https:\\\/\\\/www.emosa.com\\\/pt-pt\\\/#\\\/schema\\\/logo\\\/image\\\/\"},\"sameAs\":[\"https:\\\/\\\/www.linkedin.com\\\/company\\\/emo-sa\\\/\",\"https:\\\/\\\/www.youtube.com\\\/channel\\\/UCE4DD4ZApaNHUQYLVQiPBhw\"]}]}<\/script>\n<!-- \/ Yoast SEO plugin. -->","yoast_head_json":{"title":"Termoformadora Autom\u00e1tica SEALPAC Serie F - Emo","description":"A s\u00e9rie F de m\u00e1quinas de termoforma\u00e7\u00e3o Sealpac \u00e9 a solu\u00e7\u00e3o para uma produ\u00e7\u00e3o elevada. Compat\u00edvel com todas as aplica\u00e7\u00f5es de filmes flex\u00edveis e r\u00edgidos.","robots":{"index":"index","follow":"follow","max-snippet":"max-snippet:-1","max-image-preview":"max-image-preview:large","max-video-preview":"max-video-preview:-1"},"canonical":"https:\/\/www.emosa.com\/pt-pt\/termoformadora-automatica-sealpac-serie-f\/","og_locale":"pt_PT","og_type":"article","og_title":"Termoformadora Autom\u00e1tica SEALPAC Serie F - Emo","og_description":"A s\u00e9rie F de m\u00e1quinas de termoforma\u00e7\u00e3o Sealpac \u00e9 a solu\u00e7\u00e3o para uma produ\u00e7\u00e3o elevada. Compat\u00edvel com todas as aplica\u00e7\u00f5es de filmes flex\u00edveis e r\u00edgidos.","og_url":"https:\/\/www.emosa.com\/pt-pt\/termoformadora-automatica-sealpac-serie-f\/","og_site_name":"Emo","article_modified_time":"2025-04-08T08:58:16+00:00","og_image":[{"width":535,"height":355,"url":"https:\/\/www.emosa.com\/wp-content\/uploads\/2025\/04\/sealpac-serie-f.jpg","type":"image\/jpeg"}],"twitter_card":"summary_large_image","twitter_misc":{"Tempo estimado de leitura":"1 minuto"},"schema":{"@context":"https:\/\/schema.org","@graph":[{"@type":"WebPage","@id":"https:\/\/www.emosa.com\/pt-pt\/termoformadora-automatica-sealpac-serie-f\/","url":"https:\/\/www.emosa.com\/pt-pt\/termoformadora-automatica-sealpac-serie-f\/","name":"Termoformadora Autom\u00e1tica SEALPAC Serie F - Emo","isPartOf":{"@id":"https:\/\/www.emosa.com\/pt-pt\/#website"},"primaryImageOfPage":{"@id":"https:\/\/www.emosa.com\/pt-pt\/termoformadora-automatica-sealpac-serie-f\/#primaryimage"},"image":{"@id":"https:\/\/www.emosa.com\/pt-pt\/termoformadora-automatica-sealpac-serie-f\/#primaryimage"},"thumbnailUrl":"https:\/\/www.emosa.com\/wp-content\/uploads\/2025\/04\/sealpac-serie-f.jpg","datePublished":"2025-04-08T06:54:47+00:00","dateModified":"2025-04-08T08:58:16+00:00","description":"A s\u00e9rie F de m\u00e1quinas de termoforma\u00e7\u00e3o Sealpac \u00e9 a solu\u00e7\u00e3o para uma produ\u00e7\u00e3o elevada. Compat\u00edvel com todas as aplica\u00e7\u00f5es de filmes flex\u00edveis e r\u00edgidos.","breadcrumb":{"@id":"https:\/\/www.emosa.com\/pt-pt\/termoformadora-automatica-sealpac-serie-f\/#breadcrumb"},"inLanguage":"pt-PT","potentialAction":[{"@type":"ReadAction","target":["https:\/\/www.emosa.com\/pt-pt\/termoformadora-automatica-sealpac-serie-f\/"]}]},{"@type":"ImageObject","inLanguage":"pt-PT","@id":"https:\/\/www.emosa.com\/pt-pt\/termoformadora-automatica-sealpac-serie-f\/#primaryimage","url":"https:\/\/www.emosa.com\/wp-content\/uploads\/2025\/04\/sealpac-serie-f.jpg","contentUrl":"https:\/\/www.emosa.com\/wp-content\/uploads\/2025\/04\/sealpac-serie-f.jpg","width":535,"height":355,"caption":"Termoformadora Sealpac"},{"@type":"BreadcrumbList","@id":"https:\/\/www.emosa.com\/pt-pt\/termoformadora-automatica-sealpac-serie-f\/#breadcrumb","itemListElement":[{"@type":"ListItem","position":1,"name":"EMO","item":"https:\/\/www.emosa.com\/pt-pt\/"},{"@type":"ListItem","position":2,"name":"Tienda","item":"https:\/\/www.emosa.com\/tienda\/"},{"@type":"ListItem","position":3,"name":"Termoformadora autom\u00e1tica Sealpac Serie F"}]},{"@type":"WebSite","@id":"https:\/\/www.emosa.com\/pt-pt\/#website","url":"https:\/\/www.emosa.com\/pt-pt\/","name":"Emo","description":"Maquinaria industria alimentaria y Envases Sostenibles","publisher":{"@id":"https:\/\/www.emosa.com\/pt-pt\/#organization"},"potentialAction":[{"@type":"SearchAction","target":{"@type":"EntryPoint","urlTemplate":"https:\/\/www.emosa.com\/pt-pt\/?s={search_term_string}"},"query-input":{"@type":"PropertyValueSpecification","valueRequired":true,"valueName":"search_term_string"}}],"inLanguage":"pt-PT"},{"@type":"Organization","@id":"https:\/\/www.emosa.com\/pt-pt\/#organization","name":"EMO - Maquinaria Industria Alimentaria","url":"https:\/\/www.emosa.com\/pt-pt\/","logo":{"@type":"ImageObject","inLanguage":"pt-PT","@id":"https:\/\/www.emosa.com\/pt-pt\/#\/schema\/logo\/image\/","url":"https:\/\/www.emosa.com\/wp-content\/uploads\/2023\/01\/logo-emo-50-aniversario.png","contentUrl":"https:\/\/www.emosa.com\/wp-content\/uploads\/2023\/01\/logo-emo-50-aniversario.png","width":300,"height":158,"caption":"EMO - Maquinaria Industria Alimentaria"},"image":{"@id":"https:\/\/www.emosa.com\/pt-pt\/#\/schema\/logo\/image\/"},"sameAs":["https:\/\/www.linkedin.com\/company\/emo-sa\/","https:\/\/www.youtube.com\/channel\/UCE4DD4ZApaNHUQYLVQiPBhw"]}]}},"_links":{"self":[{"href":"https:\/\/www.emosa.com\/pt-pt\/wp-json\/wp\/v2\/product\/12868","targetHints":{"allow":["GET"]}}],"collection":[{"href":"https:\/\/www.emosa.com\/pt-pt\/wp-json\/wp\/v2\/product"}],"about":[{"href":"https:\/\/www.emosa.com\/pt-pt\/wp-json\/wp\/v2\/types\/product"}],"version-history":[{"count":5,"href":"https:\/\/www.emosa.com\/pt-pt\/wp-json\/wp\/v2\/product\/12868\/revisions"}],"predecessor-version":[{"id":12881,"href":"https:\/\/www.emosa.com\/pt-pt\/wp-json\/wp\/v2\/product\/12868\/revisions\/12881"}],"wp:featuredmedia":[{"embeddable":true,"href":"https:\/\/www.emosa.com\/pt-pt\/wp-json\/wp\/v2\/media\/12870"}],"wp:attachment":[{"href":"https:\/\/www.emosa.com\/pt-pt\/wp-json\/wp\/v2\/media?parent=12868"}],"wp:term":[{"taxonomy":"product_brand","embeddable":true,"href":"https:\/\/www.emosa.com\/pt-pt\/wp-json\/wp\/v2\/product_brand?post=12868"},{"taxonomy":"product_cat","embeddable":true,"href":"https:\/\/www.emosa.com\/pt-pt\/wp-json\/wp\/v2\/product_cat?post=12868"},{"taxonomy":"product_tag","embeddable":true,"href":"https:\/\/www.emosa.com\/pt-pt\/wp-json\/wp\/v2\/product_tag?post=12868"}],"curies":[{"name":"wp","href":"https:\/\/api.w.org\/{rel}","templated":true}]}}