{"id":38794,"date":"2026-01-26T11:31:28","date_gmt":"2026-01-26T10:31:28","guid":{"rendered":"https:\/\/www.emosa.com\/dosificador-volumetrico-fillfast-por-piston-ff1500\/"},"modified":"2026-01-28T09:52:44","modified_gmt":"2026-01-28T08:52:44","slug":"dosificador-volumetrico-fillfast-por-pistao-ff1500","status":"publish","type":"product","link":"https:\/\/www.emosa.com\/pt-pt\/dosificador-volumetrico-fillfast-por-pistao-ff1500\/","title":{"rendered":"Dosificador volum\u00e9trico FILLFAST de pist\u00e3o FF1500"},"content":{"rendered":"\t\t<div data-elementor-type=\"product-post\" data-elementor-id=\"38794\" class=\"elementor elementor-38794 elementor-38675\" data-elementor-post-type=\"product\">\n\t\t\t\t\t\t<section class=\"elementor-section elementor-top-section elementor-element elementor-element-2ca006a elementor-section-boxed elementor-section-height-default elementor-section-height-default\" data-id=\"2ca006a\" data-element_type=\"section\" data-e-type=\"section\">\n\t\t\t\t\t\t<div class=\"elementor-container elementor-column-gap-default\">\n\t\t\t\t\t<div class=\"elementor-column elementor-col-50 elementor-top-column elementor-element elementor-element-4c25961\" data-id=\"4c25961\" data-element_type=\"column\" data-e-type=\"column\">\n\t\t\t<div class=\"elementor-widget-wrap elementor-element-populated\">\n\t\t\t\t\t\t<div class=\"elementor-element elementor-element-9e28cf5 elementor-widget elementor-widget-heading\" data-id=\"9e28cf5\" data-element_type=\"widget\" data-e-type=\"widget\" data-widget_type=\"heading.default\">\n\t\t\t\t<div class=\"elementor-widget-container\">\n\t\t\t\t\t<h2 class=\"elementor-heading-title elementor-size-default\">Carater\u00edsticas do Dosificador FILLFAST FF500<\/h2>\t\t\t\t<\/div>\n\t\t\t\t<\/div>\n\t\t\t\t<div class=\"elementor-element elementor-element-eb20c47 elementor-widget elementor-widget-text-editor\" data-id=\"eb20c47\" data-element_type=\"widget\" data-e-type=\"widget\" data-widget_type=\"text-editor.default\">\n\t\t\t\t<div class=\"elementor-widget-container\">\n\t\t\t\t\t\t\t\t\t<p>O modelo vertical de cabe\u00e7a \u00fanica ocupa apenas uma \u00e1rea de 0,4 m\u00b2.<\/p><p>O modelo com v\u00e1rias cabe\u00e7as tamb\u00e9m pode ser desmontado em quest\u00e3o de segundos, permitindo uma limpeza completa sem a necessidade de ferramentas especiais.<\/p><p>A vers\u00e3o padr\u00e3o desta m\u00e1quina est\u00e1 dispon\u00edvel numa configura\u00e7\u00e3o de at\u00e9 6 cabe\u00e7as.<\/p><ul><li>Constru\u00e7\u00e3o integral em a\u00e7o inoxid\u00e1vel, montada sobre um quadro m\u00f3vel.<\/li><li>Funil com capacidade de 100 L, equipado com tampa de seguran\u00e7a.<\/li><li>Cabe\u00e7ote de enchimento acionado pneumaticamente, com passagem de 12 mm, 20 mm, 30 mm ou 40 mm.<\/li><li>Porta de comunica\u00e7\u00e3o externa para sinal de arranque proveniente de sensores do tipo \u201cno tray no fill\u201d, pedal, etc.<\/li><li>Ciclo de limpeza autom\u00e1tico.<\/li><li>Controlo da velocidade de dosagem.<\/li><li>Ajuste do volume de dosagem atrav\u00e9s de volante manual.<\/li><li>Velocidade: de 10 a 25 ciclos por minuto.<\/li><li>N\u00famero de cilindros de dosagem: de 1 a 6.<\/li><li>Consumo de ar comprimido: aprox. 300 NL\/minuto a um m\u00ednimo de 5 bar. <\/li><\/ul>\t\t\t\t\t\t\t\t<\/div>\n\t\t\t\t<\/div>\n\t\t\t\t\t<\/div>\n\t\t<\/div>\n\t\t\t\t<div class=\"elementor-column elementor-col-50 elementor-top-column elementor-element elementor-element-7cc0bd8\" data-id=\"7cc0bd8\" data-element_type=\"column\" data-e-type=\"column\">\n\t\t\t<div class=\"elementor-widget-wrap elementor-element-populated\">\n\t\t\t\t\t\t<div class=\"elementor-element elementor-element-ff7a7b0 elementor-widget elementor-widget-video\" data-id=\"ff7a7b0\" data-element_type=\"widget\" data-e-type=\"widget\" data-settings=\"{&quot;youtube_url&quot;:&quot;https:\\\/\\\/www.youtube.com\\\/watch?v=7wf455t5vyk&amp;t=3s&quot;,&quot;lazy_load&quot;:&quot;yes&quot;,&quot;video_type&quot;:&quot;youtube&quot;}\" data-widget_type=\"video.default\">\n\t\t\t\t<div class=\"elementor-widget-container\">\n\t\t\t\t\t\t\t<div class=\"elementor-wrapper elementor-open-inline\">\n\t\t\t<div class=\"elementor-video\"><\/div>\t\t<\/div>\n\t\t\t\t\t\t<\/div>\n\t\t\t\t<\/div>\n\t\t\t\t<div class=\"elementor-element elementor-element-f7b8724 elementor-widget elementor-widget-video\" data-id=\"f7b8724\" data-element_type=\"widget\" data-e-type=\"widget\" data-settings=\"{&quot;youtube_url&quot;:&quot;https:\\\/\\\/www.youtube.com\\\/watch?v=SILnfIEVTEk&amp;t=2s&quot;,&quot;lazy_load&quot;:&quot;yes&quot;,&quot;video_type&quot;:&quot;youtube&quot;}\" data-widget_type=\"video.default\">\n\t\t\t\t<div class=\"elementor-widget-container\">\n\t\t\t\t\t\t\t<div class=\"elementor-wrapper elementor-open-inline\">\n\t\t\t<div class=\"elementor-video\"><\/div>\t\t<\/div>\n\t\t\t\t\t\t<\/div>\n\t\t\t\t<\/div>\n\t\t\t\t\t<\/div>\n\t\t<\/div>\n\t\t\t\t\t<\/div>\n\t\t<\/section>\n\t\t\t\t<\/div>\n\t\t","protected":false},"excerpt":{"rendered":"<p>A m\u00e1quina FILL FAST 1500 \u00e9 a dosificadora de tamanho m\u00e9dio da <a href=\"https:\/\/www.emosa.com\/pt-pt\/fillfast\/\"><strong>gama FillFast<\/strong><\/a> e \u00e9 ideal para utiliza\u00e7\u00e3o em ambientes industriais.<\/p>\n<p>Esta potente m\u00e1quina pode ser programada para atingir um <strong>volume m\u00e1ximo por curso de at\u00e9 1.570 ml<\/strong>.<\/p>\n<p>Todos os produtos bombe\u00e1veis, sejam l\u00edquidos, pastas ou misturas que contenham peda\u00e7os s\u00f3lidos de at\u00e9 30 \u00d7 30 mm, podem ser dosificados sem sofrer danos.<\/p>\n<p>Como regra geral, a m\u00e1quina \u00e9 adequada <strong>para aplica\u00e7\u00f5es de enchimento a quente at\u00e9 95 \u00b0C<\/strong>.<\/p>\n","protected":false},"featured_media":38678,"template":"","meta":{"_joinchat":[]},"product_brand":[],"product_cat":[366],"product_tag":[244,245,251,250,248,249],"class_list":{"0":"post-38794","1":"product","2":"type-product","3":"status-publish","4":"has-post-thumbnail","6":"product_cat-dosificadores","7":"product_tag-frutas-e-verduras","8":"product_tag-laticinios","9":"product_tag-non-food-pt-pt","10":"product_tag-padaria-e-pastelaria","11":"product_tag-petfood-pt-pt","12":"product_tag-pre-cozido","13":"yith_product_brand-fillfast","15":"first","16":"instock","17":"shipping-taxable","18":"product-type-simple"},"yoast_head":"<!-- This site is optimized with the Yoast SEO plugin v27.5 - https:\/\/yoast.com\/product\/yoast-seo-wordpress\/ -->\n<title>Dosificador volum\u00e9trico FILLFAST de pist\u00e3o FF1500 - Emo<\/title>\n<meta name=\"description\" content=\"A FillFast 1500 \u00e9 uma embutideira de tamanho m\u00e9dio com um volume m\u00e1ximo de curso de at\u00e9 1.570 ml. Para enchimento a quente at\u00e9 95 \u00b0C.\" \/>\n<meta name=\"robots\" content=\"index, follow, max-snippet:-1, max-image-preview:large, max-video-preview:-1\" \/>\n<link rel=\"canonical\" href=\"https:\/\/www.emosa.com\/pt-pt\/dosificador-volumetrico-fillfast-por-pistao-ff1500\/\" \/>\n<meta property=\"og:locale\" content=\"pt_PT\" \/>\n<meta property=\"og:type\" content=\"article\" \/>\n<meta property=\"og:title\" content=\"Dosificador volum\u00e9trico FILLFAST de pist\u00e3o FF1500 - Emo\" \/>\n<meta property=\"og:description\" content=\"A FillFast 1500 \u00e9 uma embutideira de tamanho m\u00e9dio com um volume m\u00e1ximo de curso de at\u00e9 1.570 ml. Para enchimento a quente at\u00e9 95 \u00b0C.\" \/>\n<meta property=\"og:url\" content=\"https:\/\/www.emosa.com\/pt-pt\/dosificador-volumetrico-fillfast-por-pistao-ff1500\/\" \/>\n<meta property=\"og:site_name\" content=\"Emo\" \/>\n<meta property=\"article:modified_time\" content=\"2026-01-28T08:52:44+00:00\" \/>\n<meta property=\"og:image\" content=\"https:\/\/www.emosa.com\/wp-content\/uploads\/2026\/01\/dosificador-ff1500-fillfast.jpg\" \/>\n\t<meta property=\"og:image:width\" content=\"800\" \/>\n\t<meta property=\"og:image:height\" content=\"800\" \/>\n\t<meta property=\"og:image:type\" content=\"image\/jpeg\" \/>\n<meta name=\"twitter:card\" content=\"summary_large_image\" \/>\n<meta name=\"twitter:label1\" content=\"Tempo estimado de leitura\" \/>\n\t<meta name=\"twitter:data1\" content=\"1 minuto\" \/>\n<script type=\"application\/ld+json\" class=\"yoast-schema-graph\">{\"@context\":\"https:\\\/\\\/schema.org\",\"@graph\":[{\"@type\":\"WebPage\",\"@id\":\"https:\\\/\\\/www.emosa.com\\\/pt-pt\\\/dosificador-volumetrico-fillfast-por-pistao-ff1500\\\/\",\"url\":\"https:\\\/\\\/www.emosa.com\\\/pt-pt\\\/dosificador-volumetrico-fillfast-por-pistao-ff1500\\\/\",\"name\":\"Dosificador volum\u00e9trico FILLFAST de pist\u00e3o FF1500 - Emo\",\"isPartOf\":{\"@id\":\"https:\\\/\\\/www.emosa.com\\\/pt-pt\\\/#website\"},\"primaryImageOfPage\":{\"@id\":\"https:\\\/\\\/www.emosa.com\\\/pt-pt\\\/dosificador-volumetrico-fillfast-por-pistao-ff1500\\\/#primaryimage\"},\"image\":{\"@id\":\"https:\\\/\\\/www.emosa.com\\\/pt-pt\\\/dosificador-volumetrico-fillfast-por-pistao-ff1500\\\/#primaryimage\"},\"thumbnailUrl\":\"https:\\\/\\\/www.emosa.com\\\/wp-content\\\/uploads\\\/2026\\\/01\\\/dosificador-ff1500-fillfast.jpg\",\"datePublished\":\"2026-01-26T10:31:28+00:00\",\"dateModified\":\"2026-01-28T08:52:44+00:00\",\"description\":\"A FillFast 1500 \u00e9 uma embutideira de tamanho m\u00e9dio com um volume m\u00e1ximo de curso de at\u00e9 1.570 ml. Para enchimento a quente at\u00e9 95 \u00b0C.\",\"breadcrumb\":{\"@id\":\"https:\\\/\\\/www.emosa.com\\\/pt-pt\\\/dosificador-volumetrico-fillfast-por-pistao-ff1500\\\/#breadcrumb\"},\"inLanguage\":\"pt-PT\",\"potentialAction\":[{\"@type\":\"ReadAction\",\"target\":[\"https:\\\/\\\/www.emosa.com\\\/pt-pt\\\/dosificador-volumetrico-fillfast-por-pistao-ff1500\\\/\"]}]},{\"@type\":\"ImageObject\",\"inLanguage\":\"pt-PT\",\"@id\":\"https:\\\/\\\/www.emosa.com\\\/pt-pt\\\/dosificador-volumetrico-fillfast-por-pistao-ff1500\\\/#primaryimage\",\"url\":\"https:\\\/\\\/www.emosa.com\\\/wp-content\\\/uploads\\\/2026\\\/01\\\/dosificador-ff1500-fillfast.jpg\",\"contentUrl\":\"https:\\\/\\\/www.emosa.com\\\/wp-content\\\/uploads\\\/2026\\\/01\\\/dosificador-ff1500-fillfast.jpg\",\"width\":800,\"height\":800,\"caption\":\"Dispensador Fillfast FF1500\"},{\"@type\":\"BreadcrumbList\",\"@id\":\"https:\\\/\\\/www.emosa.com\\\/pt-pt\\\/dosificador-volumetrico-fillfast-por-pistao-ff1500\\\/#breadcrumb\",\"itemListElement\":[{\"@type\":\"ListItem\",\"position\":1,\"name\":\"EMO\",\"item\":\"https:\\\/\\\/www.emosa.com\\\/pt-pt\\\/\"},{\"@type\":\"ListItem\",\"position\":2,\"name\":\"Tienda\",\"item\":\"https:\\\/\\\/www.emosa.com\\\/tienda\\\/\"},{\"@type\":\"ListItem\",\"position\":3,\"name\":\"Dosificador volum\u00e9trico FILLFAST de pist\u00e3o FF1500\"}]},{\"@type\":\"WebSite\",\"@id\":\"https:\\\/\\\/www.emosa.com\\\/pt-pt\\\/#website\",\"url\":\"https:\\\/\\\/www.emosa.com\\\/pt-pt\\\/\",\"name\":\"Emo\",\"description\":\"Maquinaria industria alimentaria y Envases Sostenibles\",\"publisher\":{\"@id\":\"https:\\\/\\\/www.emosa.com\\\/pt-pt\\\/#organization\"},\"potentialAction\":[{\"@type\":\"SearchAction\",\"target\":{\"@type\":\"EntryPoint\",\"urlTemplate\":\"https:\\\/\\\/www.emosa.com\\\/pt-pt\\\/?s={search_term_string}\"},\"query-input\":{\"@type\":\"PropertyValueSpecification\",\"valueRequired\":true,\"valueName\":\"search_term_string\"}}],\"inLanguage\":\"pt-PT\"},{\"@type\":\"Organization\",\"@id\":\"https:\\\/\\\/www.emosa.com\\\/pt-pt\\\/#organization\",\"name\":\"EMO - Maquinaria Industria Alimentaria\",\"url\":\"https:\\\/\\\/www.emosa.com\\\/pt-pt\\\/\",\"logo\":{\"@type\":\"ImageObject\",\"inLanguage\":\"pt-PT\",\"@id\":\"https:\\\/\\\/www.emosa.com\\\/pt-pt\\\/#\\\/schema\\\/logo\\\/image\\\/\",\"url\":\"https:\\\/\\\/www.emosa.com\\\/wp-content\\\/uploads\\\/2023\\\/01\\\/logo-emo-50-aniversario.png\",\"contentUrl\":\"https:\\\/\\\/www.emosa.com\\\/wp-content\\\/uploads\\\/2023\\\/01\\\/logo-emo-50-aniversario.png\",\"width\":300,\"height\":158,\"caption\":\"EMO - Maquinaria Industria Alimentaria\"},\"image\":{\"@id\":\"https:\\\/\\\/www.emosa.com\\\/pt-pt\\\/#\\\/schema\\\/logo\\\/image\\\/\"},\"sameAs\":[\"https:\\\/\\\/www.linkedin.com\\\/company\\\/emo-sa\\\/\",\"https:\\\/\\\/www.youtube.com\\\/channel\\\/UCE4DD4ZApaNHUQYLVQiPBhw\"]}]}<\/script>\n<!-- \/ Yoast SEO plugin. -->","yoast_head_json":{"title":"Dosificador volum\u00e9trico FILLFAST de pist\u00e3o FF1500 - Emo","description":"A FillFast 1500 \u00e9 uma embutideira de tamanho m\u00e9dio com um volume m\u00e1ximo de curso de at\u00e9 1.570 ml. Para enchimento a quente at\u00e9 95 \u00b0C.","robots":{"index":"index","follow":"follow","max-snippet":"max-snippet:-1","max-image-preview":"max-image-preview:large","max-video-preview":"max-video-preview:-1"},"canonical":"https:\/\/www.emosa.com\/pt-pt\/dosificador-volumetrico-fillfast-por-pistao-ff1500\/","og_locale":"pt_PT","og_type":"article","og_title":"Dosificador volum\u00e9trico FILLFAST de pist\u00e3o FF1500 - Emo","og_description":"A FillFast 1500 \u00e9 uma embutideira de tamanho m\u00e9dio com um volume m\u00e1ximo de curso de at\u00e9 1.570 ml. Para enchimento a quente at\u00e9 95 \u00b0C.","og_url":"https:\/\/www.emosa.com\/pt-pt\/dosificador-volumetrico-fillfast-por-pistao-ff1500\/","og_site_name":"Emo","article_modified_time":"2026-01-28T08:52:44+00:00","og_image":[{"width":800,"height":800,"url":"https:\/\/www.emosa.com\/wp-content\/uploads\/2026\/01\/dosificador-ff1500-fillfast.jpg","type":"image\/jpeg"}],"twitter_card":"summary_large_image","twitter_misc":{"Tempo estimado de leitura":"1 minuto"},"schema":{"@context":"https:\/\/schema.org","@graph":[{"@type":"WebPage","@id":"https:\/\/www.emosa.com\/pt-pt\/dosificador-volumetrico-fillfast-por-pistao-ff1500\/","url":"https:\/\/www.emosa.com\/pt-pt\/dosificador-volumetrico-fillfast-por-pistao-ff1500\/","name":"Dosificador volum\u00e9trico FILLFAST de pist\u00e3o FF1500 - Emo","isPartOf":{"@id":"https:\/\/www.emosa.com\/pt-pt\/#website"},"primaryImageOfPage":{"@id":"https:\/\/www.emosa.com\/pt-pt\/dosificador-volumetrico-fillfast-por-pistao-ff1500\/#primaryimage"},"image":{"@id":"https:\/\/www.emosa.com\/pt-pt\/dosificador-volumetrico-fillfast-por-pistao-ff1500\/#primaryimage"},"thumbnailUrl":"https:\/\/www.emosa.com\/wp-content\/uploads\/2026\/01\/dosificador-ff1500-fillfast.jpg","datePublished":"2026-01-26T10:31:28+00:00","dateModified":"2026-01-28T08:52:44+00:00","description":"A FillFast 1500 \u00e9 uma embutideira de tamanho m\u00e9dio com um volume m\u00e1ximo de curso de at\u00e9 1.570 ml. Para enchimento a quente at\u00e9 95 \u00b0C.","breadcrumb":{"@id":"https:\/\/www.emosa.com\/pt-pt\/dosificador-volumetrico-fillfast-por-pistao-ff1500\/#breadcrumb"},"inLanguage":"pt-PT","potentialAction":[{"@type":"ReadAction","target":["https:\/\/www.emosa.com\/pt-pt\/dosificador-volumetrico-fillfast-por-pistao-ff1500\/"]}]},{"@type":"ImageObject","inLanguage":"pt-PT","@id":"https:\/\/www.emosa.com\/pt-pt\/dosificador-volumetrico-fillfast-por-pistao-ff1500\/#primaryimage","url":"https:\/\/www.emosa.com\/wp-content\/uploads\/2026\/01\/dosificador-ff1500-fillfast.jpg","contentUrl":"https:\/\/www.emosa.com\/wp-content\/uploads\/2026\/01\/dosificador-ff1500-fillfast.jpg","width":800,"height":800,"caption":"Dispensador Fillfast FF1500"},{"@type":"BreadcrumbList","@id":"https:\/\/www.emosa.com\/pt-pt\/dosificador-volumetrico-fillfast-por-pistao-ff1500\/#breadcrumb","itemListElement":[{"@type":"ListItem","position":1,"name":"EMO","item":"https:\/\/www.emosa.com\/pt-pt\/"},{"@type":"ListItem","position":2,"name":"Tienda","item":"https:\/\/www.emosa.com\/tienda\/"},{"@type":"ListItem","position":3,"name":"Dosificador volum\u00e9trico FILLFAST de pist\u00e3o FF1500"}]},{"@type":"WebSite","@id":"https:\/\/www.emosa.com\/pt-pt\/#website","url":"https:\/\/www.emosa.com\/pt-pt\/","name":"Emo","description":"Maquinaria industria alimentaria y Envases Sostenibles","publisher":{"@id":"https:\/\/www.emosa.com\/pt-pt\/#organization"},"potentialAction":[{"@type":"SearchAction","target":{"@type":"EntryPoint","urlTemplate":"https:\/\/www.emosa.com\/pt-pt\/?s={search_term_string}"},"query-input":{"@type":"PropertyValueSpecification","valueRequired":true,"valueName":"search_term_string"}}],"inLanguage":"pt-PT"},{"@type":"Organization","@id":"https:\/\/www.emosa.com\/pt-pt\/#organization","name":"EMO - Maquinaria Industria Alimentaria","url":"https:\/\/www.emosa.com\/pt-pt\/","logo":{"@type":"ImageObject","inLanguage":"pt-PT","@id":"https:\/\/www.emosa.com\/pt-pt\/#\/schema\/logo\/image\/","url":"https:\/\/www.emosa.com\/wp-content\/uploads\/2023\/01\/logo-emo-50-aniversario.png","contentUrl":"https:\/\/www.emosa.com\/wp-content\/uploads\/2023\/01\/logo-emo-50-aniversario.png","width":300,"height":158,"caption":"EMO - Maquinaria Industria Alimentaria"},"image":{"@id":"https:\/\/www.emosa.com\/pt-pt\/#\/schema\/logo\/image\/"},"sameAs":["https:\/\/www.linkedin.com\/company\/emo-sa\/","https:\/\/www.youtube.com\/channel\/UCE4DD4ZApaNHUQYLVQiPBhw"]}]}},"_links":{"self":[{"href":"https:\/\/www.emosa.com\/pt-pt\/wp-json\/wp\/v2\/product\/38794","targetHints":{"allow":["GET"]}}],"collection":[{"href":"https:\/\/www.emosa.com\/pt-pt\/wp-json\/wp\/v2\/product"}],"about":[{"href":"https:\/\/www.emosa.com\/pt-pt\/wp-json\/wp\/v2\/types\/product"}],"version-history":[{"count":7,"href":"https:\/\/www.emosa.com\/pt-pt\/wp-json\/wp\/v2\/product\/38794\/revisions"}],"predecessor-version":[{"id":38801,"href":"https:\/\/www.emosa.com\/pt-pt\/wp-json\/wp\/v2\/product\/38794\/revisions\/38801"}],"wp:featuredmedia":[{"embeddable":true,"href":"https:\/\/www.emosa.com\/pt-pt\/wp-json\/wp\/v2\/media\/38678"}],"wp:attachment":[{"href":"https:\/\/www.emosa.com\/pt-pt\/wp-json\/wp\/v2\/media?parent=38794"}],"wp:term":[{"taxonomy":"product_brand","embeddable":true,"href":"https:\/\/www.emosa.com\/pt-pt\/wp-json\/wp\/v2\/product_brand?post=38794"},{"taxonomy":"product_cat","embeddable":true,"href":"https:\/\/www.emosa.com\/pt-pt\/wp-json\/wp\/v2\/product_cat?post=38794"},{"taxonomy":"product_tag","embeddable":true,"href":"https:\/\/www.emosa.com\/pt-pt\/wp-json\/wp\/v2\/product_tag?post=38794"}],"curies":[{"name":"wp","href":"https:\/\/api.w.org\/{rel}","templated":true}]}}