{"id":9127,"date":"2022-07-06T16:37:58","date_gmt":"2022-07-06T14:37:58","guid":{"rendered":"https:\/\/www.emosa.com\/nuevaweb\/marmita-artesanal-stephan-um-12\/"},"modified":"2022-11-17T16:22:45","modified_gmt":"2022-11-17T15:22:45","slug":"marmita-artesanal-stephan-um-12","status":"publish","type":"product","link":"https:\/\/www.emosa.com\/pt-pt\/marmita-artesanal-stephan-um-12\/","title":{"rendered":"Marmita Artesanal Stephan UM 12"},"content":{"rendered":"\t\t<div data-elementor-type=\"product-post\" data-elementor-id=\"9127\" class=\"elementor elementor-9127 elementor-5394\" data-elementor-post-type=\"product\">\n\t\t\t\t\t\t<section class=\"elementor-section elementor-top-section elementor-element elementor-element-52400bd elementor-section-boxed elementor-section-height-default elementor-section-height-default\" data-id=\"52400bd\" data-element_type=\"section\" data-e-type=\"section\">\n\t\t\t\t\t\t<div class=\"elementor-container elementor-column-gap-default\">\n\t\t\t\t\t<div class=\"elementor-column elementor-col-100 elementor-top-column elementor-element elementor-element-3b40877\" data-id=\"3b40877\" data-element_type=\"column\" data-e-type=\"column\">\n\t\t\t<div class=\"elementor-widget-wrap elementor-element-populated\">\n\t\t\t\t\t\t<div class=\"elementor-element elementor-element-55f8af3 elementor-widget elementor-widget-heading\" data-id=\"55f8af3\" data-element_type=\"widget\" data-e-type=\"widget\" data-widget_type=\"heading.default\">\n\t\t\t\t<div class=\"elementor-widget-container\">\n\t\t\t\t\t<h2 class=\"elementor-heading-title elementor-size-default\">Caracter\u00edsticas do marmita artesanal Stephan UM 12<\/h2>\t\t\t\t<\/div>\n\t\t\t\t<\/div>\n\t\t\t\t<div class=\"elementor-element elementor-element-b539267 elementor-widget elementor-widget-text-editor\" data-id=\"b539267\" data-element_type=\"widget\" data-e-type=\"widget\" data-widget_type=\"text-editor.default\">\n\t\t\t\t<div class=\"elementor-widget-container\">\n\t\t\t\t\t\t\t\t\t<ul>\n<li>Volume da tremonha: 12 l.<\/li>\n<li>Tamanho da carga: 2-7 l.<\/li>\n<li>Temperatura m\u00e1xima de processamento: 95\u00baC.<\/li>\n<li>V\u00e1cuo.<\/li>\n<li>Revestimento duplo.<\/li>\n<\/ul>\n\t\t\t\t\t\t\t\t<\/div>\n\t\t\t\t<\/div>\n\t\t\t\t\t<\/div>\n\t\t<\/div>\n\t\t\t\t\t<\/div>\n\t\t<\/section>\n\t\t\t\t<\/div>\n\t\t","protected":false},"excerpt":{"rendered":"<p>Pequenas cargas para grandes vantagens.<\/p>\n<p><strong>Tudo em um: cortar, misturar, aquecer e emulsionar.<\/strong><\/p>\n<p>Ideal para molhos, doces, pastas de barrar, recheios, queijo processado e cosm\u00e9tica.<\/p>\n","protected":false},"featured_media":8579,"template":"","meta":{"_joinchat":[]},"product_brand":[],"product_cat":[236],"product_tag":[242,243,244,245,247,249,246],"class_list":{"0":"post-9127","1":"product","2":"type-product","3":"status-publish","4":"has-post-thumbnail","6":"product_cat-sistemas-coccao","7":"product_tag-aves","8":"product_tag-carnes","9":"product_tag-frutas-e-verduras","10":"product_tag-laticinios","11":"product_tag-peixe","12":"product_tag-pre-cozido","13":"product_tag-vegano-e-vegetariano","14":"yith_product_brand-stephan-pt-pt","16":"first","17":"instock","18":"shipping-taxable","19":"product-type-simple"},"yoast_head":"<!-- This site is optimized with the Yoast SEO plugin v27.4 - https:\/\/yoast.com\/product\/yoast-seo-wordpress\/ -->\n<title>Marmita de Coc\u00e7\u00e3o Artesanal Stephan UM 12 - Emo<\/title>\n<meta name=\"description\" content=\"A Marmita de Coc\u00e7\u00e3o Artesanal Stephan UM 12 \u00e9 um sistema tudo em um: cortar, misturar, aquecer e emulsionar.\" \/>\n<meta name=\"robots\" content=\"index, follow, max-snippet:-1, max-image-preview:large, max-video-preview:-1\" \/>\n<link rel=\"canonical\" href=\"https:\/\/www.emosa.com\/pt-pt\/marmita-artesanal-stephan-um-12\/\" \/>\n<meta property=\"og:locale\" content=\"pt_PT\" \/>\n<meta property=\"og:type\" content=\"article\" \/>\n<meta property=\"og:title\" content=\"Marmita de Coc\u00e7\u00e3o Artesanal Stephan UM 12 - Emo\" \/>\n<meta property=\"og:description\" content=\"A Marmita de Coc\u00e7\u00e3o Artesanal Stephan UM 12 \u00e9 um sistema tudo em um: cortar, misturar, aquecer e emulsionar.\" \/>\n<meta property=\"og:url\" content=\"https:\/\/www.emosa.com\/pt-pt\/marmita-artesanal-stephan-um-12\/\" \/>\n<meta property=\"og:site_name\" content=\"Emo\" \/>\n<meta property=\"article:modified_time\" content=\"2022-11-17T15:22:45+00:00\" \/>\n<meta property=\"og:image\" content=\"https:\/\/www.emosa.com\/wp-content\/uploads\/2022\/07\/sistema-coccion-stephan-um-12.jpg\" \/>\n\t<meta property=\"og:image:width\" content=\"600\" \/>\n\t<meta property=\"og:image:height\" content=\"600\" \/>\n\t<meta property=\"og:image:type\" content=\"image\/jpeg\" \/>\n<meta name=\"twitter:card\" content=\"summary_large_image\" \/>\n<script type=\"application\/ld+json\" class=\"yoast-schema-graph\">{\"@context\":\"https:\\\/\\\/schema.org\",\"@graph\":[{\"@type\":\"WebPage\",\"@id\":\"https:\\\/\\\/www.emosa.com\\\/pt-pt\\\/marmita-artesanal-stephan-um-12\\\/\",\"url\":\"https:\\\/\\\/www.emosa.com\\\/pt-pt\\\/marmita-artesanal-stephan-um-12\\\/\",\"name\":\"Marmita de Coc\u00e7\u00e3o Artesanal Stephan UM 12 - Emo\",\"isPartOf\":{\"@id\":\"https:\\\/\\\/www.emosa.com\\\/pt-pt\\\/#website\"},\"primaryImageOfPage\":{\"@id\":\"https:\\\/\\\/www.emosa.com\\\/pt-pt\\\/marmita-artesanal-stephan-um-12\\\/#primaryimage\"},\"image\":{\"@id\":\"https:\\\/\\\/www.emosa.com\\\/pt-pt\\\/marmita-artesanal-stephan-um-12\\\/#primaryimage\"},\"thumbnailUrl\":\"https:\\\/\\\/www.emosa.com\\\/wp-content\\\/uploads\\\/2022\\\/07\\\/sistema-coccion-stephan-um-12.jpg\",\"datePublished\":\"2022-07-06T14:37:58+00:00\",\"dateModified\":\"2022-11-17T15:22:45+00:00\",\"description\":\"A Marmita de Coc\u00e7\u00e3o Artesanal Stephan UM 12 \u00e9 um sistema tudo em um: cortar, misturar, aquecer e emulsionar.\",\"breadcrumb\":{\"@id\":\"https:\\\/\\\/www.emosa.com\\\/pt-pt\\\/marmita-artesanal-stephan-um-12\\\/#breadcrumb\"},\"inLanguage\":\"pt-PT\",\"potentialAction\":[{\"@type\":\"ReadAction\",\"target\":[\"https:\\\/\\\/www.emosa.com\\\/pt-pt\\\/marmita-artesanal-stephan-um-12\\\/\"]}]},{\"@type\":\"ImageObject\",\"inLanguage\":\"pt-PT\",\"@id\":\"https:\\\/\\\/www.emosa.com\\\/pt-pt\\\/marmita-artesanal-stephan-um-12\\\/#primaryimage\",\"url\":\"https:\\\/\\\/www.emosa.com\\\/wp-content\\\/uploads\\\/2022\\\/07\\\/sistema-coccion-stephan-um-12.jpg\",\"contentUrl\":\"https:\\\/\\\/www.emosa.com\\\/wp-content\\\/uploads\\\/2022\\\/07\\\/sistema-coccion-stephan-um-12.jpg\",\"width\":600,\"height\":600,\"caption\":\"Stephan UM 12\"},{\"@type\":\"BreadcrumbList\",\"@id\":\"https:\\\/\\\/www.emosa.com\\\/pt-pt\\\/marmita-artesanal-stephan-um-12\\\/#breadcrumb\",\"itemListElement\":[{\"@type\":\"ListItem\",\"position\":1,\"name\":\"EMO\",\"item\":\"https:\\\/\\\/www.emosa.com\\\/pt-pt\\\/\"},{\"@type\":\"ListItem\",\"position\":2,\"name\":\"Tienda\",\"item\":\"https:\\\/\\\/www.emosa.com\\\/tienda\\\/\"},{\"@type\":\"ListItem\",\"position\":3,\"name\":\"Marmita Artesanal Stephan UM 12\"}]},{\"@type\":\"WebSite\",\"@id\":\"https:\\\/\\\/www.emosa.com\\\/pt-pt\\\/#website\",\"url\":\"https:\\\/\\\/www.emosa.com\\\/pt-pt\\\/\",\"name\":\"Emo\",\"description\":\"Maquinaria industria alimentaria y Envases Sostenibles\",\"publisher\":{\"@id\":\"https:\\\/\\\/www.emosa.com\\\/pt-pt\\\/#organization\"},\"potentialAction\":[{\"@type\":\"SearchAction\",\"target\":{\"@type\":\"EntryPoint\",\"urlTemplate\":\"https:\\\/\\\/www.emosa.com\\\/pt-pt\\\/?s={search_term_string}\"},\"query-input\":{\"@type\":\"PropertyValueSpecification\",\"valueRequired\":true,\"valueName\":\"search_term_string\"}}],\"inLanguage\":\"pt-PT\"},{\"@type\":\"Organization\",\"@id\":\"https:\\\/\\\/www.emosa.com\\\/pt-pt\\\/#organization\",\"name\":\"EMO - Maquinaria Industria Alimentaria\",\"url\":\"https:\\\/\\\/www.emosa.com\\\/pt-pt\\\/\",\"logo\":{\"@type\":\"ImageObject\",\"inLanguage\":\"pt-PT\",\"@id\":\"https:\\\/\\\/www.emosa.com\\\/pt-pt\\\/#\\\/schema\\\/logo\\\/image\\\/\",\"url\":\"https:\\\/\\\/www.emosa.com\\\/wp-content\\\/uploads\\\/2023\\\/01\\\/logo-emo-50-aniversario.png\",\"contentUrl\":\"https:\\\/\\\/www.emosa.com\\\/wp-content\\\/uploads\\\/2023\\\/01\\\/logo-emo-50-aniversario.png\",\"width\":300,\"height\":158,\"caption\":\"EMO - Maquinaria Industria Alimentaria\"},\"image\":{\"@id\":\"https:\\\/\\\/www.emosa.com\\\/pt-pt\\\/#\\\/schema\\\/logo\\\/image\\\/\"},\"sameAs\":[\"https:\\\/\\\/www.linkedin.com\\\/company\\\/emo-sa\\\/\",\"https:\\\/\\\/www.youtube.com\\\/channel\\\/UCE4DD4ZApaNHUQYLVQiPBhw\"]}]}<\/script>\n<!-- \/ Yoast SEO plugin. -->","yoast_head_json":{"title":"Marmita de Coc\u00e7\u00e3o Artesanal Stephan UM 12 - Emo","description":"A Marmita de Coc\u00e7\u00e3o Artesanal Stephan UM 12 \u00e9 um sistema tudo em um: cortar, misturar, aquecer e emulsionar.","robots":{"index":"index","follow":"follow","max-snippet":"max-snippet:-1","max-image-preview":"max-image-preview:large","max-video-preview":"max-video-preview:-1"},"canonical":"https:\/\/www.emosa.com\/pt-pt\/marmita-artesanal-stephan-um-12\/","og_locale":"pt_PT","og_type":"article","og_title":"Marmita de Coc\u00e7\u00e3o Artesanal Stephan UM 12 - Emo","og_description":"A Marmita de Coc\u00e7\u00e3o Artesanal Stephan UM 12 \u00e9 um sistema tudo em um: cortar, misturar, aquecer e emulsionar.","og_url":"https:\/\/www.emosa.com\/pt-pt\/marmita-artesanal-stephan-um-12\/","og_site_name":"Emo","article_modified_time":"2022-11-17T15:22:45+00:00","og_image":[{"width":600,"height":600,"url":"https:\/\/www.emosa.com\/wp-content\/uploads\/2022\/07\/sistema-coccion-stephan-um-12.jpg","type":"image\/jpeg"}],"twitter_card":"summary_large_image","schema":{"@context":"https:\/\/schema.org","@graph":[{"@type":"WebPage","@id":"https:\/\/www.emosa.com\/pt-pt\/marmita-artesanal-stephan-um-12\/","url":"https:\/\/www.emosa.com\/pt-pt\/marmita-artesanal-stephan-um-12\/","name":"Marmita de Coc\u00e7\u00e3o Artesanal Stephan UM 12 - Emo","isPartOf":{"@id":"https:\/\/www.emosa.com\/pt-pt\/#website"},"primaryImageOfPage":{"@id":"https:\/\/www.emosa.com\/pt-pt\/marmita-artesanal-stephan-um-12\/#primaryimage"},"image":{"@id":"https:\/\/www.emosa.com\/pt-pt\/marmita-artesanal-stephan-um-12\/#primaryimage"},"thumbnailUrl":"https:\/\/www.emosa.com\/wp-content\/uploads\/2022\/07\/sistema-coccion-stephan-um-12.jpg","datePublished":"2022-07-06T14:37:58+00:00","dateModified":"2022-11-17T15:22:45+00:00","description":"A Marmita de Coc\u00e7\u00e3o Artesanal Stephan UM 12 \u00e9 um sistema tudo em um: cortar, misturar, aquecer e emulsionar.","breadcrumb":{"@id":"https:\/\/www.emosa.com\/pt-pt\/marmita-artesanal-stephan-um-12\/#breadcrumb"},"inLanguage":"pt-PT","potentialAction":[{"@type":"ReadAction","target":["https:\/\/www.emosa.com\/pt-pt\/marmita-artesanal-stephan-um-12\/"]}]},{"@type":"ImageObject","inLanguage":"pt-PT","@id":"https:\/\/www.emosa.com\/pt-pt\/marmita-artesanal-stephan-um-12\/#primaryimage","url":"https:\/\/www.emosa.com\/wp-content\/uploads\/2022\/07\/sistema-coccion-stephan-um-12.jpg","contentUrl":"https:\/\/www.emosa.com\/wp-content\/uploads\/2022\/07\/sistema-coccion-stephan-um-12.jpg","width":600,"height":600,"caption":"Stephan UM 12"},{"@type":"BreadcrumbList","@id":"https:\/\/www.emosa.com\/pt-pt\/marmita-artesanal-stephan-um-12\/#breadcrumb","itemListElement":[{"@type":"ListItem","position":1,"name":"EMO","item":"https:\/\/www.emosa.com\/pt-pt\/"},{"@type":"ListItem","position":2,"name":"Tienda","item":"https:\/\/www.emosa.com\/tienda\/"},{"@type":"ListItem","position":3,"name":"Marmita Artesanal Stephan UM 12"}]},{"@type":"WebSite","@id":"https:\/\/www.emosa.com\/pt-pt\/#website","url":"https:\/\/www.emosa.com\/pt-pt\/","name":"Emo","description":"Maquinaria industria alimentaria y Envases Sostenibles","publisher":{"@id":"https:\/\/www.emosa.com\/pt-pt\/#organization"},"potentialAction":[{"@type":"SearchAction","target":{"@type":"EntryPoint","urlTemplate":"https:\/\/www.emosa.com\/pt-pt\/?s={search_term_string}"},"query-input":{"@type":"PropertyValueSpecification","valueRequired":true,"valueName":"search_term_string"}}],"inLanguage":"pt-PT"},{"@type":"Organization","@id":"https:\/\/www.emosa.com\/pt-pt\/#organization","name":"EMO - Maquinaria Industria Alimentaria","url":"https:\/\/www.emosa.com\/pt-pt\/","logo":{"@type":"ImageObject","inLanguage":"pt-PT","@id":"https:\/\/www.emosa.com\/pt-pt\/#\/schema\/logo\/image\/","url":"https:\/\/www.emosa.com\/wp-content\/uploads\/2023\/01\/logo-emo-50-aniversario.png","contentUrl":"https:\/\/www.emosa.com\/wp-content\/uploads\/2023\/01\/logo-emo-50-aniversario.png","width":300,"height":158,"caption":"EMO - Maquinaria Industria Alimentaria"},"image":{"@id":"https:\/\/www.emosa.com\/pt-pt\/#\/schema\/logo\/image\/"},"sameAs":["https:\/\/www.linkedin.com\/company\/emo-sa\/","https:\/\/www.youtube.com\/channel\/UCE4DD4ZApaNHUQYLVQiPBhw"]}]}},"_links":{"self":[{"href":"https:\/\/www.emosa.com\/pt-pt\/wp-json\/wp\/v2\/product\/9127","targetHints":{"allow":["GET"]}}],"collection":[{"href":"https:\/\/www.emosa.com\/pt-pt\/wp-json\/wp\/v2\/product"}],"about":[{"href":"https:\/\/www.emosa.com\/pt-pt\/wp-json\/wp\/v2\/types\/product"}],"version-history":[{"count":1,"href":"https:\/\/www.emosa.com\/pt-pt\/wp-json\/wp\/v2\/product\/9127\/revisions"}],"predecessor-version":[{"id":9128,"href":"https:\/\/www.emosa.com\/pt-pt\/wp-json\/wp\/v2\/product\/9127\/revisions\/9128"}],"wp:featuredmedia":[{"embeddable":true,"href":"https:\/\/www.emosa.com\/pt-pt\/wp-json\/wp\/v2\/media\/8579"}],"wp:attachment":[{"href":"https:\/\/www.emosa.com\/pt-pt\/wp-json\/wp\/v2\/media?parent=9127"}],"wp:term":[{"taxonomy":"product_brand","embeddable":true,"href":"https:\/\/www.emosa.com\/pt-pt\/wp-json\/wp\/v2\/product_brand?post=9127"},{"taxonomy":"product_cat","embeddable":true,"href":"https:\/\/www.emosa.com\/pt-pt\/wp-json\/wp\/v2\/product_cat?post=9127"},{"taxonomy":"product_tag","embeddable":true,"href":"https:\/\/www.emosa.com\/pt-pt\/wp-json\/wp\/v2\/product_tag?post=9127"}],"curies":[{"name":"wp","href":"https:\/\/api.w.org\/{rel}","templated":true}]}}