{"id":9206,"date":"2022-07-07T16:52:13","date_gmt":"2022-07-07T14:52:13","guid":{"rendered":"https:\/\/www.emosa.com\/nuevaweb\/termoformadora-automatica-sealpac-re-25\/"},"modified":"2022-11-21T16:08:45","modified_gmt":"2022-11-21T15:08:45","slug":"termoformadora-automatica-sealpac-re-25","status":"publish","type":"product","link":"https:\/\/www.emosa.com\/pt-pt\/termoformadora-automatica-sealpac-re-25\/","title":{"rendered":"Termoformadora autom\u00e1tica Sealpac RE 25"},"content":{"rendered":"\t\t<div data-elementor-type=\"product-post\" data-elementor-id=\"9206\" class=\"elementor elementor-9206 elementor-5570\" data-elementor-post-type=\"product\">\n\t\t\t\t\t\t<section class=\"elementor-section elementor-top-section elementor-element elementor-element-519aa96 elementor-section-boxed elementor-section-height-default elementor-section-height-default\" data-id=\"519aa96\" data-element_type=\"section\" data-e-type=\"section\">\n\t\t\t\t\t\t<div class=\"elementor-container elementor-column-gap-default\">\n\t\t\t\t\t<div class=\"elementor-column elementor-col-100 elementor-top-column elementor-element elementor-element-c1687a1\" data-id=\"c1687a1\" data-element_type=\"column\" data-e-type=\"column\">\n\t\t\t<div class=\"elementor-widget-wrap elementor-element-populated\">\n\t\t\t\t\t\t<div class=\"elementor-element elementor-element-16d8076 elementor-widget elementor-widget-text-editor\" data-id=\"16d8076\" data-element_type=\"widget\" data-e-type=\"widget\" data-widget_type=\"text-editor.default\">\n\t\t\t\t<div class=\"elementor-widget-container\">\n\t\t\t\t\t\t\t\t\t<p>Os sistemas de <strong>mudan\u00e7a r\u00e1pida de formas<\/strong> permitem uma inatividade m\u00ednima.<\/p>\n<p><strong>Ciclos mais r\u00e1pidos<\/strong> e <strong>filmes mais finos<\/strong> gra\u00e7as \u00e0 Rapid Air Forming<\/p>\n\t\t\t\t\t\t\t\t<\/div>\n\t\t\t\t<\/div>\n\t\t\t\t<div class=\"elementor-element elementor-element-ac98bc4 elementor-widget elementor-widget-heading\" data-id=\"ac98bc4\" data-element_type=\"widget\" data-e-type=\"widget\" data-widget_type=\"heading.default\">\n\t\t\t\t<div class=\"elementor-widget-container\">\n\t\t\t\t\t<h2 class=\"elementor-heading-title elementor-size-default\">Caracter\u00edsticas de Termoformadora SEALPAC RE 25<\/h2>\t\t\t\t<\/div>\n\t\t\t\t<\/div>\n\t\t\t\t<div class=\"elementor-element elementor-element-9ab32ef elementor-widget elementor-widget-text-editor\" data-id=\"9ab32ef\" data-element_type=\"widget\" data-e-type=\"widget\" data-widget_type=\"text-editor.default\">\n\t\t\t\t<div class=\"elementor-widget-container\">\n\t\t\t\t\t\t\t\t\t<ul>\n<li>Largura do filme: 285 &#8211; 650 mm.<\/li>\n<li>Avan\u00e7o: 150 \u2013 1.000 mm.<\/li>\n<li>Profundidade m\u00e1xima de termoformagem: 190 mm.<\/li>\n<li>Rendimento m\u00e1ximo, segundo a aplica\u00e7\u00e3o: 15 ciclos\/min.<\/li>\n<\/ul>\n\t\t\t\t\t\t\t\t<\/div>\n\t\t\t\t<\/div>\n\t\t\t\t\t<\/div>\n\t\t<\/div>\n\t\t\t\t\t<\/div>\n\t\t<\/section>\n\t\t\t\t<\/div>\n\t\t","protected":false},"excerpt":{"rendered":"<p><strong>O modelo profissional modular<\/strong><\/p>\n<p>Com capacidade para todas as aplica\u00e7\u00f5es comuns de embalagem de <strong>filme r\u00edgido e flex\u00edvel<\/strong>, incluindo o embalamento em filme <strong>retr\u00e1til e skin<\/strong>.<\/p>\n","protected":false},"featured_media":8599,"template":"","meta":{"_joinchat":[]},"product_brand":[],"product_cat":[234],"product_tag":[242,243,244,245,251,250,247,248,249,246],"class_list":{"0":"post-9206","1":"product","2":"type-product","3":"status-publish","4":"has-post-thumbnail","6":"product_cat-termoformadoras-maquinas","7":"product_tag-aves","8":"product_tag-carnes","9":"product_tag-frutas-e-verduras","10":"product_tag-laticinios","11":"product_tag-non-food-pt-pt","12":"product_tag-padaria-e-pastelaria","13":"product_tag-peixe","14":"product_tag-petfood-pt-pt","15":"product_tag-pre-cozido","16":"product_tag-vegano-e-vegetariano","17":"yith_product_brand-sealpac-pt-pt","19":"first","20":"instock","21":"shipping-taxable","22":"product-type-simple"},"yoast_head":"<!-- This site is optimized with the Yoast SEO plugin v27.4 - https:\/\/yoast.com\/product\/yoast-seo-wordpress\/ -->\n<title>Termoformadora Autom\u00e1tica SEALPAC RE 25 - Emo<\/title>\n<meta name=\"description\" content=\"A Termoformadora Sealpac RE 25 \u00e9 o modelo profissional modular. Com capacidade para todas as aplica\u00e7\u00f5es comuns de embalagem.\" \/>\n<meta name=\"robots\" content=\"index, follow, max-snippet:-1, max-image-preview:large, max-video-preview:-1\" \/>\n<link rel=\"canonical\" href=\"https:\/\/www.emosa.com\/pt-pt\/termoformadora-automatica-sealpac-re-25\/\" \/>\n<meta property=\"og:locale\" content=\"pt_PT\" \/>\n<meta property=\"og:type\" content=\"article\" \/>\n<meta property=\"og:title\" content=\"Termoformadora Autom\u00e1tica SEALPAC RE 25 - Emo\" \/>\n<meta property=\"og:description\" content=\"A Termoformadora Sealpac RE 25 \u00e9 o modelo profissional modular. Com capacidade para todas as aplica\u00e7\u00f5es comuns de embalagem.\" \/>\n<meta property=\"og:url\" content=\"https:\/\/www.emosa.com\/pt-pt\/termoformadora-automatica-sealpac-re-25\/\" \/>\n<meta property=\"og:site_name\" content=\"Emo\" \/>\n<meta property=\"article:modified_time\" content=\"2022-11-21T15:08:45+00:00\" \/>\n<meta property=\"og:image\" content=\"https:\/\/www.emosa.com\/wp-content\/uploads\/2022\/07\/termoformadora-automatica-sealpac-re-25.jpg\" \/>\n\t<meta property=\"og:image:width\" content=\"600\" \/>\n\t<meta property=\"og:image:height\" content=\"600\" \/>\n\t<meta property=\"og:image:type\" content=\"image\/jpeg\" \/>\n<meta name=\"twitter:card\" content=\"summary_large_image\" \/>\n<script type=\"application\/ld+json\" class=\"yoast-schema-graph\">{\"@context\":\"https:\\\/\\\/schema.org\",\"@graph\":[{\"@type\":\"WebPage\",\"@id\":\"https:\\\/\\\/www.emosa.com\\\/pt-pt\\\/termoformadora-automatica-sealpac-re-25\\\/\",\"url\":\"https:\\\/\\\/www.emosa.com\\\/pt-pt\\\/termoformadora-automatica-sealpac-re-25\\\/\",\"name\":\"Termoformadora Autom\u00e1tica SEALPAC RE 25 - Emo\",\"isPartOf\":{\"@id\":\"https:\\\/\\\/www.emosa.com\\\/pt-pt\\\/#website\"},\"primaryImageOfPage\":{\"@id\":\"https:\\\/\\\/www.emosa.com\\\/pt-pt\\\/termoformadora-automatica-sealpac-re-25\\\/#primaryimage\"},\"image\":{\"@id\":\"https:\\\/\\\/www.emosa.com\\\/pt-pt\\\/termoformadora-automatica-sealpac-re-25\\\/#primaryimage\"},\"thumbnailUrl\":\"https:\\\/\\\/www.emosa.com\\\/wp-content\\\/uploads\\\/2022\\\/07\\\/termoformadora-automatica-sealpac-re-25.jpg\",\"datePublished\":\"2022-07-07T14:52:13+00:00\",\"dateModified\":\"2022-11-21T15:08:45+00:00\",\"description\":\"A Termoformadora Sealpac RE 25 \u00e9 o modelo profissional modular. Com capacidade para todas as aplica\u00e7\u00f5es comuns de embalagem.\",\"breadcrumb\":{\"@id\":\"https:\\\/\\\/www.emosa.com\\\/pt-pt\\\/termoformadora-automatica-sealpac-re-25\\\/#breadcrumb\"},\"inLanguage\":\"pt-PT\",\"potentialAction\":[{\"@type\":\"ReadAction\",\"target\":[\"https:\\\/\\\/www.emosa.com\\\/pt-pt\\\/termoformadora-automatica-sealpac-re-25\\\/\"]}]},{\"@type\":\"ImageObject\",\"inLanguage\":\"pt-PT\",\"@id\":\"https:\\\/\\\/www.emosa.com\\\/pt-pt\\\/termoformadora-automatica-sealpac-re-25\\\/#primaryimage\",\"url\":\"https:\\\/\\\/www.emosa.com\\\/wp-content\\\/uploads\\\/2022\\\/07\\\/termoformadora-automatica-sealpac-re-25.jpg\",\"contentUrl\":\"https:\\\/\\\/www.emosa.com\\\/wp-content\\\/uploads\\\/2022\\\/07\\\/termoformadora-automatica-sealpac-re-25.jpg\",\"width\":600,\"height\":600,\"caption\":\"Termoformadora Sealpac RE 25\"},{\"@type\":\"BreadcrumbList\",\"@id\":\"https:\\\/\\\/www.emosa.com\\\/pt-pt\\\/termoformadora-automatica-sealpac-re-25\\\/#breadcrumb\",\"itemListElement\":[{\"@type\":\"ListItem\",\"position\":1,\"name\":\"EMO\",\"item\":\"https:\\\/\\\/www.emosa.com\\\/pt-pt\\\/\"},{\"@type\":\"ListItem\",\"position\":2,\"name\":\"Tienda\",\"item\":\"https:\\\/\\\/www.emosa.com\\\/tienda\\\/\"},{\"@type\":\"ListItem\",\"position\":3,\"name\":\"Termoformadora autom\u00e1tica Sealpac RE 25\"}]},{\"@type\":\"WebSite\",\"@id\":\"https:\\\/\\\/www.emosa.com\\\/pt-pt\\\/#website\",\"url\":\"https:\\\/\\\/www.emosa.com\\\/pt-pt\\\/\",\"name\":\"Emo\",\"description\":\"Maquinaria industria alimentaria y Envases Sostenibles\",\"publisher\":{\"@id\":\"https:\\\/\\\/www.emosa.com\\\/pt-pt\\\/#organization\"},\"potentialAction\":[{\"@type\":\"SearchAction\",\"target\":{\"@type\":\"EntryPoint\",\"urlTemplate\":\"https:\\\/\\\/www.emosa.com\\\/pt-pt\\\/?s={search_term_string}\"},\"query-input\":{\"@type\":\"PropertyValueSpecification\",\"valueRequired\":true,\"valueName\":\"search_term_string\"}}],\"inLanguage\":\"pt-PT\"},{\"@type\":\"Organization\",\"@id\":\"https:\\\/\\\/www.emosa.com\\\/pt-pt\\\/#organization\",\"name\":\"EMO - Maquinaria Industria Alimentaria\",\"url\":\"https:\\\/\\\/www.emosa.com\\\/pt-pt\\\/\",\"logo\":{\"@type\":\"ImageObject\",\"inLanguage\":\"pt-PT\",\"@id\":\"https:\\\/\\\/www.emosa.com\\\/pt-pt\\\/#\\\/schema\\\/logo\\\/image\\\/\",\"url\":\"https:\\\/\\\/www.emosa.com\\\/wp-content\\\/uploads\\\/2023\\\/01\\\/logo-emo-50-aniversario.png\",\"contentUrl\":\"https:\\\/\\\/www.emosa.com\\\/wp-content\\\/uploads\\\/2023\\\/01\\\/logo-emo-50-aniversario.png\",\"width\":300,\"height\":158,\"caption\":\"EMO - Maquinaria Industria Alimentaria\"},\"image\":{\"@id\":\"https:\\\/\\\/www.emosa.com\\\/pt-pt\\\/#\\\/schema\\\/logo\\\/image\\\/\"},\"sameAs\":[\"https:\\\/\\\/www.linkedin.com\\\/company\\\/emo-sa\\\/\",\"https:\\\/\\\/www.youtube.com\\\/channel\\\/UCE4DD4ZApaNHUQYLVQiPBhw\"]}]}<\/script>\n<!-- \/ Yoast SEO plugin. -->","yoast_head_json":{"title":"Termoformadora Autom\u00e1tica SEALPAC RE 25 - Emo","description":"A Termoformadora Sealpac RE 25 \u00e9 o modelo profissional modular. Com capacidade para todas as aplica\u00e7\u00f5es comuns de embalagem.","robots":{"index":"index","follow":"follow","max-snippet":"max-snippet:-1","max-image-preview":"max-image-preview:large","max-video-preview":"max-video-preview:-1"},"canonical":"https:\/\/www.emosa.com\/pt-pt\/termoformadora-automatica-sealpac-re-25\/","og_locale":"pt_PT","og_type":"article","og_title":"Termoformadora Autom\u00e1tica SEALPAC RE 25 - Emo","og_description":"A Termoformadora Sealpac RE 25 \u00e9 o modelo profissional modular. Com capacidade para todas as aplica\u00e7\u00f5es comuns de embalagem.","og_url":"https:\/\/www.emosa.com\/pt-pt\/termoformadora-automatica-sealpac-re-25\/","og_site_name":"Emo","article_modified_time":"2022-11-21T15:08:45+00:00","og_image":[{"width":600,"height":600,"url":"https:\/\/www.emosa.com\/wp-content\/uploads\/2022\/07\/termoformadora-automatica-sealpac-re-25.jpg","type":"image\/jpeg"}],"twitter_card":"summary_large_image","schema":{"@context":"https:\/\/schema.org","@graph":[{"@type":"WebPage","@id":"https:\/\/www.emosa.com\/pt-pt\/termoformadora-automatica-sealpac-re-25\/","url":"https:\/\/www.emosa.com\/pt-pt\/termoformadora-automatica-sealpac-re-25\/","name":"Termoformadora Autom\u00e1tica SEALPAC RE 25 - Emo","isPartOf":{"@id":"https:\/\/www.emosa.com\/pt-pt\/#website"},"primaryImageOfPage":{"@id":"https:\/\/www.emosa.com\/pt-pt\/termoformadora-automatica-sealpac-re-25\/#primaryimage"},"image":{"@id":"https:\/\/www.emosa.com\/pt-pt\/termoformadora-automatica-sealpac-re-25\/#primaryimage"},"thumbnailUrl":"https:\/\/www.emosa.com\/wp-content\/uploads\/2022\/07\/termoformadora-automatica-sealpac-re-25.jpg","datePublished":"2022-07-07T14:52:13+00:00","dateModified":"2022-11-21T15:08:45+00:00","description":"A Termoformadora Sealpac RE 25 \u00e9 o modelo profissional modular. Com capacidade para todas as aplica\u00e7\u00f5es comuns de embalagem.","breadcrumb":{"@id":"https:\/\/www.emosa.com\/pt-pt\/termoformadora-automatica-sealpac-re-25\/#breadcrumb"},"inLanguage":"pt-PT","potentialAction":[{"@type":"ReadAction","target":["https:\/\/www.emosa.com\/pt-pt\/termoformadora-automatica-sealpac-re-25\/"]}]},{"@type":"ImageObject","inLanguage":"pt-PT","@id":"https:\/\/www.emosa.com\/pt-pt\/termoformadora-automatica-sealpac-re-25\/#primaryimage","url":"https:\/\/www.emosa.com\/wp-content\/uploads\/2022\/07\/termoformadora-automatica-sealpac-re-25.jpg","contentUrl":"https:\/\/www.emosa.com\/wp-content\/uploads\/2022\/07\/termoformadora-automatica-sealpac-re-25.jpg","width":600,"height":600,"caption":"Termoformadora Sealpac RE 25"},{"@type":"BreadcrumbList","@id":"https:\/\/www.emosa.com\/pt-pt\/termoformadora-automatica-sealpac-re-25\/#breadcrumb","itemListElement":[{"@type":"ListItem","position":1,"name":"EMO","item":"https:\/\/www.emosa.com\/pt-pt\/"},{"@type":"ListItem","position":2,"name":"Tienda","item":"https:\/\/www.emosa.com\/tienda\/"},{"@type":"ListItem","position":3,"name":"Termoformadora autom\u00e1tica Sealpac RE 25"}]},{"@type":"WebSite","@id":"https:\/\/www.emosa.com\/pt-pt\/#website","url":"https:\/\/www.emosa.com\/pt-pt\/","name":"Emo","description":"Maquinaria industria alimentaria y Envases Sostenibles","publisher":{"@id":"https:\/\/www.emosa.com\/pt-pt\/#organization"},"potentialAction":[{"@type":"SearchAction","target":{"@type":"EntryPoint","urlTemplate":"https:\/\/www.emosa.com\/pt-pt\/?s={search_term_string}"},"query-input":{"@type":"PropertyValueSpecification","valueRequired":true,"valueName":"search_term_string"}}],"inLanguage":"pt-PT"},{"@type":"Organization","@id":"https:\/\/www.emosa.com\/pt-pt\/#organization","name":"EMO - Maquinaria Industria Alimentaria","url":"https:\/\/www.emosa.com\/pt-pt\/","logo":{"@type":"ImageObject","inLanguage":"pt-PT","@id":"https:\/\/www.emosa.com\/pt-pt\/#\/schema\/logo\/image\/","url":"https:\/\/www.emosa.com\/wp-content\/uploads\/2023\/01\/logo-emo-50-aniversario.png","contentUrl":"https:\/\/www.emosa.com\/wp-content\/uploads\/2023\/01\/logo-emo-50-aniversario.png","width":300,"height":158,"caption":"EMO - Maquinaria Industria Alimentaria"},"image":{"@id":"https:\/\/www.emosa.com\/pt-pt\/#\/schema\/logo\/image\/"},"sameAs":["https:\/\/www.linkedin.com\/company\/emo-sa\/","https:\/\/www.youtube.com\/channel\/UCE4DD4ZApaNHUQYLVQiPBhw"]}]}},"_links":{"self":[{"href":"https:\/\/www.emosa.com\/pt-pt\/wp-json\/wp\/v2\/product\/9206","targetHints":{"allow":["GET"]}}],"collection":[{"href":"https:\/\/www.emosa.com\/pt-pt\/wp-json\/wp\/v2\/product"}],"about":[{"href":"https:\/\/www.emosa.com\/pt-pt\/wp-json\/wp\/v2\/types\/product"}],"version-history":[{"count":1,"href":"https:\/\/www.emosa.com\/pt-pt\/wp-json\/wp\/v2\/product\/9206\/revisions"}],"predecessor-version":[{"id":9207,"href":"https:\/\/www.emosa.com\/pt-pt\/wp-json\/wp\/v2\/product\/9206\/revisions\/9207"}],"wp:featuredmedia":[{"embeddable":true,"href":"https:\/\/www.emosa.com\/pt-pt\/wp-json\/wp\/v2\/media\/8599"}],"wp:attachment":[{"href":"https:\/\/www.emosa.com\/pt-pt\/wp-json\/wp\/v2\/media?parent=9206"}],"wp:term":[{"taxonomy":"product_brand","embeddable":true,"href":"https:\/\/www.emosa.com\/pt-pt\/wp-json\/wp\/v2\/product_brand?post=9206"},{"taxonomy":"product_cat","embeddable":true,"href":"https:\/\/www.emosa.com\/pt-pt\/wp-json\/wp\/v2\/product_cat?post=9206"},{"taxonomy":"product_tag","embeddable":true,"href":"https:\/\/www.emosa.com\/pt-pt\/wp-json\/wp\/v2\/product_tag?post=9206"}],"curies":[{"name":"wp","href":"https:\/\/api.w.org\/{rel}","templated":true}]}}