{"id":9227,"date":"2022-07-12T16:41:40","date_gmt":"2022-07-12T14:41:40","guid":{"rendered":"https:\/\/www.emosa.com\/nuevaweb\/termosseladora-sealpac-a7max\/"},"modified":"2023-02-06T14:14:00","modified_gmt":"2023-02-06T13:14:00","slug":"termosseladora-sealpac-a7max","status":"publish","type":"product","link":"https:\/\/www.emosa.com\/pt-pt\/termosseladora-sealpac-a7max\/","title":{"rendered":"Termosseladora Sealpac A7max"},"content":{"rendered":"\t\t<div data-elementor-type=\"product-post\" data-elementor-id=\"9227\" class=\"elementor elementor-9227 elementor-5762\" data-elementor-post-type=\"product\">\n\t\t\t\t\t\t<section class=\"elementor-section elementor-top-section elementor-element elementor-element-519aa96 elementor-section-boxed elementor-section-height-default elementor-section-height-default\" data-id=\"519aa96\" data-element_type=\"section\" data-e-type=\"section\">\n\t\t\t\t\t\t<div class=\"elementor-container elementor-column-gap-default\">\n\t\t\t\t\t<div class=\"elementor-column elementor-col-100 elementor-top-column elementor-element elementor-element-c1687a1\" data-id=\"c1687a1\" data-element_type=\"column\" data-e-type=\"column\">\n\t\t\t<div class=\"elementor-widget-wrap elementor-element-populated\">\n\t\t\t\t\t\t<div class=\"elementor-element elementor-element-9ab32ef elementor-widget elementor-widget-text-editor\" data-id=\"9ab32ef\" data-element_type=\"widget\" data-e-type=\"widget\" data-widget_type=\"text-editor.default\">\n\t\t\t\t<div class=\"elementor-widget-container\">\n\t\t\t\t\t\t\t\t\t<p>O objetivo da SEALPAC \u00e9 criar sistemas de embalagem que respeitem a reciclagem desde o in\u00edcio.<\/p>\n<p>Estes incluem as nossas <strong>aplica\u00e7\u00f5es que poupam recursos, tais como EasyLid\u00ae, eTray\u00ae, FlatSkin\u00ae e FlatMap\u00ae, ao reduzir a quantidade de pl\u00e1stico utilizada at\u00e9 75 %.<\/strong><\/p>\n\t\t\t\t\t\t\t\t<\/div>\n\t\t\t\t<\/div>\n\t\t\t\t\t<\/div>\n\t\t<\/div>\n\t\t\t\t\t<\/div>\n\t\t<\/section>\n\t\t\t\t<section class=\"elementor-section elementor-top-section elementor-element elementor-element-45122dd elementor-section-boxed elementor-section-height-default elementor-section-height-default\" data-id=\"45122dd\" data-element_type=\"section\" data-e-type=\"section\">\n\t\t\t\t\t\t<div class=\"elementor-container elementor-column-gap-default\">\n\t\t\t\t\t<div class=\"elementor-column elementor-col-50 elementor-top-column elementor-element elementor-element-e7488d7\" data-id=\"e7488d7\" data-element_type=\"column\" data-e-type=\"column\">\n\t\t\t<div class=\"elementor-widget-wrap elementor-element-populated\">\n\t\t\t\t\t\t<div class=\"elementor-element elementor-element-ac98bc4 elementor-widget elementor-widget-heading\" data-id=\"ac98bc4\" data-element_type=\"widget\" data-e-type=\"widget\" data-widget_type=\"heading.default\">\n\t\t\t\t<div class=\"elementor-widget-container\">\n\t\t\t\t\t<h2 class=\"elementor-heading-title elementor-size-default\">Caracter\u00edsticas de Termosseladora SEALPAC A7Max<\/h2>\t\t\t\t<\/div>\n\t\t\t\t<\/div>\n\t\t\t\t<div class=\"elementor-element elementor-element-bab2791 elementor-widget elementor-widget-text-editor\" data-id=\"bab2791\" data-element_type=\"widget\" data-e-type=\"widget\" data-widget_type=\"text-editor.default\">\n\t\t\t\t<div class=\"elementor-widget-container\">\n\t\t\t\t\t\t\t\t\t<ul>\n<li>Rendimento m\u00e1x: 180 bandejas\/min. Consoante a aplica\u00e7\u00e3o.<\/li>\n<li>Pot\u00eancia: 12 kW.<\/li>\n<li>\u00c1gua de arrefecimento: 300 l\/h.<\/li>\n<\/ul>\n\t\t\t\t\t\t\t\t<\/div>\n\t\t\t\t<\/div>\n\t\t\t\t\t<\/div>\n\t\t<\/div>\n\t\t\t\t<div class=\"elementor-column elementor-col-50 elementor-top-column elementor-element elementor-element-ac8b8e1\" data-id=\"ac8b8e1\" data-element_type=\"column\" data-e-type=\"column\">\n\t\t\t<div class=\"elementor-widget-wrap elementor-element-populated\">\n\t\t\t\t\t\t<div class=\"elementor-element elementor-element-1f2db79 elementor-widget elementor-widget-html\" data-id=\"1f2db79\" data-element_type=\"widget\" data-e-type=\"widget\" data-widget_type=\"html.default\">\n\t\t\t\t<div class=\"elementor-widget-container\">\n\t\t\t\t\t<style>.embed-container { position: relative; padding-bottom: 56.25%; height: 0; overflow: hidden; max-width: 100%; } .embed-container iframe, .embed-container object, .embed-container embed { position: absolute; top: 0; left: 0; width: 100%; height: 100%; }<\/style><div class=\"embed-container\"><iframe data-cookieconsent=\"statistics, marketing\" data-src=\"https:\/\/www.youtube.com\/embed\/\/CWYq53k-R7A\" frameborder=\"0\" allowfullscreen=\"\"><\/iframe><div class=\"cookieconsent-optout-statistics cookieconsent-optout-marketing\"><\/div><\/div>\t\t\t\t<\/div>\n\t\t\t\t<\/div>\n\t\t\t\t\t<\/div>\n\t\t<\/div>\n\t\t\t\t\t<\/div>\n\t\t<\/section>\n\t\t\t\t<section class=\"elementor-section elementor-top-section elementor-element elementor-element-c30e718 elementor-section-boxed elementor-section-height-default elementor-section-height-default\" data-id=\"c30e718\" data-element_type=\"section\" data-e-type=\"section\" data-settings=\"{&quot;background_background&quot;:&quot;classic&quot;}\">\n\t\t\t\t\t\t<div class=\"elementor-container elementor-column-gap-default\">\n\t\t\t\t\t<div class=\"elementor-column elementor-col-100 elementor-top-column elementor-element elementor-element-b0c6baf\" data-id=\"b0c6baf\" data-element_type=\"column\" data-e-type=\"column\">\n\t\t\t<div class=\"elementor-widget-wrap elementor-element-populated\">\n\t\t\t\t\t\t<div class=\"elementor-element elementor-element-e9fc313 elementor-widget elementor-widget-heading\" data-id=\"e9fc313\" data-element_type=\"widget\" data-e-type=\"widget\" data-widget_type=\"heading.default\">\n\t\t\t\t<div class=\"elementor-widget-container\">\n\t\t\t\t\t<h2 class=\"elementor-heading-title elementor-size-default\">Sistemas de Embalagem para Termoselladora A7Max SEALPAC<\/h2>\t\t\t\t<\/div>\n\t\t\t\t<\/div>\n\t\t\t\t<div class=\"elementor-element elementor-element-b2c55dd elementor-product-loop-item--align-center elementor-grid-5 elementor-grid-tablet-3 elementor-grid-mobile-2 elementor-products-grid elementor-wc-products elementor-widget elementor-widget-woocommerce-products\" data-id=\"b2c55dd\" data-element_type=\"widget\" data-e-type=\"widget\" data-widget_type=\"woocommerce-products.default\">\n\t\t\t\t<div class=\"elementor-widget-container\">\n\t\t\t\t\t<div class=\"woocommerce columns-5 \"><ul class=\"products elementor-grid columns-5\">\n<li class=\"product type-product post-9648 status-publish first instock product_cat-sistemas-de-embalagem has-post-thumbnail shipping-taxable product-type-simple\">\n\t<a href=\"https:\/\/www.emosa.com\/pt-pt\/embalagem-flatmap\/\" class=\"woocommerce-LoopProduct-link woocommerce-loop-product__link\"><img fetchpriority=\"high\" decoding=\"async\" width=\"300\" height=\"300\" src=\"https:\/\/www.emosa.com\/wp-content\/uploads\/2022\/07\/bandejas-flatmap-premio-2021-300x300.jpg\" class=\"attachment-woocommerce_thumbnail size-woocommerce_thumbnail\" alt=\"flatmap sealpac\" srcset=\"https:\/\/www.emosa.com\/wp-content\/uploads\/2022\/07\/bandejas-flatmap-premio-2021-300x300.jpg 300w, https:\/\/www.emosa.com\/wp-content\/uploads\/2022\/07\/bandejas-flatmap-premio-2021-150x150.jpg 150w, https:\/\/www.emosa.com\/wp-content\/uploads\/2022\/07\/bandejas-flatmap-premio-2021-100x100.jpg 100w, https:\/\/www.emosa.com\/wp-content\/uploads\/2022\/07\/bandejas-flatmap-premio-2021-64x64.jpg 64w, https:\/\/www.emosa.com\/wp-content\/uploads\/2022\/07\/bandejas-flatmap-premio-2021.jpg 600w\" sizes=\"(max-width: 300px) 100vw, 300px\" \/><h2 class=\"woocommerce-loop-product__title\">Embalagem FlatMap\u00ae<\/h2>\n<\/a><a href=\"https:\/\/www.emosa.com\/pt-pt\/embalagem-flatmap\/\" aria-describedby=\"woocommerce_loop_add_to_cart_link_describedby_9648\" data-quantity=\"1\" class=\"button product_type_simple\" data-product_id=\"9648\" data-product_sku=\"\" aria-label=\"Leia mais sobre &ldquo;Embalagem FlatMap\u00ae&rdquo;\" rel=\"nofollow\" data-success_message=\"\">Ler mais<\/a>\t<span id=\"woocommerce_loop_add_to_cart_link_describedby_9648\" class=\"screen-reader-text\">\n\t\t\t<\/span>\n<\/li>\n<li class=\"product type-product post-9646 status-publish instock product_cat-sistemas-de-embalagem has-post-thumbnail shipping-taxable product-type-simple\">\n\t<a href=\"https:\/\/www.emosa.com\/pt-pt\/embalagem-flatskin\/\" class=\"woocommerce-LoopProduct-link woocommerce-loop-product__link\"><img decoding=\"async\" width=\"300\" height=\"300\" src=\"https:\/\/www.emosa.com\/wp-content\/uploads\/2022\/07\/bandejas-flatskin-salmon-300x300.jpg\" class=\"attachment-woocommerce_thumbnail size-woocommerce_thumbnail\" alt=\"flatskin sealpac\" srcset=\"https:\/\/www.emosa.com\/wp-content\/uploads\/2022\/07\/bandejas-flatskin-salmon-300x300.jpg 300w, https:\/\/www.emosa.com\/wp-content\/uploads\/2022\/07\/bandejas-flatskin-salmon-150x150.jpg 150w, https:\/\/www.emosa.com\/wp-content\/uploads\/2022\/07\/bandejas-flatskin-salmon-100x100.jpg 100w, https:\/\/www.emosa.com\/wp-content\/uploads\/2022\/07\/bandejas-flatskin-salmon-64x64.jpg 64w, https:\/\/www.emosa.com\/wp-content\/uploads\/2022\/07\/bandejas-flatskin-salmon.jpg 600w\" sizes=\"(max-width: 300px) 100vw, 300px\" \/><h2 class=\"woocommerce-loop-product__title\">Embalagem FlatSkin\u00ae<\/h2>\n<\/a><a href=\"https:\/\/www.emosa.com\/pt-pt\/embalagem-flatskin\/\" aria-describedby=\"woocommerce_loop_add_to_cart_link_describedby_9646\" data-quantity=\"1\" class=\"button product_type_simple\" data-product_id=\"9646\" data-product_sku=\"\" aria-label=\"Leia mais sobre &ldquo;Embalagem FlatSkin\u00ae&rdquo;\" rel=\"nofollow\" data-success_message=\"\">Ler mais<\/a>\t<span id=\"woocommerce_loop_add_to_cart_link_describedby_9646\" class=\"screen-reader-text\">\n\t\t\t<\/span>\n<\/li>\n<li class=\"product type-product post-9650 status-publish instock product_cat-sistemas-de-embalagem has-post-thumbnail shipping-taxable product-type-simple\">\n\t<a href=\"https:\/\/www.emosa.com\/pt-pt\/embalagem-easylid\/\" class=\"woocommerce-LoopProduct-link woocommerce-loop-product__link\"><img decoding=\"async\" width=\"300\" height=\"300\" src=\"https:\/\/www.emosa.com\/wp-content\/uploads\/2022\/07\/bandejas-naber-easylid-300x300.jpg\" class=\"attachment-woocommerce_thumbnail size-woocommerce_thumbnail\" alt=\"Tabuleiros Naber EasyLid\" srcset=\"https:\/\/www.emosa.com\/wp-content\/uploads\/2022\/07\/bandejas-naber-easylid-300x300.jpg 300w, https:\/\/www.emosa.com\/wp-content\/uploads\/2022\/07\/bandejas-naber-easylid-150x150.jpg 150w, https:\/\/www.emosa.com\/wp-content\/uploads\/2022\/07\/bandejas-naber-easylid-100x100.jpg 100w, https:\/\/www.emosa.com\/wp-content\/uploads\/2022\/07\/bandejas-naber-easylid-64x64.jpg 64w, https:\/\/www.emosa.com\/wp-content\/uploads\/2022\/07\/bandejas-naber-easylid.jpg 600w\" sizes=\"(max-width: 300px) 100vw, 300px\" \/><h2 class=\"woocommerce-loop-product__title\">Embalagem EasyLid\u00ae<\/h2>\n<\/a><a href=\"https:\/\/www.emosa.com\/pt-pt\/embalagem-easylid\/\" aria-describedby=\"woocommerce_loop_add_to_cart_link_describedby_9650\" data-quantity=\"1\" class=\"button product_type_simple\" data-product_id=\"9650\" data-product_sku=\"\" aria-label=\"Leia mais sobre &ldquo;Embalagem EasyLid\u00ae&rdquo;\" rel=\"nofollow\" data-success_message=\"\">Ler mais<\/a>\t<span id=\"woocommerce_loop_add_to_cart_link_describedby_9650\" class=\"screen-reader-text\">\n\t\t\t<\/span>\n<\/li>\n<li class=\"product type-product post-9652 status-publish instock product_cat-sistemas-de-embalagem has-post-thumbnail shipping-taxable product-type-simple\">\n\t<a href=\"https:\/\/www.emosa.com\/pt-pt\/embalagem-sealcup\/\" class=\"woocommerce-LoopProduct-link woocommerce-loop-product__link\"><img loading=\"lazy\" decoding=\"async\" width=\"300\" height=\"300\" src=\"https:\/\/www.emosa.com\/wp-content\/uploads\/2022\/07\/envasado-sealcup-sealpac-300x300.jpg\" class=\"attachment-woocommerce_thumbnail size-woocommerce_thumbnail\" alt=\"Embalagem SealCup\" srcset=\"https:\/\/www.emosa.com\/wp-content\/uploads\/2022\/07\/envasado-sealcup-sealpac-300x300.jpg 300w, https:\/\/www.emosa.com\/wp-content\/uploads\/2022\/07\/envasado-sealcup-sealpac-150x150.jpg 150w, https:\/\/www.emosa.com\/wp-content\/uploads\/2022\/07\/envasado-sealcup-sealpac-100x100.jpg 100w, https:\/\/www.emosa.com\/wp-content\/uploads\/2022\/07\/envasado-sealcup-sealpac-64x64.jpg 64w, https:\/\/www.emosa.com\/wp-content\/uploads\/2022\/07\/envasado-sealcup-sealpac.jpg 600w\" sizes=\"(max-width: 300px) 100vw, 300px\" \/><h2 class=\"woocommerce-loop-product__title\">Embalagem SealCup\u00ae<\/h2>\n<\/a><a href=\"https:\/\/www.emosa.com\/pt-pt\/embalagem-sealcup\/\" aria-describedby=\"woocommerce_loop_add_to_cart_link_describedby_9652\" data-quantity=\"1\" class=\"button product_type_simple\" data-product_id=\"9652\" data-product_sku=\"\" aria-label=\"Leia mais sobre &ldquo;Embalagem SealCup\u00ae&rdquo;\" rel=\"nofollow\" data-success_message=\"\">Ler mais<\/a>\t<span id=\"woocommerce_loop_add_to_cart_link_describedby_9652\" class=\"screen-reader-text\">\n\t\t\t<\/span>\n<\/li>\n<li class=\"product type-product post-9660 status-publish last instock product_cat-sistemas-de-embalagem has-post-thumbnail shipping-taxable product-type-simple\">\n\t<a href=\"https:\/\/www.emosa.com\/pt-pt\/embalagem-trayskin\/\" class=\"woocommerce-LoopProduct-link woocommerce-loop-product__link\"><img loading=\"lazy\" decoding=\"async\" width=\"300\" height=\"300\" src=\"https:\/\/www.emosa.com\/wp-content\/uploads\/2022\/09\/envasado-trayskin-sealpac-300x300.jpg\" class=\"attachment-woocommerce_thumbnail size-woocommerce_thumbnail\" alt=\"Embalagem TraySkin\" srcset=\"https:\/\/www.emosa.com\/wp-content\/uploads\/2022\/09\/envasado-trayskin-sealpac-300x300.jpg 300w, https:\/\/www.emosa.com\/wp-content\/uploads\/2022\/09\/envasado-trayskin-sealpac-150x150.jpg 150w, https:\/\/www.emosa.com\/wp-content\/uploads\/2022\/09\/envasado-trayskin-sealpac-100x100.jpg 100w, https:\/\/www.emosa.com\/wp-content\/uploads\/2022\/09\/envasado-trayskin-sealpac-64x64.jpg 64w, https:\/\/www.emosa.com\/wp-content\/uploads\/2022\/09\/envasado-trayskin-sealpac.jpg 600w\" sizes=\"(max-width: 300px) 100vw, 300px\" \/><h2 class=\"woocommerce-loop-product__title\">Embalagem TraySkin\u00ae<\/h2>\n<\/a><a href=\"https:\/\/www.emosa.com\/pt-pt\/embalagem-trayskin\/\" aria-describedby=\"woocommerce_loop_add_to_cart_link_describedby_9660\" data-quantity=\"1\" class=\"button product_type_simple\" data-product_id=\"9660\" data-product_sku=\"\" aria-label=\"Leia mais sobre &ldquo;Embalagem TraySkin\u00ae&rdquo;\" rel=\"nofollow\" data-success_message=\"\">Ler mais<\/a>\t<span id=\"woocommerce_loop_add_to_cart_link_describedby_9660\" class=\"screen-reader-text\">\n\t\t\t<\/span>\n<\/li>\n<\/ul>\n<\/div>\t\t\t\t<\/div>\n\t\t\t\t<\/div>\n\t\t\t\t\t<\/div>\n\t\t<\/div>\n\t\t\t\t\t<\/div>\n\t\t<\/section>\n\t\t\t\t<\/div>\n\t\t","protected":false},"excerpt":{"rendered":"<p><strong>Para as empresas m\u00e9dias<\/strong>, oferecemos as nossas termosseladoras A7max. Estas combinam flexibilidade com um elevado desempenho atrav\u00e9s da utiliza\u00e7\u00e3o de servotecnologia no sistema do transportador de corrente e de eleva\u00e7\u00e3o.<\/p>\n<p>Isto permite um <strong>funcionamento extremamente silencioso<\/strong> com menos desgaste e um <strong>desempenho elevado e constante<\/strong>.<\/p>\n","protected":false},"featured_media":10428,"template":"","meta":{"_joinchat":[]},"product_brand":[],"product_cat":[235],"product_tag":[242,243,244,245,251,250,247,248,249,246],"class_list":{"0":"post-9227","1":"product","2":"type-product","3":"status-publish","4":"has-post-thumbnail","6":"product_cat-maquinas-termosseladoras","7":"product_tag-aves","8":"product_tag-carnes","9":"product_tag-frutas-e-verduras","10":"product_tag-laticinios","11":"product_tag-non-food-pt-pt","12":"product_tag-padaria-e-pastelaria","13":"product_tag-peixe","14":"product_tag-petfood-pt-pt","15":"product_tag-pre-cozido","16":"product_tag-vegano-e-vegetariano","17":"yith_product_brand-sealpac-pt-pt","19":"first","20":"instock","21":"shipping-taxable","22":"product-type-simple"},"yoast_head":"<!-- This site is optimized with the Yoast SEO plugin v27.4 - https:\/\/yoast.com\/product\/yoast-seo-wordpress\/ -->\n<title>Termosseladora Sealpac A7max - Emo<\/title>\n<meta name=\"description\" content=\"A Termosseladora Sealpac A7max \u00e9 ideal para as empresas m\u00e9dias. Estas combinam flexibilidade com um elevado desempenho. Extremamente silencioso.\" \/>\n<meta name=\"robots\" content=\"index, follow, max-snippet:-1, max-image-preview:large, max-video-preview:-1\" \/>\n<link rel=\"canonical\" href=\"https:\/\/www.emosa.com\/pt-pt\/termosseladora-sealpac-a7max\/\" \/>\n<meta property=\"og:locale\" content=\"pt_PT\" \/>\n<meta property=\"og:type\" content=\"article\" \/>\n<meta property=\"og:title\" content=\"Termosseladora Sealpac A7max - Emo\" \/>\n<meta property=\"og:description\" content=\"A Termosseladora Sealpac A7max \u00e9 ideal para as empresas m\u00e9dias. Estas combinam flexibilidade com um elevado desempenho. Extremamente silencioso.\" \/>\n<meta property=\"og:url\" content=\"https:\/\/www.emosa.com\/pt-pt\/termosseladora-sealpac-a7max\/\" \/>\n<meta property=\"og:site_name\" content=\"Emo\" \/>\n<meta property=\"article:modified_time\" content=\"2023-02-06T13:14:00+00:00\" \/>\n<meta property=\"og:image\" content=\"https:\/\/www.emosa.com\/wp-content\/uploads\/2022\/07\/A7max_nueva.jpg\" \/>\n\t<meta property=\"og:image:width\" content=\"600\" \/>\n\t<meta property=\"og:image:height\" content=\"600\" \/>\n\t<meta property=\"og:image:type\" content=\"image\/jpeg\" \/>\n<meta name=\"twitter:card\" content=\"summary_large_image\" \/>\n<script type=\"application\/ld+json\" class=\"yoast-schema-graph\">{\"@context\":\"https:\\\/\\\/schema.org\",\"@graph\":[{\"@type\":\"WebPage\",\"@id\":\"https:\\\/\\\/www.emosa.com\\\/pt-pt\\\/termosseladora-sealpac-a7max\\\/\",\"url\":\"https:\\\/\\\/www.emosa.com\\\/pt-pt\\\/termosseladora-sealpac-a7max\\\/\",\"name\":\"Termosseladora Sealpac A7max - Emo\",\"isPartOf\":{\"@id\":\"https:\\\/\\\/www.emosa.com\\\/pt-pt\\\/#website\"},\"primaryImageOfPage\":{\"@id\":\"https:\\\/\\\/www.emosa.com\\\/pt-pt\\\/termosseladora-sealpac-a7max\\\/#primaryimage\"},\"image\":{\"@id\":\"https:\\\/\\\/www.emosa.com\\\/pt-pt\\\/termosseladora-sealpac-a7max\\\/#primaryimage\"},\"thumbnailUrl\":\"https:\\\/\\\/www.emosa.com\\\/wp-content\\\/uploads\\\/2022\\\/07\\\/A7max_nueva.jpg\",\"datePublished\":\"2022-07-12T14:41:40+00:00\",\"dateModified\":\"2023-02-06T13:14:00+00:00\",\"description\":\"A Termosseladora Sealpac A7max \u00e9 ideal para as empresas m\u00e9dias. Estas combinam flexibilidade com um elevado desempenho. Extremamente silencioso.\",\"breadcrumb\":{\"@id\":\"https:\\\/\\\/www.emosa.com\\\/pt-pt\\\/termosseladora-sealpac-a7max\\\/#breadcrumb\"},\"inLanguage\":\"pt-PT\",\"potentialAction\":[{\"@type\":\"ReadAction\",\"target\":[\"https:\\\/\\\/www.emosa.com\\\/pt-pt\\\/termosseladora-sealpac-a7max\\\/\"]}]},{\"@type\":\"ImageObject\",\"inLanguage\":\"pt-PT\",\"@id\":\"https:\\\/\\\/www.emosa.com\\\/pt-pt\\\/termosseladora-sealpac-a7max\\\/#primaryimage\",\"url\":\"https:\\\/\\\/www.emosa.com\\\/wp-content\\\/uploads\\\/2022\\\/07\\\/A7max_nueva.jpg\",\"contentUrl\":\"https:\\\/\\\/www.emosa.com\\\/wp-content\\\/uploads\\\/2022\\\/07\\\/A7max_nueva.jpg\",\"width\":600,\"height\":600,\"caption\":\"Termosseladora SEALPAC A7max\"},{\"@type\":\"BreadcrumbList\",\"@id\":\"https:\\\/\\\/www.emosa.com\\\/pt-pt\\\/termosseladora-sealpac-a7max\\\/#breadcrumb\",\"itemListElement\":[{\"@type\":\"ListItem\",\"position\":1,\"name\":\"EMO\",\"item\":\"https:\\\/\\\/www.emosa.com\\\/pt-pt\\\/\"},{\"@type\":\"ListItem\",\"position\":2,\"name\":\"Tienda\",\"item\":\"https:\\\/\\\/www.emosa.com\\\/tienda\\\/\"},{\"@type\":\"ListItem\",\"position\":3,\"name\":\"Termosseladora Sealpac A7max\"}]},{\"@type\":\"WebSite\",\"@id\":\"https:\\\/\\\/www.emosa.com\\\/pt-pt\\\/#website\",\"url\":\"https:\\\/\\\/www.emosa.com\\\/pt-pt\\\/\",\"name\":\"Emo\",\"description\":\"Maquinaria industria alimentaria y Envases Sostenibles\",\"publisher\":{\"@id\":\"https:\\\/\\\/www.emosa.com\\\/pt-pt\\\/#organization\"},\"potentialAction\":[{\"@type\":\"SearchAction\",\"target\":{\"@type\":\"EntryPoint\",\"urlTemplate\":\"https:\\\/\\\/www.emosa.com\\\/pt-pt\\\/?s={search_term_string}\"},\"query-input\":{\"@type\":\"PropertyValueSpecification\",\"valueRequired\":true,\"valueName\":\"search_term_string\"}}],\"inLanguage\":\"pt-PT\"},{\"@type\":\"Organization\",\"@id\":\"https:\\\/\\\/www.emosa.com\\\/pt-pt\\\/#organization\",\"name\":\"EMO - Maquinaria Industria Alimentaria\",\"url\":\"https:\\\/\\\/www.emosa.com\\\/pt-pt\\\/\",\"logo\":{\"@type\":\"ImageObject\",\"inLanguage\":\"pt-PT\",\"@id\":\"https:\\\/\\\/www.emosa.com\\\/pt-pt\\\/#\\\/schema\\\/logo\\\/image\\\/\",\"url\":\"https:\\\/\\\/www.emosa.com\\\/wp-content\\\/uploads\\\/2023\\\/01\\\/logo-emo-50-aniversario.png\",\"contentUrl\":\"https:\\\/\\\/www.emosa.com\\\/wp-content\\\/uploads\\\/2023\\\/01\\\/logo-emo-50-aniversario.png\",\"width\":300,\"height\":158,\"caption\":\"EMO - Maquinaria Industria Alimentaria\"},\"image\":{\"@id\":\"https:\\\/\\\/www.emosa.com\\\/pt-pt\\\/#\\\/schema\\\/logo\\\/image\\\/\"},\"sameAs\":[\"https:\\\/\\\/www.linkedin.com\\\/company\\\/emo-sa\\\/\",\"https:\\\/\\\/www.youtube.com\\\/channel\\\/UCE4DD4ZApaNHUQYLVQiPBhw\"]}]}<\/script>\n<!-- \/ Yoast SEO plugin. -->","yoast_head_json":{"title":"Termosseladora Sealpac A7max - Emo","description":"A Termosseladora Sealpac A7max \u00e9 ideal para as empresas m\u00e9dias. Estas combinam flexibilidade com um elevado desempenho. Extremamente silencioso.","robots":{"index":"index","follow":"follow","max-snippet":"max-snippet:-1","max-image-preview":"max-image-preview:large","max-video-preview":"max-video-preview:-1"},"canonical":"https:\/\/www.emosa.com\/pt-pt\/termosseladora-sealpac-a7max\/","og_locale":"pt_PT","og_type":"article","og_title":"Termosseladora Sealpac A7max - Emo","og_description":"A Termosseladora Sealpac A7max \u00e9 ideal para as empresas m\u00e9dias. Estas combinam flexibilidade com um elevado desempenho. Extremamente silencioso.","og_url":"https:\/\/www.emosa.com\/pt-pt\/termosseladora-sealpac-a7max\/","og_site_name":"Emo","article_modified_time":"2023-02-06T13:14:00+00:00","og_image":[{"width":600,"height":600,"url":"https:\/\/www.emosa.com\/wp-content\/uploads\/2022\/07\/A7max_nueva.jpg","type":"image\/jpeg"}],"twitter_card":"summary_large_image","schema":{"@context":"https:\/\/schema.org","@graph":[{"@type":"WebPage","@id":"https:\/\/www.emosa.com\/pt-pt\/termosseladora-sealpac-a7max\/","url":"https:\/\/www.emosa.com\/pt-pt\/termosseladora-sealpac-a7max\/","name":"Termosseladora Sealpac A7max - Emo","isPartOf":{"@id":"https:\/\/www.emosa.com\/pt-pt\/#website"},"primaryImageOfPage":{"@id":"https:\/\/www.emosa.com\/pt-pt\/termosseladora-sealpac-a7max\/#primaryimage"},"image":{"@id":"https:\/\/www.emosa.com\/pt-pt\/termosseladora-sealpac-a7max\/#primaryimage"},"thumbnailUrl":"https:\/\/www.emosa.com\/wp-content\/uploads\/2022\/07\/A7max_nueva.jpg","datePublished":"2022-07-12T14:41:40+00:00","dateModified":"2023-02-06T13:14:00+00:00","description":"A Termosseladora Sealpac A7max \u00e9 ideal para as empresas m\u00e9dias. Estas combinam flexibilidade com um elevado desempenho. Extremamente silencioso.","breadcrumb":{"@id":"https:\/\/www.emosa.com\/pt-pt\/termosseladora-sealpac-a7max\/#breadcrumb"},"inLanguage":"pt-PT","potentialAction":[{"@type":"ReadAction","target":["https:\/\/www.emosa.com\/pt-pt\/termosseladora-sealpac-a7max\/"]}]},{"@type":"ImageObject","inLanguage":"pt-PT","@id":"https:\/\/www.emosa.com\/pt-pt\/termosseladora-sealpac-a7max\/#primaryimage","url":"https:\/\/www.emosa.com\/wp-content\/uploads\/2022\/07\/A7max_nueva.jpg","contentUrl":"https:\/\/www.emosa.com\/wp-content\/uploads\/2022\/07\/A7max_nueva.jpg","width":600,"height":600,"caption":"Termosseladora SEALPAC A7max"},{"@type":"BreadcrumbList","@id":"https:\/\/www.emosa.com\/pt-pt\/termosseladora-sealpac-a7max\/#breadcrumb","itemListElement":[{"@type":"ListItem","position":1,"name":"EMO","item":"https:\/\/www.emosa.com\/pt-pt\/"},{"@type":"ListItem","position":2,"name":"Tienda","item":"https:\/\/www.emosa.com\/tienda\/"},{"@type":"ListItem","position":3,"name":"Termosseladora Sealpac A7max"}]},{"@type":"WebSite","@id":"https:\/\/www.emosa.com\/pt-pt\/#website","url":"https:\/\/www.emosa.com\/pt-pt\/","name":"Emo","description":"Maquinaria industria alimentaria y Envases Sostenibles","publisher":{"@id":"https:\/\/www.emosa.com\/pt-pt\/#organization"},"potentialAction":[{"@type":"SearchAction","target":{"@type":"EntryPoint","urlTemplate":"https:\/\/www.emosa.com\/pt-pt\/?s={search_term_string}"},"query-input":{"@type":"PropertyValueSpecification","valueRequired":true,"valueName":"search_term_string"}}],"inLanguage":"pt-PT"},{"@type":"Organization","@id":"https:\/\/www.emosa.com\/pt-pt\/#organization","name":"EMO - Maquinaria Industria Alimentaria","url":"https:\/\/www.emosa.com\/pt-pt\/","logo":{"@type":"ImageObject","inLanguage":"pt-PT","@id":"https:\/\/www.emosa.com\/pt-pt\/#\/schema\/logo\/image\/","url":"https:\/\/www.emosa.com\/wp-content\/uploads\/2023\/01\/logo-emo-50-aniversario.png","contentUrl":"https:\/\/www.emosa.com\/wp-content\/uploads\/2023\/01\/logo-emo-50-aniversario.png","width":300,"height":158,"caption":"EMO - Maquinaria Industria Alimentaria"},"image":{"@id":"https:\/\/www.emosa.com\/pt-pt\/#\/schema\/logo\/image\/"},"sameAs":["https:\/\/www.linkedin.com\/company\/emo-sa\/","https:\/\/www.youtube.com\/channel\/UCE4DD4ZApaNHUQYLVQiPBhw"]}]}},"_links":{"self":[{"href":"https:\/\/www.emosa.com\/pt-pt\/wp-json\/wp\/v2\/product\/9227","targetHints":{"allow":["GET"]}}],"collection":[{"href":"https:\/\/www.emosa.com\/pt-pt\/wp-json\/wp\/v2\/product"}],"about":[{"href":"https:\/\/www.emosa.com\/pt-pt\/wp-json\/wp\/v2\/types\/product"}],"version-history":[{"count":4,"href":"https:\/\/www.emosa.com\/pt-pt\/wp-json\/wp\/v2\/product\/9227\/revisions"}],"predecessor-version":[{"id":10436,"href":"https:\/\/www.emosa.com\/pt-pt\/wp-json\/wp\/v2\/product\/9227\/revisions\/10436"}],"wp:featuredmedia":[{"embeddable":true,"href":"https:\/\/www.emosa.com\/pt-pt\/wp-json\/wp\/v2\/media\/10428"}],"wp:attachment":[{"href":"https:\/\/www.emosa.com\/pt-pt\/wp-json\/wp\/v2\/media?parent=9227"}],"wp:term":[{"taxonomy":"product_brand","embeddable":true,"href":"https:\/\/www.emosa.com\/pt-pt\/wp-json\/wp\/v2\/product_brand?post=9227"},{"taxonomy":"product_cat","embeddable":true,"href":"https:\/\/www.emosa.com\/pt-pt\/wp-json\/wp\/v2\/product_cat?post=9227"},{"taxonomy":"product_tag","embeddable":true,"href":"https:\/\/www.emosa.com\/pt-pt\/wp-json\/wp\/v2\/product_tag?post=9227"}],"curies":[{"name":"wp","href":"https:\/\/api.w.org\/{rel}","templated":true}]}}