{"id":9269,"date":"2022-07-20T16:10:18","date_gmt":"2022-07-20T14:10:18","guid":{"rendered":"https:\/\/www.emosa.com\/nuevaweb\/rotuladora-automatica-els-330\/"},"modified":"2022-11-24T18:40:32","modified_gmt":"2022-11-24T17:40:32","slug":"rotuladora-automatica-els-330","status":"publish","type":"product","link":"https:\/\/www.emosa.com\/pt-pt\/rotuladora-automatica-els-330\/","title":{"rendered":"Rotuladora autom\u00e1tica ELS 330"},"content":{"rendered":"\t\t<div data-elementor-type=\"product-post\" data-elementor-id=\"9269\" class=\"elementor elementor-9269 elementor-6217\" data-elementor-post-type=\"product\">\n\t\t\t\t\t\t<section class=\"elementor-section elementor-top-section elementor-element elementor-element-52400bd elementor-section-boxed elementor-section-height-default elementor-section-height-default\" data-id=\"52400bd\" data-element_type=\"section\" data-e-type=\"section\">\n\t\t\t\t\t\t<div class=\"elementor-container elementor-column-gap-default\">\n\t\t\t\t\t<div class=\"elementor-column elementor-col-100 elementor-top-column elementor-element elementor-element-3b40877\" data-id=\"3b40877\" data-element_type=\"column\" data-e-type=\"column\">\n\t\t\t<div class=\"elementor-widget-wrap elementor-element-populated\">\n\t\t\t\t\t\t<div class=\"elementor-element elementor-element-55f8af3 elementor-widget elementor-widget-heading\" data-id=\"55f8af3\" data-element_type=\"widget\" data-e-type=\"widget\" data-widget_type=\"heading.default\">\n\t\t\t\t<div class=\"elementor-widget-container\">\n\t\t\t\t\t<h2 class=\"elementor-heading-title elementor-size-default\">Caracter\u00edsticas de Rotuladora ELS 330<\/h2>\t\t\t\t<\/div>\n\t\t\t\t<\/div>\n\t\t\t\t<div class=\"elementor-element elementor-element-b539267 elementor-widget elementor-widget-text-editor\" data-id=\"b539267\" data-element_type=\"widget\" data-e-type=\"widget\" data-widget_type=\"text-editor.default\">\n\t\t\t\t<div class=\"elementor-widget-container\">\n\t\t\t\t\t\t\t\t\t<ul>\n<li>Largura da banda porta-r\u00f3tulos: 100 mm, 150 mm e 200 mm (outras larguras opcionais).<\/li>\n<li>Di\u00e2metro exterior m\u00e1ximo da bobina: 360 mm.<\/li>\n<li>Di\u00e2metro interior da bobina: 76 mm.<\/li>\n<li>Velocidade de rotulagem: 60 m\/min.<\/li>\n<\/ul>\n\t\t\t\t\t\t\t\t<\/div>\n\t\t\t\t<\/div>\n\t\t\t\t\t<\/div>\n\t\t<\/div>\n\t\t\t\t\t<\/div>\n\t\t<\/section>\n\t\t\t\t<\/div>\n\t\t","protected":false},"excerpt":{"rendered":"<p>A rotuladora autom\u00e1tica modular <strong>ELS 330<\/strong> foi concebida <strong>para aplicar simultaneamente r\u00f3tulos na parte superior e inferior de produtos e embalagens de alimenta\u00e7\u00e3o cont\u00ednua<\/strong> com diferentes formas e materiais.<\/p>\n","protected":false},"featured_media":8702,"template":"","meta":{"_joinchat":[]},"product_brand":[],"product_cat":[232],"product_tag":[242,243,244,245,251,250,247,248,249,246],"class_list":{"0":"post-9269","1":"product","2":"type-product","3":"status-publish","4":"has-post-thumbnail","6":"product_cat-rotuladoras-industriais","7":"product_tag-aves","8":"product_tag-carnes","9":"product_tag-frutas-e-verduras","10":"product_tag-laticinios","11":"product_tag-non-food-pt-pt","12":"product_tag-padaria-e-pastelaria","13":"product_tag-peixe","14":"product_tag-petfood-pt-pt","15":"product_tag-pre-cozido","16":"product_tag-vegano-e-vegetariano","17":"yith_product_brand-els-pt-pt","19":"first","20":"instock","21":"shipping-taxable","22":"product-type-simple"},"yoast_head":"<!-- This site is optimized with the Yoast SEO plugin v27.4 - https:\/\/yoast.com\/product\/yoast-seo-wordpress\/ -->\n<title>Rotuladora Autom\u00e1tica ELS 330 - Emo<\/title>\n<meta name=\"description\" content=\"Rotuladora ELS 330 para aplicar r\u00f3tulos na parte superior e inferior de produtos e embalagens de alimenta\u00e7\u00e3o cont\u00ednua com diferentes tipos.\" \/>\n<meta name=\"robots\" content=\"index, follow, max-snippet:-1, max-image-preview:large, max-video-preview:-1\" \/>\n<link rel=\"canonical\" href=\"https:\/\/www.emosa.com\/pt-pt\/rotuladora-automatica-els-330\/\" \/>\n<meta property=\"og:locale\" content=\"pt_PT\" \/>\n<meta property=\"og:type\" content=\"article\" \/>\n<meta property=\"og:title\" content=\"Rotuladora Autom\u00e1tica ELS 330 - Emo\" \/>\n<meta property=\"og:description\" content=\"Rotuladora ELS 330 para aplicar r\u00f3tulos na parte superior e inferior de produtos e embalagens de alimenta\u00e7\u00e3o cont\u00ednua com diferentes tipos.\" \/>\n<meta property=\"og:url\" content=\"https:\/\/www.emosa.com\/pt-pt\/rotuladora-automatica-els-330\/\" \/>\n<meta property=\"og:site_name\" content=\"Emo\" \/>\n<meta property=\"article:modified_time\" content=\"2022-11-24T17:40:32+00:00\" \/>\n<meta property=\"og:image\" content=\"https:\/\/www.emosa.com\/wp-content\/uploads\/2022\/07\/etiquetadora-els-330.jpg\" \/>\n\t<meta property=\"og:image:width\" content=\"600\" \/>\n\t<meta property=\"og:image:height\" content=\"600\" \/>\n\t<meta property=\"og:image:type\" content=\"image\/jpeg\" \/>\n<meta name=\"twitter:card\" content=\"summary_large_image\" \/>\n<script type=\"application\/ld+json\" class=\"yoast-schema-graph\">{\"@context\":\"https:\\\/\\\/schema.org\",\"@graph\":[{\"@type\":\"WebPage\",\"@id\":\"https:\\\/\\\/www.emosa.com\\\/pt-pt\\\/rotuladora-automatica-els-330\\\/\",\"url\":\"https:\\\/\\\/www.emosa.com\\\/pt-pt\\\/rotuladora-automatica-els-330\\\/\",\"name\":\"Rotuladora Autom\u00e1tica ELS 330 - Emo\",\"isPartOf\":{\"@id\":\"https:\\\/\\\/www.emosa.com\\\/pt-pt\\\/#website\"},\"primaryImageOfPage\":{\"@id\":\"https:\\\/\\\/www.emosa.com\\\/pt-pt\\\/rotuladora-automatica-els-330\\\/#primaryimage\"},\"image\":{\"@id\":\"https:\\\/\\\/www.emosa.com\\\/pt-pt\\\/rotuladora-automatica-els-330\\\/#primaryimage\"},\"thumbnailUrl\":\"https:\\\/\\\/www.emosa.com\\\/wp-content\\\/uploads\\\/2022\\\/07\\\/etiquetadora-els-330.jpg\",\"datePublished\":\"2022-07-20T14:10:18+00:00\",\"dateModified\":\"2022-11-24T17:40:32+00:00\",\"description\":\"Rotuladora ELS 330 para aplicar r\u00f3tulos na parte superior e inferior de produtos e embalagens de alimenta\u00e7\u00e3o cont\u00ednua com diferentes tipos.\",\"breadcrumb\":{\"@id\":\"https:\\\/\\\/www.emosa.com\\\/pt-pt\\\/rotuladora-automatica-els-330\\\/#breadcrumb\"},\"inLanguage\":\"pt-PT\",\"potentialAction\":[{\"@type\":\"ReadAction\",\"target\":[\"https:\\\/\\\/www.emosa.com\\\/pt-pt\\\/rotuladora-automatica-els-330\\\/\"]}]},{\"@type\":\"ImageObject\",\"inLanguage\":\"pt-PT\",\"@id\":\"https:\\\/\\\/www.emosa.com\\\/pt-pt\\\/rotuladora-automatica-els-330\\\/#primaryimage\",\"url\":\"https:\\\/\\\/www.emosa.com\\\/wp-content\\\/uploads\\\/2022\\\/07\\\/etiquetadora-els-330.jpg\",\"contentUrl\":\"https:\\\/\\\/www.emosa.com\\\/wp-content\\\/uploads\\\/2022\\\/07\\\/etiquetadora-els-330.jpg\",\"width\":600,\"height\":600,\"caption\":\"Rotuladora ELS 330\"},{\"@type\":\"BreadcrumbList\",\"@id\":\"https:\\\/\\\/www.emosa.com\\\/pt-pt\\\/rotuladora-automatica-els-330\\\/#breadcrumb\",\"itemListElement\":[{\"@type\":\"ListItem\",\"position\":1,\"name\":\"EMO\",\"item\":\"https:\\\/\\\/www.emosa.com\\\/pt-pt\\\/\"},{\"@type\":\"ListItem\",\"position\":2,\"name\":\"Tienda\",\"item\":\"https:\\\/\\\/www.emosa.com\\\/tienda\\\/\"},{\"@type\":\"ListItem\",\"position\":3,\"name\":\"Rotuladora autom\u00e1tica ELS 330\"}]},{\"@type\":\"WebSite\",\"@id\":\"https:\\\/\\\/www.emosa.com\\\/pt-pt\\\/#website\",\"url\":\"https:\\\/\\\/www.emosa.com\\\/pt-pt\\\/\",\"name\":\"Emo\",\"description\":\"Maquinaria industria alimentaria y Envases Sostenibles\",\"publisher\":{\"@id\":\"https:\\\/\\\/www.emosa.com\\\/pt-pt\\\/#organization\"},\"potentialAction\":[{\"@type\":\"SearchAction\",\"target\":{\"@type\":\"EntryPoint\",\"urlTemplate\":\"https:\\\/\\\/www.emosa.com\\\/pt-pt\\\/?s={search_term_string}\"},\"query-input\":{\"@type\":\"PropertyValueSpecification\",\"valueRequired\":true,\"valueName\":\"search_term_string\"}}],\"inLanguage\":\"pt-PT\"},{\"@type\":\"Organization\",\"@id\":\"https:\\\/\\\/www.emosa.com\\\/pt-pt\\\/#organization\",\"name\":\"EMO - Maquinaria Industria Alimentaria\",\"url\":\"https:\\\/\\\/www.emosa.com\\\/pt-pt\\\/\",\"logo\":{\"@type\":\"ImageObject\",\"inLanguage\":\"pt-PT\",\"@id\":\"https:\\\/\\\/www.emosa.com\\\/pt-pt\\\/#\\\/schema\\\/logo\\\/image\\\/\",\"url\":\"https:\\\/\\\/www.emosa.com\\\/wp-content\\\/uploads\\\/2023\\\/01\\\/logo-emo-50-aniversario.png\",\"contentUrl\":\"https:\\\/\\\/www.emosa.com\\\/wp-content\\\/uploads\\\/2023\\\/01\\\/logo-emo-50-aniversario.png\",\"width\":300,\"height\":158,\"caption\":\"EMO - Maquinaria Industria Alimentaria\"},\"image\":{\"@id\":\"https:\\\/\\\/www.emosa.com\\\/pt-pt\\\/#\\\/schema\\\/logo\\\/image\\\/\"},\"sameAs\":[\"https:\\\/\\\/www.linkedin.com\\\/company\\\/emo-sa\\\/\",\"https:\\\/\\\/www.youtube.com\\\/channel\\\/UCE4DD4ZApaNHUQYLVQiPBhw\"]}]}<\/script>\n<!-- \/ Yoast SEO plugin. -->","yoast_head_json":{"title":"Rotuladora Autom\u00e1tica ELS 330 - Emo","description":"Rotuladora ELS 330 para aplicar r\u00f3tulos na parte superior e inferior de produtos e embalagens de alimenta\u00e7\u00e3o cont\u00ednua com diferentes tipos.","robots":{"index":"index","follow":"follow","max-snippet":"max-snippet:-1","max-image-preview":"max-image-preview:large","max-video-preview":"max-video-preview:-1"},"canonical":"https:\/\/www.emosa.com\/pt-pt\/rotuladora-automatica-els-330\/","og_locale":"pt_PT","og_type":"article","og_title":"Rotuladora Autom\u00e1tica ELS 330 - Emo","og_description":"Rotuladora ELS 330 para aplicar r\u00f3tulos na parte superior e inferior de produtos e embalagens de alimenta\u00e7\u00e3o cont\u00ednua com diferentes tipos.","og_url":"https:\/\/www.emosa.com\/pt-pt\/rotuladora-automatica-els-330\/","og_site_name":"Emo","article_modified_time":"2022-11-24T17:40:32+00:00","og_image":[{"width":600,"height":600,"url":"https:\/\/www.emosa.com\/wp-content\/uploads\/2022\/07\/etiquetadora-els-330.jpg","type":"image\/jpeg"}],"twitter_card":"summary_large_image","schema":{"@context":"https:\/\/schema.org","@graph":[{"@type":"WebPage","@id":"https:\/\/www.emosa.com\/pt-pt\/rotuladora-automatica-els-330\/","url":"https:\/\/www.emosa.com\/pt-pt\/rotuladora-automatica-els-330\/","name":"Rotuladora Autom\u00e1tica ELS 330 - Emo","isPartOf":{"@id":"https:\/\/www.emosa.com\/pt-pt\/#website"},"primaryImageOfPage":{"@id":"https:\/\/www.emosa.com\/pt-pt\/rotuladora-automatica-els-330\/#primaryimage"},"image":{"@id":"https:\/\/www.emosa.com\/pt-pt\/rotuladora-automatica-els-330\/#primaryimage"},"thumbnailUrl":"https:\/\/www.emosa.com\/wp-content\/uploads\/2022\/07\/etiquetadora-els-330.jpg","datePublished":"2022-07-20T14:10:18+00:00","dateModified":"2022-11-24T17:40:32+00:00","description":"Rotuladora ELS 330 para aplicar r\u00f3tulos na parte superior e inferior de produtos e embalagens de alimenta\u00e7\u00e3o cont\u00ednua com diferentes tipos.","breadcrumb":{"@id":"https:\/\/www.emosa.com\/pt-pt\/rotuladora-automatica-els-330\/#breadcrumb"},"inLanguage":"pt-PT","potentialAction":[{"@type":"ReadAction","target":["https:\/\/www.emosa.com\/pt-pt\/rotuladora-automatica-els-330\/"]}]},{"@type":"ImageObject","inLanguage":"pt-PT","@id":"https:\/\/www.emosa.com\/pt-pt\/rotuladora-automatica-els-330\/#primaryimage","url":"https:\/\/www.emosa.com\/wp-content\/uploads\/2022\/07\/etiquetadora-els-330.jpg","contentUrl":"https:\/\/www.emosa.com\/wp-content\/uploads\/2022\/07\/etiquetadora-els-330.jpg","width":600,"height":600,"caption":"Rotuladora ELS 330"},{"@type":"BreadcrumbList","@id":"https:\/\/www.emosa.com\/pt-pt\/rotuladora-automatica-els-330\/#breadcrumb","itemListElement":[{"@type":"ListItem","position":1,"name":"EMO","item":"https:\/\/www.emosa.com\/pt-pt\/"},{"@type":"ListItem","position":2,"name":"Tienda","item":"https:\/\/www.emosa.com\/tienda\/"},{"@type":"ListItem","position":3,"name":"Rotuladora autom\u00e1tica ELS 330"}]},{"@type":"WebSite","@id":"https:\/\/www.emosa.com\/pt-pt\/#website","url":"https:\/\/www.emosa.com\/pt-pt\/","name":"Emo","description":"Maquinaria industria alimentaria y Envases Sostenibles","publisher":{"@id":"https:\/\/www.emosa.com\/pt-pt\/#organization"},"potentialAction":[{"@type":"SearchAction","target":{"@type":"EntryPoint","urlTemplate":"https:\/\/www.emosa.com\/pt-pt\/?s={search_term_string}"},"query-input":{"@type":"PropertyValueSpecification","valueRequired":true,"valueName":"search_term_string"}}],"inLanguage":"pt-PT"},{"@type":"Organization","@id":"https:\/\/www.emosa.com\/pt-pt\/#organization","name":"EMO - Maquinaria Industria Alimentaria","url":"https:\/\/www.emosa.com\/pt-pt\/","logo":{"@type":"ImageObject","inLanguage":"pt-PT","@id":"https:\/\/www.emosa.com\/pt-pt\/#\/schema\/logo\/image\/","url":"https:\/\/www.emosa.com\/wp-content\/uploads\/2023\/01\/logo-emo-50-aniversario.png","contentUrl":"https:\/\/www.emosa.com\/wp-content\/uploads\/2023\/01\/logo-emo-50-aniversario.png","width":300,"height":158,"caption":"EMO - Maquinaria Industria Alimentaria"},"image":{"@id":"https:\/\/www.emosa.com\/pt-pt\/#\/schema\/logo\/image\/"},"sameAs":["https:\/\/www.linkedin.com\/company\/emo-sa\/","https:\/\/www.youtube.com\/channel\/UCE4DD4ZApaNHUQYLVQiPBhw"]}]}},"_links":{"self":[{"href":"https:\/\/www.emosa.com\/pt-pt\/wp-json\/wp\/v2\/product\/9269","targetHints":{"allow":["GET"]}}],"collection":[{"href":"https:\/\/www.emosa.com\/pt-pt\/wp-json\/wp\/v2\/product"}],"about":[{"href":"https:\/\/www.emosa.com\/pt-pt\/wp-json\/wp\/v2\/types\/product"}],"version-history":[{"count":1,"href":"https:\/\/www.emosa.com\/pt-pt\/wp-json\/wp\/v2\/product\/9269\/revisions"}],"predecessor-version":[{"id":9270,"href":"https:\/\/www.emosa.com\/pt-pt\/wp-json\/wp\/v2\/product\/9269\/revisions\/9270"}],"wp:featuredmedia":[{"embeddable":true,"href":"https:\/\/www.emosa.com\/pt-pt\/wp-json\/wp\/v2\/media\/8702"}],"wp:attachment":[{"href":"https:\/\/www.emosa.com\/pt-pt\/wp-json\/wp\/v2\/media?parent=9269"}],"wp:term":[{"taxonomy":"product_brand","embeddable":true,"href":"https:\/\/www.emosa.com\/pt-pt\/wp-json\/wp\/v2\/product_brand?post=9269"},{"taxonomy":"product_cat","embeddable":true,"href":"https:\/\/www.emosa.com\/pt-pt\/wp-json\/wp\/v2\/product_cat?post=9269"},{"taxonomy":"product_tag","embeddable":true,"href":"https:\/\/www.emosa.com\/pt-pt\/wp-json\/wp\/v2\/product_tag?post=9269"}],"curies":[{"name":"wp","href":"https:\/\/api.w.org\/{rel}","templated":true}]}}