{"id":9273,"date":"2022-07-20T16:30:16","date_gmt":"2022-07-20T14:30:16","guid":{"rendered":"https:\/\/www.emosa.com\/nuevaweb\/rotuladora-envolvente-els-164\/"},"modified":"2025-07-21T16:43:33","modified_gmt":"2025-07-21T14:43:33","slug":"rotuladora-envolvente-els-164","status":"publish","type":"product","link":"https:\/\/www.emosa.com\/pt-pt\/rotuladora-envolvente-els-164\/","title":{"rendered":"Rotuladora envolvente ELS 165"},"content":{"rendered":"\t\t<div data-elementor-type=\"product-post\" data-elementor-id=\"9273\" class=\"elementor elementor-9273 elementor-6233\" data-elementor-post-type=\"product\">\n\t\t\t\t\t\t<section class=\"elementor-section elementor-top-section elementor-element elementor-element-52400bd elementor-section-boxed elementor-section-height-default elementor-section-height-default\" data-id=\"52400bd\" data-element_type=\"section\" data-e-type=\"section\">\n\t\t\t\t\t\t<div class=\"elementor-container elementor-column-gap-default\">\n\t\t\t\t\t<div class=\"elementor-column elementor-col-100 elementor-top-column elementor-element elementor-element-3b40877\" data-id=\"3b40877\" data-element_type=\"column\" data-e-type=\"column\">\n\t\t\t<div class=\"elementor-widget-wrap elementor-element-populated\">\n\t\t\t\t\t\t<div class=\"elementor-element elementor-element-55f8af3 elementor-widget elementor-widget-heading\" data-id=\"55f8af3\" data-element_type=\"widget\" data-e-type=\"widget\" data-widget_type=\"heading.default\">\n\t\t\t\t<div class=\"elementor-widget-container\">\n\t\t\t\t\t<h2 class=\"elementor-heading-title elementor-size-default\">Carater\u00edsticas da etiquetadora ELS 165<\/h2>\t\t\t\t<\/div>\n\t\t\t\t<\/div>\n\t\t\t\t<div class=\"elementor-element elementor-element-b539267 elementor-widget elementor-widget-text-editor\" data-id=\"b539267\" data-element_type=\"widget\" data-e-type=\"widget\" data-widget_type=\"text-editor.default\">\n\t\t\t\t<div class=\"elementor-widget-container\">\n\t\t\t\t\t\t\t\t\t<ul><li>Etiqueta larguras de banda de 100, 150, 200 mm.<\/li><li>Comprimento do r\u00f3tulo: de 10 a 150 mm.<\/li><li>Di\u00e2metro exterior m\u00e1ximo da bobina: 360 mm.<\/li><li>Di\u00e2metro interior da bobin: 40 \/ 76 mm.<\/li><li>Velocidade de etiquetagem: 11,5 m\/min.<\/li><\/ul>\t\t\t\t\t\t\t\t<\/div>\n\t\t\t\t<\/div>\n\t\t\t\t\t<\/div>\n\t\t<\/div>\n\t\t\t\t\t<\/div>\n\t\t<\/section>\n\t\t\t\t<\/div>\n\t\t","protected":false},"excerpt":{"rendered":"<p>A <strong>etiquetadora ELS 165<\/strong> \u00e9 uma esta\u00e7\u00e3o de etiquetagem semi-autom\u00e1tica, especialmente concebida <strong>para etiquetar produtos cil\u00edndricos<\/strong>.<\/p>\n<p>Os produtos cil\u00edndricos s\u00e3o rotulados semiautomaticamente numa esta\u00e7\u00e3o de trabalho manual com um r\u00f3tulo frontal ou um r\u00f3tulo frontal e posterior. O produto \u00e9 rotulado durante a rota\u00e7\u00e3o.<\/p>\n","protected":false},"featured_media":13159,"template":"","meta":{"_joinchat":[]},"product_brand":[],"product_cat":[232],"product_tag":[242,243,244,245,251,250,247,248,249,246],"class_list":{"0":"post-9273","1":"product","2":"type-product","3":"status-publish","4":"has-post-thumbnail","6":"product_cat-rotuladoras-industriais","7":"product_tag-aves","8":"product_tag-carnes","9":"product_tag-frutas-e-verduras","10":"product_tag-laticinios","11":"product_tag-non-food-pt-pt","12":"product_tag-padaria-e-pastelaria","13":"product_tag-peixe","14":"product_tag-petfood-pt-pt","15":"product_tag-pre-cozido","16":"product_tag-vegano-e-vegetariano","17":"yith_product_brand-els-pt-pt","19":"first","20":"instock","21":"shipping-taxable","22":"product-type-simple"},"yoast_head":"<!-- This site is optimized with the Yoast SEO plugin v27.4 - https:\/\/yoast.com\/product\/yoast-seo-wordpress\/ -->\n<title>Etiquetadora envolvente ELS 165 -% Emo% Emo%<\/title>\n<meta name=\"description\" content=\"A etiquetadora ELS 165 \u00e9 uma esta\u00e7\u00e3o de etiquetagem semi-autom\u00e1tica, especialmente concebida para etiquetar produtos cil\u00edndricos.\" \/>\n<meta name=\"robots\" content=\"index, follow, max-snippet:-1, max-image-preview:large, max-video-preview:-1\" \/>\n<link rel=\"canonical\" href=\"https:\/\/www.emosa.com\/pt-pt\/rotuladora-envolvente-els-164\/\" \/>\n<meta property=\"og:locale\" content=\"pt_PT\" \/>\n<meta property=\"og:type\" content=\"article\" \/>\n<meta property=\"og:title\" content=\"Etiquetadora envolvente ELS 165 -% Emo% Emo%\" \/>\n<meta property=\"og:description\" content=\"A etiquetadora ELS 165 \u00e9 uma esta\u00e7\u00e3o de etiquetagem semi-autom\u00e1tica, especialmente concebida para etiquetar produtos cil\u00edndricos.\" \/>\n<meta property=\"og:url\" content=\"https:\/\/www.emosa.com\/pt-pt\/rotuladora-envolvente-els-164\/\" \/>\n<meta property=\"og:site_name\" content=\"Emo\" \/>\n<meta property=\"article:modified_time\" content=\"2025-07-21T14:43:33+00:00\" \/>\n<meta property=\"og:image\" content=\"https:\/\/www.emosa.com\/wp-content\/uploads\/2022\/07\/els164-maquina.jpg\" \/>\n\t<meta property=\"og:image:width\" content=\"600\" \/>\n\t<meta property=\"og:image:height\" content=\"600\" \/>\n\t<meta property=\"og:image:type\" content=\"image\/jpeg\" \/>\n<meta name=\"twitter:card\" content=\"summary_large_image\" \/>\n<script type=\"application\/ld+json\" class=\"yoast-schema-graph\">{\"@context\":\"https:\\\/\\\/schema.org\",\"@graph\":[{\"@type\":\"WebPage\",\"@id\":\"https:\\\/\\\/www.emosa.com\\\/pt-pt\\\/rotuladora-envolvente-els-164\\\/\",\"url\":\"https:\\\/\\\/www.emosa.com\\\/pt-pt\\\/rotuladora-envolvente-els-164\\\/\",\"name\":\"Etiquetadora envolvente ELS 165 -% Emo% Emo%\",\"isPartOf\":{\"@id\":\"https:\\\/\\\/www.emosa.com\\\/pt-pt\\\/#website\"},\"primaryImageOfPage\":{\"@id\":\"https:\\\/\\\/www.emosa.com\\\/pt-pt\\\/rotuladora-envolvente-els-164\\\/#primaryimage\"},\"image\":{\"@id\":\"https:\\\/\\\/www.emosa.com\\\/pt-pt\\\/rotuladora-envolvente-els-164\\\/#primaryimage\"},\"thumbnailUrl\":\"https:\\\/\\\/www.emosa.com\\\/wp-content\\\/uploads\\\/2022\\\/07\\\/els164-maquina.jpg\",\"datePublished\":\"2022-07-20T14:30:16+00:00\",\"dateModified\":\"2025-07-21T14:43:33+00:00\",\"description\":\"A etiquetadora ELS 165 \u00e9 uma esta\u00e7\u00e3o de etiquetagem semi-autom\u00e1tica, especialmente concebida para etiquetar produtos cil\u00edndricos.\",\"breadcrumb\":{\"@id\":\"https:\\\/\\\/www.emosa.com\\\/pt-pt\\\/rotuladora-envolvente-els-164\\\/#breadcrumb\"},\"inLanguage\":\"pt-PT\",\"potentialAction\":[{\"@type\":\"ReadAction\",\"target\":[\"https:\\\/\\\/www.emosa.com\\\/pt-pt\\\/rotuladora-envolvente-els-164\\\/\"]}]},{\"@type\":\"ImageObject\",\"inLanguage\":\"pt-PT\",\"@id\":\"https:\\\/\\\/www.emosa.com\\\/pt-pt\\\/rotuladora-envolvente-els-164\\\/#primaryimage\",\"url\":\"https:\\\/\\\/www.emosa.com\\\/wp-content\\\/uploads\\\/2022\\\/07\\\/els164-maquina.jpg\",\"contentUrl\":\"https:\\\/\\\/www.emosa.com\\\/wp-content\\\/uploads\\\/2022\\\/07\\\/els164-maquina.jpg\",\"width\":600,\"height\":600,\"caption\":\"Etiquetadora ELS 165\"},{\"@type\":\"BreadcrumbList\",\"@id\":\"https:\\\/\\\/www.emosa.com\\\/pt-pt\\\/rotuladora-envolvente-els-164\\\/#breadcrumb\",\"itemListElement\":[{\"@type\":\"ListItem\",\"position\":1,\"name\":\"EMO\",\"item\":\"https:\\\/\\\/www.emosa.com\\\/pt-pt\\\/\"},{\"@type\":\"ListItem\",\"position\":2,\"name\":\"Tienda\",\"item\":\"https:\\\/\\\/www.emosa.com\\\/tienda\\\/\"},{\"@type\":\"ListItem\",\"position\":3,\"name\":\"Rotuladora envolvente ELS 165\"}]},{\"@type\":\"WebSite\",\"@id\":\"https:\\\/\\\/www.emosa.com\\\/pt-pt\\\/#website\",\"url\":\"https:\\\/\\\/www.emosa.com\\\/pt-pt\\\/\",\"name\":\"Emo\",\"description\":\"Maquinaria industria alimentaria y Envases Sostenibles\",\"publisher\":{\"@id\":\"https:\\\/\\\/www.emosa.com\\\/pt-pt\\\/#organization\"},\"potentialAction\":[{\"@type\":\"SearchAction\",\"target\":{\"@type\":\"EntryPoint\",\"urlTemplate\":\"https:\\\/\\\/www.emosa.com\\\/pt-pt\\\/?s={search_term_string}\"},\"query-input\":{\"@type\":\"PropertyValueSpecification\",\"valueRequired\":true,\"valueName\":\"search_term_string\"}}],\"inLanguage\":\"pt-PT\"},{\"@type\":\"Organization\",\"@id\":\"https:\\\/\\\/www.emosa.com\\\/pt-pt\\\/#organization\",\"name\":\"EMO - Maquinaria Industria Alimentaria\",\"url\":\"https:\\\/\\\/www.emosa.com\\\/pt-pt\\\/\",\"logo\":{\"@type\":\"ImageObject\",\"inLanguage\":\"pt-PT\",\"@id\":\"https:\\\/\\\/www.emosa.com\\\/pt-pt\\\/#\\\/schema\\\/logo\\\/image\\\/\",\"url\":\"https:\\\/\\\/www.emosa.com\\\/wp-content\\\/uploads\\\/2023\\\/01\\\/logo-emo-50-aniversario.png\",\"contentUrl\":\"https:\\\/\\\/www.emosa.com\\\/wp-content\\\/uploads\\\/2023\\\/01\\\/logo-emo-50-aniversario.png\",\"width\":300,\"height\":158,\"caption\":\"EMO - Maquinaria Industria Alimentaria\"},\"image\":{\"@id\":\"https:\\\/\\\/www.emosa.com\\\/pt-pt\\\/#\\\/schema\\\/logo\\\/image\\\/\"},\"sameAs\":[\"https:\\\/\\\/www.linkedin.com\\\/company\\\/emo-sa\\\/\",\"https:\\\/\\\/www.youtube.com\\\/channel\\\/UCE4DD4ZApaNHUQYLVQiPBhw\"]}]}<\/script>\n<!-- \/ Yoast SEO plugin. -->","yoast_head_json":{"title":"Etiquetadora envolvente ELS 165 -% Emo% Emo%","description":"A etiquetadora ELS 165 \u00e9 uma esta\u00e7\u00e3o de etiquetagem semi-autom\u00e1tica, especialmente concebida para etiquetar produtos cil\u00edndricos.","robots":{"index":"index","follow":"follow","max-snippet":"max-snippet:-1","max-image-preview":"max-image-preview:large","max-video-preview":"max-video-preview:-1"},"canonical":"https:\/\/www.emosa.com\/pt-pt\/rotuladora-envolvente-els-164\/","og_locale":"pt_PT","og_type":"article","og_title":"Etiquetadora envolvente ELS 165 -% Emo% Emo%","og_description":"A etiquetadora ELS 165 \u00e9 uma esta\u00e7\u00e3o de etiquetagem semi-autom\u00e1tica, especialmente concebida para etiquetar produtos cil\u00edndricos.","og_url":"https:\/\/www.emosa.com\/pt-pt\/rotuladora-envolvente-els-164\/","og_site_name":"Emo","article_modified_time":"2025-07-21T14:43:33+00:00","og_image":[{"width":600,"height":600,"url":"https:\/\/www.emosa.com\/wp-content\/uploads\/2022\/07\/els164-maquina.jpg","type":"image\/jpeg"}],"twitter_card":"summary_large_image","schema":{"@context":"https:\/\/schema.org","@graph":[{"@type":"WebPage","@id":"https:\/\/www.emosa.com\/pt-pt\/rotuladora-envolvente-els-164\/","url":"https:\/\/www.emosa.com\/pt-pt\/rotuladora-envolvente-els-164\/","name":"Etiquetadora envolvente ELS 165 -% Emo% Emo%","isPartOf":{"@id":"https:\/\/www.emosa.com\/pt-pt\/#website"},"primaryImageOfPage":{"@id":"https:\/\/www.emosa.com\/pt-pt\/rotuladora-envolvente-els-164\/#primaryimage"},"image":{"@id":"https:\/\/www.emosa.com\/pt-pt\/rotuladora-envolvente-els-164\/#primaryimage"},"thumbnailUrl":"https:\/\/www.emosa.com\/wp-content\/uploads\/2022\/07\/els164-maquina.jpg","datePublished":"2022-07-20T14:30:16+00:00","dateModified":"2025-07-21T14:43:33+00:00","description":"A etiquetadora ELS 165 \u00e9 uma esta\u00e7\u00e3o de etiquetagem semi-autom\u00e1tica, especialmente concebida para etiquetar produtos cil\u00edndricos.","breadcrumb":{"@id":"https:\/\/www.emosa.com\/pt-pt\/rotuladora-envolvente-els-164\/#breadcrumb"},"inLanguage":"pt-PT","potentialAction":[{"@type":"ReadAction","target":["https:\/\/www.emosa.com\/pt-pt\/rotuladora-envolvente-els-164\/"]}]},{"@type":"ImageObject","inLanguage":"pt-PT","@id":"https:\/\/www.emosa.com\/pt-pt\/rotuladora-envolvente-els-164\/#primaryimage","url":"https:\/\/www.emosa.com\/wp-content\/uploads\/2022\/07\/els164-maquina.jpg","contentUrl":"https:\/\/www.emosa.com\/wp-content\/uploads\/2022\/07\/els164-maquina.jpg","width":600,"height":600,"caption":"Etiquetadora ELS 165"},{"@type":"BreadcrumbList","@id":"https:\/\/www.emosa.com\/pt-pt\/rotuladora-envolvente-els-164\/#breadcrumb","itemListElement":[{"@type":"ListItem","position":1,"name":"EMO","item":"https:\/\/www.emosa.com\/pt-pt\/"},{"@type":"ListItem","position":2,"name":"Tienda","item":"https:\/\/www.emosa.com\/tienda\/"},{"@type":"ListItem","position":3,"name":"Rotuladora envolvente ELS 165"}]},{"@type":"WebSite","@id":"https:\/\/www.emosa.com\/pt-pt\/#website","url":"https:\/\/www.emosa.com\/pt-pt\/","name":"Emo","description":"Maquinaria industria alimentaria y Envases Sostenibles","publisher":{"@id":"https:\/\/www.emosa.com\/pt-pt\/#organization"},"potentialAction":[{"@type":"SearchAction","target":{"@type":"EntryPoint","urlTemplate":"https:\/\/www.emosa.com\/pt-pt\/?s={search_term_string}"},"query-input":{"@type":"PropertyValueSpecification","valueRequired":true,"valueName":"search_term_string"}}],"inLanguage":"pt-PT"},{"@type":"Organization","@id":"https:\/\/www.emosa.com\/pt-pt\/#organization","name":"EMO - Maquinaria Industria Alimentaria","url":"https:\/\/www.emosa.com\/pt-pt\/","logo":{"@type":"ImageObject","inLanguage":"pt-PT","@id":"https:\/\/www.emosa.com\/pt-pt\/#\/schema\/logo\/image\/","url":"https:\/\/www.emosa.com\/wp-content\/uploads\/2023\/01\/logo-emo-50-aniversario.png","contentUrl":"https:\/\/www.emosa.com\/wp-content\/uploads\/2023\/01\/logo-emo-50-aniversario.png","width":300,"height":158,"caption":"EMO - Maquinaria Industria Alimentaria"},"image":{"@id":"https:\/\/www.emosa.com\/pt-pt\/#\/schema\/logo\/image\/"},"sameAs":["https:\/\/www.linkedin.com\/company\/emo-sa\/","https:\/\/www.youtube.com\/channel\/UCE4DD4ZApaNHUQYLVQiPBhw"]}]}},"_links":{"self":[{"href":"https:\/\/www.emosa.com\/pt-pt\/wp-json\/wp\/v2\/product\/9273","targetHints":{"allow":["GET"]}}],"collection":[{"href":"https:\/\/www.emosa.com\/pt-pt\/wp-json\/wp\/v2\/product"}],"about":[{"href":"https:\/\/www.emosa.com\/pt-pt\/wp-json\/wp\/v2\/types\/product"}],"version-history":[{"count":3,"href":"https:\/\/www.emosa.com\/pt-pt\/wp-json\/wp\/v2\/product\/9273\/revisions"}],"predecessor-version":[{"id":13166,"href":"https:\/\/www.emosa.com\/pt-pt\/wp-json\/wp\/v2\/product\/9273\/revisions\/13166"}],"wp:featuredmedia":[{"embeddable":true,"href":"https:\/\/www.emosa.com\/pt-pt\/wp-json\/wp\/v2\/media\/13159"}],"wp:attachment":[{"href":"https:\/\/www.emosa.com\/pt-pt\/wp-json\/wp\/v2\/media?parent=9273"}],"wp:term":[{"taxonomy":"product_brand","embeddable":true,"href":"https:\/\/www.emosa.com\/pt-pt\/wp-json\/wp\/v2\/product_brand?post=9273"},{"taxonomy":"product_cat","embeddable":true,"href":"https:\/\/www.emosa.com\/pt-pt\/wp-json\/wp\/v2\/product_cat?post=9273"},{"taxonomy":"product_tag","embeddable":true,"href":"https:\/\/www.emosa.com\/pt-pt\/wp-json\/wp\/v2\/product_tag?post=9273"}],"curies":[{"name":"wp","href":"https:\/\/api.w.org\/{rel}","templated":true}]}}