{"id":9284,"date":"2022-07-21T17:33:51","date_gmt":"2022-07-21T15:33:51","guid":{"rendered":"https:\/\/www.emosa.com\/nuevaweb\/tabuleiros-flatskin-vg\/"},"modified":"2023-02-06T12:57:04","modified_gmt":"2023-02-06T11:57:04","slug":"tabuleiros-flatskin-vg","status":"publish","type":"product","link":"https:\/\/www.emosa.com\/pt-pt\/produto\/tabuleiros-flatskin-vg\/","title":{"rendered":"Tabuleiros FlatSkin\u00ae VG"},"content":{"rendered":"\t\t<div data-elementor-type=\"product-post\" data-elementor-id=\"9284\" class=\"elementor elementor-9284 elementor-6428\" data-elementor-post-type=\"product\">\n\t\t\t\t\t\t<section class=\"elementor-section elementor-top-section elementor-element elementor-element-1d3009d elementor-section-boxed elementor-section-height-default elementor-section-height-default\" data-id=\"1d3009d\" data-element_type=\"section\" data-e-type=\"section\">\n\t\t\t\t\t\t<div class=\"elementor-container elementor-column-gap-default\">\n\t\t\t\t\t<div class=\"elementor-column elementor-col-50 elementor-top-column elementor-element elementor-element-f258533\" data-id=\"f258533\" data-element_type=\"column\" data-e-type=\"column\">\n\t\t\t<div class=\"elementor-widget-wrap elementor-element-populated\">\n\t\t\t\t\t\t<div class=\"elementor-element elementor-element-55f8af3 elementor-widget elementor-widget-heading\" data-id=\"55f8af3\" data-element_type=\"widget\" data-e-type=\"widget\" data-widget_type=\"heading.default\">\n\t\t\t\t<div class=\"elementor-widget-container\">\n\t\t\t\t\t<h2 class=\"elementor-heading-title elementor-size-default\">Vantagens dos tabuleiros FlatSkin\u00ae<\/h2>\t\t\t\t<\/div>\n\t\t\t\t<\/div>\n\t\t\t\t<div class=\"elementor-element elementor-element-b539267 elementor-widget elementor-widget-text-editor\" data-id=\"b539267\" data-element_type=\"widget\" data-e-type=\"widget\" data-widget_type=\"text-editor.default\">\n\t\t\t\t<div class=\"elementor-widget-container\">\n\t\t\t\t\t\t\t\t\t<ul>\n<li><strong>Apresenta\u00e7\u00e3o atrativa<\/strong> do produto, impress\u00e3o em <strong>duas faces totalmente personaliz\u00e1veis<\/strong>, excelente ferramenta de marketing e comunica\u00e7\u00e3o.<\/li>\n<li>Ecol\u00f3gico, at\u00e9 <strong>75% menos pl\u00e1stico utilizado<\/strong><\/li>\n<li><strong>100% sustent\u00e1vel e recicl\u00e1vel<\/strong>, cart\u00e3o e pl\u00e1stico separ\u00e1veis.<\/li>\n<li><strong>Poupan\u00e7a log\u00edstica<\/strong> com a elimina\u00e7\u00e3o do tabuleiro de pl\u00e1stico.<\/li>\n<li><strong>Prolonga a vida \u00fatil do produto<\/strong> com o v\u00e1cuo do tipo skin.<\/li>\n<li><strong>Apresenta\u00e7\u00e3o vertical poss\u00edvel<\/strong> no ponto de venda.<\/li>\n<li>Apenas fibras virgens, para evitar a contamina\u00e7\u00e3o cruzada.<\/li>\n<li>Adequados <strong>para produtos com e sem osso<\/strong>.<\/li>\n<li>Economia com a elimina\u00e7\u00e3o do r\u00f3tulo.<\/li>\n<li>Qualquer forma e tamanho.<\/li>\n<\/ul>\n\t\t\t\t\t\t\t\t<\/div>\n\t\t\t\t<\/div>\n\t\t\t\t\t<\/div>\n\t\t<\/div>\n\t\t\t\t<div class=\"elementor-column elementor-col-50 elementor-top-column elementor-element elementor-element-bcb398a\" data-id=\"bcb398a\" data-element_type=\"column\" data-e-type=\"column\">\n\t\t\t<div class=\"elementor-widget-wrap elementor-element-populated\">\n\t\t\t\t\t\t<div class=\"elementor-element elementor-element-6375f29 elementor-widget elementor-widget-image\" data-id=\"6375f29\" data-element_type=\"widget\" data-e-type=\"widget\" data-widget_type=\"image.default\">\n\t\t\t\t<div class=\"elementor-widget-container\">\n\t\t\t\t\t\t\t\t\t\t\t\t\t\t\t<img decoding=\"async\" width=\"293\" height=\"66\" src=\"https:\/\/www.emosa.com\/wp-content\/uploads\/2022\/07\/bandejas-flatskin-logo.png\" class=\"attachment-medium size-medium wp-image-8738\" alt=\"\" srcset=\"https:\/\/www.emosa.com\/wp-content\/uploads\/2022\/07\/bandejas-flatskin-logo.png 293w, https:\/\/www.emosa.com\/wp-content\/uploads\/2022\/07\/bandejas-flatskin-logo-64x14.png 64w\" sizes=\"(max-width: 293px) 100vw, 293px\" \/>\t\t\t\t\t\t\t\t\t\t\t\t\t\t\t<\/div>\n\t\t\t\t<\/div>\n\t\t\t\t<div class=\"elementor-element elementor-element-6588c73 elementor-widget elementor-widget-html\" data-id=\"6588c73\" data-element_type=\"widget\" data-e-type=\"widget\" data-widget_type=\"html.default\">\n\t\t\t\t<div class=\"elementor-widget-container\">\n\t\t\t\t\t<style>.embed-container { position: relative; padding-bottom: 56.25%; height: 0; overflow: hidden; max-width: 100%; } .embed-container iframe, .embed-container object, .embed-container embed { position: absolute; top: 0; left: 0; width: 100%; height: 100%; }<\/style><div class=\"embed-container\"><iframe data-cookieconsent=\"statistics, marketing\" data-src=\"https:\/\/www.youtube.com\/embed\/\/HqaUo_v0zMw\" frameborder=\"0\" allowfullscreen=\"\"><\/iframe><div class=\"cookieconsent-optout-statistics cookieconsent-optout-marketing\"><\/div><\/div>\t\t\t\t<\/div>\n\t\t\t\t<\/div>\n\t\t\t\t\t<\/div>\n\t\t<\/div>\n\t\t\t\t\t<\/div>\n\t\t<\/section>\n\t\t\t\t<section class=\"elementor-section elementor-top-section elementor-element elementor-element-52400bd elementor-section-boxed elementor-section-height-default elementor-section-height-default\" data-id=\"52400bd\" data-element_type=\"section\" data-e-type=\"section\">\n\t\t\t\t\t\t<div class=\"elementor-container elementor-column-gap-default\">\n\t\t\t\t\t<div class=\"elementor-column elementor-col-100 elementor-top-column elementor-element elementor-element-3b40877\" data-id=\"3b40877\" data-element_type=\"column\" data-e-type=\"column\">\n\t\t\t<div class=\"elementor-widget-wrap\">\n\t\t\t\t\t\t\t<\/div>\n\t\t<\/div>\n\t\t\t\t\t<\/div>\n\t\t<\/section>\n\t\t\t\t<\/div>\n\t\t","protected":false},"excerpt":{"rendered":"<p>Tabuleiro de cart\u00e3o Van Genechten para o sistema FlatSkin\u00ae<\/p>\n<p>Com um tabuleiro de cart\u00e3o plano e uma pel\u00edcula polim\u00e9rica fina, a FlatSkin pode reduzir a utiliza\u00e7\u00e3o do pl\u00e1stico at\u00e9 75%.<\/p>\n<p>F\u00e1cil de abrir, apelativo para os clientes e ideal para a maioria dos alimentos frescos. E \u00f3timo para o planeta. E \u00f3timo para o planeta.<\/p>\n","protected":false},"featured_media":8721,"template":"","meta":{"_joinchat":[]},"product_brand":[],"product_cat":[240],"product_tag":[242,243,245,247,246],"class_list":{"0":"post-9284","1":"product","2":"type-product","3":"status-publish","4":"has-post-thumbnail","6":"product_cat-tabuleiros-alimentares","7":"product_tag-aves","8":"product_tag-carnes","9":"product_tag-laticinios","10":"product_tag-peixe","11":"product_tag-vegano-e-vegetariano","12":"yith_product_brand-van-genechten-pt-pt","14":"first","15":"instock","16":"shipping-taxable","17":"product-type-simple"},"yoast_head":"<!-- This site is optimized with the Yoast SEO plugin v27.6 - https:\/\/yoast.com\/product\/yoast-seo-wordpress\/ -->\n<title>Tabuleiros FlatSkin\u00ae VG Alimentares - Emo<\/title>\n<meta name=\"description\" content=\"Tabuleiro de cart\u00e3o Van Genechten para o sistema FlatSkin\u00ae pode reduzir a utiliza\u00e7\u00e3o do pl\u00e1stico at\u00e9 75%. F\u00e1cil de abrir, apelativo para os clientes e ideal para a maioria dos alimentos.\" \/>\n<meta name=\"robots\" content=\"index, follow, max-snippet:-1, max-image-preview:large, max-video-preview:-1\" \/>\n<link rel=\"canonical\" href=\"https:\/\/www.emosa.com\/pt-pt\/produto\/tabuleiros-flatskin-vg\/\" \/>\n<meta property=\"og:locale\" content=\"pt_PT\" \/>\n<meta property=\"og:type\" content=\"article\" \/>\n<meta property=\"og:title\" content=\"Tabuleiros FlatSkin\u00ae VG Alimentares - Emo\" \/>\n<meta property=\"og:description\" content=\"Tabuleiro de cart\u00e3o Van Genechten para o sistema FlatSkin\u00ae pode reduzir a utiliza\u00e7\u00e3o do pl\u00e1stico at\u00e9 75%. F\u00e1cil de abrir, apelativo para os clientes e ideal para a maioria dos alimentos.\" \/>\n<meta property=\"og:url\" content=\"https:\/\/www.emosa.com\/pt-pt\/produto\/tabuleiros-flatskin-vg\/\" \/>\n<meta property=\"og:site_name\" content=\"Emo\" \/>\n<meta property=\"article:modified_time\" content=\"2023-02-06T11:57:04+00:00\" \/>\n<meta property=\"og:image\" content=\"https:\/\/www.emosa.com\/wp-content\/uploads\/2022\/07\/bandejas-vg-flatskin.jpg\" \/>\n\t<meta property=\"og:image:width\" content=\"600\" \/>\n\t<meta property=\"og:image:height\" content=\"600\" \/>\n\t<meta property=\"og:image:type\" content=\"image\/jpeg\" \/>\n<meta name=\"twitter:card\" content=\"summary_large_image\" \/>\n<script type=\"application\/ld+json\" class=\"yoast-schema-graph\">{\"@context\":\"https:\\\/\\\/schema.org\",\"@graph\":[{\"@type\":\"WebPage\",\"@id\":\"https:\\\/\\\/www.emosa.com\\\/pt-pt\\\/produto\\\/tabuleiros-flatskin-vg\\\/\",\"url\":\"https:\\\/\\\/www.emosa.com\\\/pt-pt\\\/produto\\\/tabuleiros-flatskin-vg\\\/\",\"name\":\"Tabuleiros FlatSkin\u00ae VG Alimentares - Emo\",\"isPartOf\":{\"@id\":\"https:\\\/\\\/www.emosa.com\\\/pt-pt\\\/#website\"},\"primaryImageOfPage\":{\"@id\":\"https:\\\/\\\/www.emosa.com\\\/pt-pt\\\/produto\\\/tabuleiros-flatskin-vg\\\/#primaryimage\"},\"image\":{\"@id\":\"https:\\\/\\\/www.emosa.com\\\/pt-pt\\\/produto\\\/tabuleiros-flatskin-vg\\\/#primaryimage\"},\"thumbnailUrl\":\"https:\\\/\\\/www.emosa.com\\\/wp-content\\\/uploads\\\/2022\\\/07\\\/bandejas-vg-flatskin.jpg\",\"datePublished\":\"2022-07-21T15:33:51+00:00\",\"dateModified\":\"2023-02-06T11:57:04+00:00\",\"description\":\"Tabuleiro de cart\u00e3o Van Genechten para o sistema FlatSkin\u00ae pode reduzir a utiliza\u00e7\u00e3o do pl\u00e1stico at\u00e9 75%. F\u00e1cil de abrir, apelativo para os clientes e ideal para a maioria dos alimentos.\",\"breadcrumb\":{\"@id\":\"https:\\\/\\\/www.emosa.com\\\/pt-pt\\\/produto\\\/tabuleiros-flatskin-vg\\\/#breadcrumb\"},\"inLanguage\":\"pt-PT\",\"potentialAction\":[{\"@type\":\"ReadAction\",\"target\":[\"https:\\\/\\\/www.emosa.com\\\/pt-pt\\\/produto\\\/tabuleiros-flatskin-vg\\\/\"]}]},{\"@type\":\"ImageObject\",\"inLanguage\":\"pt-PT\",\"@id\":\"https:\\\/\\\/www.emosa.com\\\/pt-pt\\\/produto\\\/tabuleiros-flatskin-vg\\\/#primaryimage\",\"url\":\"https:\\\/\\\/www.emosa.com\\\/wp-content\\\/uploads\\\/2022\\\/07\\\/bandejas-vg-flatskin.jpg\",\"contentUrl\":\"https:\\\/\\\/www.emosa.com\\\/wp-content\\\/uploads\\\/2022\\\/07\\\/bandejas-vg-flatskin.jpg\",\"width\":600,\"height\":600,\"caption\":\"envasado flatskin\"},{\"@type\":\"BreadcrumbList\",\"@id\":\"https:\\\/\\\/www.emosa.com\\\/pt-pt\\\/produto\\\/tabuleiros-flatskin-vg\\\/#breadcrumb\",\"itemListElement\":[{\"@type\":\"ListItem\",\"position\":1,\"name\":\"EMO\",\"item\":\"https:\\\/\\\/www.emosa.com\\\/pt-pt\\\/emosa\\\/\"},{\"@type\":\"ListItem\",\"position\":2,\"name\":\"Tienda\",\"item\":\"https:\\\/\\\/www.emosa.com\\\/tienda\\\/\"},{\"@type\":\"ListItem\",\"position\":3,\"name\":\"Tabuleiros FlatSkin\u00ae VG\"}]},{\"@type\":\"WebSite\",\"@id\":\"https:\\\/\\\/www.emosa.com\\\/pt-pt\\\/#website\",\"url\":\"https:\\\/\\\/www.emosa.com\\\/pt-pt\\\/\",\"name\":\"Emo\",\"description\":\"Maquinaria industria alimentaria y Envases Sostenibles\",\"publisher\":{\"@id\":\"https:\\\/\\\/www.emosa.com\\\/pt-pt\\\/#organization\"},\"potentialAction\":[{\"@type\":\"SearchAction\",\"target\":{\"@type\":\"EntryPoint\",\"urlTemplate\":\"https:\\\/\\\/www.emosa.com\\\/pt-pt\\\/?s={search_term_string}\"},\"query-input\":{\"@type\":\"PropertyValueSpecification\",\"valueRequired\":true,\"valueName\":\"search_term_string\"}}],\"inLanguage\":\"pt-PT\"},{\"@type\":\"Organization\",\"@id\":\"https:\\\/\\\/www.emosa.com\\\/pt-pt\\\/#organization\",\"name\":\"EMO - Maquinaria Industria Alimentaria\",\"url\":\"https:\\\/\\\/www.emosa.com\\\/pt-pt\\\/\",\"logo\":{\"@type\":\"ImageObject\",\"inLanguage\":\"pt-PT\",\"@id\":\"https:\\\/\\\/www.emosa.com\\\/pt-pt\\\/#\\\/schema\\\/logo\\\/image\\\/\",\"url\":\"https:\\\/\\\/www.emosa.com\\\/wp-content\\\/uploads\\\/2023\\\/01\\\/logo-emo-50-aniversario.png\",\"contentUrl\":\"https:\\\/\\\/www.emosa.com\\\/wp-content\\\/uploads\\\/2023\\\/01\\\/logo-emo-50-aniversario.png\",\"width\":300,\"height\":158,\"caption\":\"EMO - Maquinaria Industria Alimentaria\"},\"image\":{\"@id\":\"https:\\\/\\\/www.emosa.com\\\/pt-pt\\\/#\\\/schema\\\/logo\\\/image\\\/\"},\"sameAs\":[\"https:\\\/\\\/www.linkedin.com\\\/company\\\/emo-sa\\\/\",\"https:\\\/\\\/www.youtube.com\\\/channel\\\/UCE4DD4ZApaNHUQYLVQiPBhw\"]}]}<\/script>\n<!-- \/ Yoast SEO plugin. -->","yoast_head_json":{"title":"Tabuleiros FlatSkin\u00ae VG Alimentares - Emo","description":"Tabuleiro de cart\u00e3o Van Genechten para o sistema FlatSkin\u00ae pode reduzir a utiliza\u00e7\u00e3o do pl\u00e1stico at\u00e9 75%. F\u00e1cil de abrir, apelativo para os clientes e ideal para a maioria dos alimentos.","robots":{"index":"index","follow":"follow","max-snippet":"max-snippet:-1","max-image-preview":"max-image-preview:large","max-video-preview":"max-video-preview:-1"},"canonical":"https:\/\/www.emosa.com\/pt-pt\/produto\/tabuleiros-flatskin-vg\/","og_locale":"pt_PT","og_type":"article","og_title":"Tabuleiros FlatSkin\u00ae VG Alimentares - Emo","og_description":"Tabuleiro de cart\u00e3o Van Genechten para o sistema FlatSkin\u00ae pode reduzir a utiliza\u00e7\u00e3o do pl\u00e1stico at\u00e9 75%. F\u00e1cil de abrir, apelativo para os clientes e ideal para a maioria dos alimentos.","og_url":"https:\/\/www.emosa.com\/pt-pt\/produto\/tabuleiros-flatskin-vg\/","og_site_name":"Emo","article_modified_time":"2023-02-06T11:57:04+00:00","og_image":[{"width":600,"height":600,"url":"https:\/\/www.emosa.com\/wp-content\/uploads\/2022\/07\/bandejas-vg-flatskin.jpg","type":"image\/jpeg"}],"twitter_card":"summary_large_image","schema":{"@context":"https:\/\/schema.org","@graph":[{"@type":"WebPage","@id":"https:\/\/www.emosa.com\/pt-pt\/produto\/tabuleiros-flatskin-vg\/","url":"https:\/\/www.emosa.com\/pt-pt\/produto\/tabuleiros-flatskin-vg\/","name":"Tabuleiros FlatSkin\u00ae VG Alimentares - Emo","isPartOf":{"@id":"https:\/\/www.emosa.com\/pt-pt\/#website"},"primaryImageOfPage":{"@id":"https:\/\/www.emosa.com\/pt-pt\/produto\/tabuleiros-flatskin-vg\/#primaryimage"},"image":{"@id":"https:\/\/www.emosa.com\/pt-pt\/produto\/tabuleiros-flatskin-vg\/#primaryimage"},"thumbnailUrl":"https:\/\/www.emosa.com\/wp-content\/uploads\/2022\/07\/bandejas-vg-flatskin.jpg","datePublished":"2022-07-21T15:33:51+00:00","dateModified":"2023-02-06T11:57:04+00:00","description":"Tabuleiro de cart\u00e3o Van Genechten para o sistema FlatSkin\u00ae pode reduzir a utiliza\u00e7\u00e3o do pl\u00e1stico at\u00e9 75%. F\u00e1cil de abrir, apelativo para os clientes e ideal para a maioria dos alimentos.","breadcrumb":{"@id":"https:\/\/www.emosa.com\/pt-pt\/produto\/tabuleiros-flatskin-vg\/#breadcrumb"},"inLanguage":"pt-PT","potentialAction":[{"@type":"ReadAction","target":["https:\/\/www.emosa.com\/pt-pt\/produto\/tabuleiros-flatskin-vg\/"]}]},{"@type":"ImageObject","inLanguage":"pt-PT","@id":"https:\/\/www.emosa.com\/pt-pt\/produto\/tabuleiros-flatskin-vg\/#primaryimage","url":"https:\/\/www.emosa.com\/wp-content\/uploads\/2022\/07\/bandejas-vg-flatskin.jpg","contentUrl":"https:\/\/www.emosa.com\/wp-content\/uploads\/2022\/07\/bandejas-vg-flatskin.jpg","width":600,"height":600,"caption":"envasado flatskin"},{"@type":"BreadcrumbList","@id":"https:\/\/www.emosa.com\/pt-pt\/produto\/tabuleiros-flatskin-vg\/#breadcrumb","itemListElement":[{"@type":"ListItem","position":1,"name":"EMO","item":"https:\/\/www.emosa.com\/pt-pt\/emosa\/"},{"@type":"ListItem","position":2,"name":"Tienda","item":"https:\/\/www.emosa.com\/tienda\/"},{"@type":"ListItem","position":3,"name":"Tabuleiros FlatSkin\u00ae VG"}]},{"@type":"WebSite","@id":"https:\/\/www.emosa.com\/pt-pt\/#website","url":"https:\/\/www.emosa.com\/pt-pt\/","name":"Emo","description":"Maquinaria industria alimentaria y Envases Sostenibles","publisher":{"@id":"https:\/\/www.emosa.com\/pt-pt\/#organization"},"potentialAction":[{"@type":"SearchAction","target":{"@type":"EntryPoint","urlTemplate":"https:\/\/www.emosa.com\/pt-pt\/?s={search_term_string}"},"query-input":{"@type":"PropertyValueSpecification","valueRequired":true,"valueName":"search_term_string"}}],"inLanguage":"pt-PT"},{"@type":"Organization","@id":"https:\/\/www.emosa.com\/pt-pt\/#organization","name":"EMO - Maquinaria Industria Alimentaria","url":"https:\/\/www.emosa.com\/pt-pt\/","logo":{"@type":"ImageObject","inLanguage":"pt-PT","@id":"https:\/\/www.emosa.com\/pt-pt\/#\/schema\/logo\/image\/","url":"https:\/\/www.emosa.com\/wp-content\/uploads\/2023\/01\/logo-emo-50-aniversario.png","contentUrl":"https:\/\/www.emosa.com\/wp-content\/uploads\/2023\/01\/logo-emo-50-aniversario.png","width":300,"height":158,"caption":"EMO - Maquinaria Industria Alimentaria"},"image":{"@id":"https:\/\/www.emosa.com\/pt-pt\/#\/schema\/logo\/image\/"},"sameAs":["https:\/\/www.linkedin.com\/company\/emo-sa\/","https:\/\/www.youtube.com\/channel\/UCE4DD4ZApaNHUQYLVQiPBhw"]}]}},"_links":{"self":[{"href":"https:\/\/www.emosa.com\/pt-pt\/wp-json\/wp\/v2\/product\/9284","targetHints":{"allow":["GET"]}}],"collection":[{"href":"https:\/\/www.emosa.com\/pt-pt\/wp-json\/wp\/v2\/product"}],"about":[{"href":"https:\/\/www.emosa.com\/pt-pt\/wp-json\/wp\/v2\/types\/product"}],"version-history":[{"count":5,"href":"https:\/\/www.emosa.com\/pt-pt\/wp-json\/wp\/v2\/product\/9284\/revisions"}],"predecessor-version":[{"id":10408,"href":"https:\/\/www.emosa.com\/pt-pt\/wp-json\/wp\/v2\/product\/9284\/revisions\/10408"}],"wp:featuredmedia":[{"embeddable":true,"href":"https:\/\/www.emosa.com\/pt-pt\/wp-json\/wp\/v2\/media\/8721"}],"wp:attachment":[{"href":"https:\/\/www.emosa.com\/pt-pt\/wp-json\/wp\/v2\/media?parent=9284"}],"wp:term":[{"taxonomy":"product_brand","embeddable":true,"href":"https:\/\/www.emosa.com\/pt-pt\/wp-json\/wp\/v2\/product_brand?post=9284"},{"taxonomy":"product_cat","embeddable":true,"href":"https:\/\/www.emosa.com\/pt-pt\/wp-json\/wp\/v2\/product_cat?post=9284"},{"taxonomy":"product_tag","embeddable":true,"href":"https:\/\/www.emosa.com\/pt-pt\/wp-json\/wp\/v2\/product_tag?post=9284"}],"curies":[{"name":"wp","href":"https:\/\/api.w.org\/{rel}","templated":true}]}}