{"id":9333,"date":"2022-09-16T11:09:39","date_gmt":"2022-09-16T09:09:39","guid":{"rendered":"https:\/\/www.emosa.com\/nuevaweb\/filme-wentus-para-embalagem-no-sistema-flatskin\/"},"modified":"2025-03-06T16:27:27","modified_gmt":"2025-03-06T15:27:27","slug":"filme-wentus-flatskin","status":"publish","type":"product","link":"https:\/\/www.emosa.com\/pt-pt\/filme-wentus-flatskin\/","title":{"rendered":"Filme Trioworld para embalagem no sistema FlatSkin\u00ae."},"content":{"rendered":"\t\t<div data-elementor-type=\"product-post\" data-elementor-id=\"9333\" class=\"elementor elementor-9333 elementor-7561\" data-elementor-post-type=\"product\">\n\t\t\t\t\t\t<section class=\"elementor-section elementor-top-section elementor-element elementor-element-52400bd elementor-section-boxed elementor-section-height-default elementor-section-height-default\" data-id=\"52400bd\" data-element_type=\"section\" data-e-type=\"section\">\n\t\t\t\t\t\t<div class=\"elementor-container elementor-column-gap-default\">\n\t\t\t\t\t<div class=\"elementor-column elementor-col-100 elementor-top-column elementor-element elementor-element-3b40877\" data-id=\"3b40877\" data-element_type=\"column\" data-e-type=\"column\">\n\t\t\t<div class=\"elementor-widget-wrap elementor-element-populated\">\n\t\t\t\t\t\t<div class=\"elementor-element elementor-element-55f8af3 elementor-widget elementor-widget-heading\" data-id=\"55f8af3\" data-element_type=\"widget\" data-e-type=\"widget\" data-widget_type=\"heading.default\">\n\t\t\t\t<div class=\"elementor-widget-container\">\n\t\t\t\t\t<h2 class=\"elementor-heading-title elementor-size-default\">Vantagens da pel\u00edcula FlatSkin\u00ae TRIOWORLD<\/h2>\t\t\t\t<\/div>\n\t\t\t\t<\/div>\n\t\t\t\t<div class=\"elementor-element elementor-element-b539267 elementor-widget elementor-widget-text-editor\" data-id=\"b539267\" data-element_type=\"widget\" data-e-type=\"widget\" data-widget_type=\"text-editor.default\">\n\t\t\t\t<div class=\"elementor-widget-container\">\n\t\t\t\t\t\t\t\t\t<ul>\n<li>O pl\u00e1stico \u00e9 completamente separ\u00e1vel do cart\u00e3o. (Reciclagem)<\/li>\n<li>Pel\u00edcula extraordinariamente brilhante, transparente e altamente sold\u00e1vel.<\/li>\n<li>Pele de pel\u00edcula com propriedades de barreira excepcionais.<\/li>\n<li>Evita o aparecimento de exsudado durante toda a vida \u00fatil.<\/li>\n<li>Resist\u00eancia impressionante \u00e0 perfura\u00e7\u00e3o.<\/li>\n<li>Produtos frescos e congelados.<\/li>\n<\/ul>\n\t\t\t\t\t\t\t\t<\/div>\n\t\t\t\t<\/div>\n\t\t\t\t\t<\/div>\n\t\t<\/div>\n\t\t\t\t\t<\/div>\n\t\t<\/section>\n\t\t\t\t<\/div>\n\t\t","protected":false},"excerpt":{"rendered":"<p><strong>WENTOPRO SKINTIGHT\u00ae 15 FS.<\/strong><\/p>\n<p><strong>Pel\u00edcula de pele de alta barreira<\/strong><\/p>\n<p>Respeitador do ambiente, <strong>reduzindo o consumo de pl\u00e1stico at\u00e9 70%<\/strong>.<\/p>\n<p>Um <strong>filme protetor altamente transparente<\/strong> fixa o produto diretamente no suporte de cart\u00e3o plano que foi revestido com uma camada protetora polim\u00e9rica. Esta camada proporciona estabilidade ao cart\u00e3o e forma uma barreira contra a gordura, a humidade e o oxig\u00e9nio.<\/p>\n<p>Aplica\u00e7\u00f5es: <strong>Carne de porco, carne de vaca, aves e queijo.<\/strong><\/p>\n","protected":false},"featured_media":8871,"template":"","meta":{"_joinchat":[]},"product_brand":[],"product_cat":[241],"product_tag":[242,243,245,247,246],"class_list":{"0":"post-9333","1":"product","2":"type-product","3":"status-publish","4":"has-post-thumbnail","6":"product_cat-filme-alimentar","7":"product_tag-aves","8":"product_tag-carnes","9":"product_tag-laticinios","10":"product_tag-peixe","11":"product_tag-vegano-e-vegetariano","12":"yith_product_brand-wentus-pt-pt","14":"first","15":"instock","16":"shipping-taxable","17":"product-type-simple"},"yoast_head":"<!-- This site is optimized with the Yoast SEO plugin v27.5 - https:\/\/yoast.com\/product\/yoast-seo-wordpress\/ -->\n<title>Trioworld FlatSkin\u00ae System Packaging Film - Emo<\/title>\n<meta name=\"description\" content=\"Embalagem com o Filme Skin de barreira elevada e respeitador do ambiente, reduzindo o consumo de pl\u00e1stico at\u00e9 70%.\" \/>\n<meta name=\"robots\" content=\"index, follow, max-snippet:-1, max-image-preview:large, max-video-preview:-1\" \/>\n<link rel=\"canonical\" href=\"https:\/\/www.emosa.com\/pt-pt\/filme-wentus-flatskin\/\" \/>\n<meta property=\"og:locale\" content=\"pt_PT\" \/>\n<meta property=\"og:type\" content=\"article\" \/>\n<meta property=\"og:title\" content=\"Trioworld FlatSkin\u00ae System Packaging Film - Emo\" \/>\n<meta property=\"og:description\" content=\"Embalagem com o Filme Skin de barreira elevada e respeitador do ambiente, reduzindo o consumo de pl\u00e1stico at\u00e9 70%.\" \/>\n<meta property=\"og:url\" content=\"https:\/\/www.emosa.com\/pt-pt\/filme-wentus-flatskin\/\" \/>\n<meta property=\"og:site_name\" content=\"Emo\" \/>\n<meta property=\"article:modified_time\" content=\"2025-03-06T15:27:27+00:00\" \/>\n<meta property=\"og:image\" content=\"https:\/\/www.emosa.com\/wp-content\/uploads\/2022\/09\/film-flatskin-wentus.jpg\" \/>\n\t<meta property=\"og:image:width\" content=\"600\" \/>\n\t<meta property=\"og:image:height\" content=\"600\" \/>\n\t<meta property=\"og:image:type\" content=\"image\/jpeg\" \/>\n<meta name=\"twitter:card\" content=\"summary_large_image\" \/>\n<script type=\"application\/ld+json\" class=\"yoast-schema-graph\">{\"@context\":\"https:\\\/\\\/schema.org\",\"@graph\":[{\"@type\":\"WebPage\",\"@id\":\"https:\\\/\\\/www.emosa.com\\\/pt-pt\\\/filme-wentus-flatskin\\\/\",\"url\":\"https:\\\/\\\/www.emosa.com\\\/pt-pt\\\/filme-wentus-flatskin\\\/\",\"name\":\"Trioworld FlatSkin\u00ae System Packaging Film - Emo\",\"isPartOf\":{\"@id\":\"https:\\\/\\\/www.emosa.com\\\/pt-pt\\\/#website\"},\"primaryImageOfPage\":{\"@id\":\"https:\\\/\\\/www.emosa.com\\\/pt-pt\\\/filme-wentus-flatskin\\\/#primaryimage\"},\"image\":{\"@id\":\"https:\\\/\\\/www.emosa.com\\\/pt-pt\\\/filme-wentus-flatskin\\\/#primaryimage\"},\"thumbnailUrl\":\"https:\\\/\\\/www.emosa.com\\\/wp-content\\\/uploads\\\/2022\\\/09\\\/film-flatskin-wentus.jpg\",\"datePublished\":\"2022-09-16T09:09:39+00:00\",\"dateModified\":\"2025-03-06T15:27:27+00:00\",\"description\":\"Embalagem com o Filme Skin de barreira elevada e respeitador do ambiente, reduzindo o consumo de pl\u00e1stico at\u00e9 70%.\",\"breadcrumb\":{\"@id\":\"https:\\\/\\\/www.emosa.com\\\/pt-pt\\\/filme-wentus-flatskin\\\/#breadcrumb\"},\"inLanguage\":\"pt-PT\",\"potentialAction\":[{\"@type\":\"ReadAction\",\"target\":[\"https:\\\/\\\/www.emosa.com\\\/pt-pt\\\/filme-wentus-flatskin\\\/\"]}]},{\"@type\":\"ImageObject\",\"inLanguage\":\"pt-PT\",\"@id\":\"https:\\\/\\\/www.emosa.com\\\/pt-pt\\\/filme-wentus-flatskin\\\/#primaryimage\",\"url\":\"https:\\\/\\\/www.emosa.com\\\/wp-content\\\/uploads\\\/2022\\\/09\\\/film-flatskin-wentus.jpg\",\"contentUrl\":\"https:\\\/\\\/www.emosa.com\\\/wp-content\\\/uploads\\\/2022\\\/09\\\/film-flatskin-wentus.jpg\",\"width\":600,\"height\":600,\"caption\":\"Filme FlatSkin Wentus\"},{\"@type\":\"BreadcrumbList\",\"@id\":\"https:\\\/\\\/www.emosa.com\\\/pt-pt\\\/filme-wentus-flatskin\\\/#breadcrumb\",\"itemListElement\":[{\"@type\":\"ListItem\",\"position\":1,\"name\":\"EMO\",\"item\":\"https:\\\/\\\/www.emosa.com\\\/pt-pt\\\/\"},{\"@type\":\"ListItem\",\"position\":2,\"name\":\"Tienda\",\"item\":\"https:\\\/\\\/www.emosa.com\\\/tienda\\\/\"},{\"@type\":\"ListItem\",\"position\":3,\"name\":\"Filme Trioworld para embalagem no sistema FlatSkin\u00ae.\"}]},{\"@type\":\"WebSite\",\"@id\":\"https:\\\/\\\/www.emosa.com\\\/pt-pt\\\/#website\",\"url\":\"https:\\\/\\\/www.emosa.com\\\/pt-pt\\\/\",\"name\":\"Emo\",\"description\":\"Maquinaria industria alimentaria y Envases Sostenibles\",\"publisher\":{\"@id\":\"https:\\\/\\\/www.emosa.com\\\/pt-pt\\\/#organization\"},\"potentialAction\":[{\"@type\":\"SearchAction\",\"target\":{\"@type\":\"EntryPoint\",\"urlTemplate\":\"https:\\\/\\\/www.emosa.com\\\/pt-pt\\\/?s={search_term_string}\"},\"query-input\":{\"@type\":\"PropertyValueSpecification\",\"valueRequired\":true,\"valueName\":\"search_term_string\"}}],\"inLanguage\":\"pt-PT\"},{\"@type\":\"Organization\",\"@id\":\"https:\\\/\\\/www.emosa.com\\\/pt-pt\\\/#organization\",\"name\":\"EMO - Maquinaria Industria Alimentaria\",\"url\":\"https:\\\/\\\/www.emosa.com\\\/pt-pt\\\/\",\"logo\":{\"@type\":\"ImageObject\",\"inLanguage\":\"pt-PT\",\"@id\":\"https:\\\/\\\/www.emosa.com\\\/pt-pt\\\/#\\\/schema\\\/logo\\\/image\\\/\",\"url\":\"https:\\\/\\\/www.emosa.com\\\/wp-content\\\/uploads\\\/2023\\\/01\\\/logo-emo-50-aniversario.png\",\"contentUrl\":\"https:\\\/\\\/www.emosa.com\\\/wp-content\\\/uploads\\\/2023\\\/01\\\/logo-emo-50-aniversario.png\",\"width\":300,\"height\":158,\"caption\":\"EMO - Maquinaria Industria Alimentaria\"},\"image\":{\"@id\":\"https:\\\/\\\/www.emosa.com\\\/pt-pt\\\/#\\\/schema\\\/logo\\\/image\\\/\"},\"sameAs\":[\"https:\\\/\\\/www.linkedin.com\\\/company\\\/emo-sa\\\/\",\"https:\\\/\\\/www.youtube.com\\\/channel\\\/UCE4DD4ZApaNHUQYLVQiPBhw\"]}]}<\/script>\n<!-- \/ Yoast SEO plugin. -->","yoast_head_json":{"title":"Trioworld FlatSkin\u00ae System Packaging Film - Emo","description":"Embalagem com o Filme Skin de barreira elevada e respeitador do ambiente, reduzindo o consumo de pl\u00e1stico at\u00e9 70%.","robots":{"index":"index","follow":"follow","max-snippet":"max-snippet:-1","max-image-preview":"max-image-preview:large","max-video-preview":"max-video-preview:-1"},"canonical":"https:\/\/www.emosa.com\/pt-pt\/filme-wentus-flatskin\/","og_locale":"pt_PT","og_type":"article","og_title":"Trioworld FlatSkin\u00ae System Packaging Film - Emo","og_description":"Embalagem com o Filme Skin de barreira elevada e respeitador do ambiente, reduzindo o consumo de pl\u00e1stico at\u00e9 70%.","og_url":"https:\/\/www.emosa.com\/pt-pt\/filme-wentus-flatskin\/","og_site_name":"Emo","article_modified_time":"2025-03-06T15:27:27+00:00","og_image":[{"width":600,"height":600,"url":"https:\/\/www.emosa.com\/wp-content\/uploads\/2022\/09\/film-flatskin-wentus.jpg","type":"image\/jpeg"}],"twitter_card":"summary_large_image","schema":{"@context":"https:\/\/schema.org","@graph":[{"@type":"WebPage","@id":"https:\/\/www.emosa.com\/pt-pt\/filme-wentus-flatskin\/","url":"https:\/\/www.emosa.com\/pt-pt\/filme-wentus-flatskin\/","name":"Trioworld FlatSkin\u00ae System Packaging Film - Emo","isPartOf":{"@id":"https:\/\/www.emosa.com\/pt-pt\/#website"},"primaryImageOfPage":{"@id":"https:\/\/www.emosa.com\/pt-pt\/filme-wentus-flatskin\/#primaryimage"},"image":{"@id":"https:\/\/www.emosa.com\/pt-pt\/filme-wentus-flatskin\/#primaryimage"},"thumbnailUrl":"https:\/\/www.emosa.com\/wp-content\/uploads\/2022\/09\/film-flatskin-wentus.jpg","datePublished":"2022-09-16T09:09:39+00:00","dateModified":"2025-03-06T15:27:27+00:00","description":"Embalagem com o Filme Skin de barreira elevada e respeitador do ambiente, reduzindo o consumo de pl\u00e1stico at\u00e9 70%.","breadcrumb":{"@id":"https:\/\/www.emosa.com\/pt-pt\/filme-wentus-flatskin\/#breadcrumb"},"inLanguage":"pt-PT","potentialAction":[{"@type":"ReadAction","target":["https:\/\/www.emosa.com\/pt-pt\/filme-wentus-flatskin\/"]}]},{"@type":"ImageObject","inLanguage":"pt-PT","@id":"https:\/\/www.emosa.com\/pt-pt\/filme-wentus-flatskin\/#primaryimage","url":"https:\/\/www.emosa.com\/wp-content\/uploads\/2022\/09\/film-flatskin-wentus.jpg","contentUrl":"https:\/\/www.emosa.com\/wp-content\/uploads\/2022\/09\/film-flatskin-wentus.jpg","width":600,"height":600,"caption":"Filme FlatSkin Wentus"},{"@type":"BreadcrumbList","@id":"https:\/\/www.emosa.com\/pt-pt\/filme-wentus-flatskin\/#breadcrumb","itemListElement":[{"@type":"ListItem","position":1,"name":"EMO","item":"https:\/\/www.emosa.com\/pt-pt\/"},{"@type":"ListItem","position":2,"name":"Tienda","item":"https:\/\/www.emosa.com\/tienda\/"},{"@type":"ListItem","position":3,"name":"Filme Trioworld para embalagem no sistema FlatSkin\u00ae."}]},{"@type":"WebSite","@id":"https:\/\/www.emosa.com\/pt-pt\/#website","url":"https:\/\/www.emosa.com\/pt-pt\/","name":"Emo","description":"Maquinaria industria alimentaria y Envases Sostenibles","publisher":{"@id":"https:\/\/www.emosa.com\/pt-pt\/#organization"},"potentialAction":[{"@type":"SearchAction","target":{"@type":"EntryPoint","urlTemplate":"https:\/\/www.emosa.com\/pt-pt\/?s={search_term_string}"},"query-input":{"@type":"PropertyValueSpecification","valueRequired":true,"valueName":"search_term_string"}}],"inLanguage":"pt-PT"},{"@type":"Organization","@id":"https:\/\/www.emosa.com\/pt-pt\/#organization","name":"EMO - Maquinaria Industria Alimentaria","url":"https:\/\/www.emosa.com\/pt-pt\/","logo":{"@type":"ImageObject","inLanguage":"pt-PT","@id":"https:\/\/www.emosa.com\/pt-pt\/#\/schema\/logo\/image\/","url":"https:\/\/www.emosa.com\/wp-content\/uploads\/2023\/01\/logo-emo-50-aniversario.png","contentUrl":"https:\/\/www.emosa.com\/wp-content\/uploads\/2023\/01\/logo-emo-50-aniversario.png","width":300,"height":158,"caption":"EMO - Maquinaria Industria Alimentaria"},"image":{"@id":"https:\/\/www.emosa.com\/pt-pt\/#\/schema\/logo\/image\/"},"sameAs":["https:\/\/www.linkedin.com\/company\/emo-sa\/","https:\/\/www.youtube.com\/channel\/UCE4DD4ZApaNHUQYLVQiPBhw"]}]}},"_links":{"self":[{"href":"https:\/\/www.emosa.com\/pt-pt\/wp-json\/wp\/v2\/product\/9333","targetHints":{"allow":["GET"]}}],"collection":[{"href":"https:\/\/www.emosa.com\/pt-pt\/wp-json\/wp\/v2\/product"}],"about":[{"href":"https:\/\/www.emosa.com\/pt-pt\/wp-json\/wp\/v2\/types\/product"}],"version-history":[{"count":13,"href":"https:\/\/www.emosa.com\/pt-pt\/wp-json\/wp\/v2\/product\/9333\/revisions"}],"predecessor-version":[{"id":12845,"href":"https:\/\/www.emosa.com\/pt-pt\/wp-json\/wp\/v2\/product\/9333\/revisions\/12845"}],"wp:featuredmedia":[{"embeddable":true,"href":"https:\/\/www.emosa.com\/pt-pt\/wp-json\/wp\/v2\/media\/8871"}],"wp:attachment":[{"href":"https:\/\/www.emosa.com\/pt-pt\/wp-json\/wp\/v2\/media?parent=9333"}],"wp:term":[{"taxonomy":"product_brand","embeddable":true,"href":"https:\/\/www.emosa.com\/pt-pt\/wp-json\/wp\/v2\/product_brand?post=9333"},{"taxonomy":"product_cat","embeddable":true,"href":"https:\/\/www.emosa.com\/pt-pt\/wp-json\/wp\/v2\/product_cat?post=9333"},{"taxonomy":"product_tag","embeddable":true,"href":"https:\/\/www.emosa.com\/pt-pt\/wp-json\/wp\/v2\/product_tag?post=9333"}],"curies":[{"name":"wp","href":"https:\/\/api.w.org\/{rel}","templated":true}]}}