{"id":9648,"date":"2022-07-29T11:22:26","date_gmt":"2022-07-29T09:22:26","guid":{"rendered":"https:\/\/www.emosa.com\/nuevaweb\/embalagem-flatmap\/"},"modified":"2023-02-06T13:04:46","modified_gmt":"2023-02-06T12:04:46","slug":"embalagem-flatmap","status":"publish","type":"product","link":"https:\/\/www.emosa.com\/pt-pt\/produto\/embalagem-flatmap\/","title":{"rendered":"Embalagem FlatMap\u00ae"},"content":{"rendered":"\t\t<div data-elementor-type=\"product-post\" data-elementor-id=\"9648\" class=\"elementor elementor-9648 elementor-6908\" data-elementor-post-type=\"product\">\n\t\t\t\t\t\t<section class=\"elementor-section elementor-top-section elementor-element elementor-element-1d3009d elementor-section-boxed elementor-section-height-default elementor-section-height-default\" data-id=\"1d3009d\" data-element_type=\"section\" data-e-type=\"section\">\n\t\t\t\t\t\t<div class=\"elementor-container elementor-column-gap-default\">\n\t\t\t\t\t<div class=\"elementor-column elementor-col-50 elementor-top-column elementor-element elementor-element-f258533\" data-id=\"f258533\" data-element_type=\"column\" data-e-type=\"column\">\n\t\t\t<div class=\"elementor-widget-wrap elementor-element-populated\">\n\t\t\t\t\t\t<div class=\"elementor-element elementor-element-55f8af3 elementor-widget elementor-widget-heading\" data-id=\"55f8af3\" data-element_type=\"widget\" data-e-type=\"widget\" data-widget_type=\"heading.default\">\n\t\t\t\t<div class=\"elementor-widget-container\">\n\t\t\t\t\t<h2 class=\"elementor-heading-title elementor-size-default\">Vantagens da Embalagem FlatMap\u00ae<\/h2>\t\t\t\t<\/div>\n\t\t\t\t<\/div>\n\t\t\t\t<div class=\"elementor-element elementor-element-b539267 elementor-widget elementor-widget-text-editor\" data-id=\"b539267\" data-element_type=\"widget\" data-e-type=\"widget\" data-widget_type=\"text-editor.default\">\n\t\t\t\t<div class=\"elementor-widget-container\">\n\t\t\t\t\t\t\t\t\t<ul>\n<li>Recipiente refech\u00e1vel.<\/li>\n<li>Economia de recursos usando at\u00e9 75% menos pl\u00e1stico.<\/li>\n<li>Selado com seguran\u00e7a sob MAP para vida \u00fatil m\u00e1xima.<\/li>\n<li>Recipiente pronto para servir.<\/li>\n<li>Muito espa\u00e7o para informa\u00e7\u00f5es sobre produtos e marcas.<\/li>\n<li>\u00d3tima apresenta\u00e7\u00e3o do produto no ponto de venda.<\/li>\n<li>100% Recicl\u00e1vel gra\u00e7as \u00e0 f\u00e1cil separa\u00e7\u00e3o do revestimento pl\u00e1stico do suporte de cart\u00e3o.<\/li>\n<\/ul>\n\t\t\t\t\t\t\t\t<\/div>\n\t\t\t\t<\/div>\n\t\t\t\t<div class=\"elementor-element elementor-element-0d2345b elementor-align-center elementor-widget elementor-widget-button\" data-id=\"0d2345b\" data-element_type=\"widget\" data-e-type=\"widget\" data-widget_type=\"button.default\">\n\t\t\t\t<div class=\"elementor-widget-container\">\n\t\t\t\t\t\t\t\t\t<div class=\"elementor-button-wrapper\">\n\t\t\t\t\t<a class=\"elementor-button elementor-button-link elementor-size-md\" href=\"https:\/\/www.emosa.com\/envasado-sostenible-emo\/\">\n\t\t\t\t\t\t<span class=\"elementor-button-content-wrapper\">\n\t\t\t\t\t\t\t\t\t<span class=\"elementor-button-text\">CALCULAR A ECONOMIA DE PL\u00c1STICO<\/span>\n\t\t\t\t\t<\/span>\n\t\t\t\t\t<\/a>\n\t\t\t\t<\/div>\n\t\t\t\t\t\t\t\t<\/div>\n\t\t\t\t<\/div>\n\t\t\t\t\t<\/div>\n\t\t<\/div>\n\t\t\t\t<div class=\"elementor-column elementor-col-50 elementor-top-column elementor-element elementor-element-bcb398a\" data-id=\"bcb398a\" data-element_type=\"column\" data-e-type=\"column\">\n\t\t\t<div class=\"elementor-widget-wrap elementor-element-populated\">\n\t\t\t\t\t\t<div class=\"elementor-element elementor-element-67660d9 elementor-widget elementor-widget-image\" data-id=\"67660d9\" data-element_type=\"widget\" data-e-type=\"widget\" data-widget_type=\"image.default\">\n\t\t\t\t<div class=\"elementor-widget-container\">\n\t\t\t\t\t\t\t\t\t\t\t\t\t\t\t<img fetchpriority=\"high\" decoding=\"async\" width=\"300\" height=\"259\" src=\"https:\/\/www.emosa.com\/wp-content\/uploads\/2022\/07\/logo-go-sustainable-envasado-alimentario-300x259.jpg\" class=\"attachment-medium size-medium wp-image-8774\" alt=\"logo go sustainable sealpac\" srcset=\"https:\/\/www.emosa.com\/wp-content\/uploads\/2022\/07\/logo-go-sustainable-envasado-alimentario-300x259.jpg 300w, https:\/\/www.emosa.com\/wp-content\/uploads\/2022\/07\/logo-go-sustainable-envasado-alimentario-64x55.jpg 64w, https:\/\/www.emosa.com\/wp-content\/uploads\/2022\/07\/logo-go-sustainable-envasado-alimentario.jpg 500w\" sizes=\"(max-width: 300px) 100vw, 300px\" \/>\t\t\t\t\t\t\t\t\t\t\t\t\t\t\t<\/div>\n\t\t\t\t<\/div>\n\t\t\t\t\t<\/div>\n\t\t<\/div>\n\t\t\t\t\t<\/div>\n\t\t<\/section>\n\t\t\t\t<section class=\"elementor-section elementor-top-section elementor-element elementor-element-82e12be elementor-section-boxed elementor-section-height-default elementor-section-height-default\" data-id=\"82e12be\" data-element_type=\"section\" data-e-type=\"section\">\n\t\t\t\t\t\t<div class=\"elementor-container elementor-column-gap-default\">\n\t\t\t\t\t<div class=\"elementor-column elementor-col-50 elementor-top-column elementor-element elementor-element-ab4903d\" data-id=\"ab4903d\" data-element_type=\"column\" data-e-type=\"column\">\n\t\t\t<div class=\"elementor-widget-wrap elementor-element-populated\">\n\t\t\t\t\t\t<div class=\"elementor-element elementor-element-2098fbf elementor-widget elementor-widget-html\" data-id=\"2098fbf\" data-element_type=\"widget\" data-e-type=\"widget\" data-widget_type=\"html.default\">\n\t\t\t\t<div class=\"elementor-widget-container\">\n\t\t\t\t\t<style>.embed-container { position: relative; padding-bottom: 56.25%; height: 0; overflow: hidden; max-width: 100%; } .embed-container iframe, .embed-container object, .embed-container embed { position: absolute; top: 0; left: 0; width: 100%; height: 100%; }<\/style><div class=\"embed-container\"><iframe data-cookieconsent=\"statistics, marketing\" data-src=\"https:\/\/www.youtube.com\/embed\/\/pcT9_xs8bcE\" frameborder=\"0\" allowfullscreen=\"\"><\/iframe><div class=\"cookieconsent-optout-statistics cookieconsent-optout-marketing\"><\/div><\/div>\t\t\t\t<\/div>\n\t\t\t\t<\/div>\n\t\t\t\t\t<\/div>\n\t\t<\/div>\n\t\t\t\t<div class=\"elementor-column elementor-col-50 elementor-top-column elementor-element elementor-element-b970320\" data-id=\"b970320\" data-element_type=\"column\" data-e-type=\"column\">\n\t\t\t<div class=\"elementor-widget-wrap elementor-element-populated\">\n\t\t\t\t\t\t<div class=\"elementor-element elementor-element-6588c73 elementor-widget elementor-widget-html\" data-id=\"6588c73\" data-element_type=\"widget\" data-e-type=\"widget\" data-widget_type=\"html.default\">\n\t\t\t\t<div class=\"elementor-widget-container\">\n\t\t\t\t\t<style>.embed-container { position: relative; padding-bottom: 56.25%; height: 0; overflow: hidden; max-width: 100%; } .embed-container iframe, .embed-container object, .embed-container embed { position: absolute; top: 0; left: 0; width: 100%; height: 100%; }<\/style><div class=\"embed-container\"><iframe data-cookieconsent=\"statistics, marketing\" data-src=\"https:\/\/www.youtube.com\/embed\/\/CWYq53k-R7A\" frameborder=\"0\" allowfullscreen=\"\"><\/iframe><div class=\"cookieconsent-optout-statistics cookieconsent-optout-marketing\"><\/div><\/div>\t\t\t\t<\/div>\n\t\t\t\t<\/div>\n\t\t\t\t\t<\/div>\n\t\t<\/div>\n\t\t\t\t\t<\/div>\n\t\t<\/section>\n\t\t\t\t<\/div>\n\t\t","protected":false},"excerpt":{"rendered":"<p><strong>Solu\u00e7\u00e3o de embalagem \u00e0 base de cart\u00e3o para produtos fatiados como salsichas, queijos, salm\u00e3o, etc.<\/strong><\/p>\n<p>FlatMap\u00ae cria um novo visual no varejo, mas tamb\u00e9m impressiona com o uso de materiais que economizam recursos.<\/p>\n<p>Uma caracter\u00edstica marcante do sistema FlatMap\u00ae \u00e9 a sua <strong>capacidade de refechamento de qualidade<\/strong>.<\/p>\n","protected":false},"featured_media":8730,"template":"","meta":{"_joinchat":[]},"product_brand":[],"product_cat":[239],"product_tag":[],"class_list":{"0":"post-9648","1":"product","2":"type-product","3":"status-publish","4":"has-post-thumbnail","6":"product_cat-sistemas-de-embalagem","7":"yith_product_brand-sealpac-pt-pt","9":"first","10":"instock","11":"shipping-taxable","12":"product-type-simple"},"yoast_head":"<!-- This site is optimized with the Yoast SEO plugin v27.6 - https:\/\/yoast.com\/product\/yoast-seo-wordpress\/ -->\n<title>Embalagem FlatMap\u00ae Sealpac - Emo<\/title>\n<meta name=\"description\" content=\"O sistema FlatMap\u00ae da Sealpac \u00e9 a solu\u00e7\u00e3o de embalagem \u00e0 base de papel\u00e3o para produtos fatiados, como salsichas, queijos, salm\u00e3o, etc.\" \/>\n<meta name=\"robots\" content=\"index, follow, max-snippet:-1, max-image-preview:large, max-video-preview:-1\" \/>\n<link rel=\"canonical\" href=\"https:\/\/www.emosa.com\/pt-pt\/produto\/embalagem-flatmap\/\" \/>\n<meta property=\"og:locale\" content=\"pt_PT\" \/>\n<meta property=\"og:type\" content=\"article\" \/>\n<meta property=\"og:title\" content=\"Embalagem FlatMap\u00ae Sealpac - Emo\" \/>\n<meta property=\"og:description\" content=\"O sistema FlatMap\u00ae da Sealpac \u00e9 a solu\u00e7\u00e3o de embalagem \u00e0 base de papel\u00e3o para produtos fatiados, como salsichas, queijos, salm\u00e3o, etc.\" \/>\n<meta property=\"og:url\" content=\"https:\/\/www.emosa.com\/pt-pt\/produto\/embalagem-flatmap\/\" \/>\n<meta property=\"og:site_name\" content=\"Emo\" \/>\n<meta property=\"article:modified_time\" content=\"2023-02-06T12:04:46+00:00\" \/>\n<meta property=\"og:image\" content=\"https:\/\/www.emosa.com\/wp-content\/uploads\/2022\/07\/bandejas-flatmap-premio-2021.jpg\" \/>\n\t<meta property=\"og:image:width\" content=\"600\" \/>\n\t<meta property=\"og:image:height\" content=\"600\" \/>\n\t<meta property=\"og:image:type\" content=\"image\/jpeg\" \/>\n<meta name=\"twitter:card\" content=\"summary_large_image\" \/>\n<script type=\"application\/ld+json\" class=\"yoast-schema-graph\">{\"@context\":\"https:\\\/\\\/schema.org\",\"@graph\":[{\"@type\":\"WebPage\",\"@id\":\"https:\\\/\\\/www.emosa.com\\\/pt-pt\\\/produto\\\/embalagem-flatmap\\\/\",\"url\":\"https:\\\/\\\/www.emosa.com\\\/pt-pt\\\/produto\\\/embalagem-flatmap\\\/\",\"name\":\"Embalagem FlatMap\u00ae Sealpac - Emo\",\"isPartOf\":{\"@id\":\"https:\\\/\\\/www.emosa.com\\\/pt-pt\\\/#website\"},\"primaryImageOfPage\":{\"@id\":\"https:\\\/\\\/www.emosa.com\\\/pt-pt\\\/produto\\\/embalagem-flatmap\\\/#primaryimage\"},\"image\":{\"@id\":\"https:\\\/\\\/www.emosa.com\\\/pt-pt\\\/produto\\\/embalagem-flatmap\\\/#primaryimage\"},\"thumbnailUrl\":\"https:\\\/\\\/www.emosa.com\\\/wp-content\\\/uploads\\\/2022\\\/07\\\/bandejas-flatmap-premio-2021.jpg\",\"datePublished\":\"2022-07-29T09:22:26+00:00\",\"dateModified\":\"2023-02-06T12:04:46+00:00\",\"description\":\"O sistema FlatMap\u00ae da Sealpac \u00e9 a solu\u00e7\u00e3o de embalagem \u00e0 base de papel\u00e3o para produtos fatiados, como salsichas, queijos, salm\u00e3o, etc.\",\"breadcrumb\":{\"@id\":\"https:\\\/\\\/www.emosa.com\\\/pt-pt\\\/produto\\\/embalagem-flatmap\\\/#breadcrumb\"},\"inLanguage\":\"pt-PT\",\"potentialAction\":[{\"@type\":\"ReadAction\",\"target\":[\"https:\\\/\\\/www.emosa.com\\\/pt-pt\\\/produto\\\/embalagem-flatmap\\\/\"]}]},{\"@type\":\"ImageObject\",\"inLanguage\":\"pt-PT\",\"@id\":\"https:\\\/\\\/www.emosa.com\\\/pt-pt\\\/produto\\\/embalagem-flatmap\\\/#primaryimage\",\"url\":\"https:\\\/\\\/www.emosa.com\\\/wp-content\\\/uploads\\\/2022\\\/07\\\/bandejas-flatmap-premio-2021.jpg\",\"contentUrl\":\"https:\\\/\\\/www.emosa.com\\\/wp-content\\\/uploads\\\/2022\\\/07\\\/bandejas-flatmap-premio-2021.jpg\",\"width\":600,\"height\":600,\"caption\":\"flatmap sealpac\"},{\"@type\":\"BreadcrumbList\",\"@id\":\"https:\\\/\\\/www.emosa.com\\\/pt-pt\\\/produto\\\/embalagem-flatmap\\\/#breadcrumb\",\"itemListElement\":[{\"@type\":\"ListItem\",\"position\":1,\"name\":\"EMO\",\"item\":\"https:\\\/\\\/www.emosa.com\\\/pt-pt\\\/emosa\\\/\"},{\"@type\":\"ListItem\",\"position\":2,\"name\":\"Tienda\",\"item\":\"https:\\\/\\\/www.emosa.com\\\/tienda\\\/\"},{\"@type\":\"ListItem\",\"position\":3,\"name\":\"Embalagem FlatMap\u00ae\"}]},{\"@type\":\"WebSite\",\"@id\":\"https:\\\/\\\/www.emosa.com\\\/pt-pt\\\/#website\",\"url\":\"https:\\\/\\\/www.emosa.com\\\/pt-pt\\\/\",\"name\":\"Emo\",\"description\":\"Maquinaria industria alimentaria y Envases Sostenibles\",\"publisher\":{\"@id\":\"https:\\\/\\\/www.emosa.com\\\/pt-pt\\\/#organization\"},\"potentialAction\":[{\"@type\":\"SearchAction\",\"target\":{\"@type\":\"EntryPoint\",\"urlTemplate\":\"https:\\\/\\\/www.emosa.com\\\/pt-pt\\\/?s={search_term_string}\"},\"query-input\":{\"@type\":\"PropertyValueSpecification\",\"valueRequired\":true,\"valueName\":\"search_term_string\"}}],\"inLanguage\":\"pt-PT\"},{\"@type\":\"Organization\",\"@id\":\"https:\\\/\\\/www.emosa.com\\\/pt-pt\\\/#organization\",\"name\":\"EMO - Maquinaria Industria Alimentaria\",\"url\":\"https:\\\/\\\/www.emosa.com\\\/pt-pt\\\/\",\"logo\":{\"@type\":\"ImageObject\",\"inLanguage\":\"pt-PT\",\"@id\":\"https:\\\/\\\/www.emosa.com\\\/pt-pt\\\/#\\\/schema\\\/logo\\\/image\\\/\",\"url\":\"https:\\\/\\\/www.emosa.com\\\/wp-content\\\/uploads\\\/2023\\\/01\\\/logo-emo-50-aniversario.png\",\"contentUrl\":\"https:\\\/\\\/www.emosa.com\\\/wp-content\\\/uploads\\\/2023\\\/01\\\/logo-emo-50-aniversario.png\",\"width\":300,\"height\":158,\"caption\":\"EMO - Maquinaria Industria Alimentaria\"},\"image\":{\"@id\":\"https:\\\/\\\/www.emosa.com\\\/pt-pt\\\/#\\\/schema\\\/logo\\\/image\\\/\"},\"sameAs\":[\"https:\\\/\\\/www.linkedin.com\\\/company\\\/emo-sa\\\/\",\"https:\\\/\\\/www.youtube.com\\\/channel\\\/UCE4DD4ZApaNHUQYLVQiPBhw\"]}]}<\/script>\n<!-- \/ Yoast SEO plugin. -->","yoast_head_json":{"title":"Embalagem FlatMap\u00ae Sealpac - Emo","description":"O sistema FlatMap\u00ae da Sealpac \u00e9 a solu\u00e7\u00e3o de embalagem \u00e0 base de papel\u00e3o para produtos fatiados, como salsichas, queijos, salm\u00e3o, etc.","robots":{"index":"index","follow":"follow","max-snippet":"max-snippet:-1","max-image-preview":"max-image-preview:large","max-video-preview":"max-video-preview:-1"},"canonical":"https:\/\/www.emosa.com\/pt-pt\/produto\/embalagem-flatmap\/","og_locale":"pt_PT","og_type":"article","og_title":"Embalagem FlatMap\u00ae Sealpac - Emo","og_description":"O sistema FlatMap\u00ae da Sealpac \u00e9 a solu\u00e7\u00e3o de embalagem \u00e0 base de papel\u00e3o para produtos fatiados, como salsichas, queijos, salm\u00e3o, etc.","og_url":"https:\/\/www.emosa.com\/pt-pt\/produto\/embalagem-flatmap\/","og_site_name":"Emo","article_modified_time":"2023-02-06T12:04:46+00:00","og_image":[{"width":600,"height":600,"url":"https:\/\/www.emosa.com\/wp-content\/uploads\/2022\/07\/bandejas-flatmap-premio-2021.jpg","type":"image\/jpeg"}],"twitter_card":"summary_large_image","schema":{"@context":"https:\/\/schema.org","@graph":[{"@type":"WebPage","@id":"https:\/\/www.emosa.com\/pt-pt\/produto\/embalagem-flatmap\/","url":"https:\/\/www.emosa.com\/pt-pt\/produto\/embalagem-flatmap\/","name":"Embalagem FlatMap\u00ae Sealpac - Emo","isPartOf":{"@id":"https:\/\/www.emosa.com\/pt-pt\/#website"},"primaryImageOfPage":{"@id":"https:\/\/www.emosa.com\/pt-pt\/produto\/embalagem-flatmap\/#primaryimage"},"image":{"@id":"https:\/\/www.emosa.com\/pt-pt\/produto\/embalagem-flatmap\/#primaryimage"},"thumbnailUrl":"https:\/\/www.emosa.com\/wp-content\/uploads\/2022\/07\/bandejas-flatmap-premio-2021.jpg","datePublished":"2022-07-29T09:22:26+00:00","dateModified":"2023-02-06T12:04:46+00:00","description":"O sistema FlatMap\u00ae da Sealpac \u00e9 a solu\u00e7\u00e3o de embalagem \u00e0 base de papel\u00e3o para produtos fatiados, como salsichas, queijos, salm\u00e3o, etc.","breadcrumb":{"@id":"https:\/\/www.emosa.com\/pt-pt\/produto\/embalagem-flatmap\/#breadcrumb"},"inLanguage":"pt-PT","potentialAction":[{"@type":"ReadAction","target":["https:\/\/www.emosa.com\/pt-pt\/produto\/embalagem-flatmap\/"]}]},{"@type":"ImageObject","inLanguage":"pt-PT","@id":"https:\/\/www.emosa.com\/pt-pt\/produto\/embalagem-flatmap\/#primaryimage","url":"https:\/\/www.emosa.com\/wp-content\/uploads\/2022\/07\/bandejas-flatmap-premio-2021.jpg","contentUrl":"https:\/\/www.emosa.com\/wp-content\/uploads\/2022\/07\/bandejas-flatmap-premio-2021.jpg","width":600,"height":600,"caption":"flatmap sealpac"},{"@type":"BreadcrumbList","@id":"https:\/\/www.emosa.com\/pt-pt\/produto\/embalagem-flatmap\/#breadcrumb","itemListElement":[{"@type":"ListItem","position":1,"name":"EMO","item":"https:\/\/www.emosa.com\/pt-pt\/emosa\/"},{"@type":"ListItem","position":2,"name":"Tienda","item":"https:\/\/www.emosa.com\/tienda\/"},{"@type":"ListItem","position":3,"name":"Embalagem FlatMap\u00ae"}]},{"@type":"WebSite","@id":"https:\/\/www.emosa.com\/pt-pt\/#website","url":"https:\/\/www.emosa.com\/pt-pt\/","name":"Emo","description":"Maquinaria industria alimentaria y Envases Sostenibles","publisher":{"@id":"https:\/\/www.emosa.com\/pt-pt\/#organization"},"potentialAction":[{"@type":"SearchAction","target":{"@type":"EntryPoint","urlTemplate":"https:\/\/www.emosa.com\/pt-pt\/?s={search_term_string}"},"query-input":{"@type":"PropertyValueSpecification","valueRequired":true,"valueName":"search_term_string"}}],"inLanguage":"pt-PT"},{"@type":"Organization","@id":"https:\/\/www.emosa.com\/pt-pt\/#organization","name":"EMO - Maquinaria Industria Alimentaria","url":"https:\/\/www.emosa.com\/pt-pt\/","logo":{"@type":"ImageObject","inLanguage":"pt-PT","@id":"https:\/\/www.emosa.com\/pt-pt\/#\/schema\/logo\/image\/","url":"https:\/\/www.emosa.com\/wp-content\/uploads\/2023\/01\/logo-emo-50-aniversario.png","contentUrl":"https:\/\/www.emosa.com\/wp-content\/uploads\/2023\/01\/logo-emo-50-aniversario.png","width":300,"height":158,"caption":"EMO - Maquinaria Industria Alimentaria"},"image":{"@id":"https:\/\/www.emosa.com\/pt-pt\/#\/schema\/logo\/image\/"},"sameAs":["https:\/\/www.linkedin.com\/company\/emo-sa\/","https:\/\/www.youtube.com\/channel\/UCE4DD4ZApaNHUQYLVQiPBhw"]}]}},"_links":{"self":[{"href":"https:\/\/www.emosa.com\/pt-pt\/wp-json\/wp\/v2\/product\/9648","targetHints":{"allow":["GET"]}}],"collection":[{"href":"https:\/\/www.emosa.com\/pt-pt\/wp-json\/wp\/v2\/product"}],"about":[{"href":"https:\/\/www.emosa.com\/pt-pt\/wp-json\/wp\/v2\/types\/product"}],"version-history":[{"count":5,"href":"https:\/\/www.emosa.com\/pt-pt\/wp-json\/wp\/v2\/product\/9648\/revisions"}],"predecessor-version":[{"id":10416,"href":"https:\/\/www.emosa.com\/pt-pt\/wp-json\/wp\/v2\/product\/9648\/revisions\/10416"}],"wp:featuredmedia":[{"embeddable":true,"href":"https:\/\/www.emosa.com\/pt-pt\/wp-json\/wp\/v2\/media\/8730"}],"wp:attachment":[{"href":"https:\/\/www.emosa.com\/pt-pt\/wp-json\/wp\/v2\/media?parent=9648"}],"wp:term":[{"taxonomy":"product_brand","embeddable":true,"href":"https:\/\/www.emosa.com\/pt-pt\/wp-json\/wp\/v2\/product_brand?post=9648"},{"taxonomy":"product_cat","embeddable":true,"href":"https:\/\/www.emosa.com\/pt-pt\/wp-json\/wp\/v2\/product_cat?post=9648"},{"taxonomy":"product_tag","embeddable":true,"href":"https:\/\/www.emosa.com\/pt-pt\/wp-json\/wp\/v2\/product_tag?post=9648"}],"curies":[{"name":"wp","href":"https:\/\/api.w.org\/{rel}","templated":true}]}}