{"id":9650,"date":"2022-07-29T13:07:15","date_gmt":"2022-07-29T11:07:15","guid":{"rendered":"https:\/\/www.emosa.com\/nuevaweb\/embalagem-easylid\/"},"modified":"2023-02-06T12:47:46","modified_gmt":"2023-02-06T11:47:46","slug":"embalagem-easylid","status":"publish","type":"product","link":"https:\/\/www.emosa.com\/pt-pt\/produto\/embalagem-easylid\/","title":{"rendered":"Embalagem EasyLid\u00ae"},"content":{"rendered":"\t\t<div data-elementor-type=\"product-post\" data-elementor-id=\"9650\" class=\"elementor elementor-9650 elementor-6976\" data-elementor-post-type=\"product\">\n\t\t\t\t\t\t<section class=\"elementor-section elementor-top-section elementor-element elementor-element-1d3009d elementor-section-boxed elementor-section-height-default elementor-section-height-default\" data-id=\"1d3009d\" data-element_type=\"section\" data-e-type=\"section\">\n\t\t\t\t\t\t<div class=\"elementor-container elementor-column-gap-default\">\n\t\t\t\t\t<div class=\"elementor-column elementor-col-50 elementor-top-column elementor-element elementor-element-f258533\" data-id=\"f258533\" data-element_type=\"column\" data-e-type=\"column\">\n\t\t\t<div class=\"elementor-widget-wrap elementor-element-populated\">\n\t\t\t\t\t\t<div class=\"elementor-element elementor-element-55f8af3 elementor-widget elementor-widget-heading\" data-id=\"55f8af3\" data-element_type=\"widget\" data-e-type=\"widget\" data-widget_type=\"heading.default\">\n\t\t\t\t<div class=\"elementor-widget-container\">\n\t\t\t\t\t<h2 class=\"elementor-heading-title elementor-size-default\">Vantagens do EasyLid\u00ae<\/h2>\t\t\t\t<\/div>\n\t\t\t\t<\/div>\n\t\t\t\t<div class=\"elementor-element elementor-element-b539267 elementor-widget elementor-widget-text-editor\" data-id=\"b539267\" data-element_type=\"widget\" data-e-type=\"widget\" data-widget_type=\"text-editor.default\">\n\t\t\t\t<div class=\"elementor-widget-container\">\n\t\t\t\t\t\t\t\t\t<ul>\n<li>Elimina\u00e7\u00e3o total da tampa pr\u00e9-fabricada, ao <strong>converter o filme da tampa na tampa reutiliz\u00e1vel<\/strong>.<\/li>\n<li><strong>Redu\u00e7\u00e3o significativa no custo dos materiais<\/strong> de embalagem.<\/li>\n<li>Embalagens <strong>perfeitamente ressel\u00e1veis<\/strong>, ideais para produtos sens\u00edveis \u00e0 oxida\u00e7\u00e3o.<\/li>\n<li><strong>Elimina\u00e7\u00e3o<\/strong> da necessidade de um <strong>aplicador de tampas<\/strong> dispendioso.<\/li>\n<li>Efeito \u00ab<strong>inviolabilidade<\/strong>\u00bb devido \u00e0 soldadura exterior.<\/li>\n<li><strong>Soldadura altamente resistente<\/strong>, permite uma grande capacidade de empilhamento das embalagens.<\/li>\n<li>Amplas possibilidades de marketing e comunica\u00e7\u00e3o, gra\u00e7as \u00e0 <strong>aplica\u00e7\u00e3o de r\u00f3tulos IML em todo o per\u00edmetro do tabuleiro<\/strong>.<\/li>\n<li>Poupan\u00e7a log\u00edstica.<\/li>\n<li>Redu\u00e7\u00e3o dos materiais a armazenar e da depend\u00eancia de fornecedores externos.<\/li>\n<li>Possibilidade de <strong>automatiza\u00e7\u00e3o total da linha<\/strong> de dosagem e embalagem.<\/li>\n<li>Impossibilidade de a tampa cair no ponto de venda.<\/li>\n<\/ul>\n\t\t\t\t\t\t\t\t<\/div>\n\t\t\t\t<\/div>\n\t\t\t\t\t<\/div>\n\t\t<\/div>\n\t\t\t\t<div class=\"elementor-column elementor-col-50 elementor-top-column elementor-element elementor-element-bcb398a\" data-id=\"bcb398a\" data-element_type=\"column\" data-e-type=\"column\">\n\t\t\t<div class=\"elementor-widget-wrap elementor-element-populated\">\n\t\t\t\t\t\t<div class=\"elementor-element elementor-element-b34b973 elementor-widget elementor-widget-image\" data-id=\"b34b973\" data-element_type=\"widget\" data-e-type=\"widget\" data-widget_type=\"image.default\">\n\t\t\t\t<div class=\"elementor-widget-container\">\n\t\t\t\t\t\t\t\t\t\t\t\t\t\t\t<img fetchpriority=\"high\" decoding=\"async\" width=\"300\" height=\"259\" src=\"https:\/\/www.emosa.com\/wp-content\/uploads\/2022\/07\/logo-go-sustainable-envasado-alimentario-300x259.jpg\" class=\"attachment-medium size-medium wp-image-8774\" alt=\"logo go sustainable sealpac\" srcset=\"https:\/\/www.emosa.com\/wp-content\/uploads\/2022\/07\/logo-go-sustainable-envasado-alimentario-300x259.jpg 300w, https:\/\/www.emosa.com\/wp-content\/uploads\/2022\/07\/logo-go-sustainable-envasado-alimentario-64x55.jpg 64w, https:\/\/www.emosa.com\/wp-content\/uploads\/2022\/07\/logo-go-sustainable-envasado-alimentario.jpg 500w\" sizes=\"(max-width: 300px) 100vw, 300px\" \/>\t\t\t\t\t\t\t\t\t\t\t\t\t\t\t<\/div>\n\t\t\t\t<\/div>\n\t\t\t\t<div class=\"elementor-element elementor-element-6588c73 elementor-widget elementor-widget-html\" data-id=\"6588c73\" data-element_type=\"widget\" data-e-type=\"widget\" data-widget_type=\"html.default\">\n\t\t\t\t<div class=\"elementor-widget-container\">\n\t\t\t\t\t<style>.embed-container { position: relative; padding-bottom: 56.25%; height: 0; overflow: hidden; max-width: 100%; } .embed-container iframe, .embed-container object, .embed-container embed { position: absolute; top: 0; left: 0; width: 100%; height: 100%; }<\/style><div class=\"embed-container\"><iframe data-cookieconsent=\"statistics, marketing\" data-src=\"https:\/\/www.youtube.com\/embed\/\/klR7EuWFjkw\" frameborder=\"0\" allowfullscreen=\"\"><\/iframe><div class=\"cookieconsent-optout-statistics cookieconsent-optout-marketing\"><\/div><\/div>\t\t\t\t<\/div>\n\t\t\t\t<\/div>\n\t\t\t\t\t<\/div>\n\t\t<\/div>\n\t\t\t\t\t<\/div>\n\t\t<\/section>\n\t\t\t\t<\/div>\n\t\t","protected":false},"excerpt":{"rendered":"<p>Embalagem refech\u00e1vel.<\/p>\n<p>Selar e tampar em uma \u00fanica etapa.<\/p>\n<p><a href=\"https:\/\/www.emosa.com\/\">EMO<\/a> &amp; <a href=\"\/sealpac\/\">SEALPAC<\/a> &amp; <a href=\"\/naber-plastics\/\">NABER<\/a> sistema de embalagem refech\u00e1vel desenvolvido e patenteado pela SEALPAC em conjunto com o fabricante de bandejas NABER PLASTICS.<\/p>\n<p>Eliminamos a necessidade de uma tampa pr\u00e9-fabricada, <strong>convertemos o filme da tampa em uma tampa refech\u00e1vel<\/strong>, atingindo assim o <strong>maior n\u00edvel de efici\u00eancia<\/strong> no processo de embalagem e usando <strong>30% menos pl\u00e1stico<\/strong>.<\/p>\n","protected":false},"featured_media":8713,"template":"","meta":{"_joinchat":[]},"product_brand":[],"product_cat":[239],"product_tag":[],"class_list":{"0":"post-9650","1":"product","2":"type-product","3":"status-publish","4":"has-post-thumbnail","6":"product_cat-sistemas-de-embalagem","7":"yith_product_brand-sealpac-pt-pt","9":"first","10":"instock","11":"shipping-taxable","12":"product-type-simple"},"yoast_head":"<!-- This site is optimized with the Yoast SEO plugin v27.6 - https:\/\/yoast.com\/product\/yoast-seo-wordpress\/ -->\n<title>Embalagem EasyLid\u00ae Sealpac - Emo<\/title>\n<meta name=\"description\" content=\"O sistema EasyLid\u00ae cria recipientes refech\u00e1veis \u200b\u200bcom veda\u00e7\u00e3o e tampa em uma \u00fanica etapa. M\u00e1ximo n\u00edvel de efici\u00eancia em embalagens com 30% menos pl\u00e1stico.\" \/>\n<meta name=\"robots\" content=\"index, follow, max-snippet:-1, max-image-preview:large, max-video-preview:-1\" \/>\n<link rel=\"canonical\" href=\"https:\/\/www.emosa.com\/pt-pt\/produto\/embalagem-easylid\/\" \/>\n<meta property=\"og:locale\" content=\"pt_PT\" \/>\n<meta property=\"og:type\" content=\"article\" \/>\n<meta property=\"og:title\" content=\"Embalagem EasyLid\u00ae Sealpac - Emo\" \/>\n<meta property=\"og:description\" content=\"O sistema EasyLid\u00ae cria recipientes refech\u00e1veis \u200b\u200bcom veda\u00e7\u00e3o e tampa em uma \u00fanica etapa. M\u00e1ximo n\u00edvel de efici\u00eancia em embalagens com 30% menos pl\u00e1stico.\" \/>\n<meta property=\"og:url\" content=\"https:\/\/www.emosa.com\/pt-pt\/produto\/embalagem-easylid\/\" \/>\n<meta property=\"og:site_name\" content=\"Emo\" \/>\n<meta property=\"article:modified_time\" content=\"2023-02-06T11:47:46+00:00\" \/>\n<meta property=\"og:image\" content=\"https:\/\/www.emosa.com\/wp-content\/uploads\/2022\/07\/bandejas-naber-easylid.jpg\" \/>\n\t<meta property=\"og:image:width\" content=\"600\" \/>\n\t<meta property=\"og:image:height\" content=\"600\" \/>\n\t<meta property=\"og:image:type\" content=\"image\/jpeg\" \/>\n<meta name=\"twitter:card\" content=\"summary_large_image\" \/>\n<script type=\"application\/ld+json\" class=\"yoast-schema-graph\">{\"@context\":\"https:\\\/\\\/schema.org\",\"@graph\":[{\"@type\":\"WebPage\",\"@id\":\"https:\\\/\\\/www.emosa.com\\\/pt-pt\\\/produto\\\/embalagem-easylid\\\/\",\"url\":\"https:\\\/\\\/www.emosa.com\\\/pt-pt\\\/produto\\\/embalagem-easylid\\\/\",\"name\":\"Embalagem EasyLid\u00ae Sealpac - Emo\",\"isPartOf\":{\"@id\":\"https:\\\/\\\/www.emosa.com\\\/pt-pt\\\/#website\"},\"primaryImageOfPage\":{\"@id\":\"https:\\\/\\\/www.emosa.com\\\/pt-pt\\\/produto\\\/embalagem-easylid\\\/#primaryimage\"},\"image\":{\"@id\":\"https:\\\/\\\/www.emosa.com\\\/pt-pt\\\/produto\\\/embalagem-easylid\\\/#primaryimage\"},\"thumbnailUrl\":\"https:\\\/\\\/www.emosa.com\\\/wp-content\\\/uploads\\\/2022\\\/07\\\/bandejas-naber-easylid.jpg\",\"datePublished\":\"2022-07-29T11:07:15+00:00\",\"dateModified\":\"2023-02-06T11:47:46+00:00\",\"description\":\"O sistema EasyLid\u00ae cria recipientes refech\u00e1veis \u200b\u200bcom veda\u00e7\u00e3o e tampa em uma \u00fanica etapa. M\u00e1ximo n\u00edvel de efici\u00eancia em embalagens com 30% menos pl\u00e1stico.\",\"breadcrumb\":{\"@id\":\"https:\\\/\\\/www.emosa.com\\\/pt-pt\\\/produto\\\/embalagem-easylid\\\/#breadcrumb\"},\"inLanguage\":\"pt-PT\",\"potentialAction\":[{\"@type\":\"ReadAction\",\"target\":[\"https:\\\/\\\/www.emosa.com\\\/pt-pt\\\/produto\\\/embalagem-easylid\\\/\"]}]},{\"@type\":\"ImageObject\",\"inLanguage\":\"pt-PT\",\"@id\":\"https:\\\/\\\/www.emosa.com\\\/pt-pt\\\/produto\\\/embalagem-easylid\\\/#primaryimage\",\"url\":\"https:\\\/\\\/www.emosa.com\\\/wp-content\\\/uploads\\\/2022\\\/07\\\/bandejas-naber-easylid.jpg\",\"contentUrl\":\"https:\\\/\\\/www.emosa.com\\\/wp-content\\\/uploads\\\/2022\\\/07\\\/bandejas-naber-easylid.jpg\",\"width\":600,\"height\":600,\"caption\":\"Tabuleiros Naber EasyLid\"},{\"@type\":\"BreadcrumbList\",\"@id\":\"https:\\\/\\\/www.emosa.com\\\/pt-pt\\\/produto\\\/embalagem-easylid\\\/#breadcrumb\",\"itemListElement\":[{\"@type\":\"ListItem\",\"position\":1,\"name\":\"EMO\",\"item\":\"https:\\\/\\\/www.emosa.com\\\/pt-pt\\\/emosa\\\/\"},{\"@type\":\"ListItem\",\"position\":2,\"name\":\"Tienda\",\"item\":\"https:\\\/\\\/www.emosa.com\\\/tienda\\\/\"},{\"@type\":\"ListItem\",\"position\":3,\"name\":\"Embalagem EasyLid\u00ae\"}]},{\"@type\":\"WebSite\",\"@id\":\"https:\\\/\\\/www.emosa.com\\\/pt-pt\\\/#website\",\"url\":\"https:\\\/\\\/www.emosa.com\\\/pt-pt\\\/\",\"name\":\"Emo\",\"description\":\"Maquinaria industria alimentaria y Envases Sostenibles\",\"publisher\":{\"@id\":\"https:\\\/\\\/www.emosa.com\\\/pt-pt\\\/#organization\"},\"potentialAction\":[{\"@type\":\"SearchAction\",\"target\":{\"@type\":\"EntryPoint\",\"urlTemplate\":\"https:\\\/\\\/www.emosa.com\\\/pt-pt\\\/?s={search_term_string}\"},\"query-input\":{\"@type\":\"PropertyValueSpecification\",\"valueRequired\":true,\"valueName\":\"search_term_string\"}}],\"inLanguage\":\"pt-PT\"},{\"@type\":\"Organization\",\"@id\":\"https:\\\/\\\/www.emosa.com\\\/pt-pt\\\/#organization\",\"name\":\"EMO - Maquinaria Industria Alimentaria\",\"url\":\"https:\\\/\\\/www.emosa.com\\\/pt-pt\\\/\",\"logo\":{\"@type\":\"ImageObject\",\"inLanguage\":\"pt-PT\",\"@id\":\"https:\\\/\\\/www.emosa.com\\\/pt-pt\\\/#\\\/schema\\\/logo\\\/image\\\/\",\"url\":\"https:\\\/\\\/www.emosa.com\\\/wp-content\\\/uploads\\\/2023\\\/01\\\/logo-emo-50-aniversario.png\",\"contentUrl\":\"https:\\\/\\\/www.emosa.com\\\/wp-content\\\/uploads\\\/2023\\\/01\\\/logo-emo-50-aniversario.png\",\"width\":300,\"height\":158,\"caption\":\"EMO - Maquinaria Industria Alimentaria\"},\"image\":{\"@id\":\"https:\\\/\\\/www.emosa.com\\\/pt-pt\\\/#\\\/schema\\\/logo\\\/image\\\/\"},\"sameAs\":[\"https:\\\/\\\/www.linkedin.com\\\/company\\\/emo-sa\\\/\",\"https:\\\/\\\/www.youtube.com\\\/channel\\\/UCE4DD4ZApaNHUQYLVQiPBhw\"]}]}<\/script>\n<!-- \/ Yoast SEO plugin. -->","yoast_head_json":{"title":"Embalagem EasyLid\u00ae Sealpac - Emo","description":"O sistema EasyLid\u00ae cria recipientes refech\u00e1veis \u200b\u200bcom veda\u00e7\u00e3o e tampa em uma \u00fanica etapa. M\u00e1ximo n\u00edvel de efici\u00eancia em embalagens com 30% menos pl\u00e1stico.","robots":{"index":"index","follow":"follow","max-snippet":"max-snippet:-1","max-image-preview":"max-image-preview:large","max-video-preview":"max-video-preview:-1"},"canonical":"https:\/\/www.emosa.com\/pt-pt\/produto\/embalagem-easylid\/","og_locale":"pt_PT","og_type":"article","og_title":"Embalagem EasyLid\u00ae Sealpac - Emo","og_description":"O sistema EasyLid\u00ae cria recipientes refech\u00e1veis \u200b\u200bcom veda\u00e7\u00e3o e tampa em uma \u00fanica etapa. M\u00e1ximo n\u00edvel de efici\u00eancia em embalagens com 30% menos pl\u00e1stico.","og_url":"https:\/\/www.emosa.com\/pt-pt\/produto\/embalagem-easylid\/","og_site_name":"Emo","article_modified_time":"2023-02-06T11:47:46+00:00","og_image":[{"width":600,"height":600,"url":"https:\/\/www.emosa.com\/wp-content\/uploads\/2022\/07\/bandejas-naber-easylid.jpg","type":"image\/jpeg"}],"twitter_card":"summary_large_image","schema":{"@context":"https:\/\/schema.org","@graph":[{"@type":"WebPage","@id":"https:\/\/www.emosa.com\/pt-pt\/produto\/embalagem-easylid\/","url":"https:\/\/www.emosa.com\/pt-pt\/produto\/embalagem-easylid\/","name":"Embalagem EasyLid\u00ae Sealpac - Emo","isPartOf":{"@id":"https:\/\/www.emosa.com\/pt-pt\/#website"},"primaryImageOfPage":{"@id":"https:\/\/www.emosa.com\/pt-pt\/produto\/embalagem-easylid\/#primaryimage"},"image":{"@id":"https:\/\/www.emosa.com\/pt-pt\/produto\/embalagem-easylid\/#primaryimage"},"thumbnailUrl":"https:\/\/www.emosa.com\/wp-content\/uploads\/2022\/07\/bandejas-naber-easylid.jpg","datePublished":"2022-07-29T11:07:15+00:00","dateModified":"2023-02-06T11:47:46+00:00","description":"O sistema EasyLid\u00ae cria recipientes refech\u00e1veis \u200b\u200bcom veda\u00e7\u00e3o e tampa em uma \u00fanica etapa. M\u00e1ximo n\u00edvel de efici\u00eancia em embalagens com 30% menos pl\u00e1stico.","breadcrumb":{"@id":"https:\/\/www.emosa.com\/pt-pt\/produto\/embalagem-easylid\/#breadcrumb"},"inLanguage":"pt-PT","potentialAction":[{"@type":"ReadAction","target":["https:\/\/www.emosa.com\/pt-pt\/produto\/embalagem-easylid\/"]}]},{"@type":"ImageObject","inLanguage":"pt-PT","@id":"https:\/\/www.emosa.com\/pt-pt\/produto\/embalagem-easylid\/#primaryimage","url":"https:\/\/www.emosa.com\/wp-content\/uploads\/2022\/07\/bandejas-naber-easylid.jpg","contentUrl":"https:\/\/www.emosa.com\/wp-content\/uploads\/2022\/07\/bandejas-naber-easylid.jpg","width":600,"height":600,"caption":"Tabuleiros Naber EasyLid"},{"@type":"BreadcrumbList","@id":"https:\/\/www.emosa.com\/pt-pt\/produto\/embalagem-easylid\/#breadcrumb","itemListElement":[{"@type":"ListItem","position":1,"name":"EMO","item":"https:\/\/www.emosa.com\/pt-pt\/emosa\/"},{"@type":"ListItem","position":2,"name":"Tienda","item":"https:\/\/www.emosa.com\/tienda\/"},{"@type":"ListItem","position":3,"name":"Embalagem EasyLid\u00ae"}]},{"@type":"WebSite","@id":"https:\/\/www.emosa.com\/pt-pt\/#website","url":"https:\/\/www.emosa.com\/pt-pt\/","name":"Emo","description":"Maquinaria industria alimentaria y Envases Sostenibles","publisher":{"@id":"https:\/\/www.emosa.com\/pt-pt\/#organization"},"potentialAction":[{"@type":"SearchAction","target":{"@type":"EntryPoint","urlTemplate":"https:\/\/www.emosa.com\/pt-pt\/?s={search_term_string}"},"query-input":{"@type":"PropertyValueSpecification","valueRequired":true,"valueName":"search_term_string"}}],"inLanguage":"pt-PT"},{"@type":"Organization","@id":"https:\/\/www.emosa.com\/pt-pt\/#organization","name":"EMO - Maquinaria Industria Alimentaria","url":"https:\/\/www.emosa.com\/pt-pt\/","logo":{"@type":"ImageObject","inLanguage":"pt-PT","@id":"https:\/\/www.emosa.com\/pt-pt\/#\/schema\/logo\/image\/","url":"https:\/\/www.emosa.com\/wp-content\/uploads\/2023\/01\/logo-emo-50-aniversario.png","contentUrl":"https:\/\/www.emosa.com\/wp-content\/uploads\/2023\/01\/logo-emo-50-aniversario.png","width":300,"height":158,"caption":"EMO - Maquinaria Industria Alimentaria"},"image":{"@id":"https:\/\/www.emosa.com\/pt-pt\/#\/schema\/logo\/image\/"},"sameAs":["https:\/\/www.linkedin.com\/company\/emo-sa\/","https:\/\/www.youtube.com\/channel\/UCE4DD4ZApaNHUQYLVQiPBhw"]}]}},"_links":{"self":[{"href":"https:\/\/www.emosa.com\/pt-pt\/wp-json\/wp\/v2\/product\/9650","targetHints":{"allow":["GET"]}}],"collection":[{"href":"https:\/\/www.emosa.com\/pt-pt\/wp-json\/wp\/v2\/product"}],"about":[{"href":"https:\/\/www.emosa.com\/pt-pt\/wp-json\/wp\/v2\/types\/product"}],"version-history":[{"count":5,"href":"https:\/\/www.emosa.com\/pt-pt\/wp-json\/wp\/v2\/product\/9650\/revisions"}],"predecessor-version":[{"id":10388,"href":"https:\/\/www.emosa.com\/pt-pt\/wp-json\/wp\/v2\/product\/9650\/revisions\/10388"}],"wp:featuredmedia":[{"embeddable":true,"href":"https:\/\/www.emosa.com\/pt-pt\/wp-json\/wp\/v2\/media\/8713"}],"wp:attachment":[{"href":"https:\/\/www.emosa.com\/pt-pt\/wp-json\/wp\/v2\/media?parent=9650"}],"wp:term":[{"taxonomy":"product_brand","embeddable":true,"href":"https:\/\/www.emosa.com\/pt-pt\/wp-json\/wp\/v2\/product_brand?post=9650"},{"taxonomy":"product_cat","embeddable":true,"href":"https:\/\/www.emosa.com\/pt-pt\/wp-json\/wp\/v2\/product_cat?post=9650"},{"taxonomy":"product_tag","embeddable":true,"href":"https:\/\/www.emosa.com\/pt-pt\/wp-json\/wp\/v2\/product_tag?post=9650"}],"curies":[{"name":"wp","href":"https:\/\/api.w.org\/{rel}","templated":true}]}}